{"id":122,"date":"2016-09-16T18:51:42","date_gmt":"2016-09-16T16:51:42","guid":{"rendered":"https:\/\/www.ensapc.fr\/fr\/?page_id=122"},"modified":"2021-05-20T13:57:10","modified_gmt":"2021-05-20T11:57:10","slug":"se-rendre-a-lensapc","status":"publish","type":"page","link":"https:\/\/www.ensapc.fr\/fr\/se-rendre-a-lensapc\/","title":{"rendered":"Se rendre \u00e0 l&rsquo;ENSAPC"},"content":{"rendered":"<div class=\"wpb-content-wrapper\"><p>[vc_row][vc_column width=\u00a0\u00bb2\/3&Prime;][vc_column_text]<\/p>\n<h3><strong>Pour venir :<\/strong><\/h3>\n<p><strong>En transport en commun<br \/>\n<\/strong>&#8211; RER A direction Cergy le Haut, arr\u00eat Cergy-Pr\u00e9fecture\u00a0puis 500 m \u00e0 pied depuis la gare direction la pr\u00e9fecture<br \/>\n&#8211; Train depuis la gare Saint-Lazare, arr\u00eat Cergy-Pr\u00e9fecture<br \/>\n&#8211; Train depuis la gare Saint-Lazare ou la gare du Nord, arr\u00eat Pontoise,\u00a0puis Bus n\u00b045 jusqu\u2019\u00e0 Cergy-Pr\u00e9fecture[\/vc_column_text][vc_btn title=\u00a0\u00bbSe d\u00e9placer en v\u00e9lo au sein de CY Campus\u00a0\u00bb link=\u00a0\u00bburl:https%3A%2F%2Fwww.ensapc.fr%2Fwp-content%2Fuploads%2F2021%2F05%2FPlan-CYclo-2020_vf-copie-scaled.jpg||target:%20_blank|\u00a0\u00bb][\/vc_column][vc_column width=\u00a0\u00bb1\/3&Prime;][vc_empty_space][vc_btn title=\u00a0\u00bbRATP\u00a0\u00bb link=\u00a0\u00bburl:http%3A%2F%2Fwww.ratp.fr%2Fitineraires%2Ffr%2Fratp%2Frecherche-avancee||target:%20_blank|\u00a0\u00bb][vc_btn title=\u00a0\u00bbSNCF\u00a0\u00bb link=\u00a0\u00bburl:https%3A%2F%2Fwww.transilien.com%2F||target:%20_blank|\u00a0\u00bb][\/vc_column][\/vc_row][vc_row][vc_column width=\u00a0\u00bb2\/3&Prime;][vc_column_text]<strong>En voiture depuis Paris<\/strong><br \/>\n&#8211; A15 sortie\u00a0n\u00b09 puis direction Cergy-Pr\u00e9fecture[\/vc_column_text][\/vc_column][vc_column width=\u00a0\u00bb1\/3&Prime;][vc_btn title=\u00a0\u00bbInfos trafic\u00a0\u00bb link=\u00a0\u00bburl:http%3A%2F%2Fwww.sytadin.fr%2F||target:%20_blank|\u00a0\u00bb][\/vc_column][\/vc_row][vc_row][vc_column][vc_column_text]<\/p>\n<h3><strong>Horaires:<\/strong><\/h3>\n<p>L\u2019\u00e9cole est ouverte du lundi au vendredi de 9h \u00e0 21h.<br \/>\nFerm\u00e9e pendant les vacances de No\u00ebl, d\u2019hiver et les jours f\u00e9ri\u00e9s.<br \/>\nOuverte sous certaines conditions pendant les vacances de printemps.[\/vc_column_text][\/vc_column][\/vc_row][vc_row][vc_column][vc_raw_html]JTNDaWZyYW1lJTIwc3JjJTNEJTIyaHR0cHMlM0ElMkYlMkZ3d3cuZ29vZ2xlLmNvbSUyRm1hcHMlMkZkJTJGdSUyRjAlMkZlbWJlZCUzRm1pZCUzRDE1ZDJDdDFhYksxUFZBYlZlN0hOX1BudUUzbHMlMjIlMEElMjAlMjAlMjAlMjAlMjB3aWR0aCUzRCUyMjEwMCUyNSUyMiUwQSUyMCUyMCUyMCUyMCUyMGhlaWdodCUzRCUyMjYwMCUyMiUwQSUyMCUyMCUyMCUyMCUyMGZyYW1lYm9yZGVyJTNEJTIyMCUyMiUwQSUyMCUyMCUyMCUyMCUyMHN0eWxlJTNEJTIyYm9yZGVyJTNBMCUzQiUyMiUzRSUwQSUyMCUyMCUzQyUyRmlmcmFtZSUzRSUwQQ==[\/vc_raw_html][vc_empty_space][\/vc_column][\/vc_row]<\/p>\n<\/div>","protected":false},"excerpt":{"rendered":"<p>[vc_row][vc_column width=\u00a0\u00bb2\/3&Prime;][vc_column_text] Pour venir : En transport en commun &#8211; RER A direction Cergy le Haut, arr\u00eat Cergy-Pr\u00e9fecture\u00a0puis 500 m \u00e0 pied depuis la gare direction la pr\u00e9fecture &#8211; Train depuis la gare Saint-Lazare, arr\u00eat Cergy-Pr\u00e9fecture &#8211; Train depuis la gare Saint-Lazare ou la gare du Nord, arr\u00eat Pontoise,\u00a0puis Bus n\u00b045 jusqu\u2019\u00e0 Cergy-Pr\u00e9fecture[\/vc_column_text][vc_btn title=\u00a0\u00bbSe d\u00e9placer&#8230;  <a class=\"excerpt-read-more\" href=\"https:\/\/www.ensapc.fr\/fr\/se-rendre-a-lensapc\/\" title=\"Read Se rendre \u00e0 l&rsquo;ENSAPC\">Lire la suite &raquo;<\/a><\/p>\n","protected":false},"author":1,"featured_media":0,"parent":0,"menu_order":327,"comment_status":"closed","ping_status":"closed","template":"","meta":{"footnotes":""},"class_list":["post-122","page","type-page","status-publish","hentry"],"_links":{"self":[{"href":"https:\/\/www.ensapc.fr\/fr\/wp-json\/wp\/v2\/pages\/122","targetHints":{"allow":["GET"]}}],"collection":[{"href":"https:\/\/www.ensapc.fr\/fr\/wp-json\/wp\/v2\/pages"}],"about":[{"href":"https:\/\/www.ensapc.fr\/fr\/wp-json\/wp\/v2\/types\/page"}],"author":[{"embeddable":true,"href":"https:\/\/www.ensapc.fr\/fr\/wp-json\/wp\/v2\/users\/1"}],"replies":[{"embeddable":true,"href":"https:\/\/www.ensapc.fr\/fr\/wp-json\/wp\/v2\/comments?post=122"}],"version-history":[{"count":5,"href":"https:\/\/www.ensapc.fr\/fr\/wp-json\/wp\/v2\/pages\/122\/revisions"}],"predecessor-version":[{"id":8548,"href":"https:\/\/www.ensapc.fr\/fr\/wp-json\/wp\/v2\/pages\/122\/revisions\/8548"}],"wp:attachment":[{"href":"https:\/\/www.ensapc.fr\/fr\/wp-json\/wp\/v2\/media?parent=122"}],"curies":[{"name":"wp","href":"https:\/\/api.w.org\/{rel}","templated":true}]}}