{"id":12208,"date":"2024-06-18T12:07:23","date_gmt":"2024-06-18T10:07:23","guid":{"rendered":"https:\/\/www.ensapc.fr\/?page_id=12208"},"modified":"2024-06-18T13:09:40","modified_gmt":"2024-06-18T11:09:40","slug":"sands-of-self","status":"publish","type":"page","link":"https:\/\/www.ensapc.fr\/fr\/ygrec\/archives\/2024-2\/sands-of-self\/","title":{"rendered":"Sands of Self"},"content":{"rendered":"<div class=\"wpb-content-wrapper\"><p>[vc_row][vc_column][vc_single_image image=\u00a0\u00bb11960&Prime; img_size=\u00a0\u00bblarge\u00a0\u00bb add_caption=\u00a0\u00bbyes\u00a0\u00bb alignment=\u00a0\u00bbcenter\u00a0\u00bb css=\u00a0\u00bb\u00a0\u00bb][\/vc_column][\/vc_row][vc_row css=\u00a0\u00bb.vc_custom_1676554001390{padding-top: 20px !important;padding-right: 30px !important;padding-left: 30px !important;}\u00a0\u00bb][vc_column][vc_column_text css=\u00a0\u00bb.vc_custom_1718708930491{padding-top: 15px !important;padding-right: 20px !important;padding-left: 30px !important;}\u00a0\u00bb]<\/p>\n<p dir=\"ltr\"><strong>Exposition : <\/strong>Alina Izmailova, Elouan Le Bars, Malone Perrotey, Hanieh Yekta<\/p>\n<p dir=\"ltr\"><strong>Game Design <\/strong>Ines Bahraoui, Sarah Bernay-Lefrancois, Gesu Chauhan, Maximilien Curtis, Nadia Ermakova, Abhinav Gola, Manon Hernani, Alina Izmailova, Ayush Jacob, Hugo Katzenmayer, Harsh Khandelwal, Elouan Le Bars, Th\u00e9au Lerma, Xiaowen Ma, Nicolas Martinez, Malone Perrotey, Hima Sadanandan, Alexandre Sadoun, Pierre Saidy, Muskan Taneja, Yixin Tang, Lipika Tiwari, Mrinal Vaibhav, Jingwen Wu, Hanieh Yekta<\/p>\n<p dir=\"ltr\">Au c\u0153ur des vestiges de Cergy \u2013 un r\u00eave utopique d\u00e9sormais englouti par les temp\u00eates de sable \u2013 cette exp\u00e9rience de jeu vid\u00e9o immersive est un t\u00e9moignage du pouvoir de la collaboration et de la r\u00e9silience durable de l\u2019esprit humain face \u00e0 l\u2019adversit\u00e9. L\u2019IA est au centre du projet, se fondant harmonieusement dans chaque facette de la cr\u00e9ation, des mod\u00e8les minutieusement con\u00e7us \u00e0 la bande-son \u00e9trangement belle, le tout guid\u00e9 par la voix \u00e9nigmatique guidant\u00a0les joueur\u00b7euses \u00e0 travers les rues d\u00e9sol\u00e9es et les paysages changeants. L\u2019exposition juxtapose des objets trouv\u00e9s dans Cergy avec le jeu vid\u00e9o, favorisant une connexion plus profonde entre r\u00e9alit\u00e9 et virtualit\u00e9. Alors que les visiteur\u00b7euses parcourent cette dystopie digitale, i\u00b7els sont confront\u00e9\u00b7es \u00e0 une exploration poignante des r\u00eaves de la soci\u00e9t\u00e9 et de ses \u00e9checs, soulevant des questions sur la vie \u00e0 l\u2019\u00e8re de l\u2019automatisation et \u00e0 l\u2019authenticit\u00e9 des espaces que nous traversons.<\/p>\n<p dir=\"ltr\">Sands of self est un projet collectif r\u00e9alis\u00e9 dans le cadre d\u2019un cours commun propos\u00e9 par Guillaume Chevillon (ESSEC Metalab for Data, Technology &amp; Society) et\u00a0Jeff Guess (\u00c9cole nationale sup\u00e9rieure d\u2019arts Paris-Cergy) avec l\u2019artiste invit\u00e9, Mounir Ayache, qui a propos\u00e9 de r\u00e9aliser un jeu vid\u00e9o en se servant de l\u2019Intelligence Artificielle dans tous les aspects de la fabrication. L\u2019exposition et la finalisation\u00a0du jeu ont \u00e9t\u00e9 r\u00e9alis\u00e9es par un groupe de quatre \u00e9tudiant\u00b7es\u00a0de l\u2019ENSAPC.<\/p>\n<p dir=\"ltr\">Ce projet a be\u0301ne\u0301ficie\u0301 d\u2019une aide de l\u2019E\u0301tat ge\u0301re\u0301e par l\u2019Agence Nationale de la Recherche au titre du programme d\u2019investissements d\u2019avenir inte\u0301gre\u0301 a\u0300 France 2030, portant la re\u0301fe\u0301rence ANR-17-NCUN-016.<\/p>\n<p dir=\"ltr\">Le texte de pr\u00e9sentation a \u00e9t\u00e9 \u00e9crit par ChatGPT.<\/p>\n<p dir=\"ltr\"><strong>Centre d\u2019art Ygrec-ENSAPC<\/strong><br \/>\nHoraires : du mercredi au\u00a0samedi, 14h \u00e0 19h<br \/>\n29 rue Henri Barbusse<br \/>\n93300 Aubervilliers<br \/>\n<a href=\"https:\/\/ensapc.us4.list-manage.com\/track\/click?u=feca030b6aa1b1552f72ae3b2&amp;id=4e137b9cf7&amp;e=e0f4f5946e\" target=\"_blank\" rel=\"noopener\" data-saferedirecturl=\"https:\/\/www.google.com\/url?q=https:\/\/ensapc.us4.list-manage.com\/track\/click?u%3Dfeca030b6aa1b1552f72ae3b2%26id%3D4e137b9cf7%26e%3De0f4f5946e&amp;source=gmail&amp;ust=1709287313507000&amp;usg=AOvVaw1cqvtpyi4EgXdqrZKn2wCy\">https:\/\/www.ensapc.fr\/fr\/<wbr \/>ygrec\/galerie\/<\/a><\/p>\n<p>[\/vc_column_text][\/vc_column][\/vc_row][vc_row][vc_column][vc_empty_space][\/vc_column][\/vc_row][vc_row][vc_column][vc_single_image image=\u00a0\u00bb11981&Prime; img_size=\u00a0\u00bblarge\u00a0\u00bb css=\u00a0\u00bb.vc_custom_1718708476524{margin-left: 20px !important;}\u00a0\u00bb][\/vc_column][\/vc_row][vc_row][vc_column][vc_column_text css=\u00a0\u00bb\u00a0\u00bb]<div class=\"carousel-slider-outer carousel-slider-outer-image-carousel carousel-slider-outer-12209\" style=\"--carousel-slider-nav-color:#f1f1f1;--carousel-slider-active-nav-color:#00d1b2;--carousel-slider-arrow-size:48px;--carousel-slider-bullet-size:10px\">\n<div id=\"&#039;id-12209\" class=\"carousel-slider carousel-slider-12209 arrows-visibility-hover dots-visibility-never arrows-outside dots-center dots-circle owl-carousel\" data-slide-type=\"image-carousel\" data-owl-settings='{\"nav\":true,\"dots\":false,\"slideBy\":1,\"stagePadding\":50,\"margin\":10,\"loop\":true,\"lazyLoad\":false,\"autoplay\":true,\"autoplayTimeout\":5000,\"autoplaySpeed\":500,\"autoplayHoverPause\":true,\"autoWidth\":false,\"responsive\":{\"300\":{\"items\":1},\"576\":{\"items\":1},\"768\":{\"items\":1},\"1024\":{\"items\":1},\"1280\":{\"items\":1},\"1536\":{\"items\":1}}}'>\n<div class=\"carousel-slider__item\">\n\t<img decoding=\"async\" width=\"2048\" height=\"1607\" src=\"https:\/\/www.ensapc.fr\/wp-content\/uploads\/2024\/06\/DSCF2585.jpg\" class=\"attachment-full size-full\" alt=\"\" srcset=\"https:\/\/www.ensapc.fr\/wp-content\/uploads\/2024\/06\/DSCF2585.jpg 2048w, https:\/\/www.ensapc.fr\/wp-content\/uploads\/2024\/06\/DSCF2585-300x235.jpg 300w, https:\/\/www.ensapc.fr\/wp-content\/uploads\/2024\/06\/DSCF2585-1024x804.jpg 1024w, https:\/\/www.ensapc.fr\/wp-content\/uploads\/2024\/06\/DSCF2585-768x603.jpg 768w, https:\/\/www.ensapc.fr\/wp-content\/uploads\/2024\/06\/DSCF2585-1536x1205.jpg 1536w\" sizes=\"(max-width: 2048px) 100vw, 2048px\" \/><\/a><\/div>\n\n<div class=\"carousel-slider__item\">\n\t<img decoding=\"async\" width=\"2048\" height=\"1536\" src=\"https:\/\/www.ensapc.fr\/wp-content\/uploads\/2024\/06\/DSCF2532.jpg\" class=\"attachment-full size-full\" alt=\"\" srcset=\"https:\/\/www.ensapc.fr\/wp-content\/uploads\/2024\/06\/DSCF2532.jpg 2048w, https:\/\/www.ensapc.fr\/wp-content\/uploads\/2024\/06\/DSCF2532-300x225.jpg 300w, https:\/\/www.ensapc.fr\/wp-content\/uploads\/2024\/06\/DSCF2532-1024x768.jpg 1024w, https:\/\/www.ensapc.fr\/wp-content\/uploads\/2024\/06\/DSCF2532-768x576.jpg 768w, https:\/\/www.ensapc.fr\/wp-content\/uploads\/2024\/06\/DSCF2532-1536x1152.jpg 1536w\" sizes=\"(max-width: 2048px) 100vw, 2048px\" \/><\/a><\/div>\n\n<div class=\"carousel-slider__item\">\n\t<img decoding=\"async\" width=\"2048\" height=\"1536\" src=\"https:\/\/www.ensapc.fr\/wp-content\/uploads\/2024\/06\/DSCF2542.jpg\" class=\"attachment-full size-full\" alt=\"\" srcset=\"https:\/\/www.ensapc.fr\/wp-content\/uploads\/2024\/06\/DSCF2542.jpg 2048w, https:\/\/www.ensapc.fr\/wp-content\/uploads\/2024\/06\/DSCF2542-300x225.jpg 300w, https:\/\/www.ensapc.fr\/wp-content\/uploads\/2024\/06\/DSCF2542-1024x768.jpg 1024w, https:\/\/www.ensapc.fr\/wp-content\/uploads\/2024\/06\/DSCF2542-768x576.jpg 768w, https:\/\/www.ensapc.fr\/wp-content\/uploads\/2024\/06\/DSCF2542-1536x1152.jpg 1536w\" sizes=\"(max-width: 2048px) 100vw, 2048px\" \/><\/a><\/div>\n\n<div class=\"carousel-slider__item\">\n\t<img decoding=\"async\" width=\"2048\" height=\"1536\" src=\"https:\/\/www.ensapc.fr\/wp-content\/uploads\/2024\/06\/DSCF2552.jpg\" class=\"attachment-full size-full\" alt=\"\" srcset=\"https:\/\/www.ensapc.fr\/wp-content\/uploads\/2024\/06\/DSCF2552.jpg 2048w, https:\/\/www.ensapc.fr\/wp-content\/uploads\/2024\/06\/DSCF2552-300x225.jpg 300w, https:\/\/www.ensapc.fr\/wp-content\/uploads\/2024\/06\/DSCF2552-1024x768.jpg 1024w, https:\/\/www.ensapc.fr\/wp-content\/uploads\/2024\/06\/DSCF2552-768x576.jpg 768w, https:\/\/www.ensapc.fr\/wp-content\/uploads\/2024\/06\/DSCF2552-1536x1152.jpg 1536w\" sizes=\"(max-width: 2048px) 100vw, 2048px\" \/><\/a><\/div>\n\n<div class=\"carousel-slider__item\">\n\t<img decoding=\"async\" width=\"2048\" height=\"1536\" src=\"https:\/\/www.ensapc.fr\/wp-content\/uploads\/2024\/06\/DSCF2556.jpg\" class=\"attachment-full size-full\" alt=\"\" srcset=\"https:\/\/www.ensapc.fr\/wp-content\/uploads\/2024\/06\/DSCF2556.jpg 2048w, https:\/\/www.ensapc.fr\/wp-content\/uploads\/2024\/06\/DSCF2556-300x225.jpg 300w, https:\/\/www.ensapc.fr\/wp-content\/uploads\/2024\/06\/DSCF2556-1024x768.jpg 1024w, https:\/\/www.ensapc.fr\/wp-content\/uploads\/2024\/06\/DSCF2556-768x576.jpg 768w, https:\/\/www.ensapc.fr\/wp-content\/uploads\/2024\/06\/DSCF2556-1536x1152.jpg 1536w\" sizes=\"(max-width: 2048px) 100vw, 2048px\" \/><\/a><\/div>\n\n<div class=\"carousel-slider__item\">\n\t<img decoding=\"async\" width=\"2048\" height=\"1536\" src=\"https:\/\/www.ensapc.fr\/wp-content\/uploads\/2024\/06\/DSCF2562.jpg\" class=\"attachment-full size-full\" alt=\"\" srcset=\"https:\/\/www.ensapc.fr\/wp-content\/uploads\/2024\/06\/DSCF2562.jpg 2048w, https:\/\/www.ensapc.fr\/wp-content\/uploads\/2024\/06\/DSCF2562-300x225.jpg 300w, https:\/\/www.ensapc.fr\/wp-content\/uploads\/2024\/06\/DSCF2562-1024x768.jpg 1024w, https:\/\/www.ensapc.fr\/wp-content\/uploads\/2024\/06\/DSCF2562-768x576.jpg 768w, https:\/\/www.ensapc.fr\/wp-content\/uploads\/2024\/06\/DSCF2562-1536x1152.jpg 1536w\" sizes=\"(max-width: 2048px) 100vw, 2048px\" \/><\/a><\/div>\n\n<div class=\"carousel-slider__item\">\n\t<img decoding=\"async\" width=\"2048\" height=\"1536\" src=\"https:\/\/www.ensapc.fr\/wp-content\/uploads\/2024\/06\/DSCF2568.jpg\" class=\"attachment-full size-full\" alt=\"\" srcset=\"https:\/\/www.ensapc.fr\/wp-content\/uploads\/2024\/06\/DSCF2568.jpg 2048w, https:\/\/www.ensapc.fr\/wp-content\/uploads\/2024\/06\/DSCF2568-300x225.jpg 300w, https:\/\/www.ensapc.fr\/wp-content\/uploads\/2024\/06\/DSCF2568-1024x768.jpg 1024w, https:\/\/www.ensapc.fr\/wp-content\/uploads\/2024\/06\/DSCF2568-768x576.jpg 768w, https:\/\/www.ensapc.fr\/wp-content\/uploads\/2024\/06\/DSCF2568-1536x1152.jpg 1536w\" sizes=\"(max-width: 2048px) 100vw, 2048px\" \/><\/a><\/div>\n\n<div class=\"carousel-slider__item\">\n\t<img decoding=\"async\" width=\"2048\" height=\"1536\" src=\"https:\/\/www.ensapc.fr\/wp-content\/uploads\/2024\/06\/DSCF2570.jpg\" class=\"attachment-full size-full\" alt=\"\" srcset=\"https:\/\/www.ensapc.fr\/wp-content\/uploads\/2024\/06\/DSCF2570.jpg 2048w, https:\/\/www.ensapc.fr\/wp-content\/uploads\/2024\/06\/DSCF2570-300x225.jpg 300w, https:\/\/www.ensapc.fr\/wp-content\/uploads\/2024\/06\/DSCF2570-1024x768.jpg 1024w, https:\/\/www.ensapc.fr\/wp-content\/uploads\/2024\/06\/DSCF2570-768x576.jpg 768w, https:\/\/www.ensapc.fr\/wp-content\/uploads\/2024\/06\/DSCF2570-1536x1152.jpg 1536w\" sizes=\"(max-width: 2048px) 100vw, 2048px\" \/><\/a><\/div>\n\n<\/div><!-- .carousel-slider-12209 -->\n<\/div><!-- .carousel-slider-outer-12209 -->\n[\/vc_column_text][\/vc_column][\/vc_row]<\/p>\n<\/div>","protected":false},"excerpt":{"rendered":"<p>[vc_row][vc_column][vc_single_image image=\u00a0\u00bb11960&Prime; img_size=\u00a0\u00bblarge\u00a0\u00bb add_caption=\u00a0\u00bbyes\u00a0\u00bb alignment=\u00a0\u00bbcenter\u00a0\u00bb css=\u00a0\u00bb\u00a0\u00bb][\/vc_column][\/vc_row][vc_row css=\u00a0\u00bb.vc_custom_1676554001390{padding-top: 20px !important;padding-right: 30px !important;padding-left: 30px !important;}\u00a0\u00bb][vc_column][vc_column_text css=\u00a0\u00bb.vc_custom_1718708930491{padding-top: 15px !important;padding-right: 20px !important;padding-left: 30px !important;}\u00a0\u00bb] Exposition : Alina Izmailova, Elouan Le Bars, Malone Perrotey, Hanieh Yekta Game Design Ines Bahraoui, Sarah Bernay-Lefrancois, Gesu Chauhan, Maximilien Curtis, Nadia Ermakova, Abhinav Gola, Manon Hernani, Alina Izmailova, Ayush Jacob, Hugo Katzenmayer, Harsh Khandelwal,&#8230;  <a class=\"excerpt-read-more\" href=\"https:\/\/www.ensapc.fr\/fr\/ygrec\/archives\/2024-2\/sands-of-self\/\" title=\"Read Sands of Self\">Lire la suite &raquo;<\/a><\/p>\n","protected":false},"author":1,"featured_media":0,"parent":11856,"menu_order":40,"comment_status":"closed","ping_status":"closed","template":"","meta":{"footnotes":""},"class_list":["post-12208","page","type-page","status-publish","hentry"],"_links":{"self":[{"href":"https:\/\/www.ensapc.fr\/fr\/wp-json\/wp\/v2\/pages\/12208","targetHints":{"allow":["GET"]}}],"collection":[{"href":"https:\/\/www.ensapc.fr\/fr\/wp-json\/wp\/v2\/pages"}],"about":[{"href":"https:\/\/www.ensapc.fr\/fr\/wp-json\/wp\/v2\/types\/page"}],"author":[{"embeddable":true,"href":"https:\/\/www.ensapc.fr\/fr\/wp-json\/wp\/v2\/users\/1"}],"replies":[{"embeddable":true,"href":"https:\/\/www.ensapc.fr\/fr\/wp-json\/wp\/v2\/comments?post=12208"}],"version-history":[{"count":5,"href":"https:\/\/www.ensapc.fr\/fr\/wp-json\/wp\/v2\/pages\/12208\/revisions"}],"predecessor-version":[{"id":12234,"href":"https:\/\/www.ensapc.fr\/fr\/wp-json\/wp\/v2\/pages\/12208\/revisions\/12234"}],"up":[{"embeddable":true,"href":"https:\/\/www.ensapc.fr\/fr\/wp-json\/wp\/v2\/pages\/11856"}],"wp:attachment":[{"href":"https:\/\/www.ensapc.fr\/fr\/wp-json\/wp\/v2\/media?parent=12208"}],"curies":[{"name":"wp","href":"https:\/\/api.w.org\/{rel}","templated":true}]}}