{"id":1231,"date":"2017-01-10T15:03:20","date_gmt":"2017-01-10T14:03:20","guid":{"rendered":"https:\/\/www.ensapc.fr\/fr\/?page_id=1231"},"modified":"2017-02-01T12:28:50","modified_gmt":"2017-02-01T11:28:50","slug":"2013-2","status":"publish","type":"page","link":"https:\/\/www.ensapc.fr\/fr\/ygrec\/archives\/2013-2\/","title":{"rendered":"2013"},"content":{"rendered":"<div class=\"wpb-content-wrapper\"><p>[vc_row][vc_column width=\u00a0\u00bb1\/2&Prime;][vc_row_inner][vc_column_inner][vc_separator color=\u00a0\u00bbpink\u00a0\u00bb border_width=\u00a0\u00bb5&Prime; el_width=\u00a0\u00bb90&Prime;][vc_column_text]<strong>BLOMBOS TOT. ROOIBOS<\/strong><\/p>\n<p>23 Novembre 2013 \u2013 20 D\u00e9cembre 2013<br \/>\nExposition<\/p>\n<p>[\/vc_column_text][vc_single_image image=\u00a0\u00bb780&Prime; img_size=\u00a0\u00bbfull\u00a0\u00bb add_caption=\u00a0\u00bbyes\u00a0\u00bb alignment=\u00a0\u00bbcenter\u00a0\u00bb][\/vc_column_inner][\/vc_row_inner][vc_row_inner][vc_column_inner][vc_separator color=\u00a0\u00bbpink\u00a0\u00bb border_width=\u00a0\u00bb5&Prime; el_width=\u00a0\u00bb90&Prime;][vc_column_text]<strong>Olga<\/strong><\/p>\n<p>3 Octobre 2013<br \/>\nExposition<br \/>\nVernissage 3 octobre 18h<br \/>\nExposition du 4 octobre au 16 novembre 2013<\/p>\n<p>[\/vc_column_text][vc_single_image image=\u00a0\u00bb778&Prime; img_size=\u00a0\u00bbfull\u00a0\u00bb add_caption=\u00a0\u00bbyes\u00a0\u00bb alignment=\u00a0\u00bbcenter\u00a0\u00bb][\/vc_column_inner][\/vc_row_inner][\/vc_column][vc_column width=\u00a0\u00bb1\/2&Prime;][vc_row_inner][vc_column_inner][vc_separator color=\u00a0\u00bbpink\u00a0\u00bb border_width=\u00a0\u00bb5&Prime; el_width=\u00a0\u00bb90&Prime;][vc_column_text]<strong>MEDIA MEDIUMS: JIM SHAW\u2019S THE HIDDEN WORLD<\/strong><\/p>\n<p>13 D\u00e9cembre 2013<br \/>\nVisite et pr\u00e9sentation de l\u2019exposition par Marc-Oliver Wahler<br \/>\nVendredi 13 d\u00e9cembre 2013, 15h &#8211; 17h30<br \/>\nThe Chalet Society, 14 boulevard Raspail 75007 Paris[\/vc_column_text][vc_single_image image=\u00a0\u00bb783&Prime; img_size=\u00a0\u00bbfull\u00a0\u00bb add_caption=\u00a0\u00bbyes\u00a0\u00bb alignment=\u00a0\u00bbcenter\u00a0\u00bb][\/vc_column_inner][\/vc_row_inner][vc_row_inner][vc_column_inner][vc_separator color=\u00a0\u00bbpink\u00a0\u00bb border_width=\u00a0\u00bb5&Prime; el_width=\u00a0\u00bb90&Prime;][vc_column_text]<strong>MEDIA MEDIUMS: Jean-Philippe Antoine \u00ab\u00a0Information, enregistrement, souvenir\u00a0\u00bb<\/strong><\/p>\n<p>6 D\u00e9cembre 2013<br \/>\nConf\u00e9rence : 15h-17h30<\/p>\n<p>[\/vc_column_text][vc_single_image image=\u00a0\u00bb781&Prime; img_size=\u00a0\u00bbfull\u00a0\u00bb add_caption=\u00a0\u00bbyes\u00a0\u00bb alignment=\u00a0\u00bbcenter\u00a0\u00bb][\/vc_column_inner][\/vc_row_inner][\/vc_column][\/vc_row][vc_row][vc_column width=\u00a0\u00bb1\/2&Prime;][vc_row_inner][vc_column_inner][vc_column_text]<strong>Perdus sur le chemin du retour, Biennale Hospitalit\u00e9s du R\u00e9seau Tram<\/strong><\/p>\n<p>29 Juin 2013<br \/>\nPerformance<br \/>\nsamedi 29 juin<br \/>\nNarrateur : Fabrice Reymond<br \/>\nRendez-vous et parcours \u00e0 Paris et Br\u00e9tigny<\/p>\n<p>[\/vc_column_text][vc_single_image image=\u00a0\u00bb776&Prime; img_size=\u00a0\u00bbfull\u00a0\u00bb add_caption=\u00a0\u00bbyes\u00a0\u00bb alignment=\u00a0\u00bbcenter\u00a0\u00bb][\/vc_column_inner][\/vc_row_inner][vc_row_inner][vc_column_inner][vc_separator color=\u00a0\u00bbpink\u00a0\u00bb border_width=\u00a0\u00bb5&Prime; el_width=\u00a0\u00bb90&Prime;][vc_column_text]<strong>Concert Black Sifichi &amp; Mathias Delplanque<\/strong><\/p>\n<p>7 Juin 2013<br \/>\nPerformance 19h<br \/>\nSampl\u00e9s en temps r\u00e9el par Mathias Delplanque, le son num\u00e9rique est adjoint d\u2019une partition physique compos\u00e9s de hauts-parleurs. La voix de Black Sifichi, perform\u00e9e live et pr\u00e9enregistr\u00e9e, vient op\u00e9rer un brouillage : rupture de flux, interactions..[\/vc_column_text][vc_single_image image=\u00a0\u00bb774&Prime; img_size=\u00a0\u00bbfull\u00a0\u00bb add_caption=\u00a0\u00bbyes\u00a0\u00bb alignment=\u00a0\u00bbcenter\u00a0\u00bb][\/vc_column_inner][\/vc_row_inner][vc_row_inner][vc_column_inner][vc_separator color=\u00a0\u00bbpink\u00a0\u00bb border_width=\u00a0\u00bb5&Prime; el_width=\u00a0\u00bb90&Prime;][vc_column_text]<strong>Prerecorded Universe dans l&#8217;emission de radio Tapage Nocturne<\/strong><\/p>\n<p>10 Mai 2013<br \/>\nBruno Lefort re\u00e7oit Alice Marquaille, commissaire de l&rsquo;exposition Prerecorded Universe, actuellement visible \u00e0 YGREC, ainsi que Ramuntcho Matta et Black Sifichi<br \/>\nL&rsquo;\u00e9mission est postcastable sur le site de Radio France[\/vc_column_text][vc_single_image image=\u00a0\u00bb772&Prime; img_size=\u00a0\u00bbfull\u00a0\u00bb add_caption=\u00a0\u00bbyes\u00a0\u00bb alignment=\u00a0\u00bbcenter\u00a0\u00bb][\/vc_column_inner][\/vc_row_inner][vc_row_inner][vc_column_inner][vc_separator color=\u00a0\u00bbpink\u00a0\u00bb border_width=\u00a0\u00bb5&Prime; el_width=\u00a0\u00bb90&Prime;][vc_column_text]<strong>Prerecorded Universe<\/strong><\/p>\n<p>19 Avril 2013 \u2013 6 Juillet 2013<br \/>\nExposition<br \/>\nVendredi 19 avril, 18h : Vernissage &amp; performances des \u00e9tudiants<\/p>\n<p>[\/vc_column_text][vc_single_image image=\u00a0\u00bb770&Prime; img_size=\u00a0\u00bbfull\u00a0\u00bb add_caption=\u00a0\u00bbyes\u00a0\u00bb alignment=\u00a0\u00bbcenter\u00a0\u00bb][\/vc_column_inner][\/vc_row_inner][vc_row_inner][vc_column_inner][vc_separator color=\u00a0\u00bbpink\u00a0\u00bb border_width=\u00a0\u00bb5&Prime; el_width=\u00a0\u00bb90&Prime;][vc_column_text]<strong>Mille Feuillets III<\/strong><\/p>\n<p>23 Mars 2013 \u2013 12 Avril 2013<br \/>\nVernissage vendredi 22 mars 2013 \u00e0 18h[\/vc_column_text][vc_single_image image=\u00a0\u00bb769&Prime; img_size=\u00a0\u00bbfull\u00a0\u00bb add_caption=\u00a0\u00bbyes\u00a0\u00bb alignment=\u00a0\u00bbcenter\u00a0\u00bb][\/vc_column_inner][\/vc_row_inner][vc_row_inner][vc_column_inner][vc_separator color=\u00a0\u00bbpink\u00a0\u00bb border_width=\u00a0\u00bb5&Prime; el_width=\u00a0\u00bb90&Prime;][vc_column_text]<strong>ONS entre art et science<\/strong><\/p>\n<p>31 Janvier 2013 \u2013 23 F\u00e9vrier 2013<br \/>\nExposition<br \/>\nVernissage : mercredi 30 janvier \u00e0 18h<\/p>\n<p>[\/vc_column_text][vc_single_image image=\u00a0\u00bb768&Prime; img_size=\u00a0\u00bbfull\u00a0\u00bb add_caption=\u00a0\u00bbyes\u00a0\u00bb alignment=\u00a0\u00bbcenter\u00a0\u00bb][\/vc_column_inner][\/vc_row_inner][vc_row_inner][vc_column_inner][vc_separator color=\u00a0\u00bbpink\u00a0\u00bb border_width=\u00a0\u00bb5&Prime; el_width=\u00a0\u00bb90&Prime;][vc_column_text]<strong>La contre-visite, conf\u00e9rence de Jan Middelbos<\/strong><\/p>\n<p>19 Janvier 2013<br \/>\n18h<\/p>\n<p>[\/vc_column_text][vc_single_image image=\u00a0\u00bb764&Prime; img_size=\u00a0\u00bbfull\u00a0\u00bb add_caption=\u00a0\u00bbyes\u00a0\u00bb alignment=\u00a0\u00bbcenter\u00a0\u00bb][\/vc_column_inner][\/vc_row_inner][\/vc_column][vc_column width=\u00a0\u00bb1\/2&Prime;][vc_row_inner][vc_column_inner][vc_separator color=\u00a0\u00bbpink\u00a0\u00bb border_width=\u00a0\u00bb5&Prime; el_width=\u00a0\u00bb90&Prime;][vc_column_text]<strong>NAVAJAZO<\/strong><\/p>\n<p>31 Octobre 2013<br \/>\nInvitation<br \/>\nCette apocalypse imaginaire nous est pr\u00e9sent\u00e9e \u00e0 travers des portraits de personnages qui se battent pour survivre dans un environnement hostile, o\u00f9 tout ce qu\u2019ils poss\u00e8dent se r\u00e9duit \u00e0 eux-m\u00eame et o\u00f9 la seule chose qui les relie est leur lutte commu<\/p>\n<p>[\/vc_column_text][vc_single_image image=\u00a0\u00bb779&Prime; img_size=\u00a0\u00bbfull\u00a0\u00bb add_caption=\u00a0\u00bbyes\u00a0\u00bb alignment=\u00a0\u00bbcenter\u00a0\u00bb][\/vc_column_inner][\/vc_row_inner][vc_row_inner][vc_column_inner][vc_column_text]<strong>Amalgame<\/strong><\/p>\n<p>12 Juillet 2013<br \/>\nPerformance<br \/>\nA l\u2019aide de kinects, un dispositif permet de retranscrire \u00e0 distance les corps de deux danseurs dans un volume de LED. Les deux silhouettes sont amen\u00e9es \u00e0 se confondre, se brouiller, ayant pour horizon la possibilit\u00e9 de ne faire plus qu\u2019un.<\/p>\n<p>[\/vc_column_text][vc_single_image image=\u00a0\u00bb777&Prime; img_size=\u00a0\u00bbfull\u00a0\u00bb add_caption=\u00a0\u00bbyes\u00a0\u00bb alignment=\u00a0\u00bbcenter\u00a0\u00bb][\/vc_column_inner][\/vc_row_inner][vc_row_inner][vc_column_inner][vc_separator color=\u00a0\u00bbpink\u00a0\u00bb border_width=\u00a0\u00bb5&Prime; el_width=\u00a0\u00bb90&Prime;][vc_column_text]<strong>Life as Art as Attitude<\/strong><\/p>\n<p>22 Juin 2013<br \/>\nInvitation 19h<br \/>\nsortie du catalogue LIFE AS ART AS ATTITUDE<br \/>\n+ concert M-O-R-S-E \/ Saafia<\/p>\n<p>[\/vc_column_text][vc_single_image image=\u00a0\u00bb775&Prime; img_size=\u00a0\u00bbfull\u00a0\u00bb add_caption=\u00a0\u00bbyes\u00a0\u00bb alignment=\u00a0\u00bbcenter\u00a0\u00bb][\/vc_column_inner][\/vc_row_inner][vc_row_inner][vc_column_inner][vc_separator color=\u00a0\u00bbpink\u00a0\u00bb border_width=\u00a0\u00bb5&Prime; el_width=\u00a0\u00bb90&Prime;][vc_column_text]<strong>Myriam El Haik, work in progress : Wall drawing<\/strong><\/p>\n<p>18 Mai 2013 \u2013 30 Juin 2013<br \/>\nMyriam el Haik poursuit son oeuvre Wall Drawing:<br \/>\nSamedi 18 mai de 14h \u00e0 16h<br \/>\nMercredi 22 mai de 15h \u00e0 17h<br \/>\nMercredi 29 mai de 16h \u00e0 18h<br \/>\nVendredi 31 mai de 15h \u00e0 17h<br \/>\nSamedi 1er juin de 16h30 \u00e0 17h30<br \/>\nMercredi 5 juin de 14h \u00e0 17h<\/p>\n<p>[\/vc_column_text][vc_single_image image=\u00a0\u00bb773&Prime; img_size=\u00a0\u00bbfull\u00a0\u00bb add_caption=\u00a0\u00bbyes\u00a0\u00bb alignment=\u00a0\u00bbcenter\u00a0\u00bb][\/vc_column_inner][\/vc_row_inner][vc_row_inner][vc_column_inner][vc_separator color=\u00a0\u00bbpink\u00a0\u00bb border_width=\u00a0\u00bb5&Prime; el_width=\u00a0\u00bb90&Prime;][vc_column_text]<strong>The Cat Inside, concert performance<br \/>\n<\/strong><br \/>\n25 Avril 2013<br \/>\nRamuntcho Matta, accompagn\u00e9 d\u2019Edgar Hemery, utilise diff\u00e9rentes strates de mat\u00e9riaux : bandes son de Gysin, propres cr\u00e9ations sonores, images projet\u00e9es, sur lesquelles il interpr\u00e8te son texte d\u2019une voix hypnotique.[\/vc_column_text][vc_single_image image=\u00a0\u00bb771&Prime; img_size=\u00a0\u00bbfull\u00a0\u00bb add_caption=\u00a0\u00bbyes\u00a0\u00bb alignment=\u00a0\u00bbcenter\u00a0\u00bb][\/vc_column_inner][\/vc_row_inner][vc_row_inner][vc_column_inner][vc_separator color=\u00a0\u00bbpink\u00a0\u00bb border_width=\u00a0\u00bb5&Prime; el_width=\u00a0\u00bb90&Prime;][vc_column_text]<strong>Revue Oscillations : pr\u00e9sentation<\/strong><\/p>\n<p>5 Avril 2013<br \/>\nConf\u00e9rence<br \/>\nOscillations est une revue de sciences humaines et d\u2019art, port\u00e9e par le d\u00e9sir de proposer une exploration interdisciplinaire, indissolublement intellectuelle et artistique, de ce qui fait notre temps.[\/vc_column_text][vc_single_image image=\u00a0\u00bb767&Prime; img_size=\u00a0\u00bbfull\u00a0\u00bb add_caption=\u00a0\u00bbyes\u00a0\u00bb alignment=\u00a0\u00bbcenter\u00a0\u00bb][\/vc_column_inner][\/vc_row_inner][vc_row_inner][vc_column_inner][vc_separator color=\u00a0\u00bbpink\u00a0\u00bb border_width=\u00a0\u00bb5&Prime; el_width=\u00a0\u00bb90&Prime;][vc_column_text]<strong>Histories from Below<\/strong><\/p>\n<p>10 Novembre 2012 \u2013 19 Janvier 2013<br \/>\nExposition<br \/>\nVERNISSAGE VENDREDI 9 NOVEMBRE 2012, 18H<br \/>\nPROJECTIONS JEUDI 22 NOVEMBRE 2012, 20H<br \/>\nFr\u00e9d\u00e9ric Moser et Philippe Schwinger, Capitulation Project, 2003<\/p>\n<p>[\/vc_column_text][vc_single_image image=\u00a0\u00bb763&Prime; img_size=\u00a0\u00bbfull\u00a0\u00bb add_caption=\u00a0\u00bbyes\u00a0\u00bb alignment=\u00a0\u00bbcenter\u00a0\u00bb][\/vc_column_inner][\/vc_row_inner][\/vc_column][\/vc_row]<\/p>\n<\/div>","protected":false},"excerpt":{"rendered":"<p>[vc_row][vc_column width=\u00a0\u00bb1\/2&Prime;][vc_row_inner][vc_column_inner][vc_separator color=\u00a0\u00bbpink\u00a0\u00bb border_width=\u00a0\u00bb5&Prime; el_width=\u00a0\u00bb90&Prime;][vc_column_text]BLOMBOS TOT. ROOIBOS 23 Novembre 2013 \u2013 20 D\u00e9cembre 2013 Exposition [\/vc_column_text][vc_single_image image=\u00a0\u00bb780&Prime; img_size=\u00a0\u00bbfull\u00a0\u00bb add_caption=\u00a0\u00bbyes\u00a0\u00bb alignment=\u00a0\u00bbcenter\u00a0\u00bb][\/vc_column_inner][\/vc_row_inner][vc_row_inner][vc_column_inner][vc_separator color=\u00a0\u00bbpink\u00a0\u00bb border_width=\u00a0\u00bb5&Prime; el_width=\u00a0\u00bb90&Prime;][vc_column_text]Olga 3 Octobre 2013 Exposition Vernissage 3 octobre 18h Exposition du 4 octobre au 16 novembre 2013 [\/vc_column_text][vc_single_image image=\u00a0\u00bb778&Prime; img_size=\u00a0\u00bbfull\u00a0\u00bb add_caption=\u00a0\u00bbyes\u00a0\u00bb alignment=\u00a0\u00bbcenter\u00a0\u00bb][\/vc_column_inner][\/vc_row_inner][\/vc_column][vc_column width=\u00a0\u00bb1\/2&Prime;][vc_row_inner][vc_column_inner][vc_separator color=\u00a0\u00bbpink\u00a0\u00bb border_width=\u00a0\u00bb5&Prime; el_width=\u00a0\u00bb90&Prime;][vc_column_text]MEDIA MEDIUMS: JIM SHAW\u2019S THE HIDDEN WORLD 13&#8230;  <a class=\"excerpt-read-more\" href=\"https:\/\/www.ensapc.fr\/fr\/ygrec\/archives\/2013-2\/\" title=\"Read 2013\">Lire la suite &raquo;<\/a><\/p>\n","protected":false},"author":1,"featured_media":0,"parent":271,"menu_order":460,"comment_status":"closed","ping_status":"closed","template":"","meta":{"footnotes":""},"class_list":["post-1231","page","type-page","status-publish","hentry"],"_links":{"self":[{"href":"https:\/\/www.ensapc.fr\/fr\/wp-json\/wp\/v2\/pages\/1231","targetHints":{"allow":["GET"]}}],"collection":[{"href":"https:\/\/www.ensapc.fr\/fr\/wp-json\/wp\/v2\/pages"}],"about":[{"href":"https:\/\/www.ensapc.fr\/fr\/wp-json\/wp\/v2\/types\/page"}],"author":[{"embeddable":true,"href":"https:\/\/www.ensapc.fr\/fr\/wp-json\/wp\/v2\/users\/1"}],"replies":[{"embeddable":true,"href":"https:\/\/www.ensapc.fr\/fr\/wp-json\/wp\/v2\/comments?post=1231"}],"version-history":[{"count":5,"href":"https:\/\/www.ensapc.fr\/fr\/wp-json\/wp\/v2\/pages\/1231\/revisions"}],"predecessor-version":[{"id":1426,"href":"https:\/\/www.ensapc.fr\/fr\/wp-json\/wp\/v2\/pages\/1231\/revisions\/1426"}],"up":[{"embeddable":true,"href":"https:\/\/www.ensapc.fr\/fr\/wp-json\/wp\/v2\/pages\/271"}],"wp:attachment":[{"href":"https:\/\/www.ensapc.fr\/fr\/wp-json\/wp\/v2\/media?parent=1231"}],"curies":[{"name":"wp","href":"https:\/\/api.w.org\/{rel}","templated":true}]}}