{"id":1235,"date":"2017-01-10T15:10:29","date_gmt":"2017-01-10T14:10:29","guid":{"rendered":"https:\/\/www.ensapc.fr\/fr\/?page_id=1235"},"modified":"2017-02-01T12:21:11","modified_gmt":"2017-02-01T11:21:11","slug":"2014-2","status":"publish","type":"page","link":"https:\/\/www.ensapc.fr\/fr\/ygrec\/archives\/2014-2\/","title":{"rendered":"2014"},"content":{"rendered":"<div class=\"wpb-content-wrapper\"><p>[vc_row][vc_column width=\u00a0\u00bb1\/2&Prime;][vc_row_inner][vc_column_inner][vc_column_text]<strong>Salvatore Arancio, The Hidden<br \/>\n<\/strong><br \/>\n4 Octobre 2014 \u2013 13 D\u00e9cembre 2014<br \/>\nExposition<\/p>\n<p>vendredi 3 octobre\u00a0 &gt;&gt;&gt;&gt; Vernissage \/ Preview night[\/vc_column_text][vc_single_image image=\u00a0\u00bb1259&Prime; img_size=\u00a0\u00bbfull\u00a0\u00bb add_caption=\u00a0\u00bbyes\u00a0\u00bb alignment=\u00a0\u00bbcenter\u00a0\u00bb][\/vc_column_inner][\/vc_row_inner][vc_separator color=\u00a0\u00bbpink\u00a0\u00bb border_width=\u00a0\u00bb5&Prime; el_width=\u00a0\u00bb90&Prime;][vc_row_inner][vc_column_inner][vc_column_text]<strong>Une tache de sang noir dans la lavande<\/strong><\/p>\n<p>6 Juin 2014 \u2013 28 Juin 2014<br \/>\nExposition<br \/>\n\u00ab Mes G\u00e9ographies \u00bb<\/p>\n<p>Vernissage le 5 juin \u00e0 12:30<br \/>\nDu 5 au 15 juin 2014<br \/>\nMus\u00e9e d&rsquo;Art Moderne de la Ville de Paris<br \/>\n11, Avenue du Pr\u00e9sident Wilson<br \/>\n75116 Paris<br \/>\nM\u00b0 Iena, Alma-Marceau[\/vc_column_text][vc_single_image image=\u00a0\u00bb788&Prime; img_size=\u00a0\u00bbfull\u00a0\u00bb add_caption=\u00a0\u00bbyes\u00a0\u00bb alignment=\u00a0\u00bbcenter\u00a0\u00bb][\/vc_column_inner][\/vc_row_inner][vc_row_inner][vc_column_inner][vc_separator color=\u00a0\u00bbpink\u00a0\u00bb border_width=\u00a0\u00bb5&Prime; el_width=\u00a0\u00bb90&Prime;][vc_column_text]<strong>Tsuku Tsuku Boshi<br \/>\n<\/strong><br \/>\nPerformance<br \/>\nPremi\u00e8re soir\u00e9e d&rsquo;un cycle de concerts \/ performance organis\u00e9 \u00e0 Ygrec avec le label Tsuku Boshi Records.<br \/>\nD\u00e8s 19h, live avec Nicolas Charbonnier, Julien Beau et Florent Caron-Darras.[\/vc_column_text][vc_single_image image=\u00a0\u00bb786&Prime; img_size=\u00a0\u00bbfull\u00a0\u00bb add_caption=\u00a0\u00bbyes\u00a0\u00bb alignment=\u00a0\u00bbcenter\u00a0\u00bb][\/vc_column_inner][\/vc_row_inner][\/vc_column][vc_column width=\u00a0\u00bb1\/2&Prime;][vc_row_inner][vc_column_inner][vc_column_text]<span class=\"date-display-start\"><strong>ANNE ZEITZ : De MaxFeed \u00e0 Radio Net &#8211; Les projets radio de Max Neuhaus<\/strong><\/span><\/p>\n<p>17 Janvier 2014<br \/>\nConf\u00e9rence : 15h-17h30<\/p>\n<p>[\/vc_column_text][vc_single_image image=\u00a0\u00bb784&Prime; img_size=\u00a0\u00bbfull\u00a0\u00bb add_caption=\u00a0\u00bbyes\u00a0\u00bb alignment=\u00a0\u00bbcenter\u00a0\u00bb][\/vc_column_inner][\/vc_row_inner][vc_row_inner][vc_column_inner][vc_separator color=\u00a0\u00bbpink\u00a0\u00bb border_width=\u00a0\u00bb5&Prime; el_width=\u00a0\u00bb90&Prime;][vc_column_text]<strong>M\u00e9dia M\u00e9diums<\/strong><\/p>\n<p>4 Avril 2014 \u2013 31 Mai 2014<br \/>\nExposition[\/vc_column_text][\/vc_column_inner][\/vc_row_inner][vc_single_image image=\u00a0\u00bb787&Prime; img_size=\u00a0\u00bbfull\u00a0\u00bb add_caption=\u00a0\u00bbyes\u00a0\u00bb alignment=\u00a0\u00bbcenter\u00a0\u00bb][vc_row_inner][vc_column_inner][vc_separator color=\u00a0\u00bbpink\u00a0\u00bb border_width=\u00a0\u00bb5&Prime; el_width=\u00a0\u00bb90&Prime;][vc_column_text]<strong>Going Places, Doing Stuff<\/strong><\/p>\n<p>7 D\u00e9cembre 2013 \u2013 18 Janvier 2014<br \/>\nExposition<\/p>\n<p>[\/vc_column_text][vc_single_image image=\u00a0\u00bb782&Prime; img_size=\u00a0\u00bbfull\u00a0\u00bb add_caption=\u00a0\u00bbyes\u00a0\u00bb alignment=\u00a0\u00bbcenter\u00a0\u00bb][\/vc_column_inner][\/vc_row_inner][vc_row_inner][vc_column_inner][vc_separator color=\u00a0\u00bbpink\u00a0\u00bb border_width=\u00a0\u00bb5&Prime; el_width=\u00a0\u00bb90&Prime;][vc_column_text]<strong>Mille feuillets II<\/strong><\/p>\n<p>8 Mars 2014 \u2013 29 Mars 2014<br \/>\nExposition<\/p>\n<p>YGREC, l\u2019espace d\u2019exposition de l\u2019Ecole Nationale Sup\u00e9rieure d\u2019Arts de Paris-Cergy accueille la 4\u00e8me \u00e9dition de Mille Feuillets : coupe transversale dans une production qui parcourt toutes les ann\u00e9es de l\u2019Ecole.[\/vc_column_text][vc_single_image image=\u00a0\u00bb785&Prime; img_size=\u00a0\u00bbfull\u00a0\u00bb add_caption=\u00a0\u00bbyes\u00a0\u00bb alignment=\u00a0\u00bbcenter\u00a0\u00bb][\/vc_column_inner][\/vc_row_inner][\/vc_column][\/vc_row]<\/p>\n<\/div>","protected":false},"excerpt":{"rendered":"<p>[vc_row][vc_column width=\u00a0\u00bb1\/2&Prime;][vc_row_inner][vc_column_inner][vc_column_text]Salvatore Arancio, The Hidden 4 Octobre 2014 \u2013 13 D\u00e9cembre 2014 Exposition vendredi 3 octobre\u00a0 &gt;&gt;&gt;&gt; Vernissage \/ Preview night[\/vc_column_text][vc_single_image image=\u00a0\u00bb1259&Prime; img_size=\u00a0\u00bbfull\u00a0\u00bb add_caption=\u00a0\u00bbyes\u00a0\u00bb alignment=\u00a0\u00bbcenter\u00a0\u00bb][\/vc_column_inner][\/vc_row_inner][vc_separator color=\u00a0\u00bbpink\u00a0\u00bb border_width=\u00a0\u00bb5&Prime; el_width=\u00a0\u00bb90&Prime;][vc_row_inner][vc_column_inner][vc_column_text]Une tache de sang noir dans la lavande 6 Juin 2014 \u2013 28 Juin 2014 Exposition \u00ab Mes G\u00e9ographies \u00bb Vernissage le 5 juin \u00e0 12:30 Du 5&#8230;  <a class=\"excerpt-read-more\" href=\"https:\/\/www.ensapc.fr\/fr\/ygrec\/archives\/2014-2\/\" title=\"Read 2014\">Lire la suite &raquo;<\/a><\/p>\n","protected":false},"author":1,"featured_media":0,"parent":271,"menu_order":459,"comment_status":"closed","ping_status":"closed","template":"","meta":{"footnotes":""},"class_list":["post-1235","page","type-page","status-publish","hentry"],"_links":{"self":[{"href":"https:\/\/www.ensapc.fr\/fr\/wp-json\/wp\/v2\/pages\/1235","targetHints":{"allow":["GET"]}}],"collection":[{"href":"https:\/\/www.ensapc.fr\/fr\/wp-json\/wp\/v2\/pages"}],"about":[{"href":"https:\/\/www.ensapc.fr\/fr\/wp-json\/wp\/v2\/types\/page"}],"author":[{"embeddable":true,"href":"https:\/\/www.ensapc.fr\/fr\/wp-json\/wp\/v2\/users\/1"}],"replies":[{"embeddable":true,"href":"https:\/\/www.ensapc.fr\/fr\/wp-json\/wp\/v2\/comments?post=1235"}],"version-history":[{"count":5,"href":"https:\/\/www.ensapc.fr\/fr\/wp-json\/wp\/v2\/pages\/1235\/revisions"}],"predecessor-version":[{"id":1422,"href":"https:\/\/www.ensapc.fr\/fr\/wp-json\/wp\/v2\/pages\/1235\/revisions\/1422"}],"up":[{"embeddable":true,"href":"https:\/\/www.ensapc.fr\/fr\/wp-json\/wp\/v2\/pages\/271"}],"wp:attachment":[{"href":"https:\/\/www.ensapc.fr\/fr\/wp-json\/wp\/v2\/media?parent=1235"}],"curies":[{"name":"wp","href":"https:\/\/api.w.org\/{rel}","templated":true}]}}