{"id":1243,"date":"2017-01-10T15:24:28","date_gmt":"2017-01-10T14:24:28","guid":{"rendered":"https:\/\/www.ensapc.fr\/fr\/?page_id=1243"},"modified":"2017-02-01T12:21:58","modified_gmt":"2017-02-01T11:21:58","slug":"2015-2","status":"publish","type":"page","link":"https:\/\/www.ensapc.fr\/fr\/ygrec\/archives\/2015-2\/","title":{"rendered":"2015"},"content":{"rendered":"<div class=\"wpb-content-wrapper\"><p>[vc_row][vc_column][vc_row_inner][vc_column_inner width=\u00a0\u00bb1\/2&Prime;][vc_column_text]<strong>Here With Me<\/strong><\/p>\n<p>29 Mai 2015 \u2013 5 Juillet 2015<br \/>\nExposition<\/p>\n<p>Camille Ayme \/ Nelson Bourrec Carter<br \/>\nHere With Me est l\u2019histoire d\u2019une promesse mise \u00e0 l\u2019\u00e9preuve. C\u2019est la d\u00e9couverte de la vacuit\u00e9 de l\u2019envers du d\u00e9cor, un road trip d\u00e9ceptif \u00e0 travers un territoire fictionn\u00e9.[\/vc_column_text][vc_single_image image=\u00a0\u00bb1237&Prime; img_size=\u00a0\u00bbfull\u00a0\u00bb add_caption=\u00a0\u00bbyes\u00a0\u00bb alignment=\u00a0\u00bbcenter\u00a0\u00bb][\/vc_column_inner][vc_column_inner width=\u00a0\u00bb1\/2&Prime;][vc_column_text]<strong>MILLE FEUILLETS V<\/strong><\/p>\n<p>21 Mars 2015 \u2013 16 Mai 2015<br \/>\nExposition<\/p>\n<p>(Fermeture pour les vacances de P\u00e2ques le 18 avril au soir. R\u00e9ouverture mercredi 6 mai \u00e0 13h)[\/vc_column_text][vc_single_image image=\u00a0\u00bb1257&Prime; img_size=\u00a0\u00bbfull\u00a0\u00bb add_caption=\u00a0\u00bbyes\u00a0\u00bb alignment=\u00a0\u00bbcenter\u00a0\u00bb][\/vc_column_inner][\/vc_row_inner][vc_row_inner][vc_column_inner width=\u00a0\u00bb1\/2&Prime;][vc_separator color=\u00a0\u00bbpink\u00a0\u00bb border_width=\u00a0\u00bb5&Prime; el_width=\u00a0\u00bb90&Prime;][vc_column_text]<strong>Et apr\u00e8s ?<br \/>\n<\/strong><br \/>\n7 F\u00e9vrier 2015 \u2013 14 Mars 2015<br \/>\nExposition<\/p>\n<p>Avec Lovy Bumma, Carole Chevallier, Marie Michaud et Agn\u00e8s Jungwon Ra[\/vc_column_text][vc_single_image image=\u00a0\u00bb1256&Prime; img_size=\u00a0\u00bbfull\u00a0\u00bb add_caption=\u00a0\u00bbyes\u00a0\u00bb alignment=\u00a0\u00bbcenter\u00a0\u00bb][vc_separator color=\u00a0\u00bbpink\u00a0\u00bb border_width=\u00a0\u00bb5&Prime; el_width=\u00a0\u00bb90&Prime;][\/vc_column_inner][vc_column_inner width=\u00a0\u00bb1\/2&Prime;][vc_separator color=\u00a0\u00bbpink\u00a0\u00bb border_width=\u00a0\u00bb5&Prime; el_width=\u00a0\u00bb90&Prime;][vc_column_text]<strong>ANARCHEOLOGIES: Hypotheses of a Lost Fragment<\/strong><\/p>\n<p>9 Janvier 2015 \u2013 31 Janvier 2015<br \/>\nExposition<\/p>\n<p>Artistes:<br \/>\nDirk Bruinsma, Yoeri Guepin, Gabriel Jones, Sarah Jones, Alexandra Navratil, Suska Mackert, Padraig Robinson<\/p>\n<p>Commisaire:<br \/>\nAlena Alexandrova<\/p>\n<p>[\/vc_column_text][vc_single_image image=\u00a0\u00bb1258&Prime; img_size=\u00a0\u00bbfull\u00a0\u00bb add_caption=\u00a0\u00bbyes\u00a0\u00bb alignment=\u00a0\u00bbcenter\u00a0\u00bb][\/vc_column_inner][\/vc_row_inner][\/vc_column][\/vc_row]<\/p>\n<\/div>","protected":false},"excerpt":{"rendered":"<p>[vc_row][vc_column][vc_row_inner][vc_column_inner width=\u00a0\u00bb1\/2&Prime;][vc_column_text]Here With Me 29 Mai 2015 \u2013 5 Juillet 2015 Exposition Camille Ayme \/ Nelson Bourrec Carter Here With Me est l\u2019histoire d\u2019une promesse mise \u00e0 l\u2019\u00e9preuve. C\u2019est la d\u00e9couverte de la vacuit\u00e9 de l\u2019envers du d\u00e9cor, un road trip d\u00e9ceptif \u00e0 travers un territoire fictionn\u00e9.[\/vc_column_text][vc_single_image image=\u00a0\u00bb1237&Prime; img_size=\u00a0\u00bbfull\u00a0\u00bb add_caption=\u00a0\u00bbyes\u00a0\u00bb alignment=\u00a0\u00bbcenter\u00a0\u00bb][\/vc_column_inner][vc_column_inner width=\u00a0\u00bb1\/2&Prime;][vc_column_text]MILLE FEUILLETS V 21&#8230;  <a class=\"excerpt-read-more\" href=\"https:\/\/www.ensapc.fr\/fr\/ygrec\/archives\/2015-2\/\" title=\"Read 2015\">Lire la suite &raquo;<\/a><\/p>\n","protected":false},"author":1,"featured_media":0,"parent":271,"menu_order":457,"comment_status":"closed","ping_status":"closed","template":"","meta":{"footnotes":""},"class_list":["post-1243","page","type-page","status-publish","hentry"],"_links":{"self":[{"href":"https:\/\/www.ensapc.fr\/fr\/wp-json\/wp\/v2\/pages\/1243","targetHints":{"allow":["GET"]}}],"collection":[{"href":"https:\/\/www.ensapc.fr\/fr\/wp-json\/wp\/v2\/pages"}],"about":[{"href":"https:\/\/www.ensapc.fr\/fr\/wp-json\/wp\/v2\/types\/page"}],"author":[{"embeddable":true,"href":"https:\/\/www.ensapc.fr\/fr\/wp-json\/wp\/v2\/users\/1"}],"replies":[{"embeddable":true,"href":"https:\/\/www.ensapc.fr\/fr\/wp-json\/wp\/v2\/comments?post=1243"}],"version-history":[{"count":5,"href":"https:\/\/www.ensapc.fr\/fr\/wp-json\/wp\/v2\/pages\/1243\/revisions"}],"predecessor-version":[{"id":1423,"href":"https:\/\/www.ensapc.fr\/fr\/wp-json\/wp\/v2\/pages\/1243\/revisions\/1423"}],"up":[{"embeddable":true,"href":"https:\/\/www.ensapc.fr\/fr\/wp-json\/wp\/v2\/pages\/271"}],"wp:attachment":[{"href":"https:\/\/www.ensapc.fr\/fr\/wp-json\/wp\/v2\/media?parent=1243"}],"curies":[{"name":"wp","href":"https:\/\/api.w.org\/{rel}","templated":true}]}}