{"id":1278,"date":"2017-01-10T19:05:14","date_gmt":"2017-01-10T18:05:14","guid":{"rendered":"https:\/\/www.ensapc.fr\/fr\/?page_id=1278"},"modified":"2017-06-07T15:46:08","modified_gmt":"2017-06-07T13:46:08","slug":"2016-2017","status":"publish","type":"page","link":"https:\/\/www.ensapc.fr\/fr\/ygrec\/archives\/2016-2017\/","title":{"rendered":"2016"},"content":{"rendered":"<div class=\"wpb-content-wrapper\"><p>[vc_row][vc_column width=\u00a0\u00bb1\/2&Prime;][vc_row_inner][vc_column_inner][vc_column_text]<strong>Prix BIC\u00ae pour l&rsquo;Ecole Nationale Sup\u00e9rieure d&rsquo;Arts de Paris-Cergy<\/strong><\/p>\n<p>La Soci\u00e9t\u00e9 BIC inaugure le mardi 6 d\u00e9cembre \u00e0 19h son premier prix de cr\u00e9ation contemporaine\u00a0: le prix BIC<sup>\u00ae<\/sup>\u00a0pour l\u2019Ecole Nationale Sup\u00e9rieure d\u2019Arts de Paris-Cergy.<br \/>\nCe prix a pour vocation d\u2019encourager la cr\u00e9ation et de nouvelles formes artistiques en mettant en lumi\u00e8re un artiste \u00e9mergent,\u00a0\u00e9tudiant \u00e0 l\u2019ENSAPC.<\/p>\n<p>[\/vc_column_text][vc_btn title=\u00a0\u00bbEn savoir plus\u00a0\u00bb link=\u00a0\u00bburl:http%3A%2F%2Fensapc.fr%2Fygrec%2Farchives%2F2016-2017%2Fprix-bic-pour-lensapc|||\u00a0\u00bb][vc_single_image image=\u00a0\u00bb124&Prime; img_size=\u00a0\u00bbfull\u00a0\u00bb add_caption=\u00a0\u00bbyes\u00a0\u00bb alignment=\u00a0\u00bbcenter\u00a0\u00bb][\/vc_column_inner][\/vc_row_inner][vc_row_inner][vc_column_inner][vc_column_text]<strong>Une Journ\u00e9e Sentimentale<\/strong><\/p>\n<p class=\"p1\">Les livres d\u2019artistes s\u00e9lectionn\u00e9s\u00a0sont auto-biographiques. Ce sont des mondes int\u00e9rieurs o\u00f9 sont\u00a0assembl\u00e9s dans le d\u00e9sordre captures photographiques, pens\u00e9es,\u00a0\u00e9crits personnels. Ce sont aussi des lieux de rapprochement\u00a0entre des archives personnelles,des documents, et une pratique artistique.<\/p>\n<p>[\/vc_column_text][vc_btn title=\u00a0\u00bbEn savoir plus\u00a0\u00bb link=\u00a0\u00bburl:http%3A%2F%2Fwww.ensapc.fr%2Ffr%2Fygrec%2Farchives%2F2016-2017%2Fune-journee-sentimentale|||\u00a0\u00bb][vc_single_image image=\u00a0\u00bb1971&Prime; img_size=\u00a0\u00bbmedium\u00a0\u00bb add_caption=\u00a0\u00bbyes\u00a0\u00bb alignment=\u00a0\u00bbcenter\u00a0\u00bb][\/vc_column_inner][\/vc_row_inner][vc_row_inner][vc_column_inner][vc_separator color=\u00a0\u00bbpink\u00a0\u00bb border_width=\u00a0\u00bb5&Prime; el_width=\u00a0\u00bb90&Prime;][vc_column_text]<strong>The Operator&rsquo;s Codex<\/strong><\/p>\n<p>3 Juin 2016 &#8211; 17h<br \/>\nPerformance<\/p>\n<p>Performance de l&rsquo;artiste Axelle Stiefel<\/p>\n<p>[\/vc_column_text][vc_single_image image=\u00a0\u00bb1249&Prime; img_size=\u00a0\u00bbfull\u00a0\u00bb add_caption=\u00a0\u00bbyes\u00a0\u00bb alignment=\u00a0\u00bbcenter\u00a0\u00bb][\/vc_column_inner][\/vc_row_inner][vc_row_inner][vc_column_inner][vc_separator color=\u00a0\u00bbpink\u00a0\u00bb border_width=\u00a0\u00bb5&Prime; el_width=\u00a0\u00bb90&Prime;][vc_column_text]<strong>Comment penser par images I. Rencontre avec l&rsquo;architecte Francesca Torzo<br \/>\n<\/strong><br \/>\n18 Mai 2016<br \/>\nConf\u00e9rence<\/p>\n<p>De 18h \u00e0 20h[\/vc_column_text][vc_single_image image=\u00a0\u00bb1251&Prime; img_size=\u00a0\u00bbfull\u00a0\u00bb add_caption=\u00a0\u00bbyes\u00a0\u00bb alignment=\u00a0\u00bbcenter\u00a0\u00bb][\/vc_column_inner][\/vc_row_inner][vc_row_inner][vc_column_inner][vc_separator color=\u00a0\u00bbpink\u00a0\u00bb border_width=\u00a0\u00bb5&Prime; el_width=\u00a0\u00bb90&Prime;][vc_column_text]<span class=\"date-display-start\"><strong>ArcHertz-Paris<\/strong><\/span><\/p>\n<p>6 Mai 2016 \u2013 4 Juin 2016<br \/>\nExposition<br \/>\nVernissage mercredi 4 mai \u00e0 18h<br \/>\n99 Dom-Ino<br \/>\nArchitectures sonores[\/vc_column_text][vc_single_image image=\u00a0\u00bb1247&Prime; img_size=\u00a0\u00bbfull\u00a0\u00bb add_caption=\u00a0\u00bbyes\u00a0\u00bb alignment=\u00a0\u00bbcenter\u00a0\u00bb][\/vc_column_inner][\/vc_row_inner][vc_row_inner][vc_column_inner][vc_separator color=\u00a0\u00bbpink\u00a0\u00bb border_width=\u00a0\u00bb5&Prime; el_width=\u00a0\u00bb90&Prime;][vc_column_text]<strong>Staring at you staring at me<\/strong><\/p>\n<p>6 F\u00e9vrier 2016 \u2013 12 Mars 2016<br \/>\nExposition<br \/>\nVernissage vendredi 5 f\u00e9vrier 18-21h \u00e0 Ygrec<br \/>\nCommissariat : \u00c9ric Maillet &amp; Jinsang Yoo[\/vc_column_text][vc_single_image image=\u00a0\u00bb1246&Prime; img_size=\u00a0\u00bbfull\u00a0\u00bb add_caption=\u00a0\u00bbyes\u00a0\u00bb alignment=\u00a0\u00bbcenter\u00a0\u00bb][\/vc_column_inner][\/vc_row_inner][\/vc_column][vc_column width=\u00a0\u00bb1\/2&Prime;][vc_row_inner][vc_column_inner][vc_column_text]<strong>Sound of Labor<\/strong><\/p>\n<p>20 Mai 2016<br \/>\nFestival<br \/>\nFrom 3 pm\u00a0 to 9 pm<br \/>\nArcHertz\u2013Paris exhibition presents the -SOUND of LABOR- of young architects based in France.[\/vc_column_text][\/vc_column_inner][\/vc_row_inner][vc_single_image image=\u00a0\u00bb1248&Prime; img_size=\u00a0\u00bbfull\u00a0\u00bb add_caption=\u00a0\u00bbyes\u00a0\u00bb alignment=\u00a0\u00bbcenter\u00a0\u00bb][vc_row_inner][vc_column_inner][vc_separator color=\u00a0\u00bbpink\u00a0\u00bb border_width=\u00a0\u00bb5&Prime; el_width=\u00a0\u00bb90&Prime;][vc_column_text]<strong>Comment penser par images II. Rencontre avec Elsa Abderhamani et Meryll Ampe<\/strong><\/p>\n<p>19 Mai 2016<br \/>\nConf\u00e9rence<br \/>\nDe 15h \u00e0 17h<\/p>\n<p>Dans le cadre des lignes de recherche \u00ab Comment penser par images \u00bb sous la direction de Federico Nicolao, \u00ab\u00a0Le Petit Tour\u00a0\u00bb sous la direction de Vincent G\u00e9rard et de l&rsquo;exposition ArcHertz-Paris \u00e0 YGREC.<\/p>\n<p>[\/vc_column_text][vc_single_image image=\u00a0\u00bb1250&Prime; img_size=\u00a0\u00bbfull\u00a0\u00bb add_caption=\u00a0\u00bbyes\u00a0\u00bb alignment=\u00a0\u00bbcenter\u00a0\u00bb][\/vc_column_inner][\/vc_row_inner][vc_row_inner][vc_column_inner][vc_separator color=\u00a0\u00bbpink\u00a0\u00bb border_width=\u00a0\u00bb5&Prime; el_width=\u00a0\u00bb90&Prime;][vc_column_text]<strong>13* <\/strong><\/p>\n<p>13 Mai 2016 Performance<br \/>\nEntr\u00e9e libre<br \/>\nDe 20h \u00e0 23h<br \/>\nDans le cadre de ArcHertz-Paris et l&rsquo;exposition<br \/>\nSpace Caviar, 99 Dom-Ino.[\/vc_column_text][vc_single_image image=\u00a0\u00bb1244&Prime; img_size=\u00a0\u00bbfull\u00a0\u00bb add_caption=\u00a0\u00bbyes\u00a0\u00bb alignment=\u00a0\u00bbcenter\u00a0\u00bb][\/vc_column_inner][\/vc_row_inner][vc_row_inner][vc_column_inner][vc_separator color=\u00a0\u00bbpink\u00a0\u00bb border_width=\u00a0\u00bb5&Prime; el_width=\u00a0\u00bb90&Prime;][vc_column_text]<strong>Mille Feuillets VI<\/strong><\/p>\n<p>25 Mars 2016 \u2013 23 Avril 2016<br \/>\nExposition<\/p>\n<p>VERNISSAGE JEUDI 24 MARS 18-21H[\/vc_column_text][vc_single_image image=\u00a0\u00bb1245&Prime; img_size=\u00a0\u00bbfull\u00a0\u00bb add_caption=\u00a0\u00bbyes\u00a0\u00bb alignment=\u00a0\u00bbcenter\u00a0\u00bb][\/vc_column_inner][\/vc_row_inner][\/vc_column][\/vc_row]<\/p>\n<\/div>","protected":false},"excerpt":{"rendered":"<p>[vc_row][vc_column width=\u00a0\u00bb1\/2&Prime;][vc_row_inner][vc_column_inner][vc_column_text]Prix BIC\u00ae pour l&rsquo;Ecole Nationale Sup\u00e9rieure d&rsquo;Arts de Paris-Cergy La Soci\u00e9t\u00e9 BIC inaugure le mardi 6 d\u00e9cembre \u00e0 19h son premier prix de cr\u00e9ation contemporaine\u00a0: le prix BIC\u00ae\u00a0pour l\u2019Ecole Nationale Sup\u00e9rieure d\u2019Arts de Paris-Cergy. Ce prix a pour vocation d\u2019encourager la cr\u00e9ation et de nouvelles formes artistiques en mettant en lumi\u00e8re un artiste \u00e9mergent,\u00a0\u00e9tudiant&#8230;  <a class=\"excerpt-read-more\" href=\"https:\/\/www.ensapc.fr\/fr\/ygrec\/archives\/2016-2017\/\" title=\"Read 2016\">Lire la suite &raquo;<\/a><\/p>\n","protected":false},"author":1,"featured_media":0,"parent":271,"menu_order":449,"comment_status":"closed","ping_status":"closed","template":"","meta":{"footnotes":""},"class_list":["post-1278","page","type-page","status-publish","hentry"],"_links":{"self":[{"href":"https:\/\/www.ensapc.fr\/fr\/wp-json\/wp\/v2\/pages\/1278","targetHints":{"allow":["GET"]}}],"collection":[{"href":"https:\/\/www.ensapc.fr\/fr\/wp-json\/wp\/v2\/pages"}],"about":[{"href":"https:\/\/www.ensapc.fr\/fr\/wp-json\/wp\/v2\/types\/page"}],"author":[{"embeddable":true,"href":"https:\/\/www.ensapc.fr\/fr\/wp-json\/wp\/v2\/users\/1"}],"replies":[{"embeddable":true,"href":"https:\/\/www.ensapc.fr\/fr\/wp-json\/wp\/v2\/comments?post=1278"}],"version-history":[{"count":5,"href":"https:\/\/www.ensapc.fr\/fr\/wp-json\/wp\/v2\/pages\/1278\/revisions"}],"predecessor-version":[{"id":2002,"href":"https:\/\/www.ensapc.fr\/fr\/wp-json\/wp\/v2\/pages\/1278\/revisions\/2002"}],"up":[{"embeddable":true,"href":"https:\/\/www.ensapc.fr\/fr\/wp-json\/wp\/v2\/pages\/271"}],"wp:attachment":[{"href":"https:\/\/www.ensapc.fr\/fr\/wp-json\/wp\/v2\/media?parent=1278"}],"curies":[{"name":"wp","href":"https:\/\/api.w.org\/{rel}","templated":true}]}}