{"id":1282,"date":"2017-01-10T19:09:15","date_gmt":"2017-01-10T18:09:15","guid":{"rendered":"https:\/\/www.ensapc.fr\/fr\/?page_id=1282"},"modified":"2017-04-14T13:44:21","modified_gmt":"2017-04-14T11:44:21","slug":"prix-bic-pour-lensapc","status":"publish","type":"page","link":"https:\/\/www.ensapc.fr\/fr\/ygrec\/archives\/2016-2017\/prix-bic-pour-lensapc\/","title":{"rendered":"PRIX BIC\u00ae POUR L\u2019ENSAPC"},"content":{"rendered":"<div class=\"wpb-content-wrapper\"><p>[vc_row content_placement=\u00a0\u00bbmiddle\u00a0\u00bb][vc_column][vc_column_text]<\/p>\n<p dir=\"ltr\"><a href=\"https:\/\/www.ensapc.fr\/wp-content\/uploads\/2017\/04\/dossier_prix_bic.pdf\">dossier de presse<\/a><\/p>\n<p dir=\"ltr\">La Soci\u00e9t\u00e9 BIC inaugure le mardi 6 d\u00e9cembre \u00e0 19h son premier prix de cr\u00e9ation contemporaine\u00a0: le prix BIC<sup>\u00ae<\/sup>\u00a0pour l\u2019Ecole Nationale Sup\u00e9rieure d\u2019Arts de Paris-Cergy.<br \/>\nCe prix a pour vocation d\u2019encourager la cr\u00e9ation et de nouvelles formes artistiques en mettant en lumi\u00e8re un artiste \u00e9mergent,\u00a0\u00e9tudiant \u00e0 l\u2019ENSAPC.<br \/>\nLe prix BIC<sup>\u00ae<\/sup>\u00a0propose \u00e0 de jeunes artistes d\u2019explorer, d\u2019approfondir, de s\u2019approprier et de r\u00e9inventer toutes les potentialit\u00e9s artistiques et l&rsquo;imaginaire qu\u2019offre\u00a0la marque.<\/p>\n<p dir=\"ltr\">La soci\u00e9t\u00e9 BIC a souhait\u00e9 inscrire ce prix au sein de l\u2019ENSAPC afin de soutenir un univers d\u2019enseignement dynamique et innovant, ouvert et exigeant, ainsi qu\u2019un symbole de mixit\u00e9 culturelle. Le prix, ouvert \u00e0 l\u2019ensemble des \u00e9tudiants , a pour vocation de r\u00e9compenser l\u2019\u0153uvre de l\u2019un d\u2019entre eux tout en leur permettant\u00a0de pr\u00e9senter leurs travaux \u00e0 un jury de professionnels du monde de l\u2019art. La seule demande\u00a0de l\u2019appel \u00e0 projet \u00e9tant de recourir, de mettre en situation, ou de repr\u00e9senter un\/des produit(s) de la marque BIC<sup>\u00ae.<\/sup><\/p>\n<p dir=\"ltr\">Le jury, compos\u00e9 de Pierre Ardouvin,\u00a0Bruno Bich, Florence &amp;\u00a0Daniel Guerlain,\u00a0Sandra Heged\u00fcs,\u00a0Herv\u00e9 Mikaeloff et\u00a0Marie-Ange Moulonguet\u00a0d\u00e9signera le laur\u00e9at.<\/p>\n<p>[\/vc_column_text][vc_column_text]<div id=\"slidin\"><h2><span>1<\/span> \/ 22<\/h2><div id=\"slider_diapo\"><ul id=\"slider_page\"><li class=\"img_1\"><img decoding=\"async\" src=\"https:\/\/www.ensapc.fr\/wp-content\/uploads\/2016\/11\/prix-bic-ensapc.jpg\" alt=\"prix-bic-ensapc\" title=\"prix-bic-ensapc\" \/><div class=\"descimg\"><\/div><\/li><li class=\"img_2\"><img decoding=\"async\" src=\"https:\/\/www.ensapc.fr\/wp-content\/uploads\/2017\/04\/prix-bic_13.jpg\" alt=\"prix-bic_13\" title=\"prix-bic_13\" \/><div class=\"descimg\"><\/div><\/li><li class=\"img_3\"><img decoding=\"async\" src=\"https:\/\/www.ensapc.fr\/wp-content\/uploads\/2017\/04\/prix-bic_7.jpg\" alt=\"prix-bic_7\" title=\"prix-bic_7\" \/><div class=\"descimg\"><\/div><\/li><li class=\"img_4\"><img decoding=\"async\" src=\"https:\/\/www.ensapc.fr\/wp-content\/uploads\/2017\/04\/prix-bic_10.jpg\" alt=\"prix-bic_10\" title=\"prix-bic_10\" \/><div class=\"descimg\"><\/div><\/li><li class=\"img_5\"><img decoding=\"async\" src=\"https:\/\/www.ensapc.fr\/wp-content\/uploads\/2017\/04\/prix-bic_15.jpg\" alt=\"prix-bic_15\" title=\"prix-bic_15\" \/><div class=\"descimg\"><\/div><\/li><li class=\"img_6\"><img decoding=\"async\" src=\"https:\/\/www.ensapc.fr\/wp-content\/uploads\/2017\/04\/prix-bic_17.jpg\" alt=\"prix-bic_17\" title=\"prix-bic_17\" \/><div class=\"descimg\"><\/div><\/li><li class=\"img_7\"><img decoding=\"async\" src=\"https:\/\/www.ensapc.fr\/wp-content\/uploads\/2017\/04\/prix-bic_1.jpg\" alt=\"prix-bic_1\" title=\"prix-bic_1\" \/><div class=\"descimg\"><\/div><\/li><li class=\"img_8\"><img decoding=\"async\" src=\"https:\/\/www.ensapc.fr\/wp-content\/uploads\/2017\/04\/prix-bic_2.jpg\" alt=\"prix-bic_2\" title=\"prix-bic_2\" \/><div class=\"descimg\"><\/div><\/li><li class=\"img_9\"><img decoding=\"async\" src=\"https:\/\/www.ensapc.fr\/wp-content\/uploads\/2017\/04\/prix-bic_3.jpg\" alt=\"prix-bic_3\" title=\"prix-bic_3\" \/><div class=\"descimg\"><\/div><\/li><li class=\"img_10\"><img decoding=\"async\" src=\"https:\/\/www.ensapc.fr\/wp-content\/uploads\/2017\/04\/prix-bic_4.jpg\" alt=\"prix-bic_4\" title=\"prix-bic_4\" \/><div class=\"descimg\"><\/div><\/li><li class=\"img_11\"><img decoding=\"async\" src=\"https:\/\/www.ensapc.fr\/wp-content\/uploads\/2017\/04\/prix-bic_5.jpg\" alt=\"prix-bic_5\" title=\"prix-bic_5\" \/><div class=\"descimg\"><\/div><\/li><li class=\"img_12\"><img decoding=\"async\" src=\"https:\/\/www.ensapc.fr\/wp-content\/uploads\/2017\/04\/prix-bic_6.jpg\" alt=\"prix-bic_6\" title=\"prix-bic_6\" \/><div class=\"descimg\"><\/div><\/li><li class=\"img_13\"><img decoding=\"async\" src=\"https:\/\/www.ensapc.fr\/wp-content\/uploads\/2017\/04\/prix-bic_8.jpg\" alt=\"prix-bic_8\" title=\"prix-bic_8\" \/><div class=\"descimg\"><\/div><\/li><li class=\"img_14\"><img decoding=\"async\" src=\"https:\/\/www.ensapc.fr\/wp-content\/uploads\/2017\/04\/prix-bic_9.jpg\" alt=\"prix-bic_9\" title=\"prix-bic_9\" \/><div class=\"descimg\"><\/div><\/li><li class=\"img_15\"><img decoding=\"async\" src=\"https:\/\/www.ensapc.fr\/wp-content\/uploads\/2017\/04\/prix-bic_11.jpg\" alt=\"prix-bic_11\" title=\"prix-bic_11\" \/><div class=\"descimg\"><\/div><\/li><li class=\"img_16\"><img decoding=\"async\" src=\"https:\/\/www.ensapc.fr\/wp-content\/uploads\/2017\/04\/prix-bic_12.jpg\" alt=\"prix-bic_12\" title=\"prix-bic_12\" \/><div class=\"descimg\"><\/div><\/li><li class=\"img_17\"><img decoding=\"async\" src=\"https:\/\/www.ensapc.fr\/wp-content\/uploads\/2017\/04\/prix-bic_14.jpg\" alt=\"prix-bic_14\" title=\"prix-bic_14\" \/><div class=\"descimg\"><\/div><\/li><li class=\"img_18\"><img decoding=\"async\" src=\"https:\/\/www.ensapc.fr\/wp-content\/uploads\/2017\/04\/prix-bic_16.jpg\" alt=\"prix-bic_16\" title=\"prix-bic_16\" \/><div class=\"descimg\"><\/div><\/li><li class=\"img_19\"><img decoding=\"async\" src=\"https:\/\/www.ensapc.fr\/wp-content\/uploads\/2017\/04\/prix-bic_18.jpg\" alt=\"prix-bic_18\" title=\"prix-bic_18\" \/><div class=\"descimg\"><\/div><\/li><li class=\"img_20\"><img decoding=\"async\" src=\"https:\/\/www.ensapc.fr\/wp-content\/uploads\/2017\/04\/prix-bic_19.jpg\" alt=\"prix-bic_19\" title=\"prix-bic_19\" \/><div class=\"descimg\"><\/div><\/li><li class=\"img_21\"><img decoding=\"async\" src=\"https:\/\/www.ensapc.fr\/wp-content\/uploads\/2017\/04\/prix-bic.jpg\" alt=\"prix-bic\" title=\"prix-bic\" \/><div class=\"descimg\"><\/div><\/li><li class=\"img_22\"><img decoding=\"async\" src=\"https:\/\/www.ensapc.fr\/wp-content\/uploads\/2017\/04\/samah-slim.jpg\" alt=\"samah-slim\" title=\"samah-slim\" \/><div class=\"descimg\"><\/div><\/li><\/ul><div id=\"descimg\"><\/div><\/div><\/div>[\/vc_column_text][\/vc_column][\/vc_row]<\/p>\n<\/div>","protected":false},"excerpt":{"rendered":"<p>[vc_row content_placement=\u00a0\u00bbmiddle\u00a0\u00bb][vc_column][vc_column_text] dossier de presse La Soci\u00e9t\u00e9 BIC inaugure le mardi 6 d\u00e9cembre \u00e0 19h son premier prix de cr\u00e9ation contemporaine\u00a0: le prix BIC\u00ae\u00a0pour l\u2019Ecole Nationale Sup\u00e9rieure d\u2019Arts de Paris-Cergy. Ce prix a pour vocation d\u2019encourager la cr\u00e9ation et de nouvelles formes artistiques en mettant en lumi\u00e8re un artiste \u00e9mergent,\u00a0\u00e9tudiant \u00e0 l\u2019ENSAPC. Le prix BIC\u00ae\u00a0propose&#8230;  <a class=\"excerpt-read-more\" href=\"https:\/\/www.ensapc.fr\/fr\/ygrec\/archives\/2016-2017\/prix-bic-pour-lensapc\/\" title=\"Read PRIX BIC\u00ae POUR L\u2019ENSAPC\">Lire la suite &raquo;<\/a><\/p>\n","protected":false},"author":1,"featured_media":0,"parent":1278,"menu_order":453,"comment_status":"closed","ping_status":"closed","template":"","meta":{"footnotes":""},"class_list":["post-1282","page","type-page","status-publish","hentry"],"_links":{"self":[{"href":"https:\/\/www.ensapc.fr\/fr\/wp-json\/wp\/v2\/pages\/1282","targetHints":{"allow":["GET"]}}],"collection":[{"href":"https:\/\/www.ensapc.fr\/fr\/wp-json\/wp\/v2\/pages"}],"about":[{"href":"https:\/\/www.ensapc.fr\/fr\/wp-json\/wp\/v2\/types\/page"}],"author":[{"embeddable":true,"href":"https:\/\/www.ensapc.fr\/fr\/wp-json\/wp\/v2\/users\/1"}],"replies":[{"embeddable":true,"href":"https:\/\/www.ensapc.fr\/fr\/wp-json\/wp\/v2\/comments?post=1282"}],"version-history":[{"count":4,"href":"https:\/\/www.ensapc.fr\/fr\/wp-json\/wp\/v2\/pages\/1282\/revisions"}],"predecessor-version":[{"id":1723,"href":"https:\/\/www.ensapc.fr\/fr\/wp-json\/wp\/v2\/pages\/1282\/revisions\/1723"}],"up":[{"embeddable":true,"href":"https:\/\/www.ensapc.fr\/fr\/wp-json\/wp\/v2\/pages\/1278"}],"wp:attachment":[{"href":"https:\/\/www.ensapc.fr\/fr\/wp-json\/wp\/v2\/media?parent=1282"}],"curies":[{"name":"wp","href":"https:\/\/api.w.org\/{rel}","templated":true}]}}