{"id":12913,"date":"2024-09-24T14:40:57","date_gmt":"2024-09-24T12:40:57","guid":{"rendered":"https:\/\/www.ensapc.fr\/?page_id=12913"},"modified":"2025-05-22T10:43:42","modified_gmt":"2025-05-22T08:43:42","slug":"conaitre","status":"publish","type":"page","link":"https:\/\/www.ensapc.fr\/fr\/ygrec\/archives\/2024-2\/conaitre\/","title":{"rendered":"Co(na\u00eetre)"},"content":{"rendered":"<div class=\"wpb-content-wrapper\"><p>[vc_row][vc_column][vc_single_image image=\u00a0\u00bb12142&Prime; img_size=\u00a0\u00bblarge\u00a0\u00bb add_caption=\u00a0\u00bbyes\u00a0\u00bb alignment=\u00a0\u00bbcenter\u00a0\u00bb css=\u00a0\u00bb\u00a0\u00bb][\/vc_column][\/vc_row][vc_row css=\u00a0\u00bb.vc_custom_1676554001390{padding-top: 20px !important;padding-right: 30px !important;padding-left: 30px !important;}\u00a0\u00bb][vc_column][vc_column_text css=\u00a0\u00bb\u00a0\u00bb]<\/p>\n<div class=\"vc_row wpb_row vc_row-fluid\">\n<div class=\"wpb_column vc_column_container vc_col-sm-12\">\n<div class=\"vc_column-inner\">\n<div class=\"wpb_wrapper\">\n<div class=\"wpb_text_column wpb_content_element vc_custom_1716907668038\">\n<div class=\"wpb_wrapper\">\n<p>Image : Jonathan Potana,\u00a0<em>Mouvement Primaire<\/em>, objets divers (horloge, thermome\u0300tre, eau be\u0301nite, radio, boussole, orange etc.) sur sac a\u0300 dos, 2023.<\/p>\n<p>&nbsp;<\/p>\n<\/div>\n<\/div>\n<\/div>\n<\/div>\n<\/div>\n<\/div>\n<div class=\"vc_row wpb_row vc_row-fluid\">\n<div class=\"wpb_column vc_column_container vc_col-sm-12\">\n<div class=\"vc_column-inner\">\n<div class=\"wpb_wrapper\">\n<div class=\"wpb_text_column wpb_content_element vc_custom_1716907821698\">\n<div class=\"wpb_wrapper\">\n<p dir=\"ltr\"><em>Co(na\u00eetre)<\/em>\u00a0est la premi\u00e8re exposition personnelle de l\u2019artiste r\u00e9unionnais Jonathan Potana. Il pr\u00e9sente un ensemble\u00a0de sculptures, d\u2019installations et de performances qui se d\u00e9ploient sur deux sites \u00e0 Aubervilliers\u00a0: au Centre d\u2019art Ygrec-ENSAPC et \u00e0 POUSH (dans le cadre de l\u2019exposition collective\u00a0<em>Nord-Est, cartographie des r\u00e9sonances<\/em>). Pour cette double exposition l\u2019artiste a souhait\u00e9 \u00e9tablir un dialogue avec la ville d\u2019Aubervilliers, travailler avec ses mat\u00e9riaux, ses objets, ses d\u00e9chets. Il trace ainsi des liens symboliques et r\u00e9els entre l\u2019\u00eele de La R\u00e9union et Aubervilliers tout en soulignant un pass\u00e9 colonial et la pr\u00e9sence d\u2019une migration continue qui constitue cette identit\u00e9 plurielle. Mais la constellation des relations d\u00e9ploy\u00e9es dans cette exposition ne s\u2019arr\u00eate pas \u00e0 la surface de notre plan\u00e8te, elle s\u2019\u00e9tend bien au-del\u00e0 de l\u2019atmosph\u00e8re terrestre pour nous amener vers ce que l\u2019artiste nomme des \u00ab\u00a0consid\u00e9rations cosmiques, primaires d\u00e9nu\u00e9es de bords et de limites\u00a0\u00bb.<\/p>\n<p>L\u2019exposition est accompagn\u00e9e d\u2019un texte de la curatrice et historienne de l\u2019art simona dvor\u00e1k.<\/p>\n<p><a href=\"https:\/\/www.ensapc.fr\/fr\/jonathan-potana-conaitre-par-simona-dvorak\/\" target=\"_blank\" rel=\"noopener\"><strong>[Lire le texte]<\/strong><\/a><\/p>\n<p dir=\"ltr\">En parall\u00e8le, Jonathan Potana d\u00e9veloppera le 1er juin de 19h \u00e0 minuit une \u00ab installation vivante \u00bb au Parc L\u00e9on Salagnac \u00e0 Malakoff, suite \u00e0 l\u2019invitation du Centre d\u2019art contemporain de Malakoff pour la Nuit Blanche 2024.<\/p>\n<p>Jonathan Potana est n\u00e9 en 2000 \u00e0 Saint-Paul, La R\u00e9union. Il vit et travaille \u00e0 Paris et \u00e0 La R\u00e9union.<\/p>\n<p>Dipl\u00f4m\u00e9 en 2023 de l\u2019\u00c9cole sup\u00e9rieure d\u2019art de la R\u00e9union, il est nomm\u00e9 laur\u00e9at la m\u00eame ann\u00e9e du programme ONDES \u00e0 la Cit\u00e9 internationale des arts, Paris. Finaliste du prix Jean-Claude Reynal, il recevra le prix Art \u00e9co-conception 2024 organis\u00e9 par Art of Change 21.<\/p>\n<p>Parmi ses expositions figurent\u00a0:\u00a0<em>Echos du temps, refuges du temps<\/em>, commissariat F\u00e9lix Duclassan, Espace culturel Sudel Fuma, Saint Paul, RE (2024)\u00a0;\u00a0<em>\u00c9co luttes<\/em>, commissariat Aude Cartier, Centre d\u2019art contemporain de Malakoff, FR (2024)\u00a0;\u00a0<em>La M\u00e9moires des Hauts Fonds<\/em>, commissariat Natasa Petresin-Bachelez et Mathieu Kleyebec Abonnec, Cit\u00e9 internationale des arts, Paris, FR (2024)\u00a0;\u00a0<em>Corpuscules<\/em>, commissariat de Stephanie Meylon-Reinette, Galerie Emergenc\u2019art, Petit-Bourg, GP (2024)\u00a0;\u00a0<em>Quand je suis, quand tu suis<\/em>, commissariat Jean Marc LaCaze, la Friche Centre d\u2019arts visuels, Le Port, RE (2023)\u00a0;\u00a0<em>Acte \u00e9ditoriale Live<\/em>, commissariat Pascale Obolo au centre d\u2019art et de recherche, La Box, Le Tampon, RE (2023)\u00a0;\u00a0<em>O\u00f9 suis-je\u00a0? (Hommage \u00e0 Bruno Latour)<\/em>, commissariat \u00c9lisa Courtois, Galerie Hang\u2019art, Saint Pierre, RE (2023)\u00a0;\u00a0<em>3Pes<\/em>, commissariat de Juan Canales Hidalgo, Centro Joanot Martorell de Marxalenes, Valence, ES (2022).<\/p>\n<p>Soutenu par la maison d\u2019\u00e9dition Ter\u2019la, il publie deux \u00e9ditions monographiques entre 2021 et 2023\u00a0(Mouvement Primaire et Mouvman Prim\u00e8r). Il a \u00e9galement particip\u00e9 et publi\u00e9 dans\u00a0<em>Dokreis<\/em>\u00a0(GP, 2024),\u00a0<em>Mozaik Ocean Indien<\/em>\u00a0(RE),\u00a0<em>Afrikadaa\u00a0<\/em>(FR), la revue de recherche de l\u2019ESAR\u00a0\u00ab\u00a0Magma\u00a0\u00bb (RE) et le\u00a0<em>Bombas Gens Centre d\u2019Art<\/em>\u00a0(ES).<\/p>\n<\/div>\n<\/div>\n<\/div>\n<\/div>\n<\/div>\n<\/div>\n<p>[\/vc_column_text][vc_column_text css=\u00a0\u00bb\u00a0\u00bb]<div class=\"carousel-slider-outer carousel-slider-outer-image-carousel carousel-slider-outer-13542\" style=\"--carousel-slider-nav-color:#f1f1f1;--carousel-slider-active-nav-color:#00d1b2;--carousel-slider-arrow-size:48px;--carousel-slider-bullet-size:10px\">\n<div id=\"&#039;id-13542\" class=\"carousel-slider carousel-slider-13542 arrows-visibility-hover dots-visibility-never arrows-outside dots-center dots-circle owl-carousel\" data-slide-type=\"image-carousel\" data-owl-settings='{\"nav\":true,\"dots\":false,\"slideBy\":1,\"stagePadding\":50,\"margin\":10,\"loop\":true,\"lazyLoad\":false,\"autoplay\":true,\"autoplayTimeout\":5000,\"autoplaySpeed\":500,\"autoplayHoverPause\":true,\"autoWidth\":false,\"responsive\":{\"300\":{\"items\":1},\"576\":{\"items\":1},\"768\":{\"items\":1},\"1024\":{\"items\":1},\"1280\":{\"items\":1},\"1536\":{\"items\":1}}}'>\n<div class=\"carousel-slider__item\">\n\t<img decoding=\"async\" width=\"1900\" height=\"1425\" src=\"https:\/\/www.ensapc.fr\/wp-content\/uploads\/2025\/05\/DSCF3551-1-e1773154316139.jpg\" class=\"attachment-full size-full\" alt=\"\" \/><div class=\"carousel-slider__caption\"><p class=\"caption\">Photos \u00a9 Objets Pointus<\/p><\/div><\/a><\/div>\n\n<div class=\"carousel-slider__item\">\n\t<img decoding=\"async\" width=\"1566\" height=\"2048\" src=\"https:\/\/www.ensapc.fr\/wp-content\/uploads\/2025\/05\/DSCF3555-1.jpg\" class=\"attachment-full size-full\" alt=\"\" srcset=\"https:\/\/www.ensapc.fr\/wp-content\/uploads\/2025\/05\/DSCF3555-1.jpg 1566w, https:\/\/www.ensapc.fr\/wp-content\/uploads\/2025\/05\/DSCF3555-1-229x300.jpg 229w, https:\/\/www.ensapc.fr\/wp-content\/uploads\/2025\/05\/DSCF3555-1-783x1024.jpg 783w, https:\/\/www.ensapc.fr\/wp-content\/uploads\/2025\/05\/DSCF3555-1-768x1004.jpg 768w, https:\/\/www.ensapc.fr\/wp-content\/uploads\/2025\/05\/DSCF3555-1-1175x1536.jpg 1175w\" sizes=\"(max-width: 1566px) 100vw, 1566px\" \/><div class=\"carousel-slider__caption\"><p class=\"caption\">Photos \u00a9 Objets Pointus<\/p><\/div><\/a><\/div>\n\n<div class=\"carousel-slider__item\">\n\t<img decoding=\"async\" width=\"1536\" height=\"2048\" src=\"https:\/\/www.ensapc.fr\/wp-content\/uploads\/2025\/05\/DSCF3556.jpg\" class=\"attachment-full size-full\" alt=\"\" srcset=\"https:\/\/www.ensapc.fr\/wp-content\/uploads\/2025\/05\/DSCF3556.jpg 1536w, https:\/\/www.ensapc.fr\/wp-content\/uploads\/2025\/05\/DSCF3556-225x300.jpg 225w, https:\/\/www.ensapc.fr\/wp-content\/uploads\/2025\/05\/DSCF3556-768x1024.jpg 768w, https:\/\/www.ensapc.fr\/wp-content\/uploads\/2025\/05\/DSCF3556-1152x1536.jpg 1152w\" sizes=\"(max-width: 1536px) 100vw, 1536px\" \/><div class=\"carousel-slider__caption\"><p class=\"caption\">Photos \u00a9 Objets Pointus<\/p><\/div><\/a><\/div>\n\n<div class=\"carousel-slider__item\">\n\t<img decoding=\"async\" width=\"2048\" height=\"1536\" src=\"https:\/\/www.ensapc.fr\/wp-content\/uploads\/2025\/05\/DSCF3559.jpg\" class=\"attachment-full size-full\" alt=\"\" srcset=\"https:\/\/www.ensapc.fr\/wp-content\/uploads\/2025\/05\/DSCF3559.jpg 2048w, https:\/\/www.ensapc.fr\/wp-content\/uploads\/2025\/05\/DSCF3559-300x225.jpg 300w, https:\/\/www.ensapc.fr\/wp-content\/uploads\/2025\/05\/DSCF3559-1024x768.jpg 1024w, https:\/\/www.ensapc.fr\/wp-content\/uploads\/2025\/05\/DSCF3559-768x576.jpg 768w, https:\/\/www.ensapc.fr\/wp-content\/uploads\/2025\/05\/DSCF3559-1536x1152.jpg 1536w\" sizes=\"(max-width: 2048px) 100vw, 2048px\" \/><div class=\"carousel-slider__caption\"><p class=\"caption\">Photos \u00a9 Objets Pointus<\/p><\/div><\/a><\/div>\n\n<div class=\"carousel-slider__item\">\n\t<img decoding=\"async\" width=\"1536\" height=\"2048\" src=\"https:\/\/www.ensapc.fr\/wp-content\/uploads\/2025\/05\/DSCF3561.jpg\" class=\"attachment-full size-full\" alt=\"\" srcset=\"https:\/\/www.ensapc.fr\/wp-content\/uploads\/2025\/05\/DSCF3561.jpg 1536w, https:\/\/www.ensapc.fr\/wp-content\/uploads\/2025\/05\/DSCF3561-225x300.jpg 225w, https:\/\/www.ensapc.fr\/wp-content\/uploads\/2025\/05\/DSCF3561-768x1024.jpg 768w, https:\/\/www.ensapc.fr\/wp-content\/uploads\/2025\/05\/DSCF3561-1152x1536.jpg 1152w\" sizes=\"(max-width: 1536px) 100vw, 1536px\" \/><div class=\"carousel-slider__caption\"><p class=\"caption\">Photos \u00a9 Objets Pointus<\/p><\/div><\/a><\/div>\n\n<div class=\"carousel-slider__item\">\n\t<img decoding=\"async\" width=\"1536\" height=\"2048\" src=\"https:\/\/www.ensapc.fr\/wp-content\/uploads\/2025\/05\/DSCF3563.jpg\" class=\"attachment-full size-full\" alt=\"\" srcset=\"https:\/\/www.ensapc.fr\/wp-content\/uploads\/2025\/05\/DSCF3563.jpg 1536w, https:\/\/www.ensapc.fr\/wp-content\/uploads\/2025\/05\/DSCF3563-225x300.jpg 225w, https:\/\/www.ensapc.fr\/wp-content\/uploads\/2025\/05\/DSCF3563-768x1024.jpg 768w, https:\/\/www.ensapc.fr\/wp-content\/uploads\/2025\/05\/DSCF3563-1152x1536.jpg 1152w\" sizes=\"(max-width: 1536px) 100vw, 1536px\" \/><div class=\"carousel-slider__caption\"><p class=\"caption\">Photos \u00a9 Objets Pointus<\/p><\/div><\/a><\/div>\n\n<div class=\"carousel-slider__item\">\n\t<img decoding=\"async\" width=\"1536\" height=\"2048\" src=\"https:\/\/www.ensapc.fr\/wp-content\/uploads\/2025\/05\/DSCF3567.jpg\" class=\"attachment-full size-full\" alt=\"\" srcset=\"https:\/\/www.ensapc.fr\/wp-content\/uploads\/2025\/05\/DSCF3567.jpg 1536w, https:\/\/www.ensapc.fr\/wp-content\/uploads\/2025\/05\/DSCF3567-225x300.jpg 225w, https:\/\/www.ensapc.fr\/wp-content\/uploads\/2025\/05\/DSCF3567-768x1024.jpg 768w, https:\/\/www.ensapc.fr\/wp-content\/uploads\/2025\/05\/DSCF3567-1152x1536.jpg 1152w\" sizes=\"(max-width: 1536px) 100vw, 1536px\" \/><div class=\"carousel-slider__caption\"><p class=\"caption\">Photos \u00a9 Objets Pointus<\/p><\/div><\/a><\/div>\n\n<div class=\"carousel-slider__item\">\n\t<img decoding=\"async\" width=\"1920\" height=\"1440\" src=\"https:\/\/www.ensapc.fr\/wp-content\/uploads\/2025\/05\/DSCF3578-e1773156118601.jpg\" class=\"attachment-full size-full\" alt=\"\" \/><div class=\"carousel-slider__caption\"><p class=\"caption\">Photos \u00a9 Objets Pointus<\/p><\/div><\/a><\/div>\n\n<div class=\"carousel-slider__item\">\n\t<img decoding=\"async\" width=\"2048\" height=\"1536\" src=\"https:\/\/www.ensapc.fr\/wp-content\/uploads\/2025\/05\/DSCF3587.jpg\" class=\"attachment-full size-full\" alt=\"\" srcset=\"https:\/\/www.ensapc.fr\/wp-content\/uploads\/2025\/05\/DSCF3587.jpg 2048w, https:\/\/www.ensapc.fr\/wp-content\/uploads\/2025\/05\/DSCF3587-300x225.jpg 300w, https:\/\/www.ensapc.fr\/wp-content\/uploads\/2025\/05\/DSCF3587-1024x768.jpg 1024w, https:\/\/www.ensapc.fr\/wp-content\/uploads\/2025\/05\/DSCF3587-768x576.jpg 768w, https:\/\/www.ensapc.fr\/wp-content\/uploads\/2025\/05\/DSCF3587-1536x1152.jpg 1536w\" sizes=\"(max-width: 2048px) 100vw, 2048px\" \/><div class=\"carousel-slider__caption\"><p class=\"caption\">Photos \u00a9 Objets Pointus<\/p><\/div><\/a><\/div>\n\n<div class=\"carousel-slider__item\">\n\t<img decoding=\"async\" width=\"1536\" height=\"2048\" src=\"https:\/\/www.ensapc.fr\/wp-content\/uploads\/2025\/05\/DSCF3592.jpg\" class=\"attachment-full size-full\" alt=\"\" srcset=\"https:\/\/www.ensapc.fr\/wp-content\/uploads\/2025\/05\/DSCF3592.jpg 1536w, https:\/\/www.ensapc.fr\/wp-content\/uploads\/2025\/05\/DSCF3592-225x300.jpg 225w, https:\/\/www.ensapc.fr\/wp-content\/uploads\/2025\/05\/DSCF3592-768x1024.jpg 768w, https:\/\/www.ensapc.fr\/wp-content\/uploads\/2025\/05\/DSCF3592-1152x1536.jpg 1152w\" sizes=\"(max-width: 1536px) 100vw, 1536px\" \/><div class=\"carousel-slider__caption\"><p class=\"caption\">Photos \u00a9 Objets Pointus<\/p><\/div><\/a><\/div>\n\n<div class=\"carousel-slider__item\">\n\t<img decoding=\"async\" width=\"1536\" height=\"2048\" src=\"https:\/\/www.ensapc.fr\/wp-content\/uploads\/2025\/05\/DSCF3596.jpg\" class=\"attachment-full size-full\" alt=\"\" srcset=\"https:\/\/www.ensapc.fr\/wp-content\/uploads\/2025\/05\/DSCF3596.jpg 1536w, https:\/\/www.ensapc.fr\/wp-content\/uploads\/2025\/05\/DSCF3596-225x300.jpg 225w, https:\/\/www.ensapc.fr\/wp-content\/uploads\/2025\/05\/DSCF3596-768x1024.jpg 768w, https:\/\/www.ensapc.fr\/wp-content\/uploads\/2025\/05\/DSCF3596-1152x1536.jpg 1152w\" sizes=\"(max-width: 1536px) 100vw, 1536px\" \/><div class=\"carousel-slider__caption\"><p class=\"caption\">Photos \u00a9 Objets Pointus<\/p><\/div><\/a><\/div>\n\n<div class=\"carousel-slider__item\">\n\t<img decoding=\"async\" width=\"1536\" height=\"2048\" src=\"https:\/\/www.ensapc.fr\/wp-content\/uploads\/2025\/05\/DSCF3608.jpg\" class=\"attachment-full size-full\" alt=\"\" srcset=\"https:\/\/www.ensapc.fr\/wp-content\/uploads\/2025\/05\/DSCF3608.jpg 1536w, https:\/\/www.ensapc.fr\/wp-content\/uploads\/2025\/05\/DSCF3608-225x300.jpg 225w, https:\/\/www.ensapc.fr\/wp-content\/uploads\/2025\/05\/DSCF3608-768x1024.jpg 768w, https:\/\/www.ensapc.fr\/wp-content\/uploads\/2025\/05\/DSCF3608-1152x1536.jpg 1152w\" sizes=\"(max-width: 1536px) 100vw, 1536px\" \/><div class=\"carousel-slider__caption\"><p class=\"caption\">Photos \u00a9 Objets Pointus<\/p><\/div><\/a><\/div>\n\n<div class=\"carousel-slider__item\">\n\t<img decoding=\"async\" width=\"1536\" height=\"2048\" src=\"https:\/\/www.ensapc.fr\/wp-content\/uploads\/2025\/05\/DSCF3615.jpg\" class=\"attachment-full size-full\" alt=\"\" srcset=\"https:\/\/www.ensapc.fr\/wp-content\/uploads\/2025\/05\/DSCF3615.jpg 1536w, https:\/\/www.ensapc.fr\/wp-content\/uploads\/2025\/05\/DSCF3615-225x300.jpg 225w, https:\/\/www.ensapc.fr\/wp-content\/uploads\/2025\/05\/DSCF3615-768x1024.jpg 768w, https:\/\/www.ensapc.fr\/wp-content\/uploads\/2025\/05\/DSCF3615-1152x1536.jpg 1152w\" sizes=\"(max-width: 1536px) 100vw, 1536px\" \/><div class=\"carousel-slider__caption\"><p class=\"caption\">Photos \u00a9 Objets Pointus<\/p><\/div><\/a><\/div>\n\n<div class=\"carousel-slider__item\">\n\t<img decoding=\"async\" width=\"1200\" height=\"1600\" src=\"https:\/\/www.ensapc.fr\/wp-content\/uploads\/2025\/05\/DSCF3636-e1773156103410.jpg\" class=\"attachment-full size-full\" alt=\"\" \/><div class=\"carousel-slider__caption\"><p class=\"caption\">Photos \u00a9 Objets Pointus<\/p><\/div><\/a><\/div>\n\n<div class=\"carousel-slider__item\">\n\t<img decoding=\"async\" width=\"2048\" height=\"1536\" src=\"https:\/\/www.ensapc.fr\/wp-content\/uploads\/2025\/05\/DSCF3661.jpg\" class=\"attachment-full size-full\" alt=\"\" srcset=\"https:\/\/www.ensapc.fr\/wp-content\/uploads\/2025\/05\/DSCF3661.jpg 2048w, https:\/\/www.ensapc.fr\/wp-content\/uploads\/2025\/05\/DSCF3661-300x225.jpg 300w, https:\/\/www.ensapc.fr\/wp-content\/uploads\/2025\/05\/DSCF3661-1024x768.jpg 1024w, https:\/\/www.ensapc.fr\/wp-content\/uploads\/2025\/05\/DSCF3661-768x576.jpg 768w, https:\/\/www.ensapc.fr\/wp-content\/uploads\/2025\/05\/DSCF3661-1536x1152.jpg 1536w\" sizes=\"(max-width: 2048px) 100vw, 2048px\" \/><div class=\"carousel-slider__caption\"><p class=\"caption\">Photos \u00a9 Objets Pointus<\/p><\/div><\/a><\/div>\n\n<\/div><!-- .carousel-slider-13542 -->\n<\/div><!-- .carousel-slider-outer-13542 -->\n[\/vc_column_text][\/vc_column][\/vc_row][vc_row][vc_column][vc_empty_space][\/vc_column][\/vc_row]<\/p>\n<\/div>","protected":false},"excerpt":{"rendered":"<p>[vc_row][vc_column][vc_single_image image=\u00a0\u00bb12142&Prime; img_size=\u00a0\u00bblarge\u00a0\u00bb add_caption=\u00a0\u00bbyes\u00a0\u00bb alignment=\u00a0\u00bbcenter\u00a0\u00bb css=\u00a0\u00bb\u00a0\u00bb][\/vc_column][\/vc_row][vc_row css=\u00a0\u00bb.vc_custom_1676554001390{padding-top: 20px !important;padding-right: 30px !important;padding-left: 30px !important;}\u00a0\u00bb][vc_column][vc_column_text css=\u00a0\u00bb\u00a0\u00bb] Image : Jonathan Potana,\u00a0Mouvement Primaire, objets divers (horloge, thermome\u0300tre, eau be\u0301nite, radio, boussole, orange etc.) sur sac a\u0300 dos, 2023. &nbsp; Co(na\u00eetre)\u00a0est la premi\u00e8re exposition personnelle de l\u2019artiste r\u00e9unionnais Jonathan Potana. Il pr\u00e9sente un ensemble\u00a0de sculptures, d\u2019installations et de performances qui&#8230;  <a class=\"excerpt-read-more\" href=\"https:\/\/www.ensapc.fr\/fr\/ygrec\/archives\/2024-2\/conaitre\/\" title=\"Read Co(na\u00eetre)\">Lire la suite &raquo;<\/a><\/p>\n","protected":false},"author":1,"featured_media":0,"parent":11856,"menu_order":30,"comment_status":"closed","ping_status":"closed","template":"","meta":{"footnotes":""},"class_list":["post-12913","page","type-page","status-publish","hentry"],"_links":{"self":[{"href":"https:\/\/www.ensapc.fr\/fr\/wp-json\/wp\/v2\/pages\/12913","targetHints":{"allow":["GET"]}}],"collection":[{"href":"https:\/\/www.ensapc.fr\/fr\/wp-json\/wp\/v2\/pages"}],"about":[{"href":"https:\/\/www.ensapc.fr\/fr\/wp-json\/wp\/v2\/types\/page"}],"author":[{"embeddable":true,"href":"https:\/\/www.ensapc.fr\/fr\/wp-json\/wp\/v2\/users\/1"}],"replies":[{"embeddable":true,"href":"https:\/\/www.ensapc.fr\/fr\/wp-json\/wp\/v2\/comments?post=12913"}],"version-history":[{"count":4,"href":"https:\/\/www.ensapc.fr\/fr\/wp-json\/wp\/v2\/pages\/12913\/revisions"}],"predecessor-version":[{"id":13577,"href":"https:\/\/www.ensapc.fr\/fr\/wp-json\/wp\/v2\/pages\/12913\/revisions\/13577"}],"up":[{"embeddable":true,"href":"https:\/\/www.ensapc.fr\/fr\/wp-json\/wp\/v2\/pages\/11856"}],"wp:attachment":[{"href":"https:\/\/www.ensapc.fr\/fr\/wp-json\/wp\/v2\/media?parent=12913"}],"curies":[{"name":"wp","href":"https:\/\/api.w.org\/{rel}","templated":true}]}}