{"id":13426,"date":"2025-03-05T09:12:20","date_gmt":"2025-03-05T08:12:20","guid":{"rendered":"https:\/\/www.ensapc.fr\/?page_id=13426"},"modified":"2026-03-19T14:51:13","modified_gmt":"2026-03-19T13:51:13","slug":"candidatures-2026","status":"publish","type":"page","link":"https:\/\/www.ensapc.fr\/fr\/recherche\/candidatures-2026\/","title":{"rendered":"CANDIDATURES 2026"},"content":{"rendered":"<div class=\"wpb-content-wrapper\"><p>[vc_row][vc_column][vc_column_text css=\u00a0\u00bb\u00a0\u00bb]Le doctorat est un dipl\u00f4me de troisi\u00e8me cycle qui se pr\u00e9pare au sein d\u2019une \u00e9cole doctorale \u2013 la\u00a0<a href=\"https:\/\/www.u-cergy.fr\/fr\/recherche-et-valorisation\/ied\/equipe-de-l-eur.html\" target=\"_blank\" rel=\"noopener noreferrer\">CY Cergy Paris Universit\u00e9 Graduate School Humanit\u00e9s, Cr\u00e9ation et Patrimoine<\/a>\u00a0\u2013 apr\u00e8s obtention d\u2019un dipl\u00f4me conf\u00e9rant le grade de master ou d\u2019un niveau \u00e9quivalent. Cette formation permet d\u2019obtenir, apr\u00e8s soutenance d\u2019une th\u00e8se, le grade de docteur\u00b7e.<\/p>\n<h3>Appel \u00e0 candidatures 2026<\/h3>\n<p>L\u2019appel \u00e0 candidature s\u2019adresse \u00e0 des artistes, cr\u00e9ateur\u00b7rice\u00b7s et auteur\u00b7e\u00b7s, actif\u00b7ve\u00b7s dans le champ de l\u2019art et titulaires d\u2019un Master 2 ou \u00e9quivalent. L\u2019ensemble des informations est pr\u00e9sent\u00e9 dans le r\u00e8glement du doctorat disponible en pi\u00e8ce jointe ci-dessous.<\/p>\n<p>Le dossier de candidature pdf complet est \u00e0 envoyer en un seul fichier compil\u00e9, <strong>du 02 mars 2026 \u00e0 14h au 13 avril 2026 \u00e0 14h,<\/strong> \u00e0 l\u2019adresse courriel suivante :\u00a0<a href=\"mailto:candidature-aac-eur@cyu.fr\">candidature-aac-eur@cyu.fr<\/a><\/p>\n<p>Les th\u00e8ses par le projet de la mention Art sont encadr\u00e9es par :<\/p>\n<p>1) Un\u00b7e enseignant\u00b7e-chercheur\u00b7e HDR rattach\u00e9\u00b7e \u00e0 l\u2019\u00e9cole doctorale n\u00b0628 Arts, Humanit\u00e9s, Sciences Sociales (AHSS) de CY Cergy Paris Universit\u00e9, comprenant ses quatre laboratoires :\u00a0<a href=\"https:\/\/collegedoct.cyu.fr\/ecoles-doctorales\/ecoles-doctorales\/arts-humanites-sciences-sociales\" target=\"_blank\" rel=\"noopener\" data-saferedirecturl=\"https:\/\/www.google.com\/url?q=https:\/\/collegedoct.cyu.fr\/ecoles-doctorales\/ecoles-doctorales\/arts-humanites-sciences-sociales&amp;source=gmail&amp;ust=1741186351683000&amp;usg=AOvVaw1ERfIT9VBLopyUaMrd9VP1\">https:\/\/collegedoct.cyu.fr\/<wbr \/>ecoles-doctorales\/ecoles-<wbr \/>doctorales\/arts-humanites-<wbr \/>sciences-sociales<\/a><\/p>\n<p>2) Id\u00e9alement, un\u00b7e enseignant\u00b7e de l\u2019Ecole Nationale Sup\u00e9rieure d\u2019Arts de Paris-Cergy, sous r\u00e9serve de sa disponibilit\u00e9 :\u00a0<a href=\"https:\/\/www.ensapc.fr\/fr\/ecole\/equipe\/\" target=\"_blank\" rel=\"noopener\" data-saferedirecturl=\"https:\/\/www.google.com\/url?q=https:\/\/www.ensapc.fr\/fr\/ecole\/equipe\/&amp;source=gmail&amp;ust=1741186351683000&amp;usg=AOvVaw3i6gGZjhe9g96FpdNQcpFp\">https:\/\/www.ensapc.fr\/fr\/<wbr \/>ecole\/equipe\/<\/a><\/p>\n<p>D\u2019autres\u00a0encadrant\u00b7es\u00a0peuvent \u00e9ventuellement \u00eatre\u00a0associ\u00e9\u00b7es \u00e0 la co-direction de la th\u00e8se. Il revient dans ce cas \u00e0 la\/au candidat\u00b7e de les identifier.<\/p>\n<p>A noter que, bien qu\u2019appr\u00e9ci\u00e9, il n\u2019est pas n\u00e9cessaire \u00e0 ce stade du processus de candidature d\u2019avoir obtenu l\u2019accord des\u00a0encadrant\u00b7es\u00a0de la th\u00e8se.<\/p>\n<p>&nbsp;<\/p>\n<p><strong>Pour toute information compl\u00e9mentaire sur le doctorat par le projet \u00e0 l\u2019ENSAPC, contacter :<\/strong><\/p>\n<p>EUG\u00c9NIE P\u00c9RON-DOUT\u00c9<br \/>\nResponsable des \u00e9tudes et de la recherche<br \/>\n<a href=\"mailto:eugenie.peron-doute@ensapc.fr\" target=\"_blank\" rel=\"noopener\">eugenie.peron-doute@ensapc.fr<\/a><br \/>\n<a href=\"tel:+330130308669\">+33 01 30 30 86 69<\/a>[\/vc_column_text][\/vc_column][\/vc_row][vc_row][vc_column width=\u00a0\u00bb1\/2&Prime;][vc_single_image image=\u00a0\u00bb441&Prime; img_size=\u00a0\u00bbMedium\u00a0\u00bb alignment=\u00a0\u00bbcenter\u00a0\u00bb onclick=\u00a0\u00bbcustom_link\u00a0\u00bb css=\u00a0\u00bb\u00a0\u00bb link=\u00a0\u00bbhttps:\/\/www.ensapc.fr\/wp-content\/uploads\/2026\/03\/AAC2026_EUR_PSGS_HCH_dossier_candidat_FR.pdf\u00a0\u00bb][vc_column_text css=\u00a0\u00bb\u00a0\u00bb]<\/p>\n<p style=\"text-align: center;\">Demande d\u2019inscription en doctorat par le projet 2026<\/p>\n<p>[\/vc_column_text][\/vc_column][vc_column width=\u00a0\u00bb1\/2&Prime;][vc_single_image image=\u00a0\u00bb441&Prime; img_size=\u00a0\u00bbMedium\u00a0\u00bb alignment=\u00a0\u00bbcenter\u00a0\u00bb onclick=\u00a0\u00bbcustom_link\u00a0\u00bb css=\u00a0\u00bb\u00a0\u00bb link=\u00a0\u00bbhttps:\/\/www.ensapc.fr\/wp-content\/uploads\/2026\/03\/AAC2026_EUR_PSGS_HCH_Reglement_FR.pdf\u00a0\u00bb][vc_column_text css=\u00a0\u00bb\u00a0\u00bb]<\/p>\n<p style=\"text-align: center;\">R\u00e8glement de l\u2019appel \u00e0 candidature 2026 en doctorat par le projet<\/p>\n<p>[\/vc_column_text][\/vc_column][\/vc_row][vc_row][vc_column width=\u00a0\u00bb1\/2&Prime;][\/vc_column][\/vc_row][vc_row][vc_column][vc_column_text css=\u00a0\u00bb\u00a0\u00bb]Contact au sein de CY Universit\u00e9 : <a href=\"mailto:doctoratparprojet@cyu.fr\" target=\"_blank\" rel=\"noopener\">doctoratparprojet@cyu.fr<\/a>[\/vc_column_text][\/vc_column][\/vc_row][vc_row][vc_column][vc_empty_space height=\u00a0\u00bb62px\u00a0\u00bb][\/vc_column][\/vc_row][vc_row][vc_column][vc_single_image image=\u00a0\u00bb13415&Prime; img_size=\u00a0\u00bbMedium\u00a0\u00bb alignment=\u00a0\u00bbcenter\u00a0\u00bb css=\u00a0\u00bb\u00a0\u00bb][\/vc_column][\/vc_row][vc_row][vc_column][vc_empty_space height=\u00a0\u00bb52px\u00a0\u00bb][\/vc_column][\/vc_row]<\/p>\n<\/div>","protected":false},"excerpt":{"rendered":"<p>[vc_row][vc_column][vc_column_text css=\u00a0\u00bb\u00a0\u00bb]Le doctorat est un dipl\u00f4me de troisi\u00e8me cycle qui se pr\u00e9pare au sein d\u2019une \u00e9cole doctorale \u2013 la\u00a0CY Cergy Paris Universit\u00e9 Graduate School Humanit\u00e9s, Cr\u00e9ation et Patrimoine\u00a0\u2013 apr\u00e8s obtention d\u2019un dipl\u00f4me conf\u00e9rant le grade de master ou d\u2019un niveau \u00e9quivalent. Cette formation permet d\u2019obtenir, apr\u00e8s soutenance d\u2019une th\u00e8se, le grade de docteur\u00b7e. Appel \u00e0&#8230;  <a class=\"excerpt-read-more\" href=\"https:\/\/www.ensapc.fr\/fr\/recherche\/candidatures-2026\/\" title=\"Read CANDIDATURES 2026\">Lire la suite &raquo;<\/a><\/p>\n","protected":false},"author":1,"featured_media":0,"parent":12,"menu_order":21,"comment_status":"closed","ping_status":"closed","template":"","meta":{"footnotes":""},"class_list":["post-13426","page","type-page","status-publish","hentry"],"_links":{"self":[{"href":"https:\/\/www.ensapc.fr\/fr\/wp-json\/wp\/v2\/pages\/13426","targetHints":{"allow":["GET"]}}],"collection":[{"href":"https:\/\/www.ensapc.fr\/fr\/wp-json\/wp\/v2\/pages"}],"about":[{"href":"https:\/\/www.ensapc.fr\/fr\/wp-json\/wp\/v2\/types\/page"}],"author":[{"embeddable":true,"href":"https:\/\/www.ensapc.fr\/fr\/wp-json\/wp\/v2\/users\/1"}],"replies":[{"embeddable":true,"href":"https:\/\/www.ensapc.fr\/fr\/wp-json\/wp\/v2\/comments?post=13426"}],"version-history":[{"count":8,"href":"https:\/\/www.ensapc.fr\/fr\/wp-json\/wp\/v2\/pages\/13426\/revisions"}],"predecessor-version":[{"id":14767,"href":"https:\/\/www.ensapc.fr\/fr\/wp-json\/wp\/v2\/pages\/13426\/revisions\/14767"}],"up":[{"embeddable":true,"href":"https:\/\/www.ensapc.fr\/fr\/wp-json\/wp\/v2\/pages\/12"}],"wp:attachment":[{"href":"https:\/\/www.ensapc.fr\/fr\/wp-json\/wp\/v2\/media?parent=13426"}],"curies":[{"name":"wp","href":"https:\/\/api.w.org\/{rel}","templated":true}]}}