{"id":14175,"date":"2025-10-01T09:52:43","date_gmt":"2025-10-01T07:52:43","guid":{"rendered":"https:\/\/www.ensapc.fr\/?page_id=14175"},"modified":"2025-10-01T09:57:19","modified_gmt":"2025-10-01T07:57:19","slug":"chuong-dai-vo","status":"publish","type":"page","link":"https:\/\/www.ensapc.fr\/fr\/chuong-dai-vo\/","title":{"rendered":"CH\u01af\u01a0NG-\u0110\u00c0I V\u00d5"},"content":{"rendered":"<div class=\"wpb-content-wrapper\"><p>[vc_row][vc_column][vc_column_text css=\u00a0\u00bb\u00a0\u00bb]Ch\u01b0\u01a1ng-\u0110\u00e0i V\u00f5 est commissaire et \u00e9crivaine bas\u00e9e \u00e0 Paris. Elle s\u2019int\u00e9resse \u00e0 la migration et \u00e0 la transformation des id\u00e9es et des pratiques, aux affinit\u00e9s \u00e0 travers les pays du Sud, et aux relations entre l\u2019histoire de l\u2019art et l\u2019art contemporain. Elle est la commissaire du Festival Afrique-Asie \u00e0 Dakar (11-14 juin 2025), une collaboration entre l\u2019Institut international d\u2019\u00e9tudes asiatiques et l\u2019Universit\u00e9 Cheikh Anta Diop. Ses essais ont \u00e9t\u00e9 publi\u00e9s par Afterall, Mus\u00e9e Albertinum, Muzeum Sztuki Nowoczesnej Warszawie, Institut national d\u2019histoire de l\u2019art (INHA), Moderna galerija et Taipei Fine Arts Museum. Elle a \u00e9t\u00e9 boursi\u00e8re postdoctorale Mellon au MIT, boursi\u00e8re Fulbright, chercheuse invit\u00e9e \u00e0 l\u2019INHA, chercheuse invit\u00e9e \u00e0 l\u2019Institut Giacometti, laur\u00e9ate de la Cit\u00e9 internationale des arts et laur\u00e9ate du Programme de r\u00e9sidences Ville de Paris aux R\u00e9collets. Avant de s\u2019installer \u00e0 Paris, elle a \u00e9t\u00e9 chercheuse \u00e0 Asia Art Archive \u00e0 Hong Kong (2016-2022), supervisant des collections modernes et contemporaines en Asie du Sud-Est.[\/vc_column_text][vc_btn title=\u00a0\u00bbContact\u00a0\u00bb css=\u00a0\u00bb\u00a0\u00bb link=\u00a0\u00bburl:http%3A%2F%2Fmailto%3Achuong-dai.vo%40ensapc.fr\u00a0\u00bb][vc_btn title=\u00a0\u00bbEn savoir plus\u00a0\u00bb css=\u00a0\u00bb\u00a0\u00bb link=\u00a0\u00bburl:https%3A%2F%2Fchuongdaivo.com%2F|target:_blank\u00a0\u00bb][\/vc_column][\/vc_row]<\/p>\n<\/div>","protected":false},"excerpt":{"rendered":"<p>[vc_row][vc_column][vc_column_text css=\u00a0\u00bb\u00a0\u00bb]Ch\u01b0\u01a1ng-\u0110\u00e0i V\u00f5 est commissaire et \u00e9crivaine bas\u00e9e \u00e0 Paris. Elle s\u2019int\u00e9resse \u00e0 la migration et \u00e0 la transformation des id\u00e9es et des pratiques, aux affinit\u00e9s \u00e0 travers les pays du Sud, et aux relations entre l\u2019histoire de l\u2019art et l\u2019art contemporain. Elle est la commissaire du Festival Afrique-Asie \u00e0 Dakar (11-14 juin 2025), une&#8230;  <a class=\"excerpt-read-more\" href=\"https:\/\/www.ensapc.fr\/fr\/chuong-dai-vo\/\" title=\"Read CH\u01af\u01a0NG-\u0110\u00c0I V\u00d5\">Lire la suite &raquo;<\/a><\/p>\n","protected":false},"author":1,"featured_media":0,"parent":0,"menu_order":93,"comment_status":"closed","ping_status":"closed","template":"","meta":{"footnotes":""},"class_list":["post-14175","page","type-page","status-publish","hentry"],"_links":{"self":[{"href":"https:\/\/www.ensapc.fr\/fr\/wp-json\/wp\/v2\/pages\/14175","targetHints":{"allow":["GET"]}}],"collection":[{"href":"https:\/\/www.ensapc.fr\/fr\/wp-json\/wp\/v2\/pages"}],"about":[{"href":"https:\/\/www.ensapc.fr\/fr\/wp-json\/wp\/v2\/types\/page"}],"author":[{"embeddable":true,"href":"https:\/\/www.ensapc.fr\/fr\/wp-json\/wp\/v2\/users\/1"}],"replies":[{"embeddable":true,"href":"https:\/\/www.ensapc.fr\/fr\/wp-json\/wp\/v2\/comments?post=14175"}],"version-history":[{"count":4,"href":"https:\/\/www.ensapc.fr\/fr\/wp-json\/wp\/v2\/pages\/14175\/revisions"}],"predecessor-version":[{"id":14181,"href":"https:\/\/www.ensapc.fr\/fr\/wp-json\/wp\/v2\/pages\/14175\/revisions\/14181"}],"wp:attachment":[{"href":"https:\/\/www.ensapc.fr\/fr\/wp-json\/wp\/v2\/media?parent=14175"}],"curies":[{"name":"wp","href":"https:\/\/api.w.org\/{rel}","templated":true}]}}