{"id":14240,"date":"2025-10-02T13:41:46","date_gmt":"2025-10-02T11:41:46","guid":{"rendered":"https:\/\/www.ensapc.fr\/?page_id=14240"},"modified":"2025-10-02T13:41:46","modified_gmt":"2025-10-02T11:41:46","slug":"marielle-chabal","status":"publish","type":"page","link":"https:\/\/www.ensapc.fr\/fr\/marielle-chabal\/","title":{"rendered":"MARIELLE CHABAL"},"content":{"rendered":"<div class=\"wpb-content-wrapper\"><p>[vc_row][vc_column][vc_column_text css=\u00a0\u00bb\u00a0\u00bb]Marielle Chabal consacre son activit\u00e9 d\u2019artiste-chercheuse \u00e0 la construction de fictions d\u2019anticipation pour questionner la\u00b7e spectateur\u00b7ice sur le monde qui l\u2019entoure. Ses \u0153uvres se d\u00e9clinent sous la forme litt\u00e9raire, performative de symposiums, de films, de vid\u00e9os, d\u2019installations. Le caract\u00e8re obsessionnel de la forme collaborative au sein de sa pratique se retrouve dans chacun de ses projets comme le d\u00e9sir de tordre la r\u00e9alit\u00e9 par le prisme d\u2019une pens\u00e9e des biens communs. Ses projets, mus par cette \u00e9nergie collective sont autant de dispositifs pour r\u00e9appr\u00e9hender les r\u00e9alit\u00e9s politiques qui nous submergent, en accord avec sa vision d\u2019une n\u00e9cessaire r\u00e9\u00e9valuation du r\u00f4le social de l\u2019art. Apr\u00e8s un parcours litt\u00e9raire : Hypokh\u00e2gne-Kh\u00e2gne, Sciences-Po, elle fait la Villa Arson \u00e0 Nice et obtient un master au Royal College of Arts \u00e0 Londres. Elle participe \u00e0 de nombreux programmes de r\u00e9sidences en Norv\u00e8ge (NKD, Sandness, Fordypningsrommet, AiR-Bergen), en Palestine (El Atlal), en Angleterre, en Inde et en France (la BOX, la Synagogue de Delme, la Cit\u00e9 Int., Fiminco) et de nombreux programme de recherche : le Post-dipl\u00f4me de Lyon, le programme de recherche de la Jan Van Eyck Acad\u00e9mie, SPEAP \u00e0 Science-Po Paris et Artec \u00e0 Paris 8. Pour son projet Al Qamar, elle a re\u00e7u le Prix Audi Talent Award. En France, ce projet a \u00e9t\u00e9 montr\u00e9 dans le cadre d\u2019expositions personnelles et de projections \u00e0 40Mcube. Rennes, au Palais de Tokyo, au Centre Pompidou et dans le cadre de la programmation de la biennale Nova XX au Centre Wallonie Bruxelles.[\/vc_column_text][vc_btn title=\u00a0\u00bbContact\u00a0\u00bb css=\u00a0\u00bb\u00a0\u00bb link=\u00a0\u00bburl:mailto%3Amarielle.chabal%40ensapc.fr\u00a0\u00bb][vc_btn title=\u00a0\u00bbEn savoir plus\u00a0\u00bb css=\u00a0\u00bb\u00a0\u00bb link=\u00a0\u00bburl:https%3A%2F%2Fcargocollective.com%2Fmariellechabal\u00a0\u00bb][vc_empty_space height=\u00a0\u00bb52px\u00a0\u00bb][\/vc_column][\/vc_row]<\/p>\n<\/div>","protected":false},"excerpt":{"rendered":"<p>[vc_row][vc_column][vc_column_text css=\u00a0\u00bb\u00a0\u00bb]Marielle Chabal consacre son activit\u00e9 d\u2019artiste-chercheuse \u00e0 la construction de fictions d\u2019anticipation pour questionner la\u00b7e spectateur\u00b7ice sur le monde qui l\u2019entoure. Ses \u0153uvres se d\u00e9clinent sous la forme litt\u00e9raire, performative de symposiums, de films, de vid\u00e9os, d\u2019installations. Le caract\u00e8re obsessionnel de la forme collaborative au sein de sa pratique se retrouve dans chacun de&#8230;  <a class=\"excerpt-read-more\" href=\"https:\/\/www.ensapc.fr\/fr\/marielle-chabal\/\" title=\"Read MARIELLE CHABAL\">Lire la suite &raquo;<\/a><\/p>\n","protected":false},"author":1,"featured_media":0,"parent":0,"menu_order":3,"comment_status":"closed","ping_status":"closed","template":"","meta":{"footnotes":""},"class_list":["post-14240","page","type-page","status-publish","hentry"],"_links":{"self":[{"href":"https:\/\/www.ensapc.fr\/fr\/wp-json\/wp\/v2\/pages\/14240","targetHints":{"allow":["GET"]}}],"collection":[{"href":"https:\/\/www.ensapc.fr\/fr\/wp-json\/wp\/v2\/pages"}],"about":[{"href":"https:\/\/www.ensapc.fr\/fr\/wp-json\/wp\/v2\/types\/page"}],"author":[{"embeddable":true,"href":"https:\/\/www.ensapc.fr\/fr\/wp-json\/wp\/v2\/users\/1"}],"replies":[{"embeddable":true,"href":"https:\/\/www.ensapc.fr\/fr\/wp-json\/wp\/v2\/comments?post=14240"}],"version-history":[{"count":1,"href":"https:\/\/www.ensapc.fr\/fr\/wp-json\/wp\/v2\/pages\/14240\/revisions"}],"predecessor-version":[{"id":14241,"href":"https:\/\/www.ensapc.fr\/fr\/wp-json\/wp\/v2\/pages\/14240\/revisions\/14241"}],"wp:attachment":[{"href":"https:\/\/www.ensapc.fr\/fr\/wp-json\/wp\/v2\/media?parent=14240"}],"curies":[{"name":"wp","href":"https:\/\/api.w.org\/{rel}","templated":true}]}}