{"id":14640,"date":"2026-02-19T09:22:33","date_gmt":"2026-02-19T08:22:33","guid":{"rendered":"https:\/\/www.ensapc.fr\/?page_id=14640"},"modified":"2026-02-19T09:24:56","modified_gmt":"2026-02-19T08:24:56","slug":"creative-europe","status":"publish","type":"page","link":"https:\/\/www.ensapc.fr\/fr\/international\/creative-europe\/","title":{"rendered":"EUROPE CREATIVE"},"content":{"rendered":"<div class=\"wpb-content-wrapper\"><p>[vc_row][vc_column][vc_column_text css=\u00a0\u00bb\u00a0\u00bb]L&rsquo;\u00c9cole nationale sup\u00e9rieure d&rsquo;arts de Paris Cergy &#8211; ENSAPC a remport\u00e9 en 2022 l\u2019appel \u00ab Coop\u00e9ration \u00bb du volet Culture du programme Europe Cr\u00e9ative qui soutient des projets favorisant la cr\u00e9ation et la circulation des \u0153uvres et des artistes en Europe aujourd\u2019hui et les approches innovantes dans les secteurs culturels et cr\u00e9atifs.<\/p>\n<p>Le projet \u00ab\u00a0Partenariats culturels \u00e0 long terme pour le dialogue entre les Balkans occidentaux et l&rsquo;Europe &#8211; Culture.EUBalkans\u00a0\u00bb a pour objectif d&rsquo;engager un dialogue artistique entre les partenaires de l&rsquo;UE et des Balkans occidentaux.<\/p>\n<p>Culture.EUBalkans est port\u00e9 par l&rsquo;Ecole nationale sup\u00e9rieure d&rsquo;arts de Paris Cergy &#8211; ENSAPC avec\u00a0:<\/p>\n<p><a href=\"https:\/\/www.artexplora.org\/residences-dartistes-tirana\">la Fondation Art Explora<\/a> (France\/ Albanie)<br \/>\n<a href=\"https:\/\/msu.mk\/home\/\">le Museum of Contemporary Art-MoCA Skopje<\/a> (Mac\u00e9doine du Nord)<br \/>\n<a href=\"https:\/\/oralhistorykosovo.org\/\">le Kosovo Oral History Initiative<\/a> (Kosovo)<\/p>\n<p>En adoptant une approche transdisciplinaire et innovante, ce programme a pour volont\u00e9 de renforcer la circulation des artistes, des pratiques artistiques et de la cr\u00e9ation transnationale \u00e0 la fois dans les Balkans occidentaux et, entre cette r\u00e9gion et la France.<\/p>\n<p>La compl\u00e9mentarit\u00e9 de ces institutions permet de d\u00e9velopper un projet autour de trois domaines d&rsquo;activit\u00e9 \u00e9troitement li\u00e9s : le renforcement des mobilit\u00e9s et les r\u00e9sidences artistiques, la recherche artistique et la diffusion, la programmation culturelle.<\/p>\n<p>Financ\u00e9 par l\u2019Union europ\u00e9enne. Les points de vue et avis exprim\u00e9s n\u2019engagent toutefois que leur(s) auteur(s) et ne refl\u00e8tent pas n\u00e9cessairement ceux de l\u2019Union europ\u00e9enne ou de l\u2019Agence ex\u00e9cutive europ\u00e9enne pour l\u2019\u00e9ducation et la culture (EACEA). Ni l\u2019Union europ\u00e9enne ni l\u2019EACEA ne sauraient en \u00eatre tenues pour responsables.[\/vc_column_text][vc_single_image image=\u00a0\u00bb14641&Prime; img_size=\u00a0\u00bbMedium\u00a0\u00bb css=\u00a0\u00bb.vc_custom_1771489445382{padding-left: 70px !important;}\u00a0\u00bb][\/vc_column][\/vc_row]<\/p>\n<\/div>","protected":false},"excerpt":{"rendered":"<p>[vc_row][vc_column][vc_column_text css=\u00a0\u00bb\u00a0\u00bb]L&rsquo;\u00c9cole nationale sup\u00e9rieure d&rsquo;arts de Paris Cergy &#8211; ENSAPC a remport\u00e9 en 2022 l\u2019appel \u00ab Coop\u00e9ration \u00bb du volet Culture du programme Europe Cr\u00e9ative qui soutient des projets favorisant la cr\u00e9ation et la circulation des \u0153uvres et des artistes en Europe aujourd\u2019hui et les approches innovantes dans les secteurs culturels et cr\u00e9atifs. Le projet&#8230;  <a class=\"excerpt-read-more\" href=\"https:\/\/www.ensapc.fr\/fr\/international\/creative-europe\/\" title=\"Read EUROPE CREATIVE\">Lire la suite &raquo;<\/a><\/p>\n","protected":false},"author":1,"featured_media":0,"parent":16,"menu_order":478,"comment_status":"closed","ping_status":"closed","template":"","meta":{"footnotes":""},"class_list":["post-14640","page","type-page","status-publish","hentry"],"_links":{"self":[{"href":"https:\/\/www.ensapc.fr\/fr\/wp-json\/wp\/v2\/pages\/14640","targetHints":{"allow":["GET"]}}],"collection":[{"href":"https:\/\/www.ensapc.fr\/fr\/wp-json\/wp\/v2\/pages"}],"about":[{"href":"https:\/\/www.ensapc.fr\/fr\/wp-json\/wp\/v2\/types\/page"}],"author":[{"embeddable":true,"href":"https:\/\/www.ensapc.fr\/fr\/wp-json\/wp\/v2\/users\/1"}],"replies":[{"embeddable":true,"href":"https:\/\/www.ensapc.fr\/fr\/wp-json\/wp\/v2\/comments?post=14640"}],"version-history":[{"count":5,"href":"https:\/\/www.ensapc.fr\/fr\/wp-json\/wp\/v2\/pages\/14640\/revisions"}],"predecessor-version":[{"id":14647,"href":"https:\/\/www.ensapc.fr\/fr\/wp-json\/wp\/v2\/pages\/14640\/revisions\/14647"}],"up":[{"embeddable":true,"href":"https:\/\/www.ensapc.fr\/fr\/wp-json\/wp\/v2\/pages\/16"}],"wp:attachment":[{"href":"https:\/\/www.ensapc.fr\/fr\/wp-json\/wp\/v2\/media?parent=14640"}],"curies":[{"name":"wp","href":"https:\/\/api.w.org\/{rel}","templated":true}]}}