{"id":14792,"date":"2026-05-05T15:26:50","date_gmt":"2026-05-05T13:26:50","guid":{"rendered":"https:\/\/www.ensapc.fr\/?page_id=14792"},"modified":"2026-05-06T17:10:00","modified_gmt":"2026-05-06T15:10:00","slug":"14792-2","status":"publish","type":"page","link":"https:\/\/www.ensapc.fr\/fr\/ygrec\/archives\/14792-2\/","title":{"rendered":"2026"},"content":{"rendered":"<div class=\"wpb-content-wrapper\"><p>[vc_row][vc_column width=\u00a0\u00bb1\/2&Prime;][vc_column_text css=\u00a0\u00bb\u00a0\u00bb]<\/p>\n<h3><strong><em>Side Quest<br \/>\n<\/em><\/strong><\/h3>\n<p>Exposition personnelle d\u2019Elouan Le Bars au Centre d\u2019art Ygrec-ENSAPC<br \/>\nCommissariat d\u2019exposition : Guillaume Breton<br \/>\nDu 6 f\u00e9vrier au 11 avril 2026<br \/>\nVernissage le vendredi 6 f\u00e9vrier 2026, 17h-21h[\/vc_column_text][vc_column_text css=\u00a0\u00bb\u00a0\u00bb]<em>Side Quest<\/em>\u00a0est une exposition d\u2019Elouan Le Bars, artiste dipl\u00f4m\u00e9 de l\u2019\u00c9cole nationale sup\u00e9rieure d\u2019arts de Paris-Cergy, pens\u00e9e sp\u00e9cifiquement pour le Centre d\u2019art Ygrec-ENSAPC. Le projet prend pour point de d\u00e9part un jeu vid\u00e9o in\u00e9dit, con\u00e7u \u00e0 partir d\u2019entretiens men\u00e9s avec des joueur\u00b7euses professionnel\u00b7les. Dans\u00a0<em>Side Quest<\/em>, l\u2019artiste associe des fragments de r\u00e9cits issus de l\u2019e-sport aux m\u00e9canismes fondamentaux du game design. Il s\u2019int\u00e9resse \u00e0 la mani\u00e8re dont les jeux organisent nos actions et nos choix, et d\u00e9tourne ces logiques pour en r\u00e9v\u00e9ler les pr\u00e9suppos\u00e9s et limites.<\/p>\n<p>Le titre de l\u2019exposition renvoie aux missions secondaires des jeux vid\u00e9o, ces d\u00e9tours optionnels qui s\u2019\u00e9cartent de la trame principale et de son objectif. R\u00e9cemment popularis\u00e9 sur TikTok, ce terme t\u00e9moigne de la mani\u00e8re dont la culture du jeu vid\u00e9o et ses codes impr\u00e8gnent d\u00e9sormais la vie quotidienne.[\/vc_column_text][vc_btn title=\u00a0\u00bbEn savoir plus\u00a0\u00bb css=\u00a0\u00bb\u00a0\u00bb link=\u00a0\u00bburl:%20https%3A%2F%2Fwww.ensapc.fr%2Ffr%2Fygrec%2Farchives%2F14792-2%2Fside-quest%2F\u00a0\u00bb][vc_single_image image=\u00a0\u00bb14462&Prime; img_size=\u00a0\u00bbmedium\u00a0\u00bb alignment=\u00a0\u00bbcenter\u00a0\u00bb css=\u00a0\u00bb\u00a0\u00bb][vc_empty_space][\/vc_column][vc_column width=\u00a0\u00bb1\/2&Prime;][\/vc_column][\/vc_row]<\/p>\n<\/div>","protected":false},"excerpt":{"rendered":"<p>[vc_row][vc_column width=\u00a0\u00bb1\/2&Prime;][vc_column_text css=\u00a0\u00bb\u00a0\u00bb] Side Quest Exposition personnelle d\u2019Elouan Le Bars au Centre d\u2019art Ygrec-ENSAPC Commissariat d\u2019exposition : Guillaume Breton Du 6 f\u00e9vrier au 11 avril 2026 Vernissage le vendredi 6 f\u00e9vrier 2026, 17h-21h[\/vc_column_text][vc_column_text css=\u00a0\u00bb\u00a0\u00bb]Side Quest\u00a0est une exposition d\u2019Elouan Le Bars, artiste dipl\u00f4m\u00e9 de l\u2019\u00c9cole nationale sup\u00e9rieure d\u2019arts de Paris-Cergy, pens\u00e9e sp\u00e9cifiquement pour le Centre d\u2019art&#8230;  <a class=\"excerpt-read-more\" href=\"https:\/\/www.ensapc.fr\/fr\/ygrec\/archives\/14792-2\/\" title=\"Read 2026\">Lire la suite &raquo;<\/a><\/p>\n","protected":false},"author":5,"featured_media":0,"parent":271,"menu_order":2,"comment_status":"closed","ping_status":"closed","template":"","meta":{"footnotes":""},"class_list":["post-14792","page","type-page","status-publish","hentry"],"_links":{"self":[{"href":"https:\/\/www.ensapc.fr\/fr\/wp-json\/wp\/v2\/pages\/14792","targetHints":{"allow":["GET"]}}],"collection":[{"href":"https:\/\/www.ensapc.fr\/fr\/wp-json\/wp\/v2\/pages"}],"about":[{"href":"https:\/\/www.ensapc.fr\/fr\/wp-json\/wp\/v2\/types\/page"}],"author":[{"embeddable":true,"href":"https:\/\/www.ensapc.fr\/fr\/wp-json\/wp\/v2\/users\/5"}],"replies":[{"embeddable":true,"href":"https:\/\/www.ensapc.fr\/fr\/wp-json\/wp\/v2\/comments?post=14792"}],"version-history":[{"count":6,"href":"https:\/\/www.ensapc.fr\/fr\/wp-json\/wp\/v2\/pages\/14792\/revisions"}],"predecessor-version":[{"id":14796,"href":"https:\/\/www.ensapc.fr\/fr\/wp-json\/wp\/v2\/pages\/14792\/revisions\/14796"}],"up":[{"embeddable":true,"href":"https:\/\/www.ensapc.fr\/fr\/wp-json\/wp\/v2\/pages\/271"}],"wp:attachment":[{"href":"https:\/\/www.ensapc.fr\/fr\/wp-json\/wp\/v2\/media?parent=14792"}],"curies":[{"name":"wp","href":"https:\/\/api.w.org\/{rel}","templated":true}]}}