{"id":14797,"date":"2026-05-05T15:39:21","date_gmt":"2026-05-05T13:39:21","guid":{"rendered":"https:\/\/www.ensapc.fr\/?page_id=14797"},"modified":"2026-05-05T16:45:31","modified_gmt":"2026-05-05T14:45:31","slug":"a-venir-2","status":"publish","type":"page","link":"https:\/\/www.ensapc.fr\/fr\/ygrec\/exposition\/a-venir-2\/","title":{"rendered":"\u00c0 VENIR"},"content":{"rendered":"<div class=\"wpb-content-wrapper\"><p>[vc_row][vc_column][vc_single_image image=\u00a0\u00bb14793&Prime; img_size=\u00a0\u00bblarge\u00a0\u00bb add_caption=\u00a0\u00bbyes\u00a0\u00bb alignment=\u00a0\u00bbcenter\u00a0\u00bb css=\u00a0\u00bb.vc_custom_1777992147072{padding-right: 50px !important;padding-left: 50px !important;}\u00a0\u00bb][vc_column_text css=\u00a0\u00bb\u00a0\u00bb]Image extraite du film <em>Terre, mer, ciel,<\/em>\u00a0re\u0301alis\u00e9 par Delphine Contet, Elias Haddad et Ceva Ipatov en collaboration avec Maison de l&rsquo;Enfance Tony Laine\u0301, 2026.<\/p>\n<h3><strong>Room for Mutation<\/strong><\/h3>\n<p>Du 7 mai au 31 mai au Centre d&rsquo;art Ygrec-ENSAPC<\/p>\n<p>Vernissage le 7 mai de 17 h \u00e0 21 h 00<\/p>\n<p>Avec Reem Alnatsheh, Nicole Caoduro, Delphine Contet, Elias Haddad, Ceva Ipatov, Araya Luna Melia Bianco, Lara Pels, Luna Pinazo et Mariam Sguiri. Sur une proposition de Ch\u01b0\u01a1ng-\u0110\u00e0i V\u00f5 en collaboration avec Guillaume Breton.<\/p>\n<p>Con\u00e7ue pour le Centre d\u2019art Ygrec \u2013 ENSAPC, Room for Mutation interroge les relations entre une \u00e9cole, son espace d\u2019exposition et son environnement imm\u00e9diat \u00e0 Aubervilliers. Inscrite dans le contexte urbain et social de la ville, l\u2019exposition s\u2019appuie sur ses dynamiques locales, qui nourrissent les projets pr\u00e9sent\u00e9s. Les \u00e9tudiant\u00b7es y d\u00e9veloppent des propositions ancr\u00e9es dans les r\u00e9alit\u00e9s du territoire \u2014 ses habitant\u00b7es, ses architectures et ses espaces publics \u2014 au terme d\u2019un processus de recherche et de cr\u00e9ation collaboratif men\u00e9 avec leurs partenaires et le centre d\u2019art. La sc\u00e9nographie privil\u00e9gie des formes \u00e9volutives, ludiques et \u00e9ph\u00e9m\u00e8res, envisag\u00e9es comme des m\u00e9taphores du mouvement, de la migration et du temps. L\u2019exposition met ainsi l\u2019accent sur le processus plut\u00f4t que sur le r\u00e9sultat, laissant place \u00e0 l\u2019impr\u00e9vu et \u00e0 l\u2019\u00e9mergence de nouvelles formes de commun et de r\u00e9ciprocit\u00e9.[\/vc_column_text][vc_empty_space height=\u00a0\u00bb60px\u00a0\u00bb][\/vc_column][\/vc_row][vc_row][vc_column][vc_single_image image=\u00a0\u00bb14800&Prime; img_size=\u00a0\u00bblarge\u00a0\u00bb alignment=\u00a0\u00bbcenter\u00a0\u00bb css=\u00a0\u00bb.vc_custom_1777989263432{padding-right: 50px !important;padding-left: 50px !important;}\u00a0\u00bb][vc_column_text css=\u00a0\u00bb\u00a0\u00bb]\u00a9 V\u00e9ronique Joumard<\/p>\n<h3><strong>Through a Glass, Darkly <\/strong><\/h3>\n<p>Le 6 juin 2026 au Centre d&rsquo;art Ygrec-ENSAPC<\/p>\n<p>De 18h \u00e0 00h<\/p>\n<p>Soir\u00e9e \u00e9v\u00e9nement dans le cadre de Nuit Blanche 2026 sur le th\u00e8me de l\u2019Amour. (Direction artistique Barbara Butch)<\/p>\n<p>Avec : Pauline Alves Da Silva, Mandana Behdad, Bergerolle Aymeric, Nicole Caoduro, Rocco Dumont, Yolanda Geslin, Jiangyue Guo, Motong Huang, Hyeongyo Kim, Anastasiia Melnyk, Andreas Mockenhaupt, Pablo Moraga, Corentin Mornet, Luzie M\u00fcnzer, C\u00e9cile Normand, Camilla Prey, Katja Rausch, Noa Robin, Marei Schleussinger, Evgenia Shepeleva, Ren\u00e9 Stiegler, Luis Strobl, Pauline Stroux, Felix Spirglas, Junjie Tu, Marie Vautrin, Jiri Willemen.<\/p>\n<p>Projet encadr\u00e9 par les enseignant\u00b7es : Andrea B\u00fctter, Thierry Boissel, Sophia Mainka, Maria Mulhe, V\u00e9ronique Joumard et Judith Perron Through a Glass, Darkly est un atelier de recherche et de cr\u00e9ation propos\u00e9 par V\u00e9ronique Joumard et Judith Perron, artistes et enseignantes \u00e0 l\u2019ENSAPC. Ce projet est n\u00e9 d\u2019un \u00e9change avec des enseignant\u00b7es de l\u2019Akademie der Bildenden K\u00fcnste M\u00fcnchen (AdBK) autour du verre comme m\u00e9dium artistique. En 2025, une dizaine d\u2019\u00e9tudiant\u00b7es de l\u2019ENSAPC se sont rendu\u00b7es \u00e0 Munich, ville embl\u00e9matique pour sa tradition du verre et de la mosa\u00efque. Apr\u00e8s avoir visit\u00e9 plusieurs ateliers en Bavi\u00e8re, chacun\u00b7e a pu exp\u00e9rimenter le travail du verre dans les ateliers techniques de l\u2019AdBK et rencontrer les \u00e9tudiant\u00b7es allemand\u00b7es partageant le m\u00eame int\u00e9r\u00eat pour ce m\u00e9dium. En juin 2026, dix \u00e9tudiant\u00b7es de l\u2019AdBK viendront \u00e0 leur tour \u00e0 l\u2019ENSAPC pour poursuivre les recherches initi\u00e9es lors de l\u2019atelier et imaginer une restitution commune. Cet \u00e9v\u00e9nement, pr\u00e9vu pour la Nuit Blanche 2026 au Centre d\u2019art Ygrec, pr\u00e9sentera les productions des \u00e9tudiant\u00b7es mises en espace le temps d\u2019une soir\u00e9e. Il explorera la th\u00e9matique de l\u2019amour \u00e0 travers les relations sensibles et les propri\u00e9t\u00e9s particuli\u00e8res du verre.[\/vc_column_text][vc_empty_space height=\u00a0\u00bb60px\u00a0\u00bb][\/vc_column][\/vc_row][vc_row][vc_column][vc_single_image image=\u00a0\u00bb14802&Prime; img_size=\u00a0\u00bblarge\u00a0\u00bb alignment=\u00a0\u00bbcenter\u00a0\u00bb css=\u00a0\u00bb.vc_custom_1777989258573{padding-right: 50px !important;padding-left: 50px !important;}\u00a0\u00bb][vc_column_text css=\u00a0\u00bb\u00a0\u00bb]\u00a9Anna Gourdin<\/p>\n<h3><strong>Oscillation<\/strong><\/h3>\n<p>Du 12 juin au 19 septembre au Centre d&rsquo;art Ygrec-ENSAPC<\/p>\n<p>Vernissage le 12 juin de 17 h \u00e0 21 h 00<\/p>\n<p>Avec\u00a0: Fanaja Andriamamonjy, Alexis Boucher, Emma Cambron, Lou Dalifard, Gaylor Duclaux, Nathan Ficagna, Anna Gourdin, Keti Kshutashvili, Sabela Ledet Pineiro, Pierre Lepetit, Cassandre Marie, Assia Mebarki, Corentin Mornet, Mathilde Rato, Olympia Rezgui. Sur une proposition de Laura Brunelli\u00e8re (artiste et enseignante TALM Le Mans) et Christian Genty (artiste et enseignant ENSAPC) en collaboration avec Guillaume Breton (directeur artistique du Centre d\u2019art Ygrec)<\/p>\n<p>L\u2019exposition\u00a0Oscillation\u00a0s\u2019inscrit dans un programme d\u2019\u00e9change entre deux \u00e9coles d\u2019art et deux ateliers de photographie : celui de l\u2019\u00c9cole nationale sup\u00e9rieure d\u2019art de Paris-Cergy et celui de l\u2019\u00c9cole sup\u00e9rieure d\u2019art et de design TALM Le Mans. Dans les espaces d\u2019exposition, les jeunes artistes sont invit\u00e9\u00b7es \u00e0 faire dialoguer leurs images et leurs recherches en cours. Une premi\u00e8re rencontre s\u2019est tenue \u00e0 huis clos \u00e0 l\u2019ESAD TALM Le Mans en d\u00e9cembre 2025. La poursuite de ces \u00e9changes, \u00e0 distance et hors les murs, a donn\u00e9 lieu \u00e0 la cr\u00e9ation de quatre ensembles d\u2019images, quatre dialogues, quatre r\u00e9cits, qui dessinent un \u00e9tat des lieux sensible de la contemporan\u00e9it\u00e9, port\u00e9\u00a0par leurs quinze auteur\u00b7rices. En cette ann\u00e9e marquant le bicentenaire de l\u2019invention de la photographie, cette nouvelle g\u00e9n\u00e9ration, n\u00e9e avec l\u2019image g\u00e9n\u00e9rative, s\u2019approprie et reconfigure ce que l\u2019on d\u00e9signait jusqu\u2019alors comme \u00ab style photographique \u00bb. Pr\u00e9sent\u00e9 au centre d\u2019art Ygrec \u00e0 Aubervilliers,\u00a0Oscillation\u00a0en constitue le premier volet. L\u2019exposition sera ensuite r\u00e9interpr\u00e9t\u00e9e et investira le grand hall d\u2019exposition de l\u2019ESAD TALM Le Mans en octobre 2026.[\/vc_column_text][vc_empty_space height=\u00a0\u00bb60px\u00a0\u00bb][\/vc_column][\/vc_row][vc_row][vc_column][\/vc_column][\/vc_row]<\/p>\n<\/div>","protected":false},"excerpt":{"rendered":"<p>[vc_row][vc_column][vc_single_image image=\u00a0\u00bb14793&Prime; img_size=\u00a0\u00bblarge\u00a0\u00bb add_caption=\u00a0\u00bbyes\u00a0\u00bb alignment=\u00a0\u00bbcenter\u00a0\u00bb css=\u00a0\u00bb.vc_custom_1777992147072{padding-right: 50px !important;padding-left: 50px !important;}\u00a0\u00bb][vc_column_text css=\u00a0\u00bb\u00a0\u00bb]Image extraite du film Terre, mer, ciel,\u00a0re\u0301alis\u00e9 par Delphine Contet, Elias Haddad et Ceva Ipatov en collaboration avec Maison de l&rsquo;Enfance Tony Laine\u0301, 2026. Room for Mutation Du 7 mai au 31 mai au Centre d&rsquo;art Ygrec-ENSAPC Vernissage le 7 mai de 17 h \u00e0&#8230;  <a class=\"excerpt-read-more\" href=\"https:\/\/www.ensapc.fr\/fr\/ygrec\/exposition\/a-venir-2\/\" title=\"Read \u00c0 VENIR\">Lire la suite &raquo;<\/a><\/p>\n","protected":false},"author":5,"featured_media":0,"parent":1483,"menu_order":1,"comment_status":"closed","ping_status":"closed","template":"","meta":{"footnotes":""},"class_list":["post-14797","page","type-page","status-publish","hentry"],"_links":{"self":[{"href":"https:\/\/www.ensapc.fr\/fr\/wp-json\/wp\/v2\/pages\/14797","targetHints":{"allow":["GET"]}}],"collection":[{"href":"https:\/\/www.ensapc.fr\/fr\/wp-json\/wp\/v2\/pages"}],"about":[{"href":"https:\/\/www.ensapc.fr\/fr\/wp-json\/wp\/v2\/types\/page"}],"author":[{"embeddable":true,"href":"https:\/\/www.ensapc.fr\/fr\/wp-json\/wp\/v2\/users\/5"}],"replies":[{"embeddable":true,"href":"https:\/\/www.ensapc.fr\/fr\/wp-json\/wp\/v2\/comments?post=14797"}],"version-history":[{"count":7,"href":"https:\/\/www.ensapc.fr\/fr\/wp-json\/wp\/v2\/pages\/14797\/revisions"}],"predecessor-version":[{"id":14799,"href":"https:\/\/www.ensapc.fr\/fr\/wp-json\/wp\/v2\/pages\/14797\/revisions\/14799"}],"up":[{"embeddable":true,"href":"https:\/\/www.ensapc.fr\/fr\/wp-json\/wp\/v2\/pages\/1483"}],"wp:attachment":[{"href":"https:\/\/www.ensapc.fr\/fr\/wp-json\/wp\/v2\/media?parent=14797"}],"curies":[{"name":"wp","href":"https:\/\/api.w.org\/{rel}","templated":true}]}}