{"id":1495,"date":"2017-03-06T16:30:42","date_gmt":"2017-03-06T15:30:42","guid":{"rendered":"https:\/\/www.ensapc.fr\/fr\/?page_id=1495"},"modified":"2020-05-19T11:17:12","modified_gmt":"2020-05-19T09:17:12","slug":"2017-2","status":"publish","type":"page","link":"https:\/\/www.ensapc.fr\/fr\/ygrec\/archives\/2017-2\/","title":{"rendered":"2017"},"content":{"rendered":"<div class=\"wpb-content-wrapper\"><p>[vc_row gap=\u00a0\u00bb30&Prime;][vc_column width=\u00a0\u00bb1\/2&Prime;][vc_row_inner][vc_column_inner][vc_column_text]<strong>PRIX BIC<\/strong><strong><sup>\u00ae<\/sup><\/strong><strong>\u00a0<\/strong><strong>POUR L\u2019ENSAPC 2017<\/strong><\/p>\n<p>4\u00a0au 22 d\u00e9cembre<\/p>\n<p>La Soci\u00e9t\u00e9 BIC et \u00a0l\u2019Ecole Nationale Sup\u00e9rieure d\u2019Arts de Paris-Cergy ont le plaisir d\u2019annoncer\u00a0la deuxi\u00e8me \u00e9dition du prix BIC<sup>\u00ae\u00a0<\/sup>de cr\u00e9ation contemporaine\u00a0pour l\u2019ENSAPC.Ce prix a pour vocation d\u2019encourager la cr\u00e9ation\u00a0de nouvelles formes artistiques en mettant en lumi\u00e8re des artistes \u00e9mergents-es, \u00e9tudiants-es \u00e0 l\u2019ENSAPC.Le prix BIC<sup>\u00ae<\/sup>\u00a0propose \u00e0 de jeunes artistes d\u2019explorer, d\u2019approfondir, de s\u2019approprier et de r\u00e9inventer toutes les potentialit\u00e9s artistiques et l\u2019imaginaire qu\u2019offre la marque.[\/vc_column_text][vc_btn title=\u00a0\u00bbEn savoir plus\u00a0\u00bb link=\u00a0\u00bburl:http%3A%2F%2Fwww.ensapc.fr%2Ffr%2Fygrec%2Farchives%2F2017-2%2Fprix-bic-lensapc-2017|||\u00a0\u00bb][vc_single_image image=\u00a0\u00bb2559&Prime; img_size=\u00a0\u00bbmedium\u00a0\u00bb alignment=\u00a0\u00bbcenter\u00a0\u00bb][\/vc_column_inner][\/vc_row_inner][vc_column_text]<strong>MERIS ANGIOLETTI, L\u2019ANNEAU ET LE LIVRE (UN PROC\u00c8S)<\/strong><\/p>\n<p>Du 12 octobre au 26 novembre 2017<\/p>\n<p>De la n\u00e9cessit\u00e9 de relire une histoire tue ou encore de toucher aux arts occultes, telles \u00e9manent les oeuvres de Meris Angioletti. Par ses installations alliant objets filmiques, sonores ou encore plastiques, l\u2019artiste convoque et entrem\u00eale personnages et r\u00e9cits dans un cheminement donnant corps et espace \u00e0 une histoire inachev\u00e9e, dont toute la dimension \u00e9sot\u00e9rique est appel\u00e9e \u00e0 \u00e9merger.<\/p>\n<p>Pour ce nouveau projet personnel, les recherches de l\u2019artiste ont \u00e9t\u00e9 guid\u00e9es par l\u2019histoire de l\u2019h\u00e9r\u00e9tique Giordano Bruno (1548-1600), br\u00fbl\u00e9 vif \u00e0 Rome au terme de huit ann\u00e9es de proc\u00e8s. Prodigieux mn\u00e9motechnicien, ce pr\u00e9d\u00e9cesseur de grands penseurs comme Kepler ou Spinoza, s\u2019\u00e9tait attir\u00e9 les foudres du cercle eccl\u00e9siastique de par sa marginalit\u00e9, penchant pour la magie et autres pratiques jug\u00e9es alors blasph\u00e9matoires.<\/p>\n<p>[\/vc_column_text][vc_btn title=\u00a0\u00bbEn savoir plus\u00a0\u00bb link=\u00a0\u00bburl:%20http%3A%2F%2Fwww.ensapc.fr%2Ffr%2Fygrec%2Farchives%2F2017-2%2Fmeris-angioletti|||\u00a0\u00bb][vc_single_image image=\u00a0\u00bb2284&Prime; img_size=\u00a0\u00bbmedium\u00a0\u00bb alignment=\u00a0\u00bbcenter\u00a0\u00bb][vc_column_text]<\/p>\n<p class=\"p1\"><strong>La pens\u00e9e du tremblement<\/strong><\/p>\n<p>Du 15 septembre au 5 octobre \u00a02017, du mercredi au dimanche, 13h &#8211; 19h<\/p>\n<p>Vernissage le 14 septembre \u00e0 partir de 18h<\/p>\n<p>La pens\u00e9e du tremblement surgit de partout [\u2026] Elle nous pr\u00e9serve des pens\u00e9es de syst\u00e8me et des syst\u00e8mes de pens\u00e9e. Elle ne suppose pas la peur ou l\u2019irr\u00e9solu, elle s\u2019\u00e9tend infiniment comme un oiseau innum\u00e9rable, les ailes sem\u00e9es du sel noir de la terre. Elle nous r\u00e9assemble dans l\u2019absolue diversit\u00e9, en un tourbillon de rencontres. Utopie qui jamais ne se fixe et qui ouvre demain, comme un soleil et un fruit partag\u00e9s.<\/p>\n<p>\u00c9douard Glissant, <i>La Coh\u00e9e du Lamentin<\/i>. <i>Po\u00e9tique V<\/i>, Gallimard, 2005.[\/vc_column_text][vc_btn title=\u00a0\u00bbEn savoir plus \u00a0\u00bb link=\u00a0\u00bburl:https%3A%2F%2Fwww.ensapc.fr%2Ffr%2Fygrec%2Farchives%2F2017-2%2Fla-pensee-du-tremblement||target:%20_blank|\u00a0\u00bb][vc_single_image image=\u00a0\u00bb2253&Prime; img_size=\u00a0\u00bbmedium\u00a0\u00bb alignment=\u00a0\u00bbcenter\u00a0\u00bb][\/vc_column][vc_column width=\u00a0\u00bb1\/2&Prime;][vc_row_inner][vc_column_inner][vc_column_text]<strong>Le Secret<\/strong><\/p>\n<p>5 au 28 mai<\/p>\n<p>Pens\u00e9e comme une conclusion du programme <em>Exposer la recherche<\/em> en art, l&rsquo;exposition <em>Le Secret<\/em> invite \u00e0 lier les questions de l&rsquo;exposition et celles du secret comme s&rsquo;il s&rsquo;agissait de mettre \u00e0 vue ce qui est inconnaissable ou confidentiel, voire incompr\u00e9hensible ou ce dont on ne peut rien dire. C&rsquo;est donc sans pouvoir dire de quoi le secret est-il le nom que l&rsquo;exposition propose de s&rsquo;int\u00e9resser \u00e0 ses formes comme \u00e0 ses effets: de l&rsquo;identit\u00e9 singuli\u00e8re aux r\u00eaves intimes, en passant par les histoires de famille ou celles de la grande histoire et des secrets d&rsquo;\u00c9tats, jusqu&rsquo;\u00e0 l&rsquo;herm\u00e9neut<span class=\"text_exposed_show\">ique propre au d\u00e9chiffrement des \u0153uvres.<\/span>[\/vc_column_text][vc_btn title=\u00a0\u00bbEn savoir plus\u00a0\u00bb link=\u00a0\u00bburl:http%3A%2F%2Fwww.ensapc.fr%2Ffr%2Fygrec%2Farchives%2F2017-2%2Fle-secret|||\u00a0\u00bb][vc_single_image image=\u00a0\u00bb1730&Prime; img_size=\u00a0\u00bbmedium\u00a0\u00bb alignment=\u00a0\u00bbcenter\u00a0\u00bb][\/vc_column_inner][\/vc_row_inner][vc_row_inner][vc_column_inner][vc_column_text]<strong>Ostran\u00e9nie !<\/strong><\/p>\n<p>Du 7 juin au 9 juillet 2017<\/p>\n<p>Au d\u00e9but du XX<sup>e<\/sup> si\u00e8cle, les formalistes russes font de l\u2019estrangement une op\u00e9ration-cl\u00e9 de l\u2019art et de la litt\u00e9rature : \u00ab Le proc\u00e9d\u00e9 de l\u2019art est le proc\u00e9d\u00e9 d\u2019\u2009estrangement des objets, proc\u00e9d\u00e9 qui consiste \u00e0 compliquer la forme, qui accro\u00eet la difficult\u00e9 et la dur\u00e9e de la perception, car en art le processus perceptif est une fin en soi et doit \u00eatre prolong\u00e9. L\u2019art est un moyen de revivre la r\u00e9alisation de l\u2019objet, ce qui a \u00e9t\u00e9 r\u00e9alis\u00e9 n\u2019importe pas en art. \u00bb (Victor Chklovski, <em>L\u2019art comme proc\u00e9d\u00e9<\/em>, 1917)[\/vc_column_text][vc_btn title=\u00a0\u00bbEn savoir plus\u00a0\u00bb link=\u00a0\u00bburl:%20http%3A%2F%2Fwww.ensapc.fr%2Ffr%2Fygrec%2Farchives%2F2017-2%2Fostranenie|||\u00a0\u00bb][vc_single_image image=\u00a0\u00bb1881&Prime; img_size=\u00a0\u00bbmedium\u00a0\u00bb add_caption=\u00a0\u00bbyes\u00a0\u00bb alignment=\u00a0\u00bbcenter\u00a0\u00bb][vc_column_text]<strong>Images Mobiles<\/strong><\/p>\n<p>13 mars au 23 avril<\/p>\n<p>L&rsquo;exposition Images mobiles est une confrontation dans un accrochage d\u2019\u0153uvres de photographes issus de l\u2019Ecole Nationale Sup\u00e9rieure d\u2019Arts de Paris Cergy. Il s\u2019agit d\u2019exp\u00e9rimenter sa pens\u00e9e et ses photographies comme une exp\u00e9rience r\u00e9elle, \u00e9largie \u00e0 l\u2019accrochage comme pratique artistique collective.[\/vc_column_text][vc_btn title=\u00a0\u00bbEn savoir plus\u00a0\u00bb link=\u00a0\u00bburl:http%3A%2F%2Fwww.ensapc.fr%2Ffr%2Fygrec%2Farchives%2F2017-2%2Fimages-mobiles|title:images||\u00a0\u00bb][vc_single_image image=\u00a0\u00bb1492&Prime; img_size=\u00a0\u00bbmedium\u00a0\u00bb alignment=\u00a0\u00bbcenter\u00a0\u00bb css=\u00a0\u00bb.vc_custom_1587632812442{padding-left: 10px !important;}\u00a0\u00bb][\/vc_column_inner][\/vc_row_inner][\/vc_column][\/vc_row][vc_row gap=\u00a0\u00bb30&Prime;][vc_column width=\u00a0\u00bb1\/2&Prime;][vc_row_inner][vc_column_inner][vc_column_text]<\/p>\n<p class=\"p1\"><strong>Viens, mais ne viens pas quand je serai seule<\/strong><\/p>\n<p class=\"p1\"><span class=\"s1\">du 13 juillet au 10 septembre 2017<\/span><\/p>\n<p class=\"p1\">Un festival d\u2019\u00e9t\u00e9 (expositions, \u00e9v\u00e9nements, concerts, performances, dj sets) \u2013 un projet collectif des dipl\u00f4m\u00e9s\u00a0<span class=\"highlightNode\">ENSAPC<\/span>\u00a02016\u2026<br \/>\nVenez nombreux \u2013 c\u2019est la f\u00eate \u00e0\u00a0<span class=\"highlightNode\">YGREC<\/span>!<\/p>\n<p class=\"p1\"><span class=\"s1\">Nous sommes un groupe d\u2019artistes qui a cohabit\u00e9 pendant 2, 3, 4, 5 ou 6 ans, dans une m\u00eame structure d\u2019\u00e9ducation artistique, l\u2019Ecole Nationale Sup\u00e9rieure d\u2019Art de Paris-Cergy, et en est sorti principalement \u00e0 l\u2019\u00e9t\u00e9 2016.<br \/>\n\u201cQuand le rideau un jour tombera \/ Je veux qu\u2019il tombe derri\u00e8re moi\u201d<\/span><\/p>\n<p>[\/vc_column_text][vc_btn title=\u00a0\u00bbEn savoir plus\u00a0\u00bb link=\u00a0\u00bburl:%20http%3A%2F%2Fwww.ensapc.fr%2Ffr%2Factualite%2Fviens-mais-ne-vi%E2%80%A6d-je-serai-seule%20%E2%80%8E|||\u00a0\u00bb][vc_single_image image=\u00a0\u00bb2163&Prime; img_size=\u00a0\u00bbmedium\u00a0\u00bb add_caption=\u00a0\u00bbyes\u00a0\u00bb alignment=\u00a0\u00bbcenter\u00a0\u00bb][\/vc_column_inner][\/vc_row_inner][\/vc_column][vc_column width=\u00a0\u00bb1\/2&Prime;][vc_row_inner][vc_column_inner][vc_column_text]<strong>Haunted by Algorithms<\/strong><\/p>\n<p>21 janvier au 5 mars<\/p>\n<p>Haunted by Algorithms convoque une multitude d\u2019entit\u00e9s non-humaines, des formes de vie organiques et artificielles qui communiquent et agissent dans le monde \u2013 animaux, v\u00e9g\u00e9taux, machines, robots, esprits, extra-terrestres. Comment donner forme \u00e0 cette infinit\u00e9 de relations inter-esp\u00e8ces, traduire des sensoriums si diff\u00e9rents des n\u00f4tres ? Sur fond d\u2019une algorithmisation g\u00e9n\u00e9ralis\u00e9e, une diversit\u00e9 de modes d\u2019\u00e9criture va tenter d\u2019y r\u00e9pondre, tissant des liens entre ces diff\u00e9rents univers.[\/vc_column_text][vc_btn title=\u00a0\u00bbEn savoir plus\u00a0\u00bb link=\u00a0\u00bburl:http%3A%2F%2Fwww.ensapc.fr%2Ffr%2Fygrec%2Farchives%2F2017-2%2Fhaunted-by-algorithms|||\u00a0\u00bb][vc_single_image image=\u00a0\u00bb1302&Prime; img_size=\u00a0\u00bbmedium\u00a0\u00bb add_caption=\u00a0\u00bbyes\u00a0\u00bb alignment=\u00a0\u00bbcenter\u00a0\u00bb][\/vc_column_inner][\/vc_row_inner][\/vc_column][\/vc_row]<\/p>\n<\/div>","protected":false},"excerpt":{"rendered":"<p>[vc_row gap=\u00a0\u00bb30&Prime;][vc_column width=\u00a0\u00bb1\/2&Prime;][vc_row_inner][vc_column_inner][vc_column_text]PRIX BIC\u00ae\u00a0POUR L\u2019ENSAPC 2017 4\u00a0au 22 d\u00e9cembre La Soci\u00e9t\u00e9 BIC et \u00a0l\u2019Ecole Nationale Sup\u00e9rieure d\u2019Arts de Paris-Cergy ont le plaisir d\u2019annoncer\u00a0la deuxi\u00e8me \u00e9dition du prix BIC\u00ae\u00a0de cr\u00e9ation contemporaine\u00a0pour l\u2019ENSAPC.Ce prix a pour vocation d\u2019encourager la cr\u00e9ation\u00a0de nouvelles formes artistiques en mettant en lumi\u00e8re des artistes \u00e9mergents-es, \u00e9tudiants-es \u00e0 l\u2019ENSAPC.Le prix BIC\u00ae\u00a0propose \u00e0 de&#8230;  <a class=\"excerpt-read-more\" href=\"https:\/\/www.ensapc.fr\/fr\/ygrec\/archives\/2017-2\/\" title=\"Read 2017\">Lire la suite &raquo;<\/a><\/p>\n","protected":false},"author":1,"featured_media":0,"parent":271,"menu_order":431,"comment_status":"closed","ping_status":"closed","template":"","meta":{"footnotes":""},"class_list":["post-1495","page","type-page","status-publish","hentry"],"_links":{"self":[{"href":"https:\/\/www.ensapc.fr\/fr\/wp-json\/wp\/v2\/pages\/1495","targetHints":{"allow":["GET"]}}],"collection":[{"href":"https:\/\/www.ensapc.fr\/fr\/wp-json\/wp\/v2\/pages"}],"about":[{"href":"https:\/\/www.ensapc.fr\/fr\/wp-json\/wp\/v2\/types\/page"}],"author":[{"embeddable":true,"href":"https:\/\/www.ensapc.fr\/fr\/wp-json\/wp\/v2\/users\/1"}],"replies":[{"embeddable":true,"href":"https:\/\/www.ensapc.fr\/fr\/wp-json\/wp\/v2\/comments?post=1495"}],"version-history":[{"count":5,"href":"https:\/\/www.ensapc.fr\/fr\/wp-json\/wp\/v2\/pages\/1495\/revisions"}],"predecessor-version":[{"id":5628,"href":"https:\/\/www.ensapc.fr\/fr\/wp-json\/wp\/v2\/pages\/1495\/revisions\/5628"}],"up":[{"embeddable":true,"href":"https:\/\/www.ensapc.fr\/fr\/wp-json\/wp\/v2\/pages\/271"}],"wp:attachment":[{"href":"https:\/\/www.ensapc.fr\/fr\/wp-json\/wp\/v2\/media?parent=1495"}],"curies":[{"name":"wp","href":"https:\/\/api.w.org\/{rel}","templated":true}]}}