{"id":1509,"date":"2017-06-07T15:42:21","date_gmt":"2017-06-07T13:42:21","guid":{"rendered":"https:\/\/www.ensapc.fr\/fr\/?page_id=1509"},"modified":"2017-06-07T15:42:21","modified_gmt":"2017-06-07T13:42:21","slug":"une-journee-sentimentale","status":"publish","type":"page","link":"https:\/\/www.ensapc.fr\/fr\/ygrec\/archives\/2016-2017\/une-journee-sentimentale\/","title":{"rendered":"Une journ\u00e9e sentimentale"},"content":{"rendered":"<div class=\"wpb-content-wrapper\"><p>[vc_row][vc_column][vc_single_image image=\u00a0\u00bb1971&Prime; img_size=\u00a0\u00bbfull\u00a0\u00bb add_caption=\u00a0\u00bbyes\u00a0\u00bb alignment=\u00a0\u00bbcenter\u00a0\u00bb css_animation=\u00a0\u00bbtop-to-bottom\u00a0\u00bb][\/vc_column][\/vc_row][vc_row content_placement=\u00a0\u00bbmiddle\u00a0\u00bb][vc_column][vc_column_text]<strong>Exposition<br \/>\nUne journ\u00e9e sentimentale<br \/>\n<\/strong>[\/vc_column_text][vc_separator color=\u00a0\u00bbpink\u00a0\u00bb style=\u00a0\u00bbdashed\u00a0\u00bb el_width=\u00a0\u00bb90&Prime;][vc_column_text]<\/p>\n<p class=\"p2\">Du 15 octobre au 13 novembre 2016<br \/>\nVernissage vendredi 14 octobre 18h-21h<\/p>\n<p class=\"p1\"><strong>Sur une proposition d\u2019Angeline Ostinelli<\/strong><\/p>\n<p class=\"p1\"><strong>Avec Joaquim Brissaud, Hubert Crabi\u00e8res, Gabriel Fabry,Nana Kogler Konstantinos Kyriakopoulos, Camila Oliveira Fairclough, Jean-Daniel Pellen, Antoine Vall\u00e9, Alicia Zaton.<\/strong><\/p>\n<p class=\"p1\">Les livres d\u2019artistes s\u00e9lectionn\u00e9s sont auto-biographiques. Ce sont des mondes int\u00e9rieurs o\u00f9 sont assembl\u00e9s dans le d\u00e9sordre captures photographiques, pens\u00e9es, \u00e9crits personnels. Ce sont aussi des lieux de rapprochement entre des archives personnelles, des documents, et une pratique artistique. Ce sont des lieux de m\u00e9moire et de r\u00e9flexion que l\u2019on destine d\u2019abord \u00e0 soi ou \u00e0 nos proches.Il ne s\u2019agit pas d\u2019avoir une approche chronologique, les temps y sont recompos\u00e9s avant d\u2019\u00eatre accord\u00e9s au pr\u00e9sent de chaque lecture. Une journ\u00e9e sentimentale propose la rencontre de ces livres \u00e0 travers leurs propre installation et celle de quelques pi\u00e8ces associ\u00e9es dans l\u2019espace de la galerie.<\/p>\n<p>[\/vc_column_text][\/vc_column][\/vc_row][vc_row][vc_column][vc_column_text][\/vc_column_text][\/vc_column][\/vc_row]<\/p>\n<\/div>","protected":false},"excerpt":{"rendered":"<p>[vc_row][vc_column][vc_single_image image=\u00a0\u00bb1971&Prime; img_size=\u00a0\u00bbfull\u00a0\u00bb add_caption=\u00a0\u00bbyes\u00a0\u00bb alignment=\u00a0\u00bbcenter\u00a0\u00bb css_animation=\u00a0\u00bbtop-to-bottom\u00a0\u00bb][\/vc_column][\/vc_row][vc_row content_placement=\u00a0\u00bbmiddle\u00a0\u00bb][vc_column][vc_column_text]Exposition Une journ\u00e9e sentimentale [\/vc_column_text][vc_separator color=\u00a0\u00bbpink\u00a0\u00bb style=\u00a0\u00bbdashed\u00a0\u00bb el_width=\u00a0\u00bb90&Prime;][vc_column_text] Du 15 octobre au 13 novembre 2016 Vernissage vendredi 14 octobre 18h-21h Sur une proposition d\u2019Angeline Ostinelli Avec Joaquim Brissaud, Hubert Crabi\u00e8res, Gabriel Fabry,Nana Kogler Konstantinos Kyriakopoulos, Camila Oliveira Fairclough, Jean-Daniel Pellen, Antoine Vall\u00e9, Alicia Zaton. Les livres d\u2019artistes s\u00e9lectionn\u00e9s sont&#8230;  <a class=\"excerpt-read-more\" href=\"https:\/\/www.ensapc.fr\/fr\/ygrec\/archives\/2016-2017\/une-journee-sentimentale\/\" title=\"Read Une journ\u00e9e sentimentale\">Lire la suite &raquo;<\/a><\/p>\n","protected":false},"author":1,"featured_media":0,"parent":1278,"menu_order":455,"comment_status":"closed","ping_status":"closed","template":"","meta":{"footnotes":""},"class_list":["post-1509","page","type-page","status-publish","hentry"],"_links":{"self":[{"href":"https:\/\/www.ensapc.fr\/fr\/wp-json\/wp\/v2\/pages\/1509","targetHints":{"allow":["GET"]}}],"collection":[{"href":"https:\/\/www.ensapc.fr\/fr\/wp-json\/wp\/v2\/pages"}],"about":[{"href":"https:\/\/www.ensapc.fr\/fr\/wp-json\/wp\/v2\/types\/page"}],"author":[{"embeddable":true,"href":"https:\/\/www.ensapc.fr\/fr\/wp-json\/wp\/v2\/users\/1"}],"replies":[{"embeddable":true,"href":"https:\/\/www.ensapc.fr\/fr\/wp-json\/wp\/v2\/comments?post=1509"}],"version-history":[{"count":3,"href":"https:\/\/www.ensapc.fr\/fr\/wp-json\/wp\/v2\/pages\/1509\/revisions"}],"predecessor-version":[{"id":2001,"href":"https:\/\/www.ensapc.fr\/fr\/wp-json\/wp\/v2\/pages\/1509\/revisions\/2001"}],"up":[{"embeddable":true,"href":"https:\/\/www.ensapc.fr\/fr\/wp-json\/wp\/v2\/pages\/1278"}],"wp:attachment":[{"href":"https:\/\/www.ensapc.fr\/fr\/wp-json\/wp\/v2\/media?parent=1509"}],"curies":[{"name":"wp","href":"https:\/\/api.w.org\/{rel}","templated":true}]}}