{"id":162,"date":"2016-09-20T16:40:40","date_gmt":"2016-09-20T14:40:40","guid":{"rendered":"https:\/\/www.ensapc.fr\/fr\/?page_id=162"},"modified":"2026-03-26T14:50:18","modified_gmt":"2026-03-26T13:50:18","slug":"equipe","status":"publish","type":"page","link":"https:\/\/www.ensapc.fr\/fr\/ecole\/equipe\/","title":{"rendered":"\u00c9quipe"},"content":{"rendered":"<div class=\"wpb-content-wrapper\"><p>[vc_row][vc_column][vc_single_image image=\u00a0\u00bb150&Prime; img_size=\u00a0\u00bbfull\u00a0\u00bb alignment=\u00a0\u00bbcenter\u00a0\u00bb css_animation=\u00a0\u00bbleft-to-right\u00a0\u00bb][\/vc_column][\/vc_row][vc_row el_id=\u00a0\u00bbenseignants\u00a0\u00bb][vc_column width=\u00a0\u00bb1\/3&Prime;][vc_column_text]<\/p>\n<h3>ENSEIGNANT-E-S<\/h3>\n<p>[\/vc_column_text][\/vc_column][vc_column width=\u00a0\u00bb1\/3&Prime;][\/vc_column][vc_column width=\u00a0\u00bb1\/3&Prime;][\/vc_column][\/vc_row][vc_row][vc_column width=\u00a0\u00bb1\/3&Prime;][vc_column_text css=\u00a0\u00bb\u00a0\u00bb]<a href=\"https:\/\/www.ensapc.fr\/fr\/boris-achour\" target=\"_blank\" rel=\"noopener\">BORIS ACHOUR<\/a><br \/>\nPratiques pluridisciplinaires<\/p>\n<p><a href=\"https:\/\/www.ensapc.fr\/fr\/carla-adra\/\" target=\"_blank\" rel=\"noopener\">CARLA ADRA<\/a><br \/>\nPerformance, sculpture, installation<\/p>\n<p><a href=\"https:\/\/www.ensapc.fr\/fr\/francois-aubart\/\" target=\"_blank\" rel=\"noopener\">FRAN\u00c7OIS AUBART<\/a><br \/>\nHistoire et th\u00e9orie de l&rsquo;art<\/p>\n<p><a href=\"https:\/\/www.ensapc.fr\/fr\/renaud-auguste-dormeuil\" target=\"_blank\" rel=\"noopener\">RENAUD AUGUSTE-DORMEUIL<\/a><br \/>\nPhotographie, pratique de l\u2019image<\/p>\n<p><a href=\"https:\/\/www.ensapc.fr\/fr\/carole-benzaken\" target=\"_blank\" rel=\"noopener\">CAROLE BENZAKEN<\/a><br \/>\nPeinture<\/p>\n<p><a href=\"https:\/\/www.ensapc.fr\/fr\/carole-boulbes\" target=\"_blank\" rel=\"noopener\">CAROLE BOULBES<\/a><br \/>\nHistoire et th\u00e9orie des arts<\/p>\n<p><a href=\"https:\/\/www.ensapc.fr\/fr\/florent-caron-darras\/\">FLORENT CARON DARRAS<\/a><br \/>\nCr\u00e9ation sonore<\/p>\n<p><a href=\"https:\/\/www.ensapc.fr\/fr\/marielle-chabal\/\">MARIELLE CHABAL<\/a><br \/>\nPluridisciplinaire<\/p>\n<p><a href=\"https:\/\/www.ensapc.fr\/fr\/charlotte-charbonnel\/\" target=\"_blank\" rel=\"noopener\">CHARLOTTE CHARBONNEL<\/a><br \/>\nRecherche et exp\u00e9rimentation artistiques, hybridation des savoirs<\/p>\n<p><a href=\"https:\/\/www.ensapc.fr\/fr\/jagna-ciuchta\/\">JAGNA CIUCHTA<\/a><br \/>\nInstallation, peinture[\/vc_column_text][\/vc_column][vc_column width=\u00a0\u00bb1\/3&Prime;][vc_column_text css=\u00a0\u00bb\u00a0\u00bb]<a href=\"https:\/\/www.ensapc.fr\/fr\/eric-dalbis\" target=\"_blank\" rel=\"noopener\">\u00c9RIC DALBIS<\/a><br \/>\nPeinture, dessin<\/p>\n<p><a href=\"https:\/\/www.ensapc.fr\/fr\/gallien-dejean\" target=\"_blank\" rel=\"noopener\">GALLIEN D\u00c9JEAN<\/a><br \/>\nPratiques curatoriales et \u00e9critures critiques<\/p>\n<p><a href=\"https:\/\/www.ensapc.fr\/fr\/david-douard\/\" target=\"_blank\" rel=\"noopener\">DAVID DOUARD<\/a><br \/>\nVolume, sculpture<\/p>\n<p><a href=\"https:\/\/www.ensapc.fr\/fr\/vincent-gerard\" target=\"_blank\" rel=\"noopener\">VINCENT G\u00c9RARD<\/a><br \/>\nCin\u00e9ma<\/p>\n<p><a href=\"https:\/\/www.ensapc.fr\/fr\/jeff-guess\" target=\"_blank\" rel=\"noopener\">JEFF GUESS<\/a><br \/>\nOld and new media<\/p>\n<p><a href=\"https:\/\/www.ensapc.fr\/fr\/veronique-joumard\" target=\"_blank\" rel=\"noopener\">V\u00c9RONIQUE JOUMARD<\/a><br \/>\nPratiques pluridisciplinaires, image et dessin<\/p>\n<p><a href=\"https:\/\/www.ensapc.fr\/fr\/geoffroy-de-lagasnerie\" target=\"_blank\" rel=\"noopener\">GEOFFROY DE LAGASNERIE<\/a><br \/>\nPhilosophie, sociologie<\/p>\n<p><a href=\"https:\/\/www.ensapc.fr\/fr\/luc-lang\" target=\"_blank\" rel=\"noopener\">LUC LANG<\/a><br \/>\nEsth\u00e9tique<\/p>\n<p><a href=\"https:\/\/www.ensapc.fr\/fr\/corinne-le-neun\" target=\"_blank\" rel=\"noopener\">CORINNE LE NE\u00dcN<\/a><br \/>\nHistoire de l\u2019art[\/vc_column_text][\/vc_column][vc_column width=\u00a0\u00bb1\/3&Prime;][vc_column_text css=\u00a0\u00bb\u00a0\u00bb]<a href=\"https:\/\/www.ensapc.fr\/fr\/laure-limongi\" target=\"_blank\" rel=\"noopener\">LAURE LIMONGI<\/a><br \/>\nCr\u00e9ation litt\u00e9raire<\/p>\n<p><a href=\"https:\/\/www.ensapc.fr\/fr\/eric-maillet\" target=\"_blank\" rel=\"noopener\">\u00c9RIC MAILLET<\/a><a href=\"https:\/\/www.ensapc.fr\/fr\/federico-nicolao\"><br \/>\n<\/a>Pratiques nouveaux m\u00e9dias, installation<\/p>\n<p><a href=\"https:\/\/www.ensapc.fr\/fr\/christophe-manon\/\">CHRISTOPHE MANON<\/a><br \/>\nCr\u00e9ation litt\u00e9raire<\/p>\n<p><a href=\"https:\/\/www.ensapc.fr\/fr\/judith-perron\" target=\"_blank\" rel=\"noopener\">JUDITH PERRON<\/a><br \/>\nDanse<\/p>\n<p><a href=\"https:\/\/www.ensapc.fr\/fr\/alejandra-riera\/\" target=\"_blank\" rel=\"noopener noreferrer\">ALEJANDRA RIERA<\/a><br \/>\nPratiques et po\u00e9tiques transversales et documentaires<\/p>\n<p><a href=\"https:\/\/www.ensapc.fr\/fr\/claudia-triozzi\" target=\"_blank\" rel=\"noopener\">CLAUDIA TRIOZZI<\/a><br \/>\nDanse, performance<\/p>\n<p><a href=\"https:\/\/www.ensapc.fr\/fr\/jean-luc-verna\" target=\"_blank\" rel=\"noopener\">JEAN-LUC VERNA<\/a><br \/>\nDessin, pratiques pluridisciplinaires<\/p>\n<p><a href=\"https:\/\/www.ensapc.fr\/fr\/chuong-dai-vo\/\">CH\u01af\u01a0NG-\u0110\u00c0I V\u00d5<\/a><br \/>\nHistoire de l&rsquo;art et des pratiques curatoriales[\/vc_column_text][\/vc_column][\/vc_row][vc_row el_id=\u00a0\u00bbvisitingprofessors\u00a0\u00bb][vc_column width=\u00a0\u00bb1\/3&Prime;][vc_column_text]<\/p>\n<h3>VISITING PROFESSORS<\/h3>\n<p>[\/vc_column_text][\/vc_column][vc_column width=\u00a0\u00bb1\/3&Prime;][\/vc_column][vc_column width=\u00a0\u00bb1\/3&Prime;][\/vc_column][\/vc_row][vc_row][vc_column width=\u00a0\u00bb1\/3&Prime;][vc_column_text css=\u00a0\u00bb\u00a0\u00bb]DOHA AL-KAHLOUT<br \/>\n2025-2026<\/p>\n<p>SHIRIN BARGHNAVARD<br \/>\nSeptembre-D\u00e9cembre 2023<\/p>\n<p>MONICA NARULA<br \/>\n2022-2023[\/vc_column_text][\/vc_column][vc_column width=\u00a0\u00bb1\/3&Prime;][vc_column_text css=\u00a0\u00bb\u00a0\u00bb]ANRI SALA<br \/>\n2021-2022<\/p>\n<p>BABAK AFRASSIABI et NASRIN TABATABAI<br \/>\n2019-2021<\/p>\n<p>ELISABETH SUBRIN (Fullbright scholar)<br \/>\n2019-2020[\/vc_column_text][\/vc_column][vc_column width=\u00a0\u00bb1\/3&Prime;][vc_column_text]SENAM OKUDZETO<br \/>\n2018-2019<\/p>\n<p>CL\u00c9MENTINE DELISS<br \/>\n2017-2018[\/vc_column_text][\/vc_column][\/vc_row][vc_row el_id=\u00a0\u00bbchefs-ateliers\u00a0\u00bb][vc_column width=\u00a0\u00bb1\/3&Prime;][vc_column_text]<\/p>\n<h3>RESPONSABLES D&rsquo;ATELIER<\/h3>\n<p>[\/vc_column_text][\/vc_column][vc_column width=\u00a0\u00bb1\/3&Prime;][\/vc_column][vc_column width=\u00a0\u00bb1\/3&Prime;][\/vc_column][\/vc_row][vc_row][vc_column width=\u00a0\u00bb1\/3&Prime;][vc_column_text]DAVID COUSINARD<br \/>\n<a href=\"https:\/\/www.ensapc.fr\/fr\/ecole\/ressources#volume\">Volume m\u00e9tal<\/a><br \/>\n<a href=\"mailto:david.cousinard@ensapc.fr\">david.cousinard@ensapc.fr<\/a><\/p>\n<p>SAMUEL GARLAND<br \/>\n<a href=\"https:\/\/www.ensapc.fr\/fr\/ecole\/ressources#volume\" target=\"_blank\" rel=\"noopener\">Volume bois<\/a><br \/>\n<a href=\"mailto:samuel.garland@ensapc.fr\">samuel.garland@ensapc.fr<\/a><\/p>\n<p>NICOLAS CHARBONNIER<br \/>\n<a href=\"https:\/\/www.ensapc.fr\/fr\/ecole\/ressources#son\">Son<\/a><br \/>\n<a href=\"mailto:nicolas.charbonnier@ensapc.fr\"><span class=\"original\">nicolas.charbonnier@ensapc.fr<\/span><\/a>[\/vc_column_text][\/vc_column][vc_column width=\u00a0\u00bb1\/3&Prime;][vc_column_text]CHRISTIAN GENTY<br \/>\n<a href=\"https:\/\/www.ensapc.fr\/fr\/ecole\/ressources#photographie\">Photographie<\/a><br \/>\n<a href=\"mailto:christian.genty@ensapc.fr\"><span class=\"original\">christian.genty@ensapc.fr<\/span><\/a><\/p>\n<p>B\u00c9R\u00c9NICE\u00a0LEFEBVRE<br \/>\n<a href=\"https:\/\/www.ensapc.fr\/fr\/ecole\/ressources#serigraphie\">S\u00e9rigraphie, impression<\/a><br \/>\n<a href=\"mailto:benjamin.grafmeyer@ensapc.fr\"><span class=\"original\">berenice.lefebvre@ensapc.fr<\/span><\/a>[\/vc_column_text][\/vc_column][vc_column width=\u00a0\u00bb1\/3&Prime;][vc_column_text]JEAN-LUC JUSSEAU<br \/>\n<a href=\"https:\/\/www.ensapc.fr\/fr\/ecole\/ressources#video\">Vid\u00e9o<\/a><br \/>\n<a href=\"mailto:jean-luc.jusseau@ensapc.fr\"><span class=\"original\">jean-luc.jusseau@ensapc.fr<\/span><\/a><\/p>\n<p>LIONEL CATELAN<br \/>\n<a href=\"https:\/\/www.ensapc.fr\/fr\/ecole\/ressources#video\">\u00c9dition et web design<\/a><br \/>\n<a href=\"mailto:lionel.catelan@ensapc.fr\"><span class=\"original\">lionel.catelan@ensapc.fr<\/span><\/a>[\/vc_column_text][\/vc_column][\/vc_row][vc_row el_id=\u00a0\u00bbadministration\u00a0\u00bb][vc_column width=\u00a0\u00bb1\/3&Prime;][vc_column_text]<\/p>\n<h3>ADMINISTRATION<\/h3>\n<p>[\/vc_column_text][\/vc_column][vc_column width=\u00a0\u00bb1\/3&Prime;][\/vc_column][vc_column width=\u00a0\u00bb1\/3&Prime;][\/vc_column][\/vc_row][vc_row][vc_column width=\u00a0\u00bb1\/3&Prime;][vc_column_text css=\u00a0\u00bb\u00a0\u00bb]<strong>DIRECTION GENERALE<\/strong><\/p>\n<p>CHARLOTTE FOUCHET ISHII<br \/>\nDirectrice<\/p>\n<p>SIMON MERER<br \/>\nAssistant de direction<br \/>\n<a href=\"mailto:simon.merer@ensapc.fr\">simon.merer@ensapc.fr<\/a><br \/>\n<a href=\"tel:+33130307898\"> + 33 (0)1 30 30 78 98<\/a><\/p>\n<p><strong><br \/>\nSECRETARIAT GENERAL<\/strong><\/p>\n<p>Secr\u00e9taire g\u00e9n\u00e9rale<br \/>\nEN COURS DE RECRUTEMENT<\/p>\n<p>CHLO\u00c9 NICOLAS<br \/>\nAdjointe \u00e0 la secr\u00e9taire g\u00e9n\u00e9rale<\/p>\n<p>FRAN\u00c7OISE BRIE<br \/>\nComptabilit\u00e9 et budget<br \/>\n<a href=\"mailto:francoise.brie@ensapc.fr\">francoise.brie@ensapc.fr<\/a><br \/>\n<a href=\"tel:+33130307885\"> + 33 (0)1 30 30 78 85<\/a><\/p>\n<p>JUSLENTIA PIERRE<br \/>\nComptabilit\u00e9 et budget<br \/>\n<a href=\"mailto:juslentia.pierre@ensapc.fr\">juslentia.pierre@ensapc.fr <\/a><\/p>\n<p>DAVID TAIEB<br \/>\nComptabilit\u00e9 et budget<br \/>\n<a href=\"mailto:david.taieb@ensapc.fr\">david.taieb@ensapc.fr<\/a><br \/>\n<a href=\"tel:+33130305444\">+ 33 (0)1 30 30 78 96<\/a><\/p>\n<p>SYLVIE SEBBAH<br \/>\nRessources humaines et secr\u00e9tariat de la recherche<br \/>\n<a href=\"mailto:sylvie.sebbah@ensapc.fr\">sylvie.sebbah@ensapc.fr <\/a><br \/>\n<a href=\"tel:+33130307881\"> + 33 (0)1 30 30 78 81<\/a><\/p>\n<p>[\/vc_column_text][\/vc_column][vc_column width=\u00a0\u00bb1\/3&Prime;][vc_column_text css=\u00a0\u00bb\u00a0\u00bb]<strong>PEDAGOGIE ET RECHERCHE<\/strong><\/p>\n<p>EUG\u00c9NIE P\u00c9RON-DOUT\u00c9<br \/>\nCoordinatrice des \u00e9tudes et de la recherche<br \/>\n<a href=\"mailto:eugenie.peron-doute@ensapc.fr\" target=\"_blank\" rel=\"noopener\">eugenie.peron-doute@ensapc.fr<\/a><br \/>\n<a href=\"tel:+330130308669\">+33 01 30 30 86 69<\/a><\/p>\n<p>NAD\u00c8GE CORET<br \/>\nCharg\u00e9e de la p\u00e9dagogie<br \/>\n<a href=\"mailto:nadege.coret@ensapc.fr\">nadege.coret@ensapc.fr<\/a><br \/>\n<a href=\"tel:+33130307887\"> + 33 (0)1 30 30 78 87 <\/a><\/p>\n<p>MARIE-LISE DUMESNIL<br \/>\nCharg\u00e9e de la p\u00e9dagogie<br \/>\n<a href=\"mailto:marie-lise.dumesnil@ensapc.fr\">marie-lise.dumesnil@ensapc.fr<\/a><br \/>\n<a href=\"tel:+33130307893\"> + 33 (0)1 30 30 78 93 <\/a><\/p>\n<p>VINCENT GAILLARD<br \/>\nCharg\u00e9 de la p\u00e9dagogie<a href=\"tel:+33130308809\"><br \/>\nvincent.gaillard@ensapc.fr<br \/>\n<\/a><a href=\"tel:+33130307546\"> + 33 (0)1 30 30 75 46<\/a><\/p>\n<p><strong>RELATIONS INTERNATIONALES ET PROFESSIONALISATION<\/strong><\/p>\n<p>CAMILLE KINGU\u00c9<br \/>\nResponsable du p\u00f4le professionnalisation<br \/>\n<a href=\"mailto:camille.kingue@ensapc.fr\">camille.kingue@ensapc.fr<\/a><br \/>\n<a href=\"tel:+33130308809\">+ 33 (0)1 30 30 79 00<\/a><\/p>\n<p>MARIE DOYON<br \/>\nResponsable des relations internationales<br \/>\n<a href=\"mailto:marie.doyon@ensapc.fr\">marie.doyon@ensapc.fr<\/a><br \/>\n<a href=\"tel:+33130308809\">+ 33 (0)<\/a><a href=\"tel:01%2030%2030%2086%2069\" target=\"_blank\" rel=\"noopener noreferrer\">1 30 30 86 69<\/a>[\/vc_column_text][\/vc_column][vc_column width=\u00a0\u00bb1\/3&Prime;][vc_column_text css=\u00a0\u00bb\u00a0\u00bb]<strong>CENTRE D&rsquo;ART YGREC<\/strong><\/p>\n<p>GUILLAUME BRETON<br \/>\nResponsable<br \/>\n<a href=\"mailto:guillaume.breton@ensapc.fr\">guillaume.breton@ensapc.fr<\/a><br \/>\n<a href=\"http:\/\/tel:+33148390744\">+33 (0)1 48 39 07 44<\/a><\/p>\n<p><strong><a href=\"https:\/\/www.ensapc.fr\/fr\/ecole\/ressources#cdi\">CENTRE DE DOCUMENTATION<\/a><\/strong><\/p>\n<p>NADINE LE RIGOLEUR<br \/>\nResponsable<br \/>\n<a href=\"mailto:nadine.le-rigoleur@ensapc.fr\">nadine.le-rigoleur@ensapc.fr<\/a><br \/>\n<a href=\"tel:+33130 07891\"> + 33 (0)1 30 30 78 91<\/a><\/p>\n<p><strong>SUPPORT<\/strong><\/p>\n<p>LYDIE PACILLY<br \/>\nMagasin de pr\u00eat<br \/>\n<a href=\"mailto:lydie.pacilly@ensapc.fr\">lydie.pacilly@ensapc.fr <\/a><br \/>\n<a href=\"tel:+33130307888\"> + 33 (0)1 30 30 78 88 <\/a><\/p>\n<p>ALBERIC CHABANON<br \/>\nMaintenance et logistique du b\u00e2timent<br \/>\n<a href=\"mailto:alberic.chabanon@ensapc.fr\">alberic.chabanon@ensapc.fr<\/a><br \/>\n<a href=\"tel:+33130305444\"> + 33 (0)1 30 30 54 44 <\/a><\/p>\n<p>R\u00c9GISSEUR\u00b7EUSE<br \/>\nEn cours de recrutement<\/p>\n<p><strong>ACCUEIL<\/strong><\/p>\n<p>STEEVE GANDOSSI<br \/>\nAccueil, Standard<br \/>\n<a href=\"mailto:steeve.gandossi@ensapc.fr\">steeve.gandossi@ensapc.fr<\/a><br \/>\n<a href=\"tel:+33130305444\"> + 33 (0)1 30 30 54 44 <\/a>[\/vc_column_text][\/vc_column][\/vc_row][vc_row][vc_column width=\u00a0\u00bb1\/3&Prime;][vc_column_text][\/vc_column_text][\/vc_column][vc_column width=\u00a0\u00bb1\/3&Prime;][vc_column_text][\/vc_column_text][\/vc_column][vc_column width=\u00a0\u00bb1\/3&Prime;][\/vc_column][\/vc_row]<\/p>\n<\/div>","protected":false},"excerpt":{"rendered":"<p>[vc_row][vc_column][vc_single_image image=\u00a0\u00bb150&Prime; img_size=\u00a0\u00bbfull\u00a0\u00bb alignment=\u00a0\u00bbcenter\u00a0\u00bb css_animation=\u00a0\u00bbleft-to-right\u00a0\u00bb][\/vc_column][\/vc_row][vc_row el_id=\u00a0\u00bbenseignants\u00a0\u00bb][vc_column width=\u00a0\u00bb1\/3&Prime;][vc_column_text] ENSEIGNANT-E-S [\/vc_column_text][\/vc_column][vc_column width=\u00a0\u00bb1\/3&Prime;][\/vc_column][vc_column width=\u00a0\u00bb1\/3&Prime;][\/vc_column][\/vc_row][vc_row][vc_column width=\u00a0\u00bb1\/3&Prime;][vc_column_text css=\u00a0\u00bb\u00a0\u00bb]BORIS ACHOUR Pratiques pluridisciplinaires CARLA ADRA Performance, sculpture, installation FRAN\u00c7OIS AUBART Histoire et th\u00e9orie de l&rsquo;art RENAUD AUGUSTE-DORMEUIL Photographie, pratique de l\u2019image CAROLE BENZAKEN Peinture CAROLE BOULBES Histoire et th\u00e9orie des arts FLORENT CARON DARRAS Cr\u00e9ation sonore MARIELLE CHABAL Pluridisciplinaire CHARLOTTE CHARBONNEL Recherche&#8230;  <a class=\"excerpt-read-more\" href=\"https:\/\/www.ensapc.fr\/fr\/ecole\/equipe\/\" title=\"Read \u00c9quipe\">Lire la suite &raquo;<\/a><\/p>\n","protected":false},"author":1,"featured_media":0,"parent":6,"menu_order":214,"comment_status":"closed","ping_status":"closed","template":"","meta":{"footnotes":""},"class_list":["post-162","page","type-page","status-publish","hentry"],"_links":{"self":[{"href":"https:\/\/www.ensapc.fr\/fr\/wp-json\/wp\/v2\/pages\/162","targetHints":{"allow":["GET"]}}],"collection":[{"href":"https:\/\/www.ensapc.fr\/fr\/wp-json\/wp\/v2\/pages"}],"about":[{"href":"https:\/\/www.ensapc.fr\/fr\/wp-json\/wp\/v2\/types\/page"}],"author":[{"embeddable":true,"href":"https:\/\/www.ensapc.fr\/fr\/wp-json\/wp\/v2\/users\/1"}],"replies":[{"embeddable":true,"href":"https:\/\/www.ensapc.fr\/fr\/wp-json\/wp\/v2\/comments?post=162"}],"version-history":[{"count":21,"href":"https:\/\/www.ensapc.fr\/fr\/wp-json\/wp\/v2\/pages\/162\/revisions"}],"predecessor-version":[{"id":14772,"href":"https:\/\/www.ensapc.fr\/fr\/wp-json\/wp\/v2\/pages\/162\/revisions\/14772"}],"up":[{"embeddable":true,"href":"https:\/\/www.ensapc.fr\/fr\/wp-json\/wp\/v2\/pages\/6"}],"wp:attachment":[{"href":"https:\/\/www.ensapc.fr\/fr\/wp-json\/wp\/v2\/media?parent=162"}],"curies":[{"name":"wp","href":"https:\/\/api.w.org\/{rel}","templated":true}]}}