{"id":171,"date":"2016-09-20T16:53:11","date_gmt":"2016-09-20T14:53:11","guid":{"rendered":"https:\/\/www.ensapc.fr\/fr\/?page_id=171"},"modified":"2026-01-20T12:39:54","modified_gmt":"2026-01-20T11:39:54","slug":"premiere-annee","status":"publish","type":"page","link":"https:\/\/www.ensapc.fr\/fr\/admissions\/premiere-annee\/","title":{"rendered":"En premi\u00e8re ann\u00e9e"},"content":{"rendered":"<div class=\"wpb-content-wrapper\"><p>[vc_row][vc_column][vc_single_image image=\u00a0\u00bb1191&Prime; img_size=\u00a0\u00bbfull\u00a0\u00bb alignment=\u00a0\u00bbcenter\u00a0\u00bb css_animation=\u00a0\u00bbbottom-to-top\u00a0\u00bb][\/vc_column][\/vc_row][vc_row el_id=\u00a0\u00bbg\u00e9n\u00e9ral\u00a0\u00bb][vc_column][vc_column_text css=\u00a0\u00bb\u00a0\u00bb]La proc\u00e9dure d\u2019admission en premi\u00e8re ann\u00e9e permet \u00e0 des candidat\u00b7e\u00b7s d\u2019int\u00e9grer l\u2019ENSAPC en d\u00e9but de cursus, sans limite d\u2019\u00e2ge et quelque soit leur nationalit\u00e9. Le montant annuel des droits de scolarit\u00e9 est fix\u00e9 \u00e0 458 \u20ac pour l\u2019ann\u00e9e 2025-2026 (Arr\u00eat\u00e9 du 4 juin 2023). <strong>L\u2019ENSAPC n\u2019applique pas de droits de scolarit\u00e9 diff\u00e9renci\u00e9s pour les \u00e9tudiant\u00b7e\u00b7s non europ\u00e9en\u00b7nes. <\/strong><\/p>\n<p>Les droits d\u2019inscription aux examens d\u2019entr\u00e9e (en premi\u00e8re ann\u00e9e et en cours de cursus) sont d\u00e9termin\u00e9s chaque ann\u00e9e par un arr\u00eat\u00e9 du Minist\u00e8re de la culture. En 2025-2026, ils s\u2019\u00e9l\u00e8vent \u00e0 39 euros. Sur pr\u00e9sentation nominative d\u2019une bourse pour l\u2019ann\u00e9e en cours, les candidat\u00b7es boursier\u00b7es sont exon\u00e9r\u00e9\u00b7es des droits d\u2019inscription \u00e0 l\u2019examen d\u2019entr\u00e9e.[\/vc_column_text][\/vc_column][\/vc_row][vc_row el_id=\u00a0\u00bbconditions\u00a0\u00bb][vc_column][vc_column_text css=\u00a0\u00bb\u00a0\u00bb]<\/p>\n<h3>Conditions d\u2019admission<\/h3>\n<p>Le baccalaur\u00e9at ou un \u00e9quivalent est requis. Qu\u2019ils ou elles soient en pr\u00e9paration ou titulaires du baccalaur\u00e9at ou d\u2019un dipl\u00f4me \u00e9quivalent ou d\u00e9j\u00e0 inscrit\u00b7es dans l\u2019enseignement sup\u00e9rieur, et quelque soit leur nationalit\u00e9, tous\u00b7tes les candidat\u00b7es doivent imp\u00e9rativement candidater via le portail en ligne <a href=\"https:\/\/www.parcoursup.fr\/\">Parcoursup<\/a>, sans quoi leur candidature ne pourra \u00eatre prise en compte.<\/p>\n<p>Les candidat\u00b7es non bachelier\u00b7es peuvent n\u00e9anmoins faire une demande de d\u00e9rogation afin de pouvoir se pr\u00e9senter \u00e0 l\u2019examen d\u2019entr\u00e9e en 1<sup>\u00e8re<\/sup> ann\u00e9e ; dans ce cas, ils\u00b7elles doivent envoyer leur dossier de demande de d\u00e9rogation \u00e0 l\u2019adresse mail : <a href=\"mailto:concours.1annee@ensapc.fr\">concours.1annee@ensapc.fr<\/a> avant <strong>le 08 mars 2026.<\/strong><\/p>\n<p>Les candidat\u00b7es non francophones doivent justifier de leur niveau de langue fran\u00e7aise. A cet effet, ils doivent produire une attestation du TCF ou DELF niveau B2, une copie du relev\u00e9 de notes du baccalaur\u00e9at fran\u00e7ais ou une copie d\u2019un dipl\u00f4me de l\u2019enseignement sup\u00e9rieur fran\u00e7ais, inscrit au registre national des certifications professionnelles (RNCP). Le\u00a0<a href=\"https:\/\/www.ciep.fr\/\">Centre international d\u2019\u00e9tudes p\u00e9dagogiques<\/a>\u00a0organise des sessions de test de langue.\u2028Ce test doit \u00eatre pass\u00e9 aupr\u00e8s des organismes agr\u00e9\u00e9s (ambassades, alliances fran\u00e7aises, centres internationaux d\u2019\u00e9tudes p\u00e9dagogiques) pour \u00eatre d\u00e9clar\u00e9 recevable au moment des inscriptions.[\/vc_column_text][\/vc_column][\/vc_row][vc_row el_id=\u00a0\u00bbepreuves\u00a0\u00bb][vc_column][vc_column_text css=\u00a0\u00bb\u00a0\u00bb]<\/p>\n<h3>\u00c9preuves<\/h3>\n<p>Phase de pr\u00e9s\u00e9lection :<\/p>\n<p>1. Dossier d\u2019inscription avec les pi\u00e8ces demand\u00e9es et l\u2019expos\u00e9 libre indiquant vos motivations<br \/>\n2. Dossier de travaux artistiques personnels<br \/>\n3. Exercice de cr\u00e9ation<br \/>\n4. Texte libre sur une \u0153uvre, \u00e9v\u00e8nement ou une question artistique de votre choix<\/p>\n<p>Phase de s\u00e9lection :<\/p>\n<p>Entretien (15 minutes environ) avec un jury de au moins deux enseignant\u00b7es, au cours duquel le\u00b7a candidat\u00b7e pr\u00e9sente une s\u00e9lection de travaux personnels. L\u2019entretien permet \u00e9galement d\u2019\u00e9valuer sa capacit\u00e9 d\u2019analyse, sa motivation, son autonomie et sa connaissance des enjeux de la cr\u00e9ation contemporaine.[\/vc_column_text][\/vc_column][\/vc_row][vc_row el_id=\u00a0\u00bbresultats\u00a0\u00bb][vc_column][vc_column_text css=\u00a0\u00bb\u00a0\u00bb]<\/p>\n<h3>R\u00e9sultats<\/h3>\n<p>\u00c0 l\u2019issue de la proclamation des r\u00e9sultats et avant le 31 juillet de l\u2019ann\u00e9e d\u2019inscription, les futur\u00b7es \u00e9tudiant\u00b7es re\u00e7oivent \u00e0 l\u2019adresse postale qu\u2019ils\u00b7elles ont communiqu\u00e9 un dossier d\u2019inscription qu\u2019ils\u00b7elles doivent remettre au secr\u00e9tariat p\u00e9dagogique avec les pi\u00e8ces demand\u00e9es lors de la semaine des inscriptions en septembre. Ils\u00b7elles s\u2019acquitteront ce m\u00eame jour de leurs frais d\u2019inscription et de la CVEC selon le montant d\u00e9fini chaque ann\u00e9e par le minist\u00e8re de la Culture.[\/vc_column_text][\/vc_column][\/vc_row][vc_row el_id=\u00a0\u00bbcalendrier\u00a0\u00bb][vc_column][vc_column_text css=\u00a0\u00bb\u00a0\u00bb]<\/p>\n<h3>Calendrier 2026<\/h3>\n<p>Le dossier d\u2019inscription est t\u00e9l\u00e9chargeable sur cette page, \u00e0 la rubrique \u00ab\u00a0Dossier d&rsquo;inscription\u00a0\u00bb, du 19 janvier au 01 avril 2026.<br \/>\nLe calendrier suit <a href=\"https:\/\/www.parcoursup.fr\/index.php?desc=calendrier\" target=\"_blank\" rel=\"noopener noreferrer\">le calendrier de la plateforme Parcoursup<\/a>.<br \/>\nDate limite pour le d\u00e9p\u00f4t des dossiers de candidature : mercredi 01 avril 2026 minuit.<br \/>\nLes dates des entretiens oraux avec le jury sur la base du dossier auront lieu du 04 au 07 mai 2026.[\/vc_column_text][\/vc_column][\/vc_row][vc_row el_id=\u00a0\u00bbdossier\u00a0\u00bb][vc_column][vc_column_text css=\u00a0\u00bb\u00a0\u00bb]<\/p>\n<h3 style=\"text-align: left;\">Dossier d&rsquo;inscription<\/h3>\n<p>Dossier d\u2019inscription au concours d\u2019entr\u00e9e en premi\u00e8re ann\u00e9e, \u00e0 retourner compl\u00e9t\u00e9 \u00e0 l\u2019\u00e9cole en parall\u00e8le de l\u2019inscription sur Parcoursup. T\u00e9l\u00e9chargeable du 19 janvier au 01 avril 2026.<\/p>\n<p>[\/vc_column_text][vc_single_image image=\u00a0\u00bb14196&Prime; onclick=\u00a0\u00bbcustom_link\u00a0\u00bb css=\u00a0\u00bb.vc_custom_1768909067708{padding-left: 50px !important;}\u00a0\u00bb link=\u00a0\u00bbhttps:\/\/www.ensapc.fr\/wp-content\/uploads\/2026\/01\/DOSSIER-DINSCRIPTION-AU-CONCOURS-DENTREE-EN-1ere-ANNEE.pdf\u00a0\u00bb][vc_column_text css=\u00a0\u00bb\u00a0\u00bb]T\u00e9l\u00e9charger le dossier d&rsquo;inscription[\/vc_column_text][\/vc_column][\/vc_row][vc_row el_id=\u00a0\u00bbapa\u00a0\u00bb][vc_column][vc_column_text]<\/p>\n<h3>PREMI\u00c8RE ANN\u00c9E COMMUNE ARTS, PAYSAGE, ARCHITECTURE<\/h3>\n<p>D\u00e8s la rentr\u00e9e universitaire 2020, l\u2019\u00c9cole nationale sup\u00e9rieure d\u2019arts Paris-Cergy, l\u2019\u00c9cole nationale sup\u00e9rieure de paysage et l\u2019\u00c9cole nationale sup\u00e9rieure d\u2019architecture de Versailles proposent aux bachelier\u00b7e\u00b7s une premi\u00e8re ann\u00e9e d\u2019\u00e9tudes commune qui ouvre notamment vers leurs dipl\u00f4mes respectifs : le Dipl\u00f4me National d\u2019Art et le Dipl\u00f4me National Sup\u00e9rieur d\u2019Expression Plastique, le Dipl\u00f4me d\u2019Etat de Paysagiste et le Dipl\u00f4me d\u2019\u00c9tat d\u2019Architectes. De niveau L1, cette ann\u00e9e de formation propose un programme d\u2019enseignement transversal et pluridisciplinaire permettant aux futur\u00b7e\u00b7s \u00e9tudiant\u00b7e\u00b7s de m\u00fbrir leur parcours et de d\u00e9velopper une pratique personnelle du projet. Elle est principalement organis\u00e9e sur le site historique de l\u2019\u00c9cole nationale sup\u00e9rieure de paysage, le Potager du Roi, \u00e0 Versailles.<\/p>\n<p>Le baccalaur\u00e9at ou un \u00e9quivalent est requis. Qu\u2019ils ou elles soient en pr\u00e9paration ou titulaires du baccalaur\u00e9at ou d\u2019un dipl\u00f4me \u00e9quivalent ou d\u00e9j\u00e0 inscrit\u00b7e\u00b7s dans l\u2019enseignement sup\u00e9rieur, et quelque soit leur nationalit\u00e9, tous les candidat\u00b7e\u00b7s doivent imp\u00e9rativement candidater via le portail en ligne\u00a0<a href=\"https:\/\/www.parcoursup.fr\/\">Parcoursup<\/a>, sans quoi leur candidature ne pourra \u00eatre prise en compte.<\/p>\n<p>Les candidat\u00b7e\u00b7s non bachelier\u00b7e\u00b7s peuvent n\u00e9anmoins faire une demande de d\u00e9rogation afin de pouvoir se pr\u00e9senter \u00e0 l\u2019examen d\u2019entr\u00e9e en 1<sup>\u00e8re<\/sup>\u00a0ann\u00e9e ; dans ce cas, il faut que les candidat\u00b7e\u00b7s se rapprochent du secr\u00e9tariat p\u00e9dagogique de l\u2019\u00c9cole nationale sup\u00e9rieure de paysage (<a href=\"mailto:admission@ecole-paysage.fr\">admission@ecole-paysage.fr<\/a>)<\/p>\n<p><a href=\"http:\/\/www.ecole-paysage.fr\/site\/formation_paysagiste\/Premiere-annee-du-cycle-preparatoire.htm\" target=\"_blank\" rel=\"noopener\">Plus d\u2019informations sur le calendrier d\u2019inscription<\/a>[\/vc_column_text][\/vc_column][\/vc_row]<\/p>\n<\/div>","protected":false},"excerpt":{"rendered":"<p>[vc_row][vc_column][vc_single_image image=\u00a0\u00bb1191&Prime; img_size=\u00a0\u00bbfull\u00a0\u00bb alignment=\u00a0\u00bbcenter\u00a0\u00bb css_animation=\u00a0\u00bbbottom-to-top\u00a0\u00bb][\/vc_column][\/vc_row][vc_row el_id=\u00a0\u00bbg\u00e9n\u00e9ral\u00a0\u00bb][vc_column][vc_column_text css=\u00a0\u00bb\u00a0\u00bb]La proc\u00e9dure d\u2019admission en premi\u00e8re ann\u00e9e permet \u00e0 des candidat\u00b7e\u00b7s d\u2019int\u00e9grer l\u2019ENSAPC en d\u00e9but de cursus, sans limite d\u2019\u00e2ge et quelque soit leur nationalit\u00e9. Le montant annuel des droits de scolarit\u00e9 est fix\u00e9 \u00e0 458 \u20ac pour l\u2019ann\u00e9e 2025-2026 (Arr\u00eat\u00e9 du 4 juin 2023). L\u2019ENSAPC n\u2019applique pas de droits&#8230;  <a class=\"excerpt-read-more\" href=\"https:\/\/www.ensapc.fr\/fr\/admissions\/premiere-annee\/\" title=\"Read En premi\u00e8re ann\u00e9e\">Lire la suite &raquo;<\/a><\/p>\n","protected":false},"author":1,"featured_media":0,"parent":10,"menu_order":81,"comment_status":"closed","ping_status":"closed","template":"","meta":{"footnotes":""},"class_list":["post-171","page","type-page","status-publish","hentry"],"_links":{"self":[{"href":"https:\/\/www.ensapc.fr\/fr\/wp-json\/wp\/v2\/pages\/171","targetHints":{"allow":["GET"]}}],"collection":[{"href":"https:\/\/www.ensapc.fr\/fr\/wp-json\/wp\/v2\/pages"}],"about":[{"href":"https:\/\/www.ensapc.fr\/fr\/wp-json\/wp\/v2\/types\/page"}],"author":[{"embeddable":true,"href":"https:\/\/www.ensapc.fr\/fr\/wp-json\/wp\/v2\/users\/1"}],"replies":[{"embeddable":true,"href":"https:\/\/www.ensapc.fr\/fr\/wp-json\/wp\/v2\/comments?post=171"}],"version-history":[{"count":14,"href":"https:\/\/www.ensapc.fr\/fr\/wp-json\/wp\/v2\/pages\/171\/revisions"}],"predecessor-version":[{"id":14527,"href":"https:\/\/www.ensapc.fr\/fr\/wp-json\/wp\/v2\/pages\/171\/revisions\/14527"}],"up":[{"embeddable":true,"href":"https:\/\/www.ensapc.fr\/fr\/wp-json\/wp\/v2\/pages\/10"}],"wp:attachment":[{"href":"https:\/\/www.ensapc.fr\/fr\/wp-json\/wp\/v2\/media?parent=171"}],"curies":[{"name":"wp","href":"https:\/\/api.w.org\/{rel}","templated":true}]}}