{"id":175,"date":"2016-09-20T16:59:41","date_gmt":"2016-09-20T14:59:41","guid":{"rendered":"https:\/\/www.ensapc.fr\/fr\/?page_id=175"},"modified":"2026-01-06T10:18:04","modified_gmt":"2026-01-06T09:18:04","slug":"en-cours-de-cursus","status":"publish","type":"page","link":"https:\/\/www.ensapc.fr\/fr\/admissions\/en-cours-de-cursus\/","title":{"rendered":"En cours de cursus"},"content":{"rendered":"<div class=\"wpb-content-wrapper\"><p>[vc_row el_class=\u00a0\u00bbdates\u00a0\u00bb][vc_column][vc_single_image image=\u00a0\u00bb1192&Prime; img_size=\u00a0\u00bbfull\u00a0\u00bb alignment=\u00a0\u00bbcenter\u00a0\u00bb css_animation=\u00a0\u00bbright-to-left\u00a0\u00bb][\/vc_column][\/vc_row][vc_row el_class=\u00a0\u00bbg\u00e9n\u00e9ral\u00a0\u00bb el_id=\u00a0\u00bbg\u00e9n\u00e9ral\u00a0\u00bb][vc_column][vc_column_text css=\u00a0\u00bb\u00a0\u00bb]La proc\u00e9dure d\u2019admission par \u00e9quivalence est ouverte \u00e0 tous\u00b7tes les candidat\u00b7es qui justifient respectivement, selon l\u2019ann\u00e9e qu\u2019ils\u00b7elles souhaitent int\u00e9grer, de la validation de 60 ,120, 180 ou 240 cr\u00e9dits europ\u00e9ens ou \u00e9quivalents dans le domaine de l\u2019enseignement sup\u00e9rieur artistique.<\/p>\n<p>Le montant annuel des droits de scolarit\u00e9 est fix\u00e9 \u00e0 458 \u20ac pour l\u2019ann\u00e9e 2025-2026 (Arr\u00eat\u00e9 du 4 juin 2023. <strong>L\u2019ENSAPC n\u2019applique pas de droits de scolarit\u00e9 diff\u00e9renci\u00e9s pour les \u00e9tudiant\u00b7es non europ\u00e9en\u00b7nes.<\/strong><\/p>\n<p>Les droits d\u2019inscription aux examens d\u2019entr\u00e9e (en premi\u00e8re ann\u00e9e et par \u00e9quivalence) sont d\u00e9termin\u00e9s chaque ann\u00e9e par un arr\u00eat\u00e9 du minist\u00e8re de la Culture. En 2025-2026 ils s\u2019\u00e9l\u00e8vent \u00e0 39 euros. Sur pr\u00e9sentation nominative d\u2019une bourse pour l\u2019ann\u00e9e en cours, les candidat\u00b7es boursier\u00b7es sont exon\u00e9r\u00e9\u00b7es des droits d\u2019inscription \u00e0 l\u2019examen d\u2019entr\u00e9e.[\/vc_column_text][\/vc_column][\/vc_row][vc_row el_id=\u00a0\u00bbadmission1&Prime;][vc_column][vc_column_text css=\u00a0\u00bb\u00a0\u00bb]<\/p>\n<h3>CRIT\u00c8RES D\u2019ADMISSION<\/h3>\n<p>Les cr\u00e9dits seront reconnus dans les cas suivants s\u2019ils ont \u00e9t\u00e9 obtenus :<\/p>\n<p>1. En France dans le cadre d\u2019un enseignement suivi :<br \/>\n\u2013\u00a0Soit dans un \u00e9tablissement d\u2019enseignement sup\u00e9rieur public\u2028;<br \/>\n\u2013\u00a0Soit dans un \u00e9tablissement sup\u00e9rieur priv\u00e9 \u00e0 condition que le dit \u00e9tablissement ait \u00e9t\u00e9 reconnu par l\u2019\u00c9tat ou que le cycle d\u2019\u00e9tudes suivi par le\u00b7a candidat\u00b7e dans cet \u00e9tablissement soit sanctionn\u00e9 par un titre inscrit au registre national des certifications professionnelles (RNCP)<\/p>\n<p>2. Dans un \u00c9tat membre de l\u2019Union europ\u00e9enne ou de l\u2019Espace \u00e9conomique europ\u00e9en, la Conf\u00e9d\u00e9ration suisse, \u00e0 Monaco ou en Andorre.<\/p>\n<p>3. En ce qui concerne les dipl\u00f4mes et cr\u00e9dits obtenus hors des pays membres de l\u2019Espace europ\u00e9en de l\u2019Enseignement sup\u00e9rieur, ces derniers feront l\u2019objet d\u2019un contr\u00f4le de leur comparabilit\u00e9 avec les dipl\u00f4mes fran\u00e7ais et les cr\u00e9dits europ\u00e9ens.<\/p>\n<p><strong><br \/>\nEN PREMIER CYCLE<\/strong><\/p>\n<p>Les candidat\u00b7es \u00e0 l\u2019entr\u00e9e en premier cycle (licence) doivent justifier de l\u2019obtention de 60 cr\u00e9dits europ\u00e9ens valid\u00e9s dans le cadre d\u2019un \u00e9tablissement d\u2019enseignement sup\u00e9rieur pour une entr\u00e9e en deuxi\u00e8me ann\u00e9e.<\/p>\n<p>Un candidat ayant d\u00e9j\u00e0 obtenu un DNA ou inscrit en 3<sup>\u00e8me<\/sup> ann\u00e9e dans une autre \u00e9cole d\u2019art dans la m\u00eame option (Art) ne peux pas candidater pour une admission en premier cycle<em>.<\/em><\/p>\n<p>Les candidat\u00b7es non francophones doivent justifier de leur niveau de langue fran\u00e7aise. Pour cela, ils doivent produire une attestation du TCF ou DELF niveau B2, une copie du relev\u00e9 de notes du baccalaur\u00e9at fran\u00e7ais ou une copie d\u2019un dipl\u00f4me de l\u2019enseignement sup\u00e9rieur fran\u00e7ais, inscrit au registre national des certifications professionnelles (RNCP). Le\u00a0<a href=\"https:\/\/www.ciep.fr\/\">Centre international d\u2019\u00e9tudes p\u00e9dagogiques<\/a>\u00a0organise des sessions de test de langue.\u2028 Ce test doit \u00eatre pass\u00e9 d\u2019octobre \u00e0 f\u00e9vrier de chaque ann\u00e9e, aupr\u00e8s des organismes agr\u00e9\u00e9s (ambassades, alliances fran\u00e7aises, centres internationaux d\u2019\u00e9tudes p\u00e9dagogiques) pour \u00eatre recevable au moment des inscriptions par \u00e9quivalence.<\/p>\n<p>Lors d\u2019un entretien individuel de 15 minutes, le\u00b7a candidat\u00b7e expose ses motivations et pr\u00e9sente ses travaux plastiques devant un jury compos\u00e9 de la directrice de l\u2019\u00e9tablissement ou sa repr\u00e9sentante et de trois enseignant\u00b7es.<\/p>\n<p><strong><br \/>\nEN SECOND CYCLE<\/strong><\/p>\n<p>Pour la rentr\u00e9e universitaire 2026-2027, l\u2019ENSAPC n\u2019organise pas de commission d\u2019\u00e9quivalence de 2<sup>\u00e8me<\/sup> cycle (Master).[\/vc_column_text][\/vc_column][\/vc_row][vc_row el_id=\u00a0\u00bbhorsunion\u00a0\u00bb][vc_column][vc_column_text]<\/p>\n<h3>PROC\u00c9DURES POUR LES CANDIDAT\u00b7E\u00b7S R\u00c9SIDANT HORS DE L&rsquo;UNION EUROP\u00c9ENNE<\/h3>\n<p>Les candidat\u00b7e\u00b7s qui r\u00e9sident dans un pays disposant d\u2019un <a href=\"https:\/\/www.campusfrance.org\/fr\/candidature-procedure-etudes-en-france\">espace Campus France mettant en \u0153uvre la proc\u00e9dure \u00ab Etudes en France \u00bb<\/a>\u00a0doivent imp\u00e9rativement transmettre leur candidature \u00e0 travers cette proc\u00e9dure.<\/p>\n<p>Les candidat\u00b7e\u00b7s des pays qui n\u2019adh\u00e8rent pas \u00e0 la convention Campus France, peuvent transmettre leur candidature directement \u00e0 l\u2019ENSAPC, en remplissant le formulaire qu\u2019ils\u00b7elles auront au pr\u00e9alable t\u00e9l\u00e9charg\u00e9 sur cette page.<\/p>\n<p>Dans tous les cas, les candidat\u00b7e\u00b7s doivent justifier de trois ann\u00e9es d\u2019\u00e9tudes artistiques apr\u00e8s le baccalaur\u00e9at (ou \u00e9quivalentes), et justifier d\u2019une ma\u00eetrise suffisante de la langue fran\u00e7aise (attestation du TCF ou DELF).<\/p>\n<p>Les candidat\u00b7e\u00b7s \u00ab\u00a0\u00c9tudes en France\u00a0\u00bb ont \u00e9galement la possibilit\u00e9 de soumettre leur candidature \u00e0 travers le <a href=\"http:\/\/www.campusart.org\">r\u00e9seau Campus Art <\/a>dont l\u2019ENSAPC fait partie. Ces candidat\u00b7e\u00b7s ne doivent pas t\u00e9l\u00e9charger le formulaire d\u2019\u00e9quivalence disponible sur le site de l\u2019ENSAPC mais s\u2019inscrivent directement sur le site internet de Campus France de leur pays de r\u00e9sidence actuelle. L\u2019attestation du TCF ou DELF B2 doit \u00eatre fournie lors de cette inscription. Un entretien est pr\u00e9vu avec le conseiller culturel de l\u2019espace Campus France du pays o\u00f9 r\u00e9sident les candidat\u00b7e\u00b7s.<\/p>\n<p>Lors d\u2019un entretien individuel de 15 minutes par visioconf\u00e9rence, le\u00b7a candidat\u00b7e expose ses motivations et pr\u00e9sente ses travaux plastiques devant un jury compos\u00e9 de trois enseignant\u00b7e\u00b7s. Ces entretiens se d\u00e9roulent en m\u00eame temps que les admissions en cours de cursus pour les candidat\u00b7e\u00b7s r\u00e9sidant dans l\u2019Union Europ\u00e9enne.<\/p>\n<p>Les r\u00e9sultats sont transmis directement \u00e0 Campus France dans un d\u00e9lai d\u2019un mois.<\/p>\n<p>Les candidat\u00b7e\u00b7s admis\u00b7e\u00b7s en second cycle (Master) devront envoyer au secr\u00e9tariat p\u00e9dagogique une note d\u2019intention d\u2019une page (1500 signes) pr\u00e9cisant la th\u00e9matique envisag\u00e9e du m\u00e9moire qu\u2019ils\u00b7elles devront r\u00e9aliser en 4<sup>e<\/sup> ann\u00e9e. Cette note d\u2019intention est obligatoire pour la validation de leur inscription.<\/p>\n<p>Pour les \u00e9tudiant\u00b7e\u00b7s ne r\u00e9sidant pas en France, la mobilit\u00e9 internationale en 4<sup>e<\/sup> ann\u00e9e est facultative. Toutefois, celles et ceux qui souhaitent r\u00e9aliser un voyage d\u2019\u00e9tudes en 4<sup>e<\/sup> ann\u00e9e devront faire parvenir leurs v\u0153ux de mobilit\u00e9 internationale au secr\u00e9tariat p\u00e9dagogique\u00a0avec leur note d\u2019intention sur le m\u00e9moire pour confirmer leur inscription.[\/vc_column_text][\/vc_column][\/vc_row][vc_row el_class=\u00a0\u00bbdates\u00a0\u00bb el_id=\u00a0\u00bbcalendrier\u00a0\u00bb][vc_column][vc_column_text css=\u00a0\u00bb\u00a0\u00bb]<\/p>\n<h3><strong>CALENDRIER 2026<\/strong><\/h3>\n<p>Le dossier d\u2019inscription est \u00e0 t\u00e9l\u00e9charger sur le site internet \u00e0 partir du\u00a0<strong><u>06 janvier 2026<\/u><\/strong><u>.\u00a0<\/u>La date limite de d\u00e9p\u00f4t de votre dossier num\u00e9rique est fix\u00e9e au<strong><u>\u00a002 f\u00e9vrier 2026<\/u><\/strong>. Au-del\u00e0 de cette date limite, les candidatures ne seront plus accept\u00e9es, et tout dossier dont les pi\u00e8ces justificatives ne seront pas parvenues \u00e0 l\u2019\u00e9cole dans les d\u00e9lais fix\u00e9s, sera consid\u00e9r\u00e9 comme irrecevable. Il est donc fortement conseill\u00e9 de ne pas attendre le dernier jour pour t\u00e9l\u00e9charger le dossier et s\u2019inscrire aux examens par \u00e9quivalence.<\/p>\n<p>L\u2019attestation d\u00e9finitive de langue fran\u00e7aise pour les candidat\u00b7es internationaux\u00b7ales non francophones doit \u00eatre adress\u00e9e au service des \u00e9tudes par mail \u00e0\u00a0<a href=\"mailto:equivalence1@ensapc.fr\">equivalence1@ensapc.fr<\/a>\u00a0pour une entr\u00e9e en deuxi\u00e8me ann\u00e9e <strong>\u00a0avant le 06 mars 2026<\/strong>.<\/p>\n<p>Anticipez votre inscription au test de connaissance du fran\u00e7ais (TCF) car la plupart des centres n\u2019acceptent les inscriptions qu\u2019un mois avant la date d\u2019examen pour le TCF Tout Public et les places sont limit\u00e9es \u00e0 10 par session et vite prises. Le TCF \u00e9tant un certificat et non un dipl\u00f4me, il n\u2019est valable que deux ans apr\u00e8s la date d\u2019examen pass\u00e9e. Veillez \u00e0 ce qu\u2019il soit valide au moment de votre inscription par \u00e9quivalence.<\/p>\n<p>Le TCF est payant, il est donc \u00e0 votre charge. Seules les \u00e9preuves obligatoires du TCF sont n\u00e9cessaires pour pr\u00e9senter l\u2019\u00e9quivalence \u00e0 l\u2019ENSAPC.<\/p>\n<p>Les entretiens avec le jury auront lieu\u00a0<strong><u>entre le 25 et le 27 mars 2026 inclus<\/u><\/strong>\u00a0(les convocations seront envoy\u00e9es une quinzaine de jours avant la date des entretiens).[\/vc_column_text][\/vc_column][\/vc_row][vc_row el_id=\u00a0\u00bbdossier-inscription\u00a0\u00bb][vc_column][vc_column_text css=\u00a0\u00bb\u00a0\u00bb]<\/p>\n<h3>DOSSIER D&rsquo;INSCRIPTION<\/h3>\n<p><a href=\"https:\/\/www.ensapc.fr\/wp-content\/uploads\/2026\/01\/Dossier-candidature-commission-equivalence-2026-1.pdf\">T\u00e9l\u00e9charger le dossier d&rsquo;inscription<\/a>[\/vc_column_text][vc_column_text][\/vc_column_text][\/vc_column][\/vc_row]<\/p>\n<\/div>","protected":false},"excerpt":{"rendered":"<p>[vc_row el_class=\u00a0\u00bbdates\u00a0\u00bb][vc_column][vc_single_image image=\u00a0\u00bb1192&Prime; img_size=\u00a0\u00bbfull\u00a0\u00bb alignment=\u00a0\u00bbcenter\u00a0\u00bb css_animation=\u00a0\u00bbright-to-left\u00a0\u00bb][\/vc_column][\/vc_row][vc_row el_class=\u00a0\u00bbg\u00e9n\u00e9ral\u00a0\u00bb el_id=\u00a0\u00bbg\u00e9n\u00e9ral\u00a0\u00bb][vc_column][vc_column_text css=\u00a0\u00bb\u00a0\u00bb]La proc\u00e9dure d\u2019admission par \u00e9quivalence est ouverte \u00e0 tous\u00b7tes les candidat\u00b7es qui justifient respectivement, selon l\u2019ann\u00e9e qu\u2019ils\u00b7elles souhaitent int\u00e9grer, de la validation de 60 ,120, 180 ou 240 cr\u00e9dits europ\u00e9ens ou \u00e9quivalents dans le domaine de l\u2019enseignement sup\u00e9rieur artistique. Le montant annuel des droits de scolarit\u00e9 est&#8230;  <a class=\"excerpt-read-more\" href=\"https:\/\/www.ensapc.fr\/fr\/admissions\/en-cours-de-cursus\/\" title=\"Read En cours de cursus\">Lire la suite &raquo;<\/a><\/p>\n","protected":false},"author":1,"featured_media":0,"parent":10,"menu_order":84,"comment_status":"closed","ping_status":"closed","template":"","meta":{"footnotes":""},"class_list":["post-175","page","type-page","status-publish","hentry"],"_links":{"self":[{"href":"https:\/\/www.ensapc.fr\/fr\/wp-json\/wp\/v2\/pages\/175","targetHints":{"allow":["GET"]}}],"collection":[{"href":"https:\/\/www.ensapc.fr\/fr\/wp-json\/wp\/v2\/pages"}],"about":[{"href":"https:\/\/www.ensapc.fr\/fr\/wp-json\/wp\/v2\/types\/page"}],"author":[{"embeddable":true,"href":"https:\/\/www.ensapc.fr\/fr\/wp-json\/wp\/v2\/users\/1"}],"replies":[{"embeddable":true,"href":"https:\/\/www.ensapc.fr\/fr\/wp-json\/wp\/v2\/comments?post=175"}],"version-history":[{"count":11,"href":"https:\/\/www.ensapc.fr\/fr\/wp-json\/wp\/v2\/pages\/175\/revisions"}],"predecessor-version":[{"id":10652,"href":"https:\/\/www.ensapc.fr\/fr\/wp-json\/wp\/v2\/pages\/175\/revisions\/10652"}],"up":[{"embeddable":true,"href":"https:\/\/www.ensapc.fr\/fr\/wp-json\/wp\/v2\/pages\/10"}],"wp:attachment":[{"href":"https:\/\/www.ensapc.fr\/fr\/wp-json\/wp\/v2\/media?parent=175"}],"curies":[{"name":"wp","href":"https:\/\/api.w.org\/{rel}","templated":true}]}}