{"id":181,"date":"2016-09-20T17:20:05","date_gmt":"2016-09-20T15:20:05","guid":{"rendered":"https:\/\/www.ensapc.fr\/fr\/?page_id=181"},"modified":"2025-11-18T15:45:57","modified_gmt":"2025-11-18T14:45:57","slug":"vae","status":"publish","type":"page","link":"https:\/\/www.ensapc.fr\/fr\/admissions\/vae\/","title":{"rendered":"VAE"},"content":{"rendered":"<div class=\"wpb-content-wrapper\"><p>[vc_row el_id=\u00a0\u00bbg\u00e9n\u00e9ral\u00a0\u00bb][vc_column][vc_column_text css=\u00a0\u00bb\u00a0\u00bb]La validation des acquis et de l\u2019exp\u00e9rience (VAE) est un dispositif qui permet l\u2019obtention de tout ou partie d\u2019une certification (dipl\u00f4me, titre \u00e0 finalit\u00e9 professionnelle ou certificat de qualification professionnelle) sur la base d\u2019une exp\u00e9rience professionnelle salari\u00e9e, non salari\u00e9e, b\u00e9n\u00e9vole et\/ou volontaire. Cette exp\u00e9rience est valid\u00e9e par un jury issu du domaine de comp\u00e9tences concern\u00e9.<\/p>\n<p><strong>Le DNSEP (Dipl\u00f4me national sup\u00e9rieur d\u2019expression plastique) d\u00e9livr\u00e9 par l\u2019ENSAPC<\/strong> est enregistr\u00e9 au registre national des certifications professionnelles au niveau I (RNCP), sous le code RNCP36752 dont le libell\u00e9 est \u00ab DNSEP- Dipl\u00f4me national sup\u00e9rieur d&rsquo;expression plastique (DNSEP) \u00bb. L\u2019ENSAPC est centre de validation pour la VAE du DNSEP <strong>option Art.\u00a0<\/strong>[\/vc_column_text][\/vc_column][\/vc_row][vc_row el_id=\u00a0\u00bbpr\u00e9requis\u00a0\u00bb][vc_column][vc_column_text]<\/p>\n<h3><strong>PR\u00c9REQUIS<\/strong><\/h3>\n<p>La VAE est un droit individuel inscrit dans le code du travail ouvert \u00e0 toute personne, quels que soient son \u00e2ge, sa nationalit\u00e9, son statut et son niveau de formation, justifiant d\u2019au moins d\u2019un an d\u2019exp\u00e9rience en rapport direct avec la certification vis\u00e9e dans le domaine concern\u00e9.<\/p>\n<p>L\u2019activit\u00e9 peut avoir \u00e9t\u00e9 exerc\u00e9e en France ou \u00e0 l\u2019\u00e9tranger sous diff\u00e9rents statuts\u00a0: activit\u00e9 salari\u00e9e, activit\u00e9 non salari\u00e9e, b\u00e9n\u00e9vole et\/ou volontaire. Elle peut \u00eatre actuelle ou r\u00e9volue, continue ou discontinue, \u00eatre ou avoir \u00e9t\u00e9 r\u00e9alis\u00e9e \u00e0 temps plein ou \u00e0 temps partiel. Les p\u00e9riodes de formation initiale ou continue en milieu professionnel peuvent \u00eatre prises en compte dans la dur\u00e9e d\u2019activit\u00e9.<\/p>\n<p>Depuis l\u2019adoption de la loi travail du 8 ao\u00fbt 2016, la dur\u00e9e minimum d\u2019activit\u00e9 requise pour que la demande soit recevable est d\u2019un an.[\/vc_column_text][\/vc_column][\/vc_row][vc_row el_id=\u00a0\u00bbd\u00e9roulement\u00a0\u00bb][vc_column][vc_column_text css=\u00a0\u00bb\u00a0\u00bb]<\/p>\n<h3><strong>D\u00c9ROULEMENT DE LA VAE<\/strong><\/h3>\n<p>Elle s\u2019articule en deux parties :<\/p>\n<p><strong>La partie I<\/strong>\u00a0est consacr\u00e9e \u00e0 l\u2019analyse de la demande de recevabilit\u00e9. Elle se concr\u00e9tise par le d\u00e9p\u00f4t \u00e0 l\u2019\u00e9cole d\u2019une demande de candidature. Une commission de recevabilit\u00e9 examine cette demande et v\u00e9rifie l\u2019ad\u00e9quation entre l\u2019exp\u00e9rience acquise au regard des activit\u00e9s salari\u00e9es, non salari\u00e9es et\/ou b\u00e9n\u00e9voles exerc\u00e9es par le\u00b7la candidat\u00b7e et le r\u00e9f\u00e9rentiel du dipl\u00f4me vis\u00e9 (RNCP). Si cette commission se prononce favorablement, le\u00b7la candidat\u00b7e est admis\u00b7e \u00e0 se pr\u00e9senter \u00e0 la certification vis\u00e9e. La recevabilit\u00e9 ne pr\u00e9juge pas de la d\u00e9cision du jury du DNSEP.<\/p>\n<p><strong>La partie II\u00a0<\/strong>consiste en la pr\u00e9paration du dipl\u00f4me et la soutenance devant un jury. Le\u00b7la candidat\u00b7e se pr\u00e9sente devant un jury compos\u00e9 de cinq membres, dont deux professionnel\u00b7le\u00b7s et une personnalit\u00e9 qualifi\u00e9e dans le domaine de comp\u00e9tences concern\u00e9 et ext\u00e9rieur\u00b7e\u00b7s \u00e0 l\u2019\u00e9tablissement, et deux enseignant\u00b7e\u00b7s \u2014 un\u00b7e titulaire d\u2019un dipl\u00f4me de doctorat et un\u00b7e practicien\u00b7ne du domaine de comp\u00e9tences concern\u00e9. Il s\u2019agit de deux \u00e9preuves\u00a0:<\/p>\n<p>1. un entretien de 30 minutes portant sur le dossier de demande de validation des acquis parties 1 et 2 devant faire \u00e9tat de la nature des engagements artistiques et professionnels du\u00b7de la candidat\u00b7e, de ses travaux ant\u00e9rieurs ainsi que de sa motivation \u00e0 obtenir la certification vis\u00e9e au regard de ces enjeux ;<\/p>\n<p>2. un entretien portant sur la pr\u00e9sentation du travail plastique du\/de la candidat-e d\u2019une dur\u00e9e de 40 minutes. Le\u00b7la candidat\u00b7e pr\u00e9sente de mani\u00e8re formelle, critique, raisonn\u00e9e et m\u00e9thodologique, son travail r\u00e9alis\u00e9 au cours d\u2019une ann\u00e9e compl\u00e8te pr\u00e9c\u00e9dant la date de l\u2019\u00e9preuve. Il\u00b7elle doit mettre en avant ses engagements par rapport aux champs artistiques et professionnels et mettre en lumi\u00e8re sa capacit\u00e9 \u00e0 mobiliser un bagage historique et th\u00e9orique de nature \u00e0 \u00e9clairer le jury sur le travail pr\u00e9sent\u00e9.[\/vc_column_text][\/vc_column][\/vc_row][vc_row el_id=\u00a0\u00bbaccompagnement\u00a0\u00bb][vc_column][vc_column_text]<\/p>\n<h3><strong>ACCOMPAGNEMENT P\u00c9DAGOGIQUE<br \/>\n<\/strong><\/h3>\n<p>Afin de mieux pr\u00e9parer la soutenance de la certification vis\u00e9e, le\u00b7la candidat\u00b7e peut b\u00e9n\u00e9ficier, s\u2019il\u00b7elle le souhaite, d\u2019un accompagnement p\u00e9dagogique. Celui-ci est facultatif mais reste n\u00e9anmoins vivement conseill\u00e9 car il permet aux candidat\u00b7e\u00b7s de b\u00e9n\u00e9ficier d\u2019une assistance m\u00e9thodologique pour la pr\u00e9paration et la pr\u00e9sentation du dipl\u00f4me devant le jury.[\/vc_column_text][\/vc_column][\/vc_row][vc_row el_id=\u00a0\u00bbinscriptions\u00a0\u00bb][vc_column][vc_column_text css=\u00a0\u00bb\u00a0\u00bb]<\/p>\n<h3><strong>INSCRIPTIONS<\/strong><\/h3>\n<p>Le\u00b7la candidat\u00b7e doit t\u00e9l\u00e9charger la demande de validit\u00e9 des acquis et de l\u2019exp\u00e9rience\u00a0<strong>(VAE, partie I)<\/strong>\u00a0et le livret de recevabilit\u00e9\u00a0<strong>(CERFA),<\/strong>\u00a0sur le site internet de l\u2019ENSAPC. Il\u00b7elle ne doit remplir que la partie I de la demande de VAE, qui est centr\u00e9e sur son parcours professionnel, ainsi que le livret de recevabilit\u00e9.<\/p>\n<p>Ces deux documents seront \u00e0 adresser par mail \u00e0 la personne en charge de la VAE, accompagn\u00e9s de l\u2019ensemble des pi\u00e8ces requises pour <u>le 14 novembre 2025<\/u> inclus jusqu&rsquo;\u00e0 minuit (date du mail faisant foi) :<\/p>\n<p>Nad\u00e8ge Coret<br \/>\nAssistante p\u00e9dagogique<br \/>\nENSA de Paris Cergy<br \/>\n2 rue des Italiens<br \/>\n95000 Cergy-Pontoise<br \/>\nT\u00a0: 01 30 30 78 87<br \/>\nEmail\u00a0:\u00a0<a href=\"mailto:nadege.coret@ensapc.fr\">nadege.coret@ensapc.fr<\/a><\/p>\n<p>Une preuve de virement d&rsquo;un montant de 83\u20ac correspondant aux frais pour l\u2019analyse de la demande de recevabilit\u00e9 doit \u00eatre joint <u>imp\u00e9rativement<\/u>\u00a0lors du d\u00e9p\u00f4t de la demande de VAE. Toute demande incompl\u00e8te ne sera pas prise en consid\u00e9ration.<\/p>\n<p>Un\u00b7e candidat\u00b7e ne peut d\u00e9poser qu\u2019une seule demande au cours de la m\u00eame ann\u00e9e civile et pour un dipl\u00f4me, et ne peut saisir qu\u2019un seul \u00e9tablissement. Pour les dipl\u00f4mes diff\u00e9rents, il\u00b7elle ne peut d\u00e9poser plus de trois demandes au cours de la m\u00eame ann\u00e9e civile.<strong>\u00a0<\/strong>[\/vc_column_text][\/vc_column][\/vc_row][vc_row el_id=\u00a0\u00bbdroits-inscriptions\u00a0\u00bb][vc_column][vc_column_text css=\u00a0\u00bb\u00a0\u00bb]<\/p>\n<h3><strong>DROITS D\u2019INSCRIPTION<\/strong><\/h3>\n<p>Dans les \u00e9tablissements d\u2019enseignement sup\u00e9rieur relevant du minist\u00e8re de la culture, les droits d\u2019inscription \u00e0 la VAE sont d\u00e9termin\u00e9s annuellement par un arr\u00eat\u00e9 minist\u00e9riel. Pour l\u2019ann\u00e9e 2025-2026, le co\u00fbt global de la VAE est fix\u00e9 \u00e0 814 \u20ac. Le candidat \u00e0 la VAE doit s\u2019acquitter d\u2019un montant de 83 \u20ac correspondant aux frais d\u2019analyse de la recevabilit\u00e9 lors du d\u00e9p\u00f4t de la demande (partie I de la VAE).<\/p>\n<p>Si la candidature est d\u00e9clar\u00e9e recevable, le\u00b7la candidat\u00b7e devra s\u2019acquitter d\u2019un second montant de 731 \u20ac correspondant \u00e0 la partie II de la VAE concernant les frais de proc\u00e9dure : co\u00fbts administratifs, frais de jury et suivi des prescriptions.<\/p>\n<p>Si la\u00b7le candidat\u00b7e n\u2019est pas en mesure de b\u00e9n\u00e9ficier d\u2019un financement pour la seconde partie de la VAE, et sur pr\u00e9sentation d\u2019une attestation sur l\u2019honneur qu\u2019aucun organisme ne prend en charge le financement de sa formation VAE, le\u00b7la chef\u00b7fe d\u2019\u00e9tablissement applique un tarif r\u00e9duit qui s\u2019\u00e9l\u00e8ve \u00e0 366 \u20ac. Si une candidature est d\u00e9clar\u00e9e irrecevable, la somme de 83 \u20ac initialement vers\u00e9e demeure acquise \u00e0 l\u2019institution.<\/p>\n<p>Le code du travail assimile l\u2019accompagnement VAE \u00e0 une action de formation professionnelle continue, notamment en ce qui concerne le financement. La formation peut donc \u00eatre financ\u00e9e par un organisme agr\u00e9\u00e9. Le\u00b7la salari\u00e9\u00b7e peut solliciter son employeur\u00b7euse pour b\u00e9n\u00e9ficier d\u2019un cong\u00e9 de validation des acquis de l\u2019exp\u00e9rience et pour la prise en charge des frais inh\u00e9rents \u00e0 cette d\u00e9marche. Les demandeur\u00b7euse\u00b7s d\u2019emploi peuvent \u00e9galement demander une prise en charge par le biais de p\u00f4le emploi.<\/p>\n<p><a href=\"http:\/\/www.vae.gouv.fr\/\">Plus d&rsquo;informations sur les conditions et les modalit\u00e9s de financement<\/a>[\/vc_column_text][\/vc_column][\/vc_row][vc_row el_id=\u00a0\u00bbvalidation-partielle\u00a0\u00bb][vc_column][vc_column_text]<\/p>\n<h3><strong>VALIDATION PARTIELLE<\/strong><\/h3>\n<p>En cas de validation partielle, le jury pr\u00e9cise la nature des connaissances et des aptitudes devant faire l\u2019objet de formations compl\u00e9mentaires. Le\u00b7la candidat\u00b7e conserve donc le b\u00e9n\u00e9fice de la validation partielle de ses acquis de l\u2019exp\u00e9rience pendant cinq ans \u00e0 partir de son obtention. Une validation partielle du jury peut conduire \u00e0 l\u2019obtention du dipl\u00f4me DNA valant grade de licence.[\/vc_column_text][\/vc_column][\/vc_row][vc_row el_id=\u00a0\u00bbcalendrier\u00a0\u00bb][vc_column][vc_column_text css=\u00a0\u00bb\u00a0\u00bb]<\/p>\n<h3>CALENDRIER 2024-2025 DE LA PROC\u00c9DURE DE VAE<\/h3>\n<p>[\/vc_column_text][\/vc_column][\/vc_row][vc_row css=\u00a0\u00bb.vc_custom_1588859312600{padding-left: 25px !important;}\u00a0\u00bb][vc_column css=\u00a0\u00bb.vc_custom_1587028586862{padding-right: 10px !important;padding-left: 30px !important;}\u00a0\u00bb][vc_column_text css=\u00a0\u00bb\u00a0\u00bb]<\/p>\n<table style=\"height: 1130px;\" width=\"476\">\n<tbody>\n<tr>\n<td width=\"230\">&nbsp;<\/p>\n<p>Retrait et d\u00e9p\u00f4t des dossiers de candidatures\u00a0:<\/p>\n<p>Partie I du formulaire de demande de VAE + Livret de recevabilit\u00e9 CERFA N\u00b012818*02- \u00e0 t\u00e9l\u00e9charger ci-dessous<\/p>\n<p>&nbsp;<\/td>\n<td width=\"230\">&nbsp;<\/p>\n<p style=\"text-align: left;\">6 octobre 2025 au 14 novembre 2025 inclus (d\u00e9p\u00f4t de demande inclus, uniquement par mail)<\/p>\n<p>&nbsp;<\/td>\n<\/tr>\n<tr>\n<td width=\"230\">&nbsp;<\/p>\n<p>Commission de recevabilit\u00e9 : analyse de la recevabilit\u00e9 des demandes<\/p>\n<p>&nbsp;<\/td>\n<td width=\"230\">&nbsp;<\/p>\n<p style=\"text-align: left;\">1er &#8211; 12 d\u00e9cembre 2025<\/p>\n<p>&nbsp;<\/td>\n<\/tr>\n<tr>\n<td width=\"230\">&nbsp;<\/p>\n<p>Communication des r\u00e9sultats de la commission aux candidat\u00b7e\u00b7s<\/p>\n<p>&nbsp;<\/td>\n<td width=\"230\">&nbsp;<\/p>\n<p style=\"text-align: left;\">15 janvier 2026<\/p>\n<p>&nbsp;<\/td>\n<\/tr>\n<tr>\n<td width=\"230\">&nbsp;<\/p>\n<p>Accompagnement et assistance m\u00e9thodologique facultatif et sous r\u00e9serve de la disponibilit\u00e9 des enseignant\u00b7e\u00b7s<\/p>\n<p>&nbsp;<\/td>\n<td width=\"230\">&nbsp;<\/p>\n<p style=\"text-align: left;\">2<sup>\u00e8me<\/sup> semestre 2026 : du 19 janvier au 19 juin 2026<\/p>\n<p>&nbsp;<\/td>\n<\/tr>\n<tr>\n<td width=\"230\">&nbsp;<\/p>\n<p>R\u00e9ception au p\u00f4le p\u00e9dagogique de la partie II de la demande :<\/p>\n<p>Dossier argumentaire sur le parcours professionnel (activit\u00e9s men\u00e9es en lien avec le r\u00e9f\u00e9rentiel du dipl\u00f4me vis\u00e9 et un projet artistique)<\/p>\n<p>&nbsp;<\/td>\n<td width=\"230\">&nbsp;<\/p>\n<p style=\"text-align: left;\">19 juin 2026 (date de d\u00e9p\u00f4t inclus &#8211; cinq exemplaires pour chaque membre du jury et une version num\u00e9rique \u00e0 fournir)<\/p>\n<p>&nbsp;<\/td>\n<\/tr>\n<tr>\n<td width=\"230\">&nbsp;<\/p>\n<p>Soutenances VAE<\/p>\n<p>&nbsp;<\/td>\n<td style=\"text-align: left;\" width=\"230\">Du 1er juillet au 10 juillet 2026 (dates pr\u00e9visionnelles, sous r\u00e9serve de modification)<\/td>\n<\/tr>\n<\/tbody>\n<\/table>\n<p>[\/vc_column_text][vc_separator color=\u00a0\u00bbjuicy_pink\u00a0\u00bb][\/vc_column][\/vc_row][vc_row el_id=\u00a0\u00bbdocs\u00a0\u00bb][vc_column width=\u00a0\u00bb1\/3&Prime;][vc_single_image image=\u00a0\u00bb14198&Prime; alignment=\u00a0\u00bbcenter\u00a0\u00bb onclick=\u00a0\u00bbcustom_link\u00a0\u00bb img_link_target=\u00a0\u00bb_blank\u00a0\u00bb css_animation=\u00a0\u00bbappear\u00a0\u00bb css=\u00a0\u00bb\u00a0\u00bb][vc_column_text css=\u00a0\u00bb\u00a0\u00bb]<\/p>\n<p style=\"text-align: center;\">Formulaire demande VAE<\/p>\n<p style=\"text-align: center;\">LES CANDIDATURES SONT CLOSES<\/p>\n<p>[\/vc_column_text][\/vc_column][vc_column width=\u00a0\u00bb1\/3&Prime;][vc_single_image image=\u00a0\u00bb14198&Prime; alignment=\u00a0\u00bbcenter\u00a0\u00bb onclick=\u00a0\u00bbcustom_link\u00a0\u00bb img_link_target=\u00a0\u00bb_blank\u00a0\u00bb css_animation=\u00a0\u00bbappear\u00a0\u00bb css=\u00a0\u00bb\u00a0\u00bb][vc_column_text css=\u00a0\u00bb\u00a0\u00bb]<\/p>\n<p style=\"text-align: center;\">Livret de recevabilit\u00e9 Cerfa<\/p>\n<p style=\"text-align: center;\">LES CANDIDATURES SONT CLOSES<\/p>\n<p>[\/vc_column_text][\/vc_column][vc_column width=\u00a0\u00bb1\/3&Prime;][vc_single_image image=\u00a0\u00bb14198&Prime; alignment=\u00a0\u00bbcenter\u00a0\u00bb onclick=\u00a0\u00bbcustom_link\u00a0\u00bb img_link_target=\u00a0\u00bb_blank\u00a0\u00bb css_animation=\u00a0\u00bbappear\u00a0\u00bb css=\u00a0\u00bb\u00a0\u00bb][vc_column_text css=\u00a0\u00bb\u00a0\u00bb]<\/p>\n<p style=\"text-align: center;\">Notice explicative Cerfa<\/p>\n<p style=\"text-align: center;\">LES CANDIDATURES SONT CLOSES<\/p>\n<p>[\/vc_column_text][\/vc_column][\/vc_row][vc_row][vc_column][vc_empty_space height=\u00a0\u00bb52px\u00a0\u00bb][\/vc_column][\/vc_row]<\/p>\n<\/div>","protected":false},"excerpt":{"rendered":"<p>[vc_row el_id=\u00a0\u00bbg\u00e9n\u00e9ral\u00a0\u00bb][vc_column][vc_column_text css=\u00a0\u00bb\u00a0\u00bb]La validation des acquis et de l\u2019exp\u00e9rience (VAE) est un dispositif qui permet l\u2019obtention de tout ou partie d\u2019une certification (dipl\u00f4me, titre \u00e0 finalit\u00e9 professionnelle ou certificat de qualification professionnelle) sur la base d\u2019une exp\u00e9rience professionnelle salari\u00e9e, non salari\u00e9e, b\u00e9n\u00e9vole et\/ou volontaire. Cette exp\u00e9rience est valid\u00e9e par un jury issu du domaine de&#8230;  <a class=\"excerpt-read-more\" href=\"https:\/\/www.ensapc.fr\/fr\/admissions\/vae\/\" title=\"Read VAE\">Lire la suite &raquo;<\/a><\/p>\n","protected":false},"author":1,"featured_media":0,"parent":10,"menu_order":86,"comment_status":"closed","ping_status":"closed","template":"","meta":{"footnotes":""},"class_list":["post-181","page","type-page","status-publish","hentry"],"_links":{"self":[{"href":"https:\/\/www.ensapc.fr\/fr\/wp-json\/wp\/v2\/pages\/181","targetHints":{"allow":["GET"]}}],"collection":[{"href":"https:\/\/www.ensapc.fr\/fr\/wp-json\/wp\/v2\/pages"}],"about":[{"href":"https:\/\/www.ensapc.fr\/fr\/wp-json\/wp\/v2\/types\/page"}],"author":[{"embeddable":true,"href":"https:\/\/www.ensapc.fr\/fr\/wp-json\/wp\/v2\/users\/1"}],"replies":[{"embeddable":true,"href":"https:\/\/www.ensapc.fr\/fr\/wp-json\/wp\/v2\/comments?post=181"}],"version-history":[{"count":23,"href":"https:\/\/www.ensapc.fr\/fr\/wp-json\/wp\/v2\/pages\/181\/revisions"}],"predecessor-version":[{"id":14405,"href":"https:\/\/www.ensapc.fr\/fr\/wp-json\/wp\/v2\/pages\/181\/revisions\/14405"}],"up":[{"embeddable":true,"href":"https:\/\/www.ensapc.fr\/fr\/wp-json\/wp\/v2\/pages\/10"}],"wp:attachment":[{"href":"https:\/\/www.ensapc.fr\/fr\/wp-json\/wp\/v2\/media?parent=181"}],"curies":[{"name":"wp","href":"https:\/\/api.w.org\/{rel}","templated":true}]}}