{"id":1992,"date":"2017-06-07T14:51:42","date_gmt":"2017-06-07T12:51:42","guid":{"rendered":"https:\/\/www.ensapc.fr\/fr\/?page_id=1992"},"modified":"2020-05-18T17:19:44","modified_gmt":"2020-05-18T15:19:44","slug":"le-secret","status":"publish","type":"page","link":"https:\/\/www.ensapc.fr\/fr\/ygrec\/archives\/2017-2\/le-secret\/","title":{"rendered":"LE SECRET"},"content":{"rendered":"<div class=\"wpb-content-wrapper\"><p>[vc_row][vc_column][vc_single_image image=\u00a0\u00bb1730&Prime; img_size=\u00a0\u00bblarge\u00a0\u00bb add_caption=\u00a0\u00bbyes\u00a0\u00bb alignment=\u00a0\u00bbcenter\u00a0\u00bb css_animation=\u00a0\u00bbtop-to-bottom\u00a0\u00bb][\/vc_column][\/vc_row][vc_row content_placement=\u00a0\u00bbmiddle\u00a0\u00bb][vc_column][vc_column_text]<strong>Exposition<br \/>\nLE SECRET<br \/>\n<\/strong>[\/vc_column_text][vc_separator color=\u00a0\u00bbpink\u00a0\u00bb style=\u00a0\u00bbdashed\u00a0\u00bb el_width=\u00a0\u00bb90&Prime;][vc_column_text]<strong><a href=\"https:\/\/www.ensapc.fr\/wp-content\/uploads\/2017\/03\/plan-expo-le-secret-.pdf\">Plan de salle<\/a><\/strong><\/p>\n<p><strong><a href=\"https:\/\/www.ensapc.fr\/wp-content\/uploads\/2017\/03\/dossier_le_secret.pdf\">Dossier de presse<\/a><\/strong><\/p>\n<p><strong>Du 5 au 28 mai 2017<\/strong><\/p>\n<p>Vernissage : 4 mai 2017 \u00e0 partir de 18h<\/p>\n<p>ENSAPC YGREC<\/p>\n<p><strong>Donatien Aubert, Ismail Bahri, B\u00e9atrice Balcou, Jean-Baptiste Caron,\u00a0Sarah Charlesworth, Rapha\u00ebl Dallaporta, Edith Dekyndt,\u00a0Justine Emard, Nicolas Gourault, Gilbert Hage, Noelle\u00a0Kahanu, Aurel Port\u00e9, Shooshie Sulaiman,\u00a0Jeanne Susplugas, Francisco Tropa, Melvin Way.<\/strong><\/p>\n<p>Commissariat : Fran\u00e7oise Docquiert, Corinne Le Ne\u00fcn, Christophe Viart, Nayla Tamraz, Tatiana Nedelskaya et le collectif Polynome.<\/p>\n<p>Pens\u00e9e comme une conclusion du programme\u00a0<em>Exposer la recherche<\/em>\u00a0en art, l\u2019exposition\u00a0<em>Le Secret<\/em>\u00a0invite \u00e0 lier les questions de l\u2019exposition et celles du secret comme s\u2019il s\u2019agissait de mettre \u00e0 vue ce qui est inconnaissable ou confidentiel, voire incompr\u00e9hensible ou ce dont on ne peut rien dire. C\u2019est donc sans pouvoir dire de quoi le secret est-il le nom que l\u2019exposition propose de s\u2019int\u00e9resser \u00e0 ses formes comme \u00e0 ses effets: de l\u2019identit\u00e9 singuli\u00e8re aux r\u00eaves intimes, en passant par les histoires de famille ou celles de la grande histoire et des secrets d\u2019\u00c9tats, jusqu\u2019\u00e0 l\u2019herm\u00e9neut<span class=\"text_exposed_show\">ique propre au d\u00e9chiffrement des \u0153uvres.<\/span>[\/vc_column_text][vc_column_text]<div id=\"slidin\"><h2><span>1<\/span> \/ 73<\/h2><div id=\"slider_diapo\"><ul id=\"slider_page\"><li class=\"img_1\"><img decoding=\"async\" src=\"https:\/\/www.ensapc.fr\/wp-content\/uploads\/2017\/06\/18238121_1121507367954728_4382797769543896259_o.jpg\" alt=\"18238121_1121507367954728_4382797769543896259_o\" title=\"18238121_1121507367954728_4382797769543896259_o\" \/><div class=\"descimg\"><\/div><\/li><li class=\"img_2\"><img decoding=\"async\" src=\"https:\/\/www.ensapc.fr\/wp-content\/uploads\/2017\/06\/18278923_1121507201288078_8116368726495167894_o.jpg\" alt=\"18278923_1121507201288078_8116368726495167894_o\" title=\"18278923_1121507201288078_8116368726495167894_o\" \/><div class=\"descimg\"><\/div><\/li><li class=\"img_3\"><img decoding=\"async\" src=\"https:\/\/www.ensapc.fr\/wp-content\/uploads\/2017\/06\/site3.jpg\" alt=\"site3\" title=\"site3\" \/><div class=\"descimg\"><\/div><\/li><li class=\"img_4\"><img decoding=\"async\" src=\"https:\/\/www.ensapc.fr\/wp-content\/uploads\/2017\/06\/18278757_1121505661288232_8854604202706456205_o.jpg\" alt=\"18278757_1121505661288232_8854604202706456205_o\" title=\"18278757_1121505661288232_8854604202706456205_o\" \/><div class=\"descimg\"><\/div><\/li><li class=\"img_5\"><img decoding=\"async\" src=\"https:\/\/www.ensapc.fr\/wp-content\/uploads\/2017\/06\/18238097_1121506414621490_6702018150687597075_o.jpg\" alt=\"18238097_1121506414621490_6702018150687597075_o\" title=\"18238097_1121506414621490_6702018150687597075_o\" \/><div class=\"descimg\"><\/div><\/li><li class=\"img_6\"><img decoding=\"async\" src=\"https:\/\/www.ensapc.fr\/wp-content\/uploads\/2017\/06\/site2.jpg\" alt=\"site2\" title=\"site2\" \/><div class=\"descimg\"><\/div><\/li><li class=\"img_7\"><img decoding=\"async\" src=\"https:\/\/www.ensapc.fr\/wp-content\/uploads\/2017\/06\/site1.jpg\" alt=\"site1\" title=\"site1\" \/><div class=\"descimg\"><\/div><\/li><li class=\"img_8\"><img decoding=\"async\" src=\"https:\/\/www.ensapc.fr\/wp-content\/uploads\/2017\/06\/expo_02.jpg\" alt=\"expo_02\" title=\"expo_02\" \/><div class=\"descimg\"><\/div><\/li><li class=\"img_9\"><img decoding=\"async\" src=\"https:\/\/www.ensapc.fr\/wp-content\/uploads\/2017\/06\/expo_03.jpg\" alt=\"expo_03\" title=\"expo_03\" \/><div class=\"descimg\"><\/div><\/li><li class=\"img_10\"><img decoding=\"async\" src=\"https:\/\/www.ensapc.fr\/wp-content\/uploads\/2017\/06\/expo_04.jpg\" alt=\"expo_04\" title=\"expo_04\" \/><div class=\"descimg\"><\/div><\/li><li class=\"img_11\"><img decoding=\"async\" src=\"https:\/\/www.ensapc.fr\/wp-content\/uploads\/2017\/06\/expo_05.jpg\" alt=\"expo_05\" title=\"expo_05\" \/><div class=\"descimg\"><\/div><\/li><li class=\"img_12\"><img decoding=\"async\" src=\"https:\/\/www.ensapc.fr\/wp-content\/uploads\/2017\/06\/expo_06.jpg\" alt=\"expo_06\" title=\"expo_06\" \/><div class=\"descimg\"><\/div><\/li><li class=\"img_13\"><img decoding=\"async\" src=\"https:\/\/www.ensapc.fr\/wp-content\/uploads\/2017\/06\/expo_07.jpg\" alt=\"expo_07\" title=\"expo_07\" \/><div class=\"descimg\"><\/div><\/li><li class=\"img_14\"><img decoding=\"async\" src=\"https:\/\/www.ensapc.fr\/wp-content\/uploads\/2017\/06\/expo_08site.jpg\" alt=\"expo_08site\" title=\"expo_08site\" \/><div class=\"descimg\"><\/div><\/li><li class=\"img_15\"><img decoding=\"async\" src=\"https:\/\/www.ensapc.fr\/wp-content\/uploads\/2017\/06\/expo_09site.jpg\" alt=\"expo_09site\" title=\"expo_09site\" \/><div class=\"descimg\"><\/div><\/li><li class=\"img_16\"><img decoding=\"async\" src=\"https:\/\/www.ensapc.fr\/wp-content\/uploads\/2017\/06\/expo_10.jpg\" alt=\"expo_10\" title=\"expo_10\" \/><div class=\"descimg\"><\/div><\/li><li class=\"img_17\"><img decoding=\"async\" src=\"https:\/\/www.ensapc.fr\/wp-content\/uploads\/2017\/06\/expo_11.jpg\" alt=\"expo_11\" title=\"expo_11\" \/><div class=\"descimg\"><\/div><\/li><li class=\"img_18\"><img decoding=\"async\" src=\"https:\/\/www.ensapc.fr\/wp-content\/uploads\/2017\/06\/expo_12.jpg\" alt=\"expo_12\" title=\"expo_12\" \/><div class=\"descimg\"><\/div><\/li><li class=\"img_19\"><img decoding=\"async\" src=\"https:\/\/www.ensapc.fr\/wp-content\/uploads\/2017\/06\/expo_13.jpg\" alt=\"expo_13\" title=\"expo_13\" \/><div class=\"descimg\"><\/div><\/li><li class=\"img_20\"><img decoding=\"async\" src=\"https:\/\/www.ensapc.fr\/wp-content\/uploads\/2017\/06\/expo_14.jpg\" alt=\"expo_14\" title=\"expo_14\" \/><div class=\"descimg\"><\/div><\/li><li class=\"img_21\"><img decoding=\"async\" src=\"https:\/\/www.ensapc.fr\/wp-content\/uploads\/2017\/06\/expo_15.jpg\" alt=\"expo_15\" title=\"expo_15\" \/><div class=\"descimg\"><\/div><\/li><li class=\"img_22\"><img decoding=\"async\" src=\"https:\/\/www.ensapc.fr\/wp-content\/uploads\/2017\/06\/expo_16.jpg\" alt=\"expo_16\" title=\"expo_16\" \/><div class=\"descimg\"><\/div><\/li><li class=\"img_23\"><img decoding=\"async\" src=\"https:\/\/www.ensapc.fr\/wp-content\/uploads\/2017\/06\/expo_17.jpg\" alt=\"expo_17\" title=\"expo_17\" \/><div class=\"descimg\"><\/div><\/li><li class=\"img_24\"><img decoding=\"async\" src=\"https:\/\/www.ensapc.fr\/wp-content\/uploads\/2017\/06\/expo_18.jpg\" alt=\"expo_18\" title=\"expo_18\" \/><div class=\"descimg\"><\/div><\/li><li class=\"img_25\"><img decoding=\"async\" src=\"https:\/\/www.ensapc.fr\/wp-content\/uploads\/2017\/06\/expo_19.jpg\" alt=\"expo_19\" title=\"expo_19\" \/><div class=\"descimg\"><\/div><\/li><li class=\"img_26\"><img decoding=\"async\" src=\"https:\/\/www.ensapc.fr\/wp-content\/uploads\/2017\/06\/expo_20.jpg\" alt=\"expo_20\" title=\"expo_20\" \/><div class=\"descimg\"><\/div><\/li><li class=\"img_27\"><img decoding=\"async\" src=\"https:\/\/www.ensapc.fr\/wp-content\/uploads\/2017\/06\/expo_21.jpg\" alt=\"expo_21\" title=\"expo_21\" \/><div class=\"descimg\"><\/div><\/li><li class=\"img_28\"><img decoding=\"async\" src=\"https:\/\/www.ensapc.fr\/wp-content\/uploads\/2017\/06\/expo_22site.jpg\" alt=\"expo_22site\" title=\"expo_22site\" \/><div class=\"descimg\"><\/div><\/li><li class=\"img_29\"><img decoding=\"async\" src=\"https:\/\/www.ensapc.fr\/wp-content\/uploads\/2017\/06\/expo_23.jpg\" alt=\"expo_23\" title=\"expo_23\" \/><div class=\"descimg\"><\/div><\/li><li class=\"img_30\"><img decoding=\"async\" src=\"https:\/\/www.ensapc.fr\/wp-content\/uploads\/2017\/06\/expo_24.jpg\" alt=\"expo_24\" title=\"expo_24\" \/><div class=\"descimg\"><\/div><\/li><li class=\"img_31\"><img decoding=\"async\" src=\"https:\/\/www.ensapc.fr\/wp-content\/uploads\/2017\/06\/expo_25.jpg\" alt=\"expo_25\" title=\"expo_25\" \/><div class=\"descimg\"><\/div><\/li><li class=\"img_32\"><img decoding=\"async\" src=\"https:\/\/www.ensapc.fr\/wp-content\/uploads\/2017\/06\/expo_26site.jpg\" alt=\"expo_26site\" title=\"expo_26site\" \/><div class=\"descimg\"><\/div><\/li><li class=\"img_33\"><img decoding=\"async\" src=\"https:\/\/www.ensapc.fr\/wp-content\/uploads\/2017\/06\/expo_27site.jpg\" alt=\"expo_27site\" title=\"expo_27site\" \/><div class=\"descimg\"><\/div><\/li><li class=\"img_34\"><img decoding=\"async\" src=\"https:\/\/www.ensapc.fr\/wp-content\/uploads\/2017\/06\/expo_28.jpg\" alt=\"expo_28\" title=\"expo_28\" \/><div class=\"descimg\"><\/div><\/li><li class=\"img_35\"><img decoding=\"async\" src=\"https:\/\/www.ensapc.fr\/wp-content\/uploads\/2017\/06\/expo_29.jpg\" alt=\"expo_29\" title=\"expo_29\" \/><div class=\"descimg\"><\/div><\/li><li class=\"img_36\"><img decoding=\"async\" src=\"https:\/\/www.ensapc.fr\/wp-content\/uploads\/2017\/06\/expo_30.jpg\" alt=\"expo_30\" title=\"expo_30\" \/><div class=\"descimg\"><\/div><\/li><li class=\"img_37\"><img decoding=\"async\" src=\"https:\/\/www.ensapc.fr\/wp-content\/uploads\/2017\/06\/expo_31.jpg\" alt=\"expo_31\" title=\"expo_31\" \/><div class=\"descimg\"><\/div><\/li><li class=\"img_38\"><img decoding=\"async\" src=\"https:\/\/www.ensapc.fr\/wp-content\/uploads\/2017\/06\/expo_32.jpg\" alt=\"expo_32\" title=\"expo_32\" \/><div class=\"descimg\"><\/div><\/li><li class=\"img_39\"><img decoding=\"async\" src=\"https:\/\/www.ensapc.fr\/wp-content\/uploads\/2017\/06\/expo_33.jpg\" alt=\"expo_33\" title=\"expo_33\" \/><div class=\"descimg\"><\/div><\/li><li class=\"img_40\"><img decoding=\"async\" src=\"https:\/\/www.ensapc.fr\/wp-content\/uploads\/2017\/06\/expo_34site.jpg\" alt=\"expo_34site\" title=\"expo_34site\" \/><div class=\"descimg\"><\/div><\/li><li class=\"img_41\"><img decoding=\"async\" src=\"https:\/\/www.ensapc.fr\/wp-content\/uploads\/2017\/06\/expo_35.jpg\" alt=\"expo_35\" title=\"expo_35\" \/><div class=\"descimg\"><\/div><\/li><li class=\"img_42\"><img decoding=\"async\" src=\"https:\/\/www.ensapc.fr\/wp-content\/uploads\/2017\/06\/expo_36.jpg\" alt=\"expo_36\" title=\"expo_36\" \/><div class=\"descimg\"><\/div><\/li><li class=\"img_43\"><img decoding=\"async\" src=\"https:\/\/www.ensapc.fr\/wp-content\/uploads\/2017\/06\/expo_37.jpg\" alt=\"expo_37\" title=\"expo_37\" \/><div class=\"descimg\"><\/div><\/li><li class=\"img_44\"><img decoding=\"async\" src=\"https:\/\/www.ensapc.fr\/wp-content\/uploads\/2017\/06\/expo_38.jpg\" alt=\"expo_38\" title=\"expo_38\" \/><div class=\"descimg\"><\/div><\/li><li class=\"img_45\"><img decoding=\"async\" src=\"https:\/\/www.ensapc.fr\/wp-content\/uploads\/2017\/06\/expo_39.jpg\" alt=\"expo_39\" title=\"expo_39\" \/><div class=\"descimg\"><\/div><\/li><li class=\"img_46\"><img decoding=\"async\" src=\"https:\/\/www.ensapc.fr\/wp-content\/uploads\/2017\/06\/expo_40.jpg\" alt=\"expo_40\" title=\"expo_40\" \/><div class=\"descimg\"><\/div><\/li><li class=\"img_47\"><img decoding=\"async\" src=\"https:\/\/www.ensapc.fr\/wp-content\/uploads\/2017\/06\/expo_41site.jpg\" alt=\"expo_41site\" title=\"expo_41site\" \/><div class=\"descimg\"><\/div><\/li><li class=\"img_48\"><img decoding=\"async\" src=\"https:\/\/www.ensapc.fr\/wp-content\/uploads\/2017\/06\/expo_42site.jpg\" alt=\"expo_42site\" title=\"expo_42site\" \/><div class=\"descimg\"><\/div><\/li><li class=\"img_49\"><img decoding=\"async\" src=\"https:\/\/www.ensapc.fr\/wp-content\/uploads\/2017\/06\/expo_43site.jpg\" alt=\"expo_43site\" title=\"expo_43site\" \/><div class=\"descimg\"><\/div><\/li><li class=\"img_50\"><img decoding=\"async\" src=\"https:\/\/www.ensapc.fr\/wp-content\/uploads\/2017\/06\/expo_44.jpg\" alt=\"expo_44\" title=\"expo_44\" \/><div class=\"descimg\"><\/div><\/li><li class=\"img_51\"><img decoding=\"async\" src=\"https:\/\/www.ensapc.fr\/wp-content\/uploads\/2017\/06\/expo_45site.jpg\" alt=\"expo_45site\" title=\"expo_45site\" \/><div class=\"descimg\"><\/div><\/li><li class=\"img_52\"><img decoding=\"async\" src=\"https:\/\/www.ensapc.fr\/wp-content\/uploads\/2017\/06\/expo_46site.jpg\" alt=\"expo_46site\" title=\"expo_46site\" \/><div class=\"descimg\"><\/div><\/li><li class=\"img_53\"><img decoding=\"async\" src=\"https:\/\/www.ensapc.fr\/wp-content\/uploads\/2017\/06\/expo_47.jpg\" alt=\"expo_47\" title=\"expo_47\" \/><div class=\"descimg\"><\/div><\/li><li class=\"img_54\"><img decoding=\"async\" src=\"https:\/\/www.ensapc.fr\/wp-content\/uploads\/2017\/06\/expo_48.jpg\" alt=\"expo_48\" title=\"expo_48\" \/><div class=\"descimg\"><\/div><\/li><li class=\"img_55\"><img decoding=\"async\" src=\"https:\/\/www.ensapc.fr\/wp-content\/uploads\/2017\/06\/expo_49.jpg\" alt=\"expo_49\" title=\"expo_49\" \/><div class=\"descimg\"><\/div><\/li><li class=\"img_56\"><img decoding=\"async\" src=\"https:\/\/www.ensapc.fr\/wp-content\/uploads\/2017\/06\/expo_50site.jpg\" alt=\"expo_50site\" title=\"expo_50site\" \/><div class=\"descimg\"><\/div><\/li><li class=\"img_57\"><img decoding=\"async\" src=\"https:\/\/www.ensapc.fr\/wp-content\/uploads\/2017\/06\/expo_51.jpg\" alt=\"expo_51\" title=\"expo_51\" \/><div class=\"descimg\"><\/div><\/li><li class=\"img_58\"><img decoding=\"async\" src=\"https:\/\/www.ensapc.fr\/wp-content\/uploads\/2017\/06\/expo_52.jpg\" alt=\"expo_52\" title=\"expo_52\" \/><div class=\"descimg\"><\/div><\/li><li class=\"img_59\"><img decoding=\"async\" src=\"https:\/\/www.ensapc.fr\/wp-content\/uploads\/2017\/06\/expo_53.jpg\" alt=\"expo_53\" title=\"expo_53\" \/><div class=\"descimg\"><\/div><\/li><li class=\"img_60\"><img decoding=\"async\" src=\"https:\/\/www.ensapc.fr\/wp-content\/uploads\/2017\/06\/expo_54site.jpg\" alt=\"expo_54site\" title=\"expo_54site\" \/><div class=\"descimg\"><\/div><\/li><li class=\"img_61\"><img decoding=\"async\" src=\"https:\/\/www.ensapc.fr\/wp-content\/uploads\/2017\/06\/expo_55.jpg\" alt=\"expo_55\" title=\"expo_55\" \/><div class=\"descimg\"><\/div><\/li><li class=\"img_62\"><img decoding=\"async\" src=\"https:\/\/www.ensapc.fr\/wp-content\/uploads\/2017\/06\/expo_56.jpg\" alt=\"expo_56\" title=\"expo_56\" \/><div class=\"descimg\"><\/div><\/li><li class=\"img_63\"><img decoding=\"async\" src=\"https:\/\/www.ensapc.fr\/wp-content\/uploads\/2017\/06\/expo_58.jpg\" alt=\"expo_58\" title=\"expo_58\" \/><div class=\"descimg\"><\/div><\/li><li class=\"img_64\"><img decoding=\"async\" src=\"https:\/\/www.ensapc.fr\/wp-content\/uploads\/2017\/06\/expo_59.jpg\" alt=\"expo_59\" title=\"expo_59\" \/><div class=\"descimg\"><\/div><\/li><li class=\"img_65\"><img decoding=\"async\" src=\"https:\/\/www.ensapc.fr\/wp-content\/uploads\/2017\/06\/expo_60.jpg\" alt=\"expo_60\" title=\"expo_60\" \/><div class=\"descimg\"><\/div><\/li><li class=\"img_66\"><img decoding=\"async\" src=\"https:\/\/www.ensapc.fr\/wp-content\/uploads\/2017\/06\/expo_61.jpg\" alt=\"expo_61\" title=\"expo_61\" \/><div class=\"descimg\"><\/div><\/li><li class=\"img_67\"><img decoding=\"async\" src=\"https:\/\/www.ensapc.fr\/wp-content\/uploads\/2017\/06\/expo_62site.jpg\" alt=\"expo_62site\" title=\"expo_62site\" \/><div class=\"descimg\"><\/div><\/li><li class=\"img_68\"><img decoding=\"async\" src=\"https:\/\/www.ensapc.fr\/wp-content\/uploads\/2017\/06\/expo_63.jpg\" alt=\"expo_63\" title=\"expo_63\" \/><div class=\"descimg\"><\/div><\/li><li class=\"img_69\"><img decoding=\"async\" src=\"https:\/\/www.ensapc.fr\/wp-content\/uploads\/2017\/06\/expo_64.jpg\" alt=\"expo_64\" title=\"expo_64\" \/><div class=\"descimg\"><\/div><\/li><li class=\"img_70\"><img decoding=\"async\" src=\"https:\/\/www.ensapc.fr\/wp-content\/uploads\/2017\/06\/expo_65site.jpg\" alt=\"expo_65site\" title=\"expo_65site\" \/><div class=\"descimg\"><\/div><\/li><li class=\"img_71\"><img decoding=\"async\" src=\"https:\/\/www.ensapc.fr\/wp-content\/uploads\/2017\/06\/expo_66site.jpg\" alt=\"expo_66site\" title=\"expo_66site\" \/><div class=\"descimg\"><\/div><\/li><li class=\"img_72\"><img decoding=\"async\" src=\"https:\/\/www.ensapc.fr\/wp-content\/uploads\/2017\/06\/expo_67.jpg\" alt=\"expo_67\" title=\"expo_67\" \/><div class=\"descimg\"><\/div><\/li><li class=\"img_73\"><img decoding=\"async\" src=\"https:\/\/www.ensapc.fr\/wp-content\/uploads\/2017\/06\/expo_68.jpg\" alt=\"expo_68\" title=\"expo_68\" \/><div class=\"descimg\"><\/div><\/li><\/ul><div id=\"descimg\"><\/div><\/div><\/div>[\/vc_column_text][vc_separator color=\u00a0\u00bbpink\u00a0\u00bb style=\u00a0\u00bbdashed\u00a0\u00bb el_width=\u00a0\u00bb90&Prime;][vc_column_text]<strong>Thanks to:<\/strong><\/p>\n<p>Galerie Jocelyn Wolff, Paris.<br \/>\nGalerie Les Filles du Calvaire, Paris.<br \/>\nGalerie Tanit, Beyrouth\/Munich.<br \/>\nCollection Antoine de Galbert, Paris.[\/vc_column_text][vc_separator color=\u00a0\u00bbpink\u00a0\u00bb style=\u00a0\u00bbdashed\u00a0\u00bb el_width=\u00a0\u00bb90&Prime;][vc_column_text]<strong>Organisation : <\/strong><br \/>\nInstitut ACTE CNRS UMR 8218 et l&rsquo;ENSAPC en partenariat avec le CNAP.<\/p>\n<p><a href=\"https:\/\/www.ensapc.fr\/wp-content\/uploads\/2017\/04\/POLYNOME.png\"><img decoding=\"async\" class=\" wp-image-1731 alignleft\" src=\"https:\/\/www.ensapc.fr\/wp-content\/uploads\/2017\/04\/POLYNOME-300x52.png\" alt=\"POLYNOME\" width=\"148\" height=\"26\" srcset=\"https:\/\/www.ensapc.fr\/wp-content\/uploads\/2017\/04\/POLYNOME-300x52.png 300w, https:\/\/www.ensapc.fr\/wp-content\/uploads\/2017\/04\/POLYNOME-768x133.png 768w, https:\/\/www.ensapc.fr\/wp-content\/uploads\/2017\/04\/POLYNOME-1024x177.png 1024w\" sizes=\"(max-width: 148px) 100vw, 148px\" \/><\/a><a href=\"https:\/\/www.ensapc.fr\/wp-content\/uploads\/2017\/04\/logo_coul_fr_cmjn.jpg\"><img decoding=\"async\" class=\" wp-image-1732 alignleft\" src=\"https:\/\/www.ensapc.fr\/wp-content\/uploads\/2017\/04\/logo_coul_fr_cmjn-300x135.jpg\" alt=\"logo_coul_fr_cmjn\" width=\"186\" height=\"79\" \/><\/a><a href=\"https:\/\/www.ensapc.fr\/wp-content\/uploads\/2017\/04\/logo-umr-acte.png\"><img decoding=\"async\" class=\"alignleft wp-image-1734\" src=\"https:\/\/www.ensapc.fr\/wp-content\/uploads\/2017\/04\/logo-umr-acte-300x129.png\" alt=\"logo-umr-acte\" width=\"141\" height=\"60\" srcset=\"https:\/\/www.ensapc.fr\/wp-content\/uploads\/2017\/04\/logo-umr-acte-300x129.png 300w, https:\/\/www.ensapc.fr\/wp-content\/uploads\/2017\/04\/logo-umr-acte-768x330.png 768w, https:\/\/www.ensapc.fr\/wp-content\/uploads\/2017\/04\/logo-umr-acte-1024x440.png 1024w, https:\/\/www.ensapc.fr\/wp-content\/uploads\/2017\/04\/logo-umr-acte.png 1200w\" sizes=\"(max-width: 141px) 100vw, 141px\" \/><\/a><a href=\"https:\/\/www.ensapc.fr\/wp-content\/uploads\/2017\/04\/Logo_Cnap.svg.png\"><img decoding=\"async\" class=\"wp-image-1733 alignleft\" src=\"https:\/\/www.ensapc.fr\/wp-content\/uploads\/2017\/04\/Logo_Cnap.svg-300x226.png\" alt=\"Logo_Cnap.svg\" width=\"83\" height=\"62\" srcset=\"https:\/\/www.ensapc.fr\/wp-content\/uploads\/2017\/04\/Logo_Cnap.svg-300x226.png 300w, https:\/\/www.ensapc.fr\/wp-content\/uploads\/2017\/04\/Logo_Cnap.svg-768x578.png 768w, https:\/\/www.ensapc.fr\/wp-content\/uploads\/2017\/04\/Logo_Cnap.svg-1024x770.png 1024w, https:\/\/www.ensapc.fr\/wp-content\/uploads\/2017\/04\/Logo_Cnap.svg.png 1280w\" sizes=\"(max-width: 83px) 100vw, 83px\" \/><\/a>[\/vc_column_text][\/vc_column][\/vc_row][vc_row][vc_column][\/vc_column][\/vc_row]<\/p>\n<\/div>","protected":false},"excerpt":{"rendered":"<p>[vc_row][vc_column][vc_single_image image=\u00a0\u00bb1730&Prime; img_size=\u00a0\u00bblarge\u00a0\u00bb add_caption=\u00a0\u00bbyes\u00a0\u00bb alignment=\u00a0\u00bbcenter\u00a0\u00bb css_animation=\u00a0\u00bbtop-to-bottom\u00a0\u00bb][\/vc_column][\/vc_row][vc_row content_placement=\u00a0\u00bbmiddle\u00a0\u00bb][vc_column][vc_column_text]Exposition LE SECRET [\/vc_column_text][vc_separator color=\u00a0\u00bbpink\u00a0\u00bb style=\u00a0\u00bbdashed\u00a0\u00bb el_width=\u00a0\u00bb90&Prime;][vc_column_text]Plan de salle Dossier de presse Du 5 au 28 mai 2017 Vernissage : 4 mai 2017 \u00e0 partir de 18h ENSAPC YGREC Donatien Aubert, Ismail Bahri, B\u00e9atrice Balcou, Jean-Baptiste Caron,\u00a0Sarah Charlesworth, Rapha\u00ebl Dallaporta, Edith Dekyndt,\u00a0Justine Emard, Nicolas Gourault, Gilbert Hage, Noelle\u00a0Kahanu, Aurel&#8230;  <a class=\"excerpt-read-more\" href=\"https:\/\/www.ensapc.fr\/fr\/ygrec\/archives\/2017-2\/le-secret\/\" title=\"Read LE SECRET\">Lire la suite &raquo;<\/a><\/p>\n","protected":false},"author":1,"featured_media":0,"parent":1495,"menu_order":436,"comment_status":"closed","ping_status":"closed","template":"","meta":{"footnotes":""},"class_list":["post-1992","page","type-page","status-publish","hentry"],"_links":{"self":[{"href":"https:\/\/www.ensapc.fr\/fr\/wp-json\/wp\/v2\/pages\/1992","targetHints":{"allow":["GET"]}}],"collection":[{"href":"https:\/\/www.ensapc.fr\/fr\/wp-json\/wp\/v2\/pages"}],"about":[{"href":"https:\/\/www.ensapc.fr\/fr\/wp-json\/wp\/v2\/types\/page"}],"author":[{"embeddable":true,"href":"https:\/\/www.ensapc.fr\/fr\/wp-json\/wp\/v2\/users\/1"}],"replies":[{"embeddable":true,"href":"https:\/\/www.ensapc.fr\/fr\/wp-json\/wp\/v2\/comments?post=1992"}],"version-history":[{"count":4,"href":"https:\/\/www.ensapc.fr\/fr\/wp-json\/wp\/v2\/pages\/1992\/revisions"}],"predecessor-version":[{"id":5601,"href":"https:\/\/www.ensapc.fr\/fr\/wp-json\/wp\/v2\/pages\/1992\/revisions\/5601"}],"up":[{"embeddable":true,"href":"https:\/\/www.ensapc.fr\/fr\/wp-json\/wp\/v2\/pages\/1495"}],"wp:attachment":[{"href":"https:\/\/www.ensapc.fr\/fr\/wp-json\/wp\/v2\/media?parent=1992"}],"curies":[{"name":"wp","href":"https:\/\/api.w.org\/{rel}","templated":true}]}}