{"id":215,"date":"2016-09-21T09:57:12","date_gmt":"2016-09-21T07:57:12","guid":{"rendered":"https:\/\/www.ensapc.fr\/fr\/?page_id=215"},"modified":"2025-09-17T10:52:36","modified_gmt":"2025-09-17T08:52:36","slug":"partenaire","status":"publish","type":"page","link":"https:\/\/www.ensapc.fr\/fr\/international\/partenaire\/","title":{"rendered":"Partenaires"},"content":{"rendered":"<div class=\"wpb-content-wrapper\"><p>[vc_row][vc_column][vc_column_text]L\u2019ENSAPC a d\u00e9velopp\u00e9 de nombreux partenariats avec des \u00e9tablissements d\u2019enseignement sup\u00e9rieur artistique renomm\u00e9s. Ces collaborations, \u00e9labor\u00e9es au plus pr\u00e8s des projets et des recherches men\u00e9es \u00e0 l\u2019ENSAPC, permettent d\u2019affirmer l\u2019\u00e9cole comme lieu de partage et d\u2019encourager la mobilit\u00e9 et l\u2019ouverture des \u00e9tudiant\u00b7e\u00b7s.[\/vc_column_text][\/vc_column][\/vc_row][vc_row][vc_column width=\u00a0\u00bb1\/2&Prime;][vc_column_text css=\u00a0\u00bb\u00a0\u00bb]<\/p>\n<h3>ALBANIE :<\/h3>\n<p><a href=\"http:\/\/www.universitetipolis.edu.al\/?q=en\/node\/169\">POLIS UNIVERSITY &#8211; FACULTY OF ARCHITECTURE, ART AND DESIGN<\/a> Tirana<\/p>\n<h3>ALLEMAGNE :<\/h3>\n<p><a href=\"https:\/\/www.udk-berlin.de\/studium\/tanz-und-choreographie-am-hochschuluebergreifenden-zentrum-tanz-berlin\/\">HOCHSCHUL\u00dcBERGREIFENDES ZENTRUM TANZ<\/a>\u00a0(HZT), UNIVERSIT\u00c4T DER K\u00dcNSTE, Berlin<\/p>\n<p><a href=\"https:\/\/www.hfg-karlsruhe.de\/en\/\">KARLSRUHE UNIVERSITY OF ARTS AND DESIGN<\/a> Karlsruhe<\/p>\n<p><a href=\"https:\/\/www.hgb-leipzig.de\/index.php?a=aktuell&amp;js=2&amp;WWW_HGB=dafcb51a40f1099dc254cf99d84e05f0\">HOCHSCHULE F\u00dcR GRAFIK UND BUCHKUNST<\/a>\u00a0Leipzig<\/p>\n<p><a href=\"http:\/\/www.hfg-offenbach.de\/en#feature_and_news\">HOCHSCHULE F\u00dcR GESTALTUNG<\/a>\u00a0Offenbach\u00a0am Main<\/p>\n<p><a href=\"https:\/\/www.filmuniversitaet.de\/en\/\">FILM UNIVERSITY BABELSBERG \u2013 KONRAD WOLF<\/a>\u00a0Potsdam<\/p>\n<p><a href=\"https:\/\/www.merz-akademie.de\/en\/\">MERZ AKADEMIE<\/a>\u00a0Stuttgart<\/p>\n<h3>ARGENTINE :<\/h3>\n<p><a href=\"https:\/\/www.ucine.edu.ar\/\">UNIVERSIDAD DEL CINE<\/a>\u00a0Buenos Aires<\/p>\n<p><a href=\"https:\/\/www.ucine.edu.ar\/\">UNIVERSIDAD DE LAS ARTES<\/a>\u00a0Buenos Aires<\/p>\n<p><a href=\"https:\/\/www.untref.edu.ar\/\">UNIVERSIDAD NACIONAL DE TRES DE FEBRERO<\/a>\u00a0Buenos Aires<\/p>\n<p><a href=\"https:\/\/unlp.edu.ar\/\">UNIVERSIDAD NACIONAL DE LA PLATA<\/a>\u00a0La Plata<\/p>\n<h3>AUTRICHE :<\/h3>\n<p><a href=\"https:\/\/www.dieangewandte.at\/jart\/prj3\/angewandte-2016\/main.jart?rel=en&amp;\">DIE ANGEWANDTE, UNIVERSITY OF APPLIED ARTS<\/a>\u00a0Vienne<\/p>\n<h3>BELGIQUE :<\/h3>\n<p><a href=\"http:\/\/wiki.erg.be\/m\/\">ERG \u2013 \u00c9COLE DE RECHERCHE GRAPHIQUE<\/a>\u00a0Bruxelles<\/p>\n<p><a href=\"https:\/\/www.lacambre.be\/fr\">LA CAMBRE \u2013 \u00c9COLE NATIONALE SUP\u00c9RIEURE DES ARTS VISUELS<\/a>\u00a0Bruxelles<\/p>\n<p><a href=\"https:\/\/www.arba-esa.be\/fr\/home.php\">ACAD\u00c9MIE ROYALE DES BEAUX-ARTS DE BRUXELLES<\/a>\u00a0Bruxelles<\/p>\n<p><a href=\"https:\/\/www.schoolofartsgent.be\/\">KASK<\/a>\u00a0Gand<\/p>\n<h3>BR\u00c9SIL :<\/h3>\n<p><a href=\"http:\/\/eavparquelage.rj.gov.br\/\">EAV DO PARQUE LAGE<\/a>\u00a0Rio de Janeiro<\/p>\n<p><a href=\"http:\/\/www.unirio.br\/\">UNIVERSIDADE FEDERAL DO ESTADO DO RIO DE JANEIRO<\/a>\u00a0Rio de Janeiro<\/p>\n<h3>CAMEROUN :<\/h3>\n<p><a href=\"http:\/\/iba-univdouala.cm\/\">INSTITUT DES BEAUX-ARTS NKONGSAMBA DE L&rsquo;UNIVERSIT\u00c9 DE DOUALA<\/a>\u00a0Nkongsamba<\/p>\n<h3>CHILI :<\/h3>\n<p><a href=\"http:\/\/www.artes.uchile.cl\/#\" target=\"_blank\" rel=\"noopener noreferrer\">UNIVERSIDAD DE CHILE, FACULTAD DE ARTES<\/a>\u00a0Santiago de Chile<\/p>\n<p><a href=\"http:\/\/www.icei.uchile.cl\/cine-tv\" target=\"_blank\" rel=\"noopener\">UNIVERSIDAD DE CHILE, ESCUELA DE CINE Y TELEVISI\u00d3N &#8211; ICEI<\/a> Santiago de Chile<\/p>\n<h3>CHINE :<\/h3>\n<p><a href=\"http:\/\/en.caa.edu.cn\/index.html\" target=\"_blank\" rel=\"noopener noreferrer\">CHINA ACADEMY OF ART<\/a>\u00a0Hangzhou<\/p>\n<h3>COR\u00c9E :<\/h3>\n<p><a href=\"https:\/\/www.seoularts.ac.kr\/mbs\/en\/\">SEOUL INSTITUTE OF THE ARTS<\/a> S\u00e9oul<\/p>\n<h3>DANEMARK :<\/h3>\n<p><a href=\"https:\/\/djk.nu\/\">JUTLAND ART ACADEMY<\/a> Aarhus<\/p>\n<h3>ESPAGNE :<\/h3>\n<p><a href=\"http:\/\/www.llotja.cat\/llotja\/p\/1\/737\/0\/Inici\">LLOTJA, ESCOLA SUPERIOR DE DISSENY I ART<\/a>\u00a0Barcelone<\/p>\n<p><a href=\"https:\/\/www.eaalmeria.es\/\">ESCUELA DE ARTE DE ALMERIA<\/a>\u00a0Almeria<\/p>\n<p><a href=\"http:\/\/www.escueladearte.com\/\">ESCUELA DE ARTE DE OVIEDO<\/a>\u00a0Oviedo<\/p>\n<h3>\u00c9TATS-UNIS :<\/h3>\n<p><a href=\"https:\/\/www.otis.edu\/\">OTIS COLLEGE<\/a>\u00a0Los Angeles<\/p>\n<p><a href=\"https:\/\/www.bennington.edu\/\">BENNINGTON COLLEGE<\/a>\u00a0Vermont<\/p>\n<p><a href=\"https:\/\/www.mica.edu\/\">MARYLAND INSTITUTE COLLEGE OF\u00a0ART<\/a>\u00a0Baltimore<\/p>\n<h3><strong>GEORGIE :<\/strong><\/h3>\n<p><a href=\"https:\/\/art.edu.ge\/aceng\/\">TBILISI STATE ACADEMY OF ARTS<\/a>\u00a0Tbilissi<\/p>\n<p><a href=\"https:\/\/iliauni.edu.ge\/en\/\">ILIA STATE UNIVERSITY<\/a>\u00a0Tbilissi[\/vc_column_text][\/vc_column][vc_column width=\u00a0\u00bb1\/2&Prime;][vc_column_text css=\u00a0\u00bb\u00a0\u00bb]<\/p>\n<h3><strong>GR\u00c8CE\u00a0: <\/strong><\/h3>\n<p><a href=\"https:\/\/www.athensculturenet.com\/en\/acn-member\/athens-school-fine-arts-asfa\">ATHENS SCHOOL OF FINE ART<\/a>\u00a0Ath\u00e8nes<\/p>\n<h3>ITALIE :<\/h3>\n<p><a href=\"https:\/\/www.abamc.it\/\">ACCADEMIA DI BELLE ARTI<\/a> Macerata<\/p>\n<p><a href=\"http:\/\/www.accademiadibrera.milano.it\/\">BRERA ACADEMY OF FINE ARTS<\/a>\u00a0Milan<\/p>\n<p><a href=\"http:\/\/www.abana.it\/it\/\">ACCADEMIA BELLE ARTI DI NAPOLI<\/a>\u00a0Naples<\/p>\n<p><a href=\"http:\/\/www.iuav.it\/homepage\/\">UNIVERSIT\u00c0 IUAV DI VENEZIA<\/a>\u00a0Venise<\/p>\n<h3>JAPON :<\/h3>\n<p><a href=\"https:\/\/www.joshibi.ac.jp\/english\">JOSHIBI UNIVERSITY OF ART AND DESIGN<\/a>\u00a0Tokyo<\/p>\n<h3>LIBAN :<\/h3>\n<p><a href=\"https:\/\/alba.edu.lb\/french\/Accueil\">ACAD\u00c9MIE LIBANAISE DES BEAUX-ARTS<\/a>\u00a0Beyrouth<\/p>\n<h3>MEXIQUE :<\/h3>\n<p><a href=\"https:\/\/www.esmeralda.edu.mx\/plan-de-estudio\">LA ESMERALDA, INSTITUTO NACIONAL DE BELLAS ARTES<\/a>\u00a0Mexico<\/p>\n<p><a href=\"http:\/\/www.cuec.unam.mx\/\">CENTRE UNIVERSITARIO DE ESTUDIOS CINEMATOGR\u00c1FICOS<\/a> (CUEC), UNAM, Mexico<\/p>\n<h3>NORVEGE :<\/h3>\n<p><a href=\"https:\/\/khib.azurewebsites.net\/english\/\">ACADEMY OF ART AND DESIGN<\/a>\u00a0Bergen<\/p>\n<p><a href=\"https:\/\/www.kit.ntnu.no\/\">TRONDHEIM ACADEMY OF FINE ART, NORWEGIAN UNIVERSITY OF SCIENCE AND TECHNOLOGY<\/a>\u00a0Trondheim<\/p>\n<h3>PAYS-BAS<\/h3>\n<p><a href=\"https:\/\/www.wdka.nl\/\">WILLEM DE KOONING ACADEMIE<\/a>\u00a0Rotterdam<\/p>\n<p><a href=\"https:\/\/rietveldacademie.nl\/\">GERRIT RIETVELD ACADEMIE<\/a>\u00a0Amsterdam<\/p>\n<h3>POLOGNE :<\/h3>\n<p><a href=\"https:\/\/www.asp.krakow.pl\/index.php\/en\/\">THE JAN MATEJKO ACADEMY OF FINE ARTS<\/a>\u00a0Cracovie<\/p>\n<p><a href=\"https:\/\/en.asp.gda.pl\/\">ACADEMY OF FINE ARTS<\/a> Gdansk<\/p>\n<h3>PORTUGAL :<\/h3>\n<p><a href=\"https:\/\/www.belasartes.ulisboa.pt\/\">FACULDADE DE BELAS ARTES<\/a>\u00a0Lisbonne<\/p>\n<h3><strong>ROUMANIE :<\/strong><\/h3>\n<p><a href=\"http:\/\/www.uad.ro\/\">UNIVERSITATEA DE ARTA SI DESIGN<\/a>\u00a0Cluj-Napoca<\/p>\n<h3>ROYAUME UNI :<\/h3>\n<p><a href=\"https:\/\/www.arts.ac.uk\/colleges\/central-saint-martins\">CENTRAL SAINT MARTINS COLLEGE OF ART AND DESIGN<\/a>\u00a0Londres<\/p>\n<h3><strong>SU\u00c8DE :<\/strong><\/h3>\n<p><a href=\"https:\/\/kkh.se\/?lang=en\">ROYAL INSTITUTE OF ART<\/a>\u00a0Stockholm<\/p>\n<h3>SUISSE :<\/h3>\n<p><a href=\"https:\/\/www.hesge.ch\/head\/\">HEAD &#8211; HAUTE \u00c9COLE D\u2019ART ET DE DESIGN<\/a>\u00a0Gen\u00e8ve<\/p>\n<p><a href=\"https:\/\/www.edhea.ch\/\">ECOLE DE DESIGN ET HAUTE ECOLE D\u2019ART DU VALAIS (EDHEA)<\/a>\u00a0Sierre<\/p>\n<h3>TAIWAN :<\/h3>\n<p><a href=\"https:\/\/www.tnnua.edu.tw\/\">TAINAN NATIONAL UNIVERSITY OF THE ARTS<\/a>\u00a0Tainan City<\/p>\n<h3>URUGUAY :<\/h3>\n<p><a href=\"http:\/\/www.enba.edu.uy\/\">INSTITUTO ESCUELA NACIONAL DE BELLAS ARTES<\/a> Montevido[\/vc_column_text][\/vc_column][\/vc_row]<\/p>\n<\/div>","protected":false},"excerpt":{"rendered":"<p>[vc_row][vc_column][vc_column_text]L\u2019ENSAPC a d\u00e9velopp\u00e9 de nombreux partenariats avec des \u00e9tablissements d\u2019enseignement sup\u00e9rieur artistique renomm\u00e9s. Ces collaborations, \u00e9labor\u00e9es au plus pr\u00e8s des projets et des recherches men\u00e9es \u00e0 l\u2019ENSAPC, permettent d\u2019affirmer l\u2019\u00e9cole comme lieu de partage et d\u2019encourager la mobilit\u00e9 et l\u2019ouverture des \u00e9tudiant\u00b7e\u00b7s.[\/vc_column_text][\/vc_column][\/vc_row][vc_row][vc_column width=\u00a0\u00bb1\/2&Prime;][vc_column_text css=\u00a0\u00bb\u00a0\u00bb] ALBANIE : POLIS UNIVERSITY &#8211; FACULTY OF ARCHITECTURE, ART AND DESIGN&#8230;  <a class=\"excerpt-read-more\" href=\"https:\/\/www.ensapc.fr\/fr\/international\/partenaire\/\" title=\"Read Partenaires\">Lire la suite &raquo;<\/a><\/p>\n","protected":false},"author":1,"featured_media":0,"parent":16,"menu_order":277,"comment_status":"closed","ping_status":"closed","template":"","meta":{"footnotes":""},"class_list":["post-215","page","type-page","status-publish","hentry"],"_links":{"self":[{"href":"https:\/\/www.ensapc.fr\/fr\/wp-json\/wp\/v2\/pages\/215","targetHints":{"allow":["GET"]}}],"collection":[{"href":"https:\/\/www.ensapc.fr\/fr\/wp-json\/wp\/v2\/pages"}],"about":[{"href":"https:\/\/www.ensapc.fr\/fr\/wp-json\/wp\/v2\/types\/page"}],"author":[{"embeddable":true,"href":"https:\/\/www.ensapc.fr\/fr\/wp-json\/wp\/v2\/users\/1"}],"replies":[{"embeddable":true,"href":"https:\/\/www.ensapc.fr\/fr\/wp-json\/wp\/v2\/comments?post=215"}],"version-history":[{"count":9,"href":"https:\/\/www.ensapc.fr\/fr\/wp-json\/wp\/v2\/pages\/215\/revisions"}],"predecessor-version":[{"id":14117,"href":"https:\/\/www.ensapc.fr\/fr\/wp-json\/wp\/v2\/pages\/215\/revisions\/14117"}],"up":[{"embeddable":true,"href":"https:\/\/www.ensapc.fr\/fr\/wp-json\/wp\/v2\/pages\/16"}],"wp:attachment":[{"href":"https:\/\/www.ensapc.fr\/fr\/wp-json\/wp\/v2\/media?parent=215"}],"curies":[{"name":"wp","href":"https:\/\/api.w.org\/{rel}","templated":true}]}}