{"id":2251,"date":"2017-09-15T14:58:40","date_gmt":"2017-09-15T12:58:40","guid":{"rendered":"https:\/\/www.ensapc.fr\/fr\/?page_id=2251"},"modified":"2017-09-22T17:01:05","modified_gmt":"2017-09-22T15:01:05","slug":"viens-mais-ne-viens-pas-quand-je-serai-seule","status":"publish","type":"page","link":"https:\/\/www.ensapc.fr\/fr\/ygrec\/archives\/2017-2\/viens-mais-ne-viens-pas-quand-je-serai-seule\/","title":{"rendered":"VIENS, MAIS NE VIENS PAS QUAND JE SERAI SEULE"},"content":{"rendered":"<div class=\"wpb-content-wrapper\"><p>[vc_row][vc_column][vc_single_image image=\u00a0\u00bb2163&Prime; img_size=\u00a0\u00bblarge\u00a0\u00bb add_caption=\u00a0\u00bbyes\u00a0\u00bb alignment=\u00a0\u00bbcenter\u00a0\u00bb css_animation=\u00a0\u00bbtop-to-bottom\u00a0\u00bb][\/vc_column][\/vc_row][vc_row content_placement=\u00a0\u00bbmiddle\u00a0\u00bb][vc_column][vc_column_text]<strong>Exposition<br \/>\nViens, mais ne viens pas quand je serai seule<br \/>\n<\/strong>[\/vc_column_text][vc_separator color=\u00a0\u00bbpink\u00a0\u00bb style=\u00a0\u00bbdashed\u00a0\u00bb el_width=\u00a0\u00bb90&Prime;][vc_column_text]<\/p>\n<p class=\"p1\"><strong><span class=\"s1\">du 13 juillet au 10 septembre 2017<\/span><\/strong><\/p>\n<p>\/\/Les projections de films et performances avec \u00c9cran Voisin continuent jusqu&rsquo;au 17 septembre\/\/<br \/>\n<a href=\"http:\/\/fr.calameo.com\/read\/005249728131764ba5fc0\">Retrouvez le programme du festival ici<\/a><\/p>\n<p>Un festival d&rsquo;\u00e9t\u00e9 (expositions, \u00e9v\u00e9nements, concerts, performances, dj sets) &#8211; un projet collectif des dipl\u00f4m\u00e9s <span class=\"highlightNode\">ENSAPC<\/span> 2016&#8230;<br \/>\nVenez nombreux &#8211; c&rsquo;est la f\u00eate \u00e0 <span class=\"highlightNode\">YGREC<\/span>!<\/p>\n<p><span class=\"s1\">Avec : Jeanne Bathilde, Hugo Caillaud, Odonchimeg Davaadorj, Anne Destival, Benjamin Dufr\u00eane, Alexandre Erre, Adrien Flament, Laur\u00e8ne Guarneri, Jessica Guez, Margot Hefez, Th\u00e9o Hillion, Cl\u00e9ment Jandard, Laetitia L\u2019heureux, M\u00e9laine Loison, Angela Ly, Adrian Mabileau Ebrahimi Tajadod, Marie-Claire Manlanbien, Zo\u00e9 Pautet, Jean-Daniel Pellen, Zo\u00e9 Philibert, Tiffanie Pichon, Aurel Port\u00e9, Simon Restino, Noah Teichner, Margot Trutin, Paola Quilici, Zukhra Sharipova, Woosung Sohn, Constance Sorel et Antoine Vall\u00e9 et des invit\u00e9s surprises.<\/span><\/p>\n<p><span class=\"s1\">Commissariat : Th\u00e9o Robine-Langlois avec la participation des<\/span><span class=\"s3\">\u00a0<\/span><span class=\"s1\">artistes<\/span><\/p>\n<p>* Des \u00e9v\u00e9nements ponctuels, concerts, performances, dj sets &#8230; seront annonc\u00e9s au fur et \u00e0 mesure de l&rsquo;\u00e9t\u00e9.<\/p>\n<p><b><i>En partenariat avec BIC.<\/i><\/b><\/p>\n<p><b><i>\u00a0<a href=\"https:\/\/www.ensapc.fr\/wp-content\/uploads\/2017\/05\/19457541_10212968817599908_1329841301_o.png\"><img decoding=\"async\" class=\"wp-image-2166 alignleft\" src=\"https:\/\/www.ensapc.fr\/wp-content\/uploads\/2017\/05\/19457541_10212968817599908_1329841301_o-300x100.png\" alt=\"19457541_10212968817599908_1329841301_o\" width=\"123\" height=\"41\" srcset=\"https:\/\/www.ensapc.fr\/wp-content\/uploads\/2017\/05\/19457541_10212968817599908_1329841301_o-300x100.png 300w, https:\/\/www.ensapc.fr\/wp-content\/uploads\/2017\/05\/19457541_10212968817599908_1329841301_o-768x256.png 768w, https:\/\/www.ensapc.fr\/wp-content\/uploads\/2017\/05\/19457541_10212968817599908_1329841301_o-1024x342.png 1024w, https:\/\/www.ensapc.fr\/wp-content\/uploads\/2017\/05\/19457541_10212968817599908_1329841301_o.png 2000w\" sizes=\"(max-width: 123px) 100vw, 123px\" \/><\/a><\/i><\/b>[\/vc_column_text][vc_separator color=\u00a0\u00bbpink\u00a0\u00bb style=\u00a0\u00bbdashed\u00a0\u00bb el_width=\u00a0\u00bb90&Prime;][vc_column_text]<\/p>\n<p class=\"p1\"><span class=\"s1\"><strong>VERNISSAGE Jeudi 13 Juillet de 18h \u00e0 22h<\/strong><\/span><\/p>\n<p>18h-19h &#8211; mix Ao\u00fbtat et Abjure Indemne (de Belladone)<br \/>\n19h-21h30 &#8211; Dj set MARGE! + Yasmimeow &amp; Mrln Miaou Vega<br \/>\n21h30-22H -Live BTBB<\/p>\n<p>+ Cocktail[\/vc_column_text][vc_separator color=\u00a0\u00bbpink\u00a0\u00bb style=\u00a0\u00bbdashed\u00a0\u00bb el_width=\u00a0\u00bb90&Prime;][vc_column_text]<\/p>\n<p class=\"p1\"><span class=\"s1\">Nous sommes un groupe d\u2019artistes qui a cohabit\u00e9 pendant 2, 3, 4, 5 ou 6 ans, dans une m\u00eame structure d&rsquo;\u00e9ducation artistique, l&rsquo;Ecole Nationale Sup\u00e9rieure d&rsquo;Art de Paris-Cergy, et en est sorti principalement \u00e0 l\u2019\u00e9t\u00e9 2016.<\/span><\/p>\n<p class=\"p1\"><span class=\"s1\"><br \/>\n\u201cQuand le rideau un jour tombera \/ Je veux qu&rsquo;il tombe derri\u00e8re moi\u201d<\/span><\/p>\n<p class=\"p1\"><span class=\"s1\"><br \/>\nDurant ces ann\u00e9es d\u2019\u00e9cole, nous avons habit\u00e9 les m\u00eames ateliers, parfois d\u00e9velopp\u00e9 des affinit\u00e9s, et men\u00e9 nos projets individuellement ou collectivement. Et souvent, dans un \u00e9change tr\u00e8s r\u00e9gulier.<\/span><\/p>\n<p class=\"p1\"><span class=\"s1\"><br \/>\nLes uns \u00e0 regarder les boulots des autres, \u00e0 s\u2019influencer, \u00e0 se parler d\u2019artistes ou d\u2019autre chose, \u00e0 aller voir des expositions, des films, et parfois \u00e0 s\u2019inviter dans les projets les uns des autres.<\/span><\/p>\n<p class=\"p1\"><span class=\"s1\"><br \/>\n\u201cMa vie a br\u00fbl\u00e9 sous trop de lumi\u00e8res \/ Je ne peux pas partir dans l&rsquo;ombre\u201d<\/span><\/p>\n<p class=\"p1\"><span class=\"s1\"><br \/>\nMaintenant que nous ne sommes plus \u00e9tudiants, nous proposons cette s\u00e9rie d&rsquo;\u00e9v\u00e9nements bas\u00e9e sur nos activit\u00e9s artistiques \u00ab Viens, mais ne viens pas quand je serai seule \u00bb, \u00e0 Ygrec le hors-les-murs de l\u2019\u00e9cole de Cergy, install\u00e9 aux Grands Voisins.<\/span><\/p>\n<p class=\"p1\"><span class=\"s1\"><br \/>\nCette s\u00e9rie se con\u00e7oit moins comme une exposition de fin d&rsquo;ann\u00e9e ou de dipl\u00f4m\u00e9s que comme un projet \u00e9mis par des artistes qui y sont volontairement impliqu\u00e9s, dans un souhait de cogestion.<\/span><\/p>\n<p class=\"p1\"><span class=\"s1\"><br \/>\n\u201cViens, mais ne viens pas quand je serai seule\u201d, comme un festival d\u2019\u00e9t\u00e9 avec plusieurs rendez-vous, dans plusieurs endroits aux Grands Voisins. Programmation multi-facettes parfois sauvage, de performances, concerts, vid\u00e9os, litt\u00e9ratures, peintures, sculptures, stylisme, installations et danses\u2026 des interventions fixes, mobiles et \u00e9ph\u00e9m\u00e8res.<\/span><\/p>\n<p class=\"p1\"><span class=\"s1\"><br \/>\n\u201cChoisis plut\u00f4t un soir de gala \/ Si tu veux danser avec moi\u201d<\/span><\/p>\n<p class=\"p1\"><span class=\"s1\"><br \/>\n\u201cViens, mais ne viens pas quand je serai seule\u201d, pr\u00e9sente qui nous sommes, ce que nous faisons et avec qui. Ces \u00e9v\u00e9nements accueillent et montrent tout ce qui nous semble bon, dans cet h\u00f4pital d\u00e9saffect\u00e9 parisien, renomm\u00e9 Les Grands Voisins, o\u00f9 coexistent travailleurs immigr\u00e9s, artisans, apprenties sages-femmes, artistes, b\u00e9n\u00e9voles, salari\u00e9s, abonn\u00e9s de la soupe populaire, \u00e9ternels chilleurs et tant d\u2019autres.<\/span><\/p>\n<p class=\"p1\"><span class=\"s1\"><br \/>\n\u201cTous les deux on se connait d\u00e9j\u00e0 \/ On s&rsquo;est vu de pr\u00e8s souviens-toi\u201d<\/span><\/p>\n<p class=\"p1\"><span class=\"s1\"><br \/>\n\u00ab Viens, mais ne viens pas quand je serai seule \u00bb, un m\u00e9lange d\u2019envies communes, de n\u00e9cessit\u00e9s, d\u2019intentions et de hasards, de vivre ensembles et pour soi.<br \/>\n\u201cOui je veux mourir sur sc\u00e8ne \/ Le coeur ouvert tout en couleurs\u201d<\/span><\/p>\n<p>Extrait du communiqu\u00e9 de presse \u00e9crit par Jessica Guez, Aur\u00e9lien Port\u00e9, Th\u00e9o Robine-Langlois et la voix de Dalida<\/p>\n<div id=\"slidin\"><h2><span>1<\/span> \/ 70<\/h2><div id=\"slider_diapo\"><ul id=\"slider_page\"><li class=\"img_1\"><img decoding=\"async\" src=\"https:\/\/www.ensapc.fr\/wp-content\/uploads\/2017\/07\/DOUBLE-PORTRAIT-15.jpg\" alt=\"DOUBLE PORTRAIT 15\" title=\"DOUBLE PORTRAIT 15\" \/><div class=\"descimg\"><\/div><\/li><li class=\"img_2\"><img decoding=\"async\" src=\"https:\/\/www.ensapc.fr\/wp-content\/uploads\/2017\/07\/DOUBLE-PORTRAIT-14.jpg\" alt=\"DOUBLE PORTRAIT 14\" title=\"DOUBLE PORTRAIT 14\" \/><div class=\"descimg\"><\/div><\/li><li class=\"img_3\"><img decoding=\"async\" src=\"https:\/\/www.ensapc.fr\/wp-content\/uploads\/2017\/07\/DOUBLE-PORTRAIT-12.jpg\" alt=\"DOUBLE PORTRAIT 12\" title=\"DOUBLE PORTRAIT 12\" \/><div class=\"descimg\"><\/div><\/li><li class=\"img_4\"><img decoding=\"async\" src=\"https:\/\/www.ensapc.fr\/wp-content\/uploads\/2017\/07\/DOUBLE-PORTRAIT-11.jpg\" alt=\"DOUBLE PORTRAIT 11\" title=\"DOUBLE PORTRAIT 11\" \/><div class=\"descimg\"><\/div><\/li><li class=\"img_5\"><img decoding=\"async\" src=\"https:\/\/www.ensapc.fr\/wp-content\/uploads\/2017\/07\/DOUBLE-PORTRAIT-13.jpg\" alt=\"DOUBLE PORTRAIT 13\" title=\"DOUBLE PORTRAIT 13\" \/><div class=\"descimg\"><\/div><\/li><li class=\"img_6\"><img decoding=\"async\" src=\"https:\/\/www.ensapc.fr\/wp-content\/uploads\/2017\/07\/DOUBLE-PORTRAIT-01.jpg\" alt=\"DOUBLE PORTRAIT 01\" title=\"DOUBLE PORTRAIT 01\" \/><div class=\"descimg\"><\/div><\/li><li class=\"img_7\"><img decoding=\"async\" src=\"https:\/\/www.ensapc.fr\/wp-content\/uploads\/2017\/07\/DOUBLE-PORTRAIT-02.jpg\" alt=\"DOUBLE PORTRAIT 02\" title=\"DOUBLE PORTRAIT 02\" \/><div class=\"descimg\"><\/div><\/li><li class=\"img_8\"><img decoding=\"async\" src=\"https:\/\/www.ensapc.fr\/wp-content\/uploads\/2017\/07\/DOUBLE-PORTRAIT-03.jpg\" alt=\"DOUBLE PORTRAIT 03\" title=\"DOUBLE PORTRAIT 03\" \/><div class=\"descimg\"><\/div><\/li><li class=\"img_9\"><img decoding=\"async\" src=\"https:\/\/www.ensapc.fr\/wp-content\/uploads\/2017\/07\/DOUBLE-PORTRAIT-04.jpg\" alt=\"DOUBLE PORTRAIT 04\" title=\"DOUBLE PORTRAIT 04\" \/><div class=\"descimg\"><\/div><\/li><li class=\"img_10\"><img decoding=\"async\" src=\"https:\/\/www.ensapc.fr\/wp-content\/uploads\/2017\/07\/DOUBLE-PORTRAIT-05.jpg\" alt=\"DOUBLE PORTRAIT 05\" title=\"DOUBLE PORTRAIT 05\" \/><div class=\"descimg\"><\/div><\/li><li class=\"img_11\"><img decoding=\"async\" src=\"https:\/\/www.ensapc.fr\/wp-content\/uploads\/2017\/07\/DOUBLE-PORTRAIT-06.jpg\" alt=\"DOUBLE PORTRAIT 06\" title=\"DOUBLE PORTRAIT 06\" \/><div class=\"descimg\"><\/div><\/li><li class=\"img_12\"><img decoding=\"async\" src=\"https:\/\/www.ensapc.fr\/wp-content\/uploads\/2017\/07\/DOUBLE-PORTRAIT-07.jpg\" alt=\"DOUBLE PORTRAIT 07\" title=\"DOUBLE PORTRAIT 07\" \/><div class=\"descimg\"><\/div><\/li><li class=\"img_13\"><img decoding=\"async\" src=\"https:\/\/www.ensapc.fr\/wp-content\/uploads\/2017\/07\/DOUBLE-PORTRAIT-08.jpg\" alt=\"DOUBLE PORTRAIT 08\" title=\"DOUBLE PORTRAIT 08\" \/><div class=\"descimg\"><\/div><\/li><li class=\"img_14\"><img decoding=\"async\" src=\"https:\/\/www.ensapc.fr\/wp-content\/uploads\/2017\/07\/DOUBLE-PORTRAIT-09.jpg\" alt=\"DOUBLE PORTRAIT 09\" title=\"DOUBLE PORTRAIT 09\" \/><div class=\"descimg\"><\/div><\/li><li class=\"img_15\"><img decoding=\"async\" src=\"https:\/\/www.ensapc.fr\/wp-content\/uploads\/2017\/03\/1.jpg\" alt=\"1\" title=\"1\" \/><div class=\"descimg\"><\/div><\/li><li class=\"img_16\"><img decoding=\"async\" src=\"https:\/\/www.ensapc.fr\/wp-content\/uploads\/2017\/03\/2.jpg\" alt=\"2\" title=\"2\" \/><div class=\"descimg\"><\/div><\/li><li class=\"img_17\"><img decoding=\"async\" src=\"https:\/\/www.ensapc.fr\/wp-content\/uploads\/2017\/03\/3.jpg\" alt=\"3\" title=\"3\" \/><div class=\"descimg\"><\/div><\/li><li class=\"img_18\"><img decoding=\"async\" src=\"https:\/\/www.ensapc.fr\/wp-content\/uploads\/2017\/03\/4.jpg\" alt=\"4\" title=\"4\" \/><div class=\"descimg\"><\/div><\/li><li class=\"img_19\"><img decoding=\"async\" src=\"https:\/\/www.ensapc.fr\/wp-content\/uploads\/2017\/03\/5.jpg\" alt=\"5\" title=\"5\" \/><div class=\"descimg\"><\/div><\/li><li class=\"img_20\"><img decoding=\"async\" src=\"https:\/\/www.ensapc.fr\/wp-content\/uploads\/2017\/03\/6.jpg\" alt=\"6\" title=\"6\" \/><div class=\"descimg\"><\/div><\/li><li class=\"img_21\"><img decoding=\"async\" src=\"https:\/\/www.ensapc.fr\/wp-content\/uploads\/2017\/03\/8.jpg\" alt=\"8\" title=\"8\" \/><div class=\"descimg\"><\/div><\/li><li class=\"img_22\"><img decoding=\"async\" src=\"https:\/\/www.ensapc.fr\/wp-content\/uploads\/2017\/03\/9.jpg\" alt=\"9\" title=\"9\" \/><div class=\"descimg\"><\/div><\/li><li class=\"img_23\"><img decoding=\"async\" src=\"https:\/\/www.ensapc.fr\/wp-content\/uploads\/2017\/03\/10.jpg\" alt=\"10\" title=\"10\" \/><div class=\"descimg\"><\/div><\/li><li class=\"img_24\"><img decoding=\"async\" src=\"https:\/\/www.ensapc.fr\/wp-content\/uploads\/2017\/03\/12.jpg\" alt=\"12\" title=\"12\" \/><div class=\"descimg\"><\/div><\/li><li class=\"img_25\"><img decoding=\"async\" src=\"https:\/\/www.ensapc.fr\/wp-content\/uploads\/2017\/03\/13.jpg\" alt=\"13\" title=\"13\" \/><div class=\"descimg\"><\/div><\/li><li class=\"img_26\"><img decoding=\"async\" src=\"https:\/\/www.ensapc.fr\/wp-content\/uploads\/2017\/03\/14.jpg\" alt=\"14\" title=\"14\" \/><div class=\"descimg\"><\/div><\/li><li class=\"img_27\"><img decoding=\"async\" src=\"https:\/\/www.ensapc.fr\/wp-content\/uploads\/2017\/03\/15.jpg\" alt=\"15\" title=\"15\" \/><div class=\"descimg\"><\/div><\/li><li class=\"img_28\"><img decoding=\"async\" src=\"https:\/\/www.ensapc.fr\/wp-content\/uploads\/2017\/03\/16.jpg\" alt=\"16\" title=\"16\" \/><div class=\"descimg\"><\/div><\/li><li class=\"img_29\"><img decoding=\"async\" src=\"https:\/\/www.ensapc.fr\/wp-content\/uploads\/2017\/03\/17.jpg\" alt=\"17\" title=\"17\" \/><div class=\"descimg\"><\/div><\/li><li class=\"img_30\"><img decoding=\"async\" src=\"https:\/\/www.ensapc.fr\/wp-content\/uploads\/2017\/03\/18.jpg\" alt=\"18\" title=\"18\" \/><div class=\"descimg\"><\/div><\/li><li class=\"img_31\"><img decoding=\"async\" src=\"https:\/\/www.ensapc.fr\/wp-content\/uploads\/2017\/03\/19.jpg\" alt=\"19\" title=\"19\" \/><div class=\"descimg\"><\/div><\/li><li class=\"img_32\"><img decoding=\"async\" src=\"https:\/\/www.ensapc.fr\/wp-content\/uploads\/2017\/03\/20.jpg\" alt=\"20\" title=\"20\" \/><div class=\"descimg\"><\/div><\/li><li class=\"img_33\"><img decoding=\"async\" src=\"https:\/\/www.ensapc.fr\/wp-content\/uploads\/2017\/03\/21.jpg\" alt=\"21\" title=\"21\" \/><div class=\"descimg\"><\/div><\/li><li class=\"img_34\"><img decoding=\"async\" src=\"https:\/\/www.ensapc.fr\/wp-content\/uploads\/2017\/03\/22.jpg\" alt=\"22\" title=\"22\" \/><div class=\"descimg\"><\/div><\/li><li class=\"img_35\"><img decoding=\"async\" src=\"https:\/\/www.ensapc.fr\/wp-content\/uploads\/2017\/03\/23.jpg\" alt=\"23\" title=\"23\" \/><div class=\"descimg\"><\/div><\/li><li class=\"img_36\"><img decoding=\"async\" src=\"https:\/\/www.ensapc.fr\/wp-content\/uploads\/2017\/03\/24.jpg\" alt=\"24\" title=\"24\" \/><div class=\"descimg\"><\/div><\/li><li class=\"img_37\"><img decoding=\"async\" src=\"https:\/\/www.ensapc.fr\/wp-content\/uploads\/2017\/03\/25.jpg\" alt=\"25\" title=\"25\" \/><div class=\"descimg\"><\/div><\/li><li class=\"img_38\"><img decoding=\"async\" src=\"https:\/\/www.ensapc.fr\/wp-content\/uploads\/2017\/03\/26.jpg\" alt=\"26\" title=\"26\" \/><div class=\"descimg\"><\/div><\/li><li class=\"img_39\"><img decoding=\"async\" src=\"https:\/\/www.ensapc.fr\/wp-content\/uploads\/2017\/03\/27.jpg\" alt=\"27\" title=\"27\" \/><div class=\"descimg\"><\/div><\/li><li class=\"img_40\"><img decoding=\"async\" src=\"https:\/\/www.ensapc.fr\/wp-content\/uploads\/2017\/03\/28.jpg\" alt=\"28\" title=\"28\" \/><div class=\"descimg\"><\/div><\/li><li class=\"img_41\"><img decoding=\"async\" src=\"https:\/\/www.ensapc.fr\/wp-content\/uploads\/2017\/03\/29.jpg\" alt=\"29\" title=\"29\" \/><div class=\"descimg\"><\/div><\/li><li class=\"img_42\"><img decoding=\"async\" src=\"https:\/\/www.ensapc.fr\/wp-content\/uploads\/2017\/03\/30.jpg\" alt=\"30\" title=\"30\" \/><div class=\"descimg\"><\/div><\/li><li class=\"img_43\"><img decoding=\"async\" src=\"https:\/\/www.ensapc.fr\/wp-content\/uploads\/2017\/03\/31.jpg\" alt=\"31\" title=\"31\" \/><div class=\"descimg\"><\/div><\/li><li class=\"img_44\"><img decoding=\"async\" src=\"https:\/\/www.ensapc.fr\/wp-content\/uploads\/2017\/03\/1-1.jpg\" alt=\"1\" title=\"1\" \/><div class=\"descimg\"><\/div><\/li><li class=\"img_45\"><img decoding=\"async\" src=\"https:\/\/www.ensapc.fr\/wp-content\/uploads\/2017\/03\/2-1.jpg\" alt=\"2\" title=\"2\" \/><div class=\"descimg\"><\/div><\/li><li class=\"img_46\"><img decoding=\"async\" src=\"https:\/\/www.ensapc.fr\/wp-content\/uploads\/2017\/03\/3-1.jpg\" alt=\"3\" title=\"3\" \/><div class=\"descimg\"><\/div><\/li><li class=\"img_47\"><img decoding=\"async\" src=\"https:\/\/www.ensapc.fr\/wp-content\/uploads\/2017\/03\/4-1.jpg\" alt=\"4\" title=\"4\" \/><div class=\"descimg\"><\/div><\/li><li class=\"img_48\"><img decoding=\"async\" src=\"https:\/\/www.ensapc.fr\/wp-content\/uploads\/2017\/03\/5-1.jpg\" alt=\"5\" title=\"5\" \/><div class=\"descimg\"><\/div><\/li><li class=\"img_49\"><img decoding=\"async\" src=\"https:\/\/www.ensapc.fr\/wp-content\/uploads\/2017\/03\/6-1.jpg\" alt=\"6\" title=\"6\" \/><div class=\"descimg\"><\/div><\/li><li class=\"img_50\"><img decoding=\"async\" src=\"https:\/\/www.ensapc.fr\/wp-content\/uploads\/2017\/03\/7.jpg\" alt=\"7\" title=\"7\" \/><div class=\"descimg\"><\/div><\/li><li class=\"img_51\"><img decoding=\"async\" src=\"https:\/\/www.ensapc.fr\/wp-content\/uploads\/2017\/03\/8-1.jpg\" alt=\"8\" title=\"8\" \/><div class=\"descimg\"><\/div><\/li><li class=\"img_52\"><img decoding=\"async\" src=\"https:\/\/www.ensapc.fr\/wp-content\/uploads\/2017\/09\/EXPORT-2-2MB-04.jpg\" alt=\"EXPORT 2- 2MB-04\" title=\"EXPORT 2- 2MB-04\" \/><div class=\"descimg\"><\/div><\/li><li class=\"img_53\"><img decoding=\"async\" src=\"https:\/\/www.ensapc.fr\/wp-content\/uploads\/2017\/09\/photo-diplome11.jpg\" alt=\"photo diplome11\" title=\"photo diplome11\" \/><div class=\"descimg\"><\/div><\/li><li class=\"img_54\"><img decoding=\"async\" src=\"https:\/\/www.ensapc.fr\/wp-content\/uploads\/2017\/09\/photo-diplome10.jpg\" alt=\"photo diplome10\" title=\"photo diplome10\" \/><div class=\"descimg\"><\/div><\/li><li class=\"img_55\"><img decoding=\"async\" src=\"https:\/\/www.ensapc.fr\/wp-content\/uploads\/2017\/09\/EXPORT-2-2MB-02.jpg\" alt=\"EXPORT 2- 2MB-02\" title=\"EXPORT 2- 2MB-02\" \/><div class=\"descimg\"><\/div><\/li><li class=\"img_56\"><img decoding=\"async\" src=\"https:\/\/www.ensapc.fr\/wp-content\/uploads\/2017\/09\/EXPORT-2-2MB-08.jpg\" alt=\"EXPORT 2- 2MB-08\" title=\"EXPORT 2- 2MB-08\" \/><div class=\"descimg\"><\/div><\/li><li class=\"img_57\"><img decoding=\"async\" src=\"https:\/\/www.ensapc.fr\/wp-content\/uploads\/2017\/09\/photo-diplome9.jpg\" alt=\"photo diplome9\" title=\"photo diplome9\" \/><div class=\"descimg\"><\/div><\/li><li class=\"img_58\"><img decoding=\"async\" src=\"https:\/\/www.ensapc.fr\/wp-content\/uploads\/2017\/09\/EXPORT-2-2MB-26.jpg\" alt=\"EXPORT 2- 2MB-26\" title=\"EXPORT 2- 2MB-26\" \/><div class=\"descimg\"><\/div><\/li><li class=\"img_59\"><img decoding=\"async\" src=\"https:\/\/www.ensapc.fr\/wp-content\/uploads\/2017\/09\/photo-diplome8.jpg\" alt=\"photo diplome8\" title=\"photo diplome8\" \/><div class=\"descimg\"><\/div><\/li><li class=\"img_60\"><img decoding=\"async\" src=\"https:\/\/www.ensapc.fr\/wp-content\/uploads\/2017\/09\/photo-diplome7.jpg\" alt=\"photo diplome7\" title=\"photo diplome7\" \/><div class=\"descimg\"><\/div><\/li><li class=\"img_61\"><img decoding=\"async\" src=\"https:\/\/www.ensapc.fr\/wp-content\/uploads\/2017\/09\/EXPORT-2-2MB-40.jpg\" alt=\"EXPORT 2- 2MB-40\" title=\"EXPORT 2- 2MB-40\" \/><div class=\"descimg\"><\/div><\/li><li class=\"img_62\"><img decoding=\"async\" src=\"https:\/\/www.ensapc.fr\/wp-content\/uploads\/2017\/09\/EXPORT-2-2MB-59.jpg\" alt=\"EXPORT 2- 2MB-59\" title=\"EXPORT 2- 2MB-59\" \/><div class=\"descimg\"><\/div><\/li><li class=\"img_63\"><img decoding=\"async\" src=\"https:\/\/www.ensapc.fr\/wp-content\/uploads\/2017\/09\/photo-diplome7.jpg\" alt=\"photo diplome7\" title=\"photo diplome7\" \/><div class=\"descimg\"><\/div><\/li><li class=\"img_64\"><img decoding=\"async\" src=\"https:\/\/www.ensapc.fr\/wp-content\/uploads\/2017\/09\/EXPORT-2-2MB-60.jpg\" alt=\"EXPORT 2- 2MB-60\" title=\"EXPORT 2- 2MB-60\" \/><div class=\"descimg\"><\/div><\/li><li class=\"img_65\"><img decoding=\"async\" src=\"https:\/\/www.ensapc.fr\/wp-content\/uploads\/2017\/09\/EXPORT.3.2MB2.jpg\" alt=\"EXPORT.3.2MB2\" title=\"EXPORT.3.2MB2\" \/><div class=\"descimg\"><\/div><\/li><li class=\"img_66\"><img decoding=\"async\" src=\"https:\/\/www.ensapc.fr\/wp-content\/uploads\/2017\/09\/photo-diplome6.jpg\" alt=\"photo diplome6\" title=\"photo diplome6\" \/><div class=\"descimg\"><\/div><\/li><li class=\"img_67\"><img decoding=\"async\" src=\"https:\/\/www.ensapc.fr\/wp-content\/uploads\/2017\/09\/photo-diplome5.jpg\" alt=\"photo diplome5\" title=\"photo diplome5\" \/><div class=\"descimg\"><\/div><\/li><li class=\"img_68\"><img decoding=\"async\" src=\"https:\/\/www.ensapc.fr\/wp-content\/uploads\/2017\/09\/EXPORT.3.2MB17.jpg\" alt=\"EXPORT.3.2MB17\" title=\"EXPORT.3.2MB17\" \/><div class=\"descimg\"><\/div><\/li><li class=\"img_69\"><img decoding=\"async\" src=\"https:\/\/www.ensapc.fr\/wp-content\/uploads\/2017\/09\/photo-diplome.jpg\" alt=\"photo diplome\" title=\"photo diplome\" \/><div class=\"descimg\"><\/div><\/li><li class=\"img_70\"><img decoding=\"async\" src=\"https:\/\/www.ensapc.fr\/wp-content\/uploads\/2017\/09\/photo-diplome2.jpg\" alt=\"photo diplome2\" title=\"photo diplome2\" \/><div class=\"descimg\"><\/div><\/li><\/ul><div id=\"descimg\"><\/div><\/div><\/div>[\/vc_column_text][\/vc_column][\/vc_row][vc_row][vc_column][\/vc_column][\/vc_row]<\/p>\n<\/div>","protected":false},"excerpt":{"rendered":"<p>[vc_row][vc_column][vc_single_image image=\u00a0\u00bb2163&Prime; img_size=\u00a0\u00bblarge\u00a0\u00bb add_caption=\u00a0\u00bbyes\u00a0\u00bb alignment=\u00a0\u00bbcenter\u00a0\u00bb css_animation=\u00a0\u00bbtop-to-bottom\u00a0\u00bb][\/vc_column][\/vc_row][vc_row content_placement=\u00a0\u00bbmiddle\u00a0\u00bb][vc_column][vc_column_text]Exposition Viens, mais ne viens pas quand je serai seule [\/vc_column_text][vc_separator color=\u00a0\u00bbpink\u00a0\u00bb style=\u00a0\u00bbdashed\u00a0\u00bb el_width=\u00a0\u00bb90&Prime;][vc_column_text] du 13 juillet au 10 septembre 2017 \/\/Les projections de films et performances avec \u00c9cran Voisin continuent jusqu&rsquo;au 17 septembre\/\/ Retrouvez le programme du festival ici Un festival d&rsquo;\u00e9t\u00e9 (expositions, \u00e9v\u00e9nements, concerts, performances, dj sets)&#8230;  <a class=\"excerpt-read-more\" href=\"https:\/\/www.ensapc.fr\/fr\/ygrec\/archives\/2017-2\/viens-mais-ne-viens-pas-quand-je-serai-seule\/\" title=\"Read VIENS, MAIS NE VIENS PAS QUAND JE SERAI SEULE\">Lire la suite &raquo;<\/a><\/p>\n","protected":false},"author":1,"featured_media":0,"parent":1495,"menu_order":444,"comment_status":"closed","ping_status":"closed","template":"","meta":{"footnotes":""},"class_list":["post-2251","page","type-page","status-publish","hentry"],"_links":{"self":[{"href":"https:\/\/www.ensapc.fr\/fr\/wp-json\/wp\/v2\/pages\/2251","targetHints":{"allow":["GET"]}}],"collection":[{"href":"https:\/\/www.ensapc.fr\/fr\/wp-json\/wp\/v2\/pages"}],"about":[{"href":"https:\/\/www.ensapc.fr\/fr\/wp-json\/wp\/v2\/types\/page"}],"author":[{"embeddable":true,"href":"https:\/\/www.ensapc.fr\/fr\/wp-json\/wp\/v2\/users\/1"}],"replies":[{"embeddable":true,"href":"https:\/\/www.ensapc.fr\/fr\/wp-json\/wp\/v2\/comments?post=2251"}],"version-history":[{"count":3,"href":"https:\/\/www.ensapc.fr\/fr\/wp-json\/wp\/v2\/pages\/2251\/revisions"}],"predecessor-version":[{"id":2282,"href":"https:\/\/www.ensapc.fr\/fr\/wp-json\/wp\/v2\/pages\/2251\/revisions\/2282"}],"up":[{"embeddable":true,"href":"https:\/\/www.ensapc.fr\/fr\/wp-json\/wp\/v2\/pages\/1495"}],"wp:attachment":[{"href":"https:\/\/www.ensapc.fr\/fr\/wp-json\/wp\/v2\/media?parent=2251"}],"curies":[{"name":"wp","href":"https:\/\/api.w.org\/{rel}","templated":true}]}}