{"id":228,"date":"2016-09-21T12:13:00","date_gmt":"2016-09-21T10:13:00","guid":{"rendered":"https:\/\/www.ensapc.fr\/fr\/?page_id=228"},"modified":"2024-03-14T11:47:48","modified_gmt":"2024-03-14T10:47:48","slug":"galerie","status":"publish","type":"page","link":"https:\/\/www.ensapc.fr\/fr\/ygrec\/galerie\/","title":{"rendered":"Centre d&rsquo;art"},"content":{"rendered":"<div class=\"wpb-content-wrapper\"><p>[vc_row][vc_column][vc_column_text]<\/p>\n<div class=\"page\" title=\"Page 2\">\n<div class=\"layoutArea\">\n<div class=\"column\">\n<p><strong><span class=\"\">Ygrec est le centre d\u2019art de l\u2019E\u0301cole Nationale Supe\u0301rieure d\u2019Arts de Paris-Cergy.\u00a0Apre\u0300s vingt ans d\u2019existence a\u0300 Paris, Ygrec ENSAPC a ouvert ses nouveaux espaces a\u0300 Aubervilliers.\u00a0<\/span><\/strong><\/p>\n<p><span class=\"\">En 2000, l\u2019\u00c9cole nationale sup\u00e9rieure d\u2019arts de Paris-Cergy se dote d\u2019un lieu d\u2019exposition intitul\u00e9 \u00ab\u00a0La Vitrine\u00a0\u00bb situ\u00e9 \u00e0 Paris, dans le 11\u00e8me arrondissement, rue Moret. Le projet \u00e9lit ensuite domicile rue Louise Weiss dans le 13\u00e8me arrondissement o\u00f9 il prend le nom de Ygrec (soit \u00ab\u00a0Cergy\u00a0\u00bb \u00e0 l\u2019envers). A l\u2019\u00e9t\u00e9 2016, Ygrec s\u2019installe au c\u0153ur du laboratoire urbain et social des Grands Voisins, projet d\u2019occupation temporaire du site de l\u2019ancien h\u00f4pital Saint-Vincent-de-Paul, avant d\u2019inaugurer, d\u00e9but 2020, un nouvel espace d\u2019exposition \u00e0 Aubervilliers. L\u2019action du centre d\u2019art se d\u00e9ploie \u00e9galement \u00e0 l\u2019occasion de projets hors-les-murs, en partenariat avec de nombreuses structures et \u00e9v\u00e9nements.<\/span><\/p>\n<p><span class=\"\">Ygrec accueille les formes actuelles de la cre\u0301ation contemporaine. Sa programmation s\u2019articule d\u2019une part autour de propositions artistiques de\u0301veloppe\u0301es en collaboration avec les enseignant.e.s, les e\u0301tudiant.e.s et les diplo\u0302me\u0301.e.s de l\u2019ENSAPC et d\u2019autre part d\u2019expositions et d\u2019e\u0301ve\u0300nements e\u0301labore\u0301s a\u0300 partir d\u2019invitations adresse\u0301es a\u0300 des artistes et commissaires d\u2019exposition venu.e.s de tous les continents.<\/span><\/p>\n<\/div>\n<\/div>\n<\/div>\n<p>[\/vc_column_text][\/vc_column][\/vc_row]<\/p>\n<p>&nbsp;<\/p>\n<p>Pour s&rsquo;abonner \u00e0 notre newsletter :<br \/>\n<script>(function() {\n\twindow.mc4wp = window.mc4wp || {\n\t\tlisteners: [],\n\t\tforms: {\n\t\t\ton: function(evt, cb) {\n\t\t\t\twindow.mc4wp.listeners.push(\n\t\t\t\t\t{\n\t\t\t\t\t\tevent   : evt,\n\t\t\t\t\t\tcallback: cb\n\t\t\t\t\t}\n\t\t\t\t);\n\t\t\t}\n\t\t}\n\t}\n})();\n<\/script><!-- Mailchimp for WordPress v4.12.1 - https:\/\/wordpress.org\/plugins\/mailchimp-for-wp\/ --><form id=\"mc4wp-form-1\" class=\"mc4wp-form mc4wp-form-12037 mc4wp-form-theme mc4wp-form-theme-red\" method=\"post\" data-id=\"12037\" data-name=\"Newsletter ENSAPC\" ><div class=\"mc4wp-form-fields\"><style>\r\n  .select_newsletter{appearance:auto !important;}\r\n<\/style>\r\n<p>\r\n<label>ENSAPC \/ Centre d'art Ygrec<\/label>\r\n    <select class=\"select_newsletter\" name=\"_mc4wp_lists\">\r\n        <option value=\"394f46ad49\" selected=\"true\">Newsletter ENSAPC<\/option>\r\n        <option value=\"429b83c375\">Newsletter Ygrec FR<\/option>\r\n    <\/select>\r\n<\/p>\r\n\r\n<p class=\"footer-hide\">\r\n\r\n    <label>Pr\u00e9nom<\/label>\r\n    <input type=\"text\" name=\"FNAME\" placeholder=\"Pr\u00e9nom \/ nom\">\r\n<\/p>\r\n<p>\r\n\t<label>Adresse de courrier \u00e9lectronique: \r\n\t\t<input type=\"email\" name=\"EMAIL\" placeholder=\"Votre adresse de courrier \u00e9lectronique\" required \/>\r\n<\/label>\r\n<\/p>\r\n\r\n<p>\r\n\t<input type=\"submit\" value=\"Abonnez-vous\" \/>\r\n<\/p><\/div><label style=\"display: none !important;\">Laissez ce champ vide si vous \u00eates humain\u00a0: <input type=\"text\" name=\"_mc4wp_honeypot\" value=\"\" tabindex=\"-1\" autocomplete=\"off\" \/><\/label><input type=\"hidden\" name=\"_mc4wp_timestamp\" value=\"1776435980\" \/><input type=\"hidden\" name=\"_mc4wp_form_id\" value=\"12037\" \/><input type=\"hidden\" name=\"_mc4wp_form_element_id\" value=\"mc4wp-form-1\" \/><div class=\"mc4wp-response\"><\/div><\/form><!-- \/ Mailchimp for WordPress Plugin --><\/p>\n<\/div>","protected":false},"excerpt":{"rendered":"<p>[vc_row][vc_column][vc_column_text] Ygrec est le centre d\u2019art de l\u2019E\u0301cole Nationale Supe\u0301rieure d\u2019Arts de Paris-Cergy.\u00a0Apre\u0300s vingt ans d\u2019existence a\u0300 Paris, Ygrec ENSAPC a ouvert ses nouveaux espaces a\u0300 Aubervilliers.\u00a0 En 2000, l\u2019\u00c9cole nationale sup\u00e9rieure d\u2019arts de Paris-Cergy se dote d\u2019un lieu d\u2019exposition intitul\u00e9 \u00ab\u00a0La Vitrine\u00a0\u00bb situ\u00e9 \u00e0 Paris, dans le 11\u00e8me arrondissement, rue Moret. Le projet \u00e9lit&#8230;  <a class=\"excerpt-read-more\" href=\"https:\/\/www.ensapc.fr\/fr\/ygrec\/galerie\/\" title=\"Read Centre d&rsquo;art\">Lire la suite &raquo;<\/a><\/p>\n","protected":false},"author":1,"featured_media":0,"parent":20,"menu_order":339,"comment_status":"closed","ping_status":"closed","template":"","meta":{"footnotes":""},"class_list":["post-228","page","type-page","status-publish","hentry"],"_links":{"self":[{"href":"https:\/\/www.ensapc.fr\/fr\/wp-json\/wp\/v2\/pages\/228","targetHints":{"allow":["GET"]}}],"collection":[{"href":"https:\/\/www.ensapc.fr\/fr\/wp-json\/wp\/v2\/pages"}],"about":[{"href":"https:\/\/www.ensapc.fr\/fr\/wp-json\/wp\/v2\/types\/page"}],"author":[{"embeddable":true,"href":"https:\/\/www.ensapc.fr\/fr\/wp-json\/wp\/v2\/users\/1"}],"replies":[{"embeddable":true,"href":"https:\/\/www.ensapc.fr\/fr\/wp-json\/wp\/v2\/comments?post=228"}],"version-history":[{"count":5,"href":"https:\/\/www.ensapc.fr\/fr\/wp-json\/wp\/v2\/pages\/228\/revisions"}],"predecessor-version":[{"id":12040,"href":"https:\/\/www.ensapc.fr\/fr\/wp-json\/wp\/v2\/pages\/228\/revisions\/12040"}],"up":[{"embeddable":true,"href":"https:\/\/www.ensapc.fr\/fr\/wp-json\/wp\/v2\/pages\/20"}],"wp:attachment":[{"href":"https:\/\/www.ensapc.fr\/fr\/wp-json\/wp\/v2\/media?parent=228"}],"curies":[{"name":"wp","href":"https:\/\/api.w.org\/{rel}","templated":true}]}}