{"id":235,"date":"2016-09-21T12:25:04","date_gmt":"2016-09-21T10:25:04","guid":{"rendered":"https:\/\/www.ensapc.fr\/fr\/?page_id=235"},"modified":"2024-08-20T14:57:54","modified_gmt":"2024-08-20T12:57:54","slug":"ecole","status":"publish","type":"page","link":"https:\/\/www.ensapc.fr\/fr\/ecole\/ecole\/","title":{"rendered":"Ecole"},"content":{"rendered":"<p>&nbsp;<\/p>\n<p><center><div style=\"width: 640px;\" class=\"wp-video\"><video class=\"wp-video-shortcode\" id=\"video-235-1\" width=\"640\" height=\"480\" preload=\"metadata\" controls=\"controls\"><source type=\"video\/mp4\" src=\"https:\/\/www.ensapc.fr\/wp-content\/uploads\/2018\/02\/ensapc.mp4?_=1\" \/><a href=\"https:\/\/www.ensapc.fr\/wp-content\/uploads\/2018\/02\/ensapc.mp4\">https:\/\/www.ensapc.fr\/wp-content\/uploads\/2018\/02\/ensapc.mp4<\/a><\/video><\/div>\n<p>&nbsp;<\/p>\n<p>&nbsp;<\/p>\n<p><\/center><\/p>\n<p style=\"text-align: left;\">\u00c9tablissement public d\u2019enseignement sup\u00e9rieur artistique sous tutelle du Minist\u00e8re de la culture, l\u2019\u00c9cole nationale sup\u00e9rieure d\u2019arts de Paris-Cergy (ENSAPC) forme des artistes et cr\u00e9ateur\u00b7rice\u00b7s actif\u00b7ive\u00b7s sur la sc\u00e8ne internationale. Revendiquant une totale transversalit\u00e9 et reposant sur une grande autonomie des \u00e9tudiant\u00b7e\u00b7s dans l\u2019\u00e9laboration de leur cursus, son enseignement couvre un large spectre de disciplines et croise les domaines des arts visuels, de l\u2019\u00e9criture, du spectacle vivant, du son, du cin\u00e9ma et de la th\u00e9orie, en lien avec des partenaires fran\u00e7ais et internationaux. L\u2019\u00e9cole est un espace hospitalier \u00e0 l\u2019exp\u00e9rimentation artistique, l\u2019invention et la recherche en art, un lieu de convivialit\u00e9, d\u2019\u00e9changes et de r\u00e9seaux de partage qui permet la s\u00e9dimentation d\u2019id\u00e9es, de connaissances et d\u2019exp\u00e9riences.<\/p>\n<p>Ouverture sur le monde, dialogue interculturel et coop\u00e9ration internationale sont partie int\u00e9grante de la politique institutionnelle de l\u2019ENSAPC. Chaque ann\u00e9e, l\u2019\u00e9cole accueille des artistes-enseignant\u00b7e\u00b7s, chercheur\u00b7euse\u00b7s, \u00e9tudiant\u00b7e\u00b7s de diff\u00e9rentes r\u00e9gions du monde et organise de nombreux projets et collaborations en France et \u00e0 l\u2019international.<\/p>\n<p>L\u2019ENSAPC d\u00e9veloppe un cursus en trois ans (1<sup>er<\/sup> cycle menant au Dipl\u00f4me national d\u2019arts, le DNA \u00e9quivalant le grade de Licence) et en deux ans (second cycle menant au Dipl\u00f4me national sup\u00e9rieur d\u2019expression plastique, le DNSEP conf\u00e9rant le grade de Master). Les activit\u00e9s d\u2019enseignement \u2013 cours, ARC, lignes de recherches, studios, s\u00e9minaires, voyages \u2013 sont nourries par des processus de recherche, des modes de penser et d\u2019agir prenant appui sur les pratiques et projets artistiques des \u00e9tudiant\u00b7e\u00b7s. L\u2019\u00e9cole propose \u00e9galement une formation doctorale par le projet (<em>practice-led doctorate<\/em>) dans le cadre de la Graduate School Humanit\u00e9s, Cr\u00e9ation, Patrimoine \u00e9labor\u00e9e en partenariat avec CY Cergy Paris Universit\u00e9 (CY lettres et sciences humaines), l\u2019Ecole nationale sup\u00e9rieure d\u2019architecture et l\u2019Ecole nationale supe\u0301rieure de paysage de Versailles et l\u2019Institut National du Patrimoine.<\/p>\n<p>L\u2019ENSAPC dispose d\u2019un centre d\u2019art, YGREC. Vitrine de l\u2019ENSAPC \u00e0 Aubervilliers, il est un terrain de rencontres et d\u2019exp\u00e9rimentations, un espace d\u2019interactions o\u00f9 expositions, p\u00e9dagogie, recherche, professionnalisation et m\u00e9diation se croisent et se nourrissent.<\/p>\n<p style=\"text-align: left;\">\u00c0 partir d\u2019un programme riche d\u2019invitations de personnalit\u00e9s issues des champs artistiques et scientifiques qui engage une coop\u00e9ration des intelligences et une constellation de pratiques, l\u2019\u00e9quipe de professeur\u00b7e\u00b7s et de responsables d\u2019ateliers, les \u00e9tudiant\u00b7e\u00b7s, les doctorant\u00b7e\u00b7s et l\u2019\u00e9quipe administrative de l\u2019ENSAPC et d\u2019YGREC parient sur la capacit\u00e9 collective \u00e0 inventer ensemble les voies permettant l\u2019exp\u00e9rimentation des modes de transmission, de production, de recherche, de pr\u00e9sentation et de r\u00e9ception, et ceci en coh\u00e9rence avec des dynamiques de collaborations p\u00e9dagogiques, artistiques et citoyennes.<\/p>\n<p style=\"text-align: left;\">Pour s&rsquo;abonner \u00e0 notre newsletter :\u00a0 <script>(function() {\n\twindow.mc4wp = window.mc4wp || {\n\t\tlisteners: [],\n\t\tforms: {\n\t\t\ton: function(evt, cb) {\n\t\t\t\twindow.mc4wp.listeners.push(\n\t\t\t\t\t{\n\t\t\t\t\t\tevent   : evt,\n\t\t\t\t\t\tcallback: cb\n\t\t\t\t\t}\n\t\t\t\t);\n\t\t\t}\n\t\t}\n\t}\n})();\n<\/script><!-- Mailchimp for WordPress v4.12.1 - https:\/\/wordpress.org\/plugins\/mailchimp-for-wp\/ --><form id=\"mc4wp-form-1\" class=\"mc4wp-form mc4wp-form-12037 mc4wp-form-theme mc4wp-form-theme-red\" method=\"post\" data-id=\"12037\" data-name=\"Newsletter ENSAPC\" ><div class=\"mc4wp-form-fields\"><style>\r\n  .select_newsletter{appearance:auto !important;}\r\n<\/style>\r\n<p>\r\n<label>ENSAPC \/ Centre d'art Ygrec<\/label>\r\n    <select class=\"select_newsletter\" name=\"_mc4wp_lists\">\r\n        <option value=\"394f46ad49\" selected=\"true\">Newsletter ENSAPC<\/option>\r\n        <option value=\"429b83c375\">Newsletter Ygrec FR<\/option>\r\n    <\/select>\r\n<\/p>\r\n\r\n<p class=\"footer-hide\">\r\n\r\n    <label>Pr\u00e9nom<\/label>\r\n    <input type=\"text\" name=\"FNAME\" placeholder=\"Pr\u00e9nom \/ nom\">\r\n<\/p>\r\n<p>\r\n\t<label>Adresse de courrier \u00e9lectronique: \r\n\t\t<input type=\"email\" name=\"EMAIL\" placeholder=\"Votre adresse de courrier \u00e9lectronique\" required \/>\r\n<\/label>\r\n<\/p>\r\n\r\n<p>\r\n\t<input type=\"submit\" value=\"Abonnez-vous\" \/>\r\n<\/p><\/div><label style=\"display: none !important;\">Laissez ce champ vide si vous \u00eates humain\u00a0: <input type=\"text\" name=\"_mc4wp_honeypot\" value=\"\" tabindex=\"-1\" autocomplete=\"off\" \/><\/label><input type=\"hidden\" name=\"_mc4wp_timestamp\" value=\"1776959775\" \/><input type=\"hidden\" name=\"_mc4wp_form_id\" value=\"12037\" \/><input type=\"hidden\" name=\"_mc4wp_form_element_id\" value=\"mc4wp-form-1\" \/><div class=\"mc4wp-response\"><\/div><\/form><!-- \/ Mailchimp for WordPress Plugin --><\/p>\n","protected":false},"excerpt":{"rendered":"<p>&nbsp; &nbsp; &nbsp; \u00c9tablissement public d\u2019enseignement sup\u00e9rieur artistique sous tutelle du Minist\u00e8re de la culture, l\u2019\u00c9cole nationale sup\u00e9rieure d\u2019arts de Paris-Cergy (ENSAPC) forme des artistes et cr\u00e9ateur\u00b7rice\u00b7s actif\u00b7ive\u00b7s sur la sc\u00e8ne internationale. Revendiquant une totale transversalit\u00e9 et reposant sur une grande autonomie des \u00e9tudiant\u00b7e\u00b7s dans l\u2019\u00e9laboration de leur cursus, son enseignement couvre un large spectre&#8230;  <a class=\"excerpt-read-more\" href=\"https:\/\/www.ensapc.fr\/fr\/ecole\/ecole\/\" title=\"Read Ecole\">Lire la suite &raquo;<\/a><\/p>\n","protected":false},"author":1,"featured_media":0,"parent":6,"menu_order":209,"comment_status":"closed","ping_status":"closed","template":"","meta":{"footnotes":""},"class_list":["post-235","page","type-page","status-publish","hentry"],"_links":{"self":[{"href":"https:\/\/www.ensapc.fr\/fr\/wp-json\/wp\/v2\/pages\/235","targetHints":{"allow":["GET"]}}],"collection":[{"href":"https:\/\/www.ensapc.fr\/fr\/wp-json\/wp\/v2\/pages"}],"about":[{"href":"https:\/\/www.ensapc.fr\/fr\/wp-json\/wp\/v2\/types\/page"}],"author":[{"embeddable":true,"href":"https:\/\/www.ensapc.fr\/fr\/wp-json\/wp\/v2\/users\/1"}],"replies":[{"embeddable":true,"href":"https:\/\/www.ensapc.fr\/fr\/wp-json\/wp\/v2\/comments?post=235"}],"version-history":[{"count":5,"href":"https:\/\/www.ensapc.fr\/fr\/wp-json\/wp\/v2\/pages\/235\/revisions"}],"predecessor-version":[{"id":12791,"href":"https:\/\/www.ensapc.fr\/fr\/wp-json\/wp\/v2\/pages\/235\/revisions\/12791"}],"up":[{"embeddable":true,"href":"https:\/\/www.ensapc.fr\/fr\/wp-json\/wp\/v2\/pages\/6"}],"wp:attachment":[{"href":"https:\/\/www.ensapc.fr\/fr\/wp-json\/wp\/v2\/media?parent=235"}],"curies":[{"name":"wp","href":"https:\/\/api.w.org\/{rel}","templated":true}]}}