{"id":2352,"date":"2017-10-11T13:54:17","date_gmt":"2017-10-11T11:54:17","guid":{"rendered":"https:\/\/www.ensapc.fr\/fr\/?page_id=2352"},"modified":"2020-05-14T15:00:05","modified_gmt":"2020-05-14T13:00:05","slug":"jean-luc-verna","status":"publish","type":"page","link":"https:\/\/www.ensapc.fr\/fr\/jean-luc-verna\/","title":{"rendered":"Jean-Luc Verna"},"content":{"rendered":"<div class=\"wpb-content-wrapper\"><p>[vc_row][vc_column][vc_column_text]Jean-Luc Verna est n\u00e9 en 1966, il vit et travaille \u00e0 Paris. Il a particip\u00e9 aux plusieurs expositions et a f\u00eat\u00e9 ses 50 ans avec une r\u00e9trospective au MAC\/Val, \u00e0 Vitry-sur-Seine cette ann\u00e9e. Il est repr\u00e9sent\u00e9 en France par la galerie Air de Paris.<\/p>\n<p>\u201cArtiste pluridisciplinaire ; dessinateur, auteur, danseur, chor\u00e9graphe, metteur en sc\u00e8ne, com\u00e9dien, Jean-Luc Verna place le corps au centre de son travail, dans toutes ses dimensions et humeurs ; tour \u00e0 tour glorieux, mis\u00e9rable, jouissant, souffrant, vivant. Il utilise le dessin comme il utilise son corps et sa peau, comme un espace \u00e0 travestir autant qu\u2019\u00e0 embellir, \u00e0 transformer autant qu\u2019\u00e0 c\u00e9l\u00e9brer.\u00a0Son univers, entre culture savante et culture populaire, est jalonn\u00e9 de r\u00e9f\u00e9rences artistiques, mythologiques, cin\u00e9matographiques et musicales et peupl\u00e9 de fant\u00f4mes, de pr\u00e9sences, d\u2019amis\u2026\u201d[\/vc_column_text][vc_btn title=\u00a0\u00bbEn savoir plus \u00a0\u00bb link=\u00a0\u00bburl:http%3A%2F%2Fwww.airdeparis.com%2Fartists%2Fjean-luc-verna%2F||target:%20_blank|\u00a0\u00bb][\/vc_column][\/vc_row][vc_row][vc_column width=\u00a0\u00bb1\/2&Prime;][\/vc_column][vc_column width=\u00a0\u00bb1\/2&Prime;][\/vc_column][\/vc_row]<\/p>\n<\/div>","protected":false},"excerpt":{"rendered":"<p>[vc_row][vc_column][vc_column_text]Jean-Luc Verna est n\u00e9 en 1966, il vit et travaille \u00e0 Paris. Il a particip\u00e9 aux plusieurs expositions et a f\u00eat\u00e9 ses 50 ans avec une r\u00e9trospective au MAC\/Val, \u00e0 Vitry-sur-Seine cette ann\u00e9e. Il est repr\u00e9sent\u00e9 en France par la galerie Air de Paris. \u201cArtiste pluridisciplinaire ; dessinateur, auteur, danseur, chor\u00e9graphe, metteur en sc\u00e8ne, com\u00e9dien,&#8230;  <a class=\"excerpt-read-more\" href=\"https:\/\/www.ensapc.fr\/fr\/jean-luc-verna\/\" title=\"Read Jean-Luc Verna\">Lire la suite &raquo;<\/a><\/p>\n","protected":false},"author":1,"featured_media":0,"parent":0,"menu_order":281,"comment_status":"closed","ping_status":"closed","template":"","meta":{"footnotes":""},"class_list":["post-2352","page","type-page","status-publish","hentry"],"_links":{"self":[{"href":"https:\/\/www.ensapc.fr\/fr\/wp-json\/wp\/v2\/pages\/2352","targetHints":{"allow":["GET"]}}],"collection":[{"href":"https:\/\/www.ensapc.fr\/fr\/wp-json\/wp\/v2\/pages"}],"about":[{"href":"https:\/\/www.ensapc.fr\/fr\/wp-json\/wp\/v2\/types\/page"}],"author":[{"embeddable":true,"href":"https:\/\/www.ensapc.fr\/fr\/wp-json\/wp\/v2\/users\/1"}],"replies":[{"embeddable":true,"href":"https:\/\/www.ensapc.fr\/fr\/wp-json\/wp\/v2\/comments?post=2352"}],"version-history":[{"count":5,"href":"https:\/\/www.ensapc.fr\/fr\/wp-json\/wp\/v2\/pages\/2352\/revisions"}],"predecessor-version":[{"id":5399,"href":"https:\/\/www.ensapc.fr\/fr\/wp-json\/wp\/v2\/pages\/2352\/revisions\/5399"}],"wp:attachment":[{"href":"https:\/\/www.ensapc.fr\/fr\/wp-json\/wp\/v2\/media?parent=2352"}],"curies":[{"name":"wp","href":"https:\/\/api.w.org\/{rel}","templated":true}]}}