{"id":2358,"date":"2017-10-11T14:23:35","date_gmt":"2017-10-11T12:23:35","guid":{"rendered":"https:\/\/www.ensapc.fr\/fr\/?page_id=2358"},"modified":"2017-10-11T14:27:38","modified_gmt":"2017-10-11T12:27:38","slug":"clementine-deliss","status":"publish","type":"page","link":"https:\/\/www.ensapc.fr\/fr\/clementine-deliss\/","title":{"rendered":"Cl\u00e9mentine Deliss"},"content":{"rendered":"<div class=\"wpb-content-wrapper\"><p>[vc_row][vc_column][vc_column_text]<strong><a href=\"https:\/\/www.ensapc.fr\/wp-content\/uploads\/2017\/10\/clementine-deliss.jpg\"><img decoding=\"async\" class=\"size-medium wp-image-2321 alignleft\" src=\"https:\/\/www.ensapc.fr\/wp-content\/uploads\/2017\/10\/clementine-deliss-300x200.jpg\" alt=\"clementine-deliss\" width=\"300\" height=\"200\" srcset=\"https:\/\/www.ensapc.fr\/wp-content\/uploads\/2017\/10\/clementine-deliss-300x200.jpg 300w, https:\/\/www.ensapc.fr\/wp-content\/uploads\/2017\/10\/clementine-deliss-768x511.jpg 768w, https:\/\/www.ensapc.fr\/wp-content\/uploads\/2017\/10\/clementine-deliss.jpg 1000w\" sizes=\"(max-width: 300px) 100vw, 300px\" \/><\/a><\/strong><\/p>\n<p>&nbsp;<\/p>\n<p>&nbsp;<\/p>\n<p>&nbsp;<\/p>\n<p>&nbsp;<\/p>\n<p>&nbsp;<\/p>\n<p>&nbsp;<\/p>\n<p><strong>Cl\u00e9mentine Deliss (visiting professor) joint l\u2019ENSAPC d\u00e8s le premier semestre 2017-2018. <\/strong><\/p>\n<h2><\/h2>\n<p>Cl\u00e9mentine Deliss est curatrice et historienne culturelle d\u2019origine fran\u00e7aise et autrichienne. Elle a \u00e9tudi\u00e9 l\u2019art contemporain et l\u2019anthropologie s\u00e9mantique \u00e0 Vienne, Paris et Londres, et a soutenu un doctorat \u00e0 SOAS, School of Oriental and African Studies, Universit\u00e9 de Londres. En 2015-2016, elle a \u00e9t\u00e9 Senior Curator de la Fondation IDeA en Arm\u00e9nie, o\u00f9 elle cr\u00e9a le Dilijan Arts Observatory dans l\u2019ancienne usine \u00e9lectrique \u201cImpuls\u201d. De 2010 \u00e0 2015, elle a dirig\u00e9 le Weltkulturen Museum \u00e0 Frankfort, d\u00e9veloppant un nouveau laboratoire de recherche avec lequel r\u00e9activer les collections ethnographiques. Entre 1996-2007, elle publia l\u2019organe \u201cMetronome\u201d dans plusieurs villes autour du monde et qui fut pr\u00e9sent\u00e9 \u00e0 la documenta 10 et 12. Elle travaille actuellement \u00e0 une r\u00e9flexion autour du futur du mus\u00e9e en Asie du Sud-Est et est co-commissaire de l\u2019exposition \u201cHello World\u00a0\u00bb pour la Galerie nationale, Hamburger Bahnhof \u00e0 Berlin. Elle pr\u00e9pare actuellement une exposition consacr\u00e9e aux paroles imprim\u00e9es des diasporas r\u00e9fugi\u00e9es en France pour le Centre Pompidou \u00e0 l\u2019automne 2018.[\/vc_column_text][\/vc_column][\/vc_row]<\/p>\n<\/div>","protected":false},"excerpt":{"rendered":"<p>[vc_row][vc_column][vc_column_text] &nbsp; &nbsp; &nbsp; &nbsp; &nbsp; &nbsp; Cl\u00e9mentine Deliss (visiting professor) joint l\u2019ENSAPC d\u00e8s le premier semestre 2017-2018. Cl\u00e9mentine Deliss est curatrice et historienne culturelle d\u2019origine fran\u00e7aise et autrichienne. Elle a \u00e9tudi\u00e9 l\u2019art contemporain et l\u2019anthropologie s\u00e9mantique \u00e0 Vienne, Paris et Londres, et a soutenu un doctorat \u00e0 SOAS, School of Oriental and African Studies,&#8230;  <a class=\"excerpt-read-more\" href=\"https:\/\/www.ensapc.fr\/fr\/clementine-deliss\/\" title=\"Read Cl\u00e9mentine Deliss\">Lire la suite &raquo;<\/a><\/p>\n","protected":false},"author":1,"featured_media":0,"parent":0,"menu_order":102,"comment_status":"closed","ping_status":"closed","template":"","meta":{"footnotes":""},"class_list":["post-2358","page","type-page","status-publish","hentry"],"_links":{"self":[{"href":"https:\/\/www.ensapc.fr\/fr\/wp-json\/wp\/v2\/pages\/2358","targetHints":{"allow":["GET"]}}],"collection":[{"href":"https:\/\/www.ensapc.fr\/fr\/wp-json\/wp\/v2\/pages"}],"about":[{"href":"https:\/\/www.ensapc.fr\/fr\/wp-json\/wp\/v2\/types\/page"}],"author":[{"embeddable":true,"href":"https:\/\/www.ensapc.fr\/fr\/wp-json\/wp\/v2\/users\/1"}],"replies":[{"embeddable":true,"href":"https:\/\/www.ensapc.fr\/fr\/wp-json\/wp\/v2\/comments?post=2358"}],"version-history":[{"count":1,"href":"https:\/\/www.ensapc.fr\/fr\/wp-json\/wp\/v2\/pages\/2358\/revisions"}],"predecessor-version":[{"id":2359,"href":"https:\/\/www.ensapc.fr\/fr\/wp-json\/wp\/v2\/pages\/2358\/revisions\/2359"}],"wp:attachment":[{"href":"https:\/\/www.ensapc.fr\/fr\/wp-json\/wp\/v2\/media?parent=2358"}],"curies":[{"name":"wp","href":"https:\/\/api.w.org\/{rel}","templated":true}]}}