{"id":2368,"date":"2017-10-11T15:38:58","date_gmt":"2017-10-11T13:38:58","guid":{"rendered":"https:\/\/www.ensapc.fr\/fr\/?page_id=2368"},"modified":"2017-10-11T15:50:01","modified_gmt":"2017-10-11T13:50:01","slug":"la-pensee-du-tremblement","status":"publish","type":"page","link":"https:\/\/www.ensapc.fr\/fr\/ygrec\/archives\/2017-2\/la-pensee-du-tremblement\/","title":{"rendered":"La Pens\u00e9e du Tremblement"},"content":{"rendered":"<div class=\"wpb-content-wrapper\"><p>[vc_row][vc_column][vc_single_image image=\u00a0\u00bb2253&Prime; img_size=\u00a0\u00bblarge\u00a0\u00bb add_caption=\u00a0\u00bbyes\u00a0\u00bb alignment=\u00a0\u00bbcenter\u00a0\u00bb css_animation=\u00a0\u00bbtop-to-bottom\u00a0\u00bb][\/vc_column][\/vc_row][vc_row content_placement=\u00a0\u00bbmiddle\u00a0\u00bb][vc_column][vc_column_text]<strong>Exposition<br \/>\nLa pens\u00e9e du tremblement<br \/>\n<\/strong>[\/vc_column_text][vc_separator color=\u00a0\u00bbpink\u00a0\u00bb style=\u00a0\u00bbdashed\u00a0\u00bb el_width=\u00a0\u00bb90&Prime;][vc_column_text]<b>Du 15 septembre au 5 octobre \u00a02017, du mercredi au dimanche, 13h &#8211; 19h<\/b><\/p>\n<p><span style=\"font-weight: 400;\">Vernissage le 14 septembre \u00e0 partir de 18h<\/span><\/p>\n<p><i><span style=\"font-weight: 400;\">La pens\u00e9e du tremblement surgit de partout [\u2026] Elle nous pr\u00e9serve des pens\u00e9es de syst\u00e8me et des syst\u00e8mes de pens\u00e9e. Elle ne suppose pas la peur ou l\u2019irr\u00e9solu, elle s\u2019\u00e9tend infiniment comme un oiseau innum\u00e9rable, les ailes sem\u00e9es du sel noir de la terre. Elle nous r\u00e9assemble dans l\u2019absolue diversit\u00e9, en un tourbillon de rencontres. Utopie qui jamais ne se fixe et qui ouvre demain, comme un soleil et un fruit partag\u00e9s.<\/span><\/i><\/p>\n<p><span style=\"font-weight: 400;\">\u00c9douard Glissant, <\/span><i><span style=\"font-weight: 400;\">La Coh\u00e9e du Lamentin<\/span><\/i><span style=\"font-weight: 400;\">. <\/span><i><span style=\"font-weight: 400;\">Po\u00e9tique V<\/span><\/i><span style=\"font-weight: 400;\">, Gallimard, 2005.<\/span><\/p>\n<p>&nbsp;<\/p>\n<p><span style=\"font-weight: 400;\">En prenant pour point de d\u00e9part la pens\u00e9e d\u2019\u00c9douard Glissant, Diam\u00e8tre a voulu r\u00e9fl\u00e9chir \u00e0 un demain possible. Aux id\u00e9ologies et aux syst\u00e8mes, le philosophe et po\u00e8te oppose une pens\u00e9e archip\u00e9lique, fond\u00e9e sur la d\u00e9couverte, l\u2019interf\u00e9rence et un d\u00e9sordre cr\u00e9ateur. Contre toute forme d\u2019uniformisation ou d\u2019assimilation, le mod\u00e8le de relation glissantien est producteur de situations instables, inqui\u00e9tantes car hybrides, mais profond\u00e9ment fertiles.<\/span><\/p>\n<p><span style=\"font-weight: 400;\">C\u2019est dans ce chaos du \u00ab Tout-Monde \u00bb que le projet s\u2019inscrit; un monde qui ne serait plus r\u00e9gi par de grands mouvements h\u00e9g\u00e9moniques mais par des secousses successives \u00e0 l\u2019\u00e9chelle d\u2019un territoire, la fin des utopies globalisantes au profit d\u2019utopies ouvertes et changeantes. \u00ab Agis dans ton lieu, pense avec le monde \u00bb, comme le dit la maxime du penseur cr\u00e9ole.<\/span><\/p>\n<p><span style=\"font-weight: 400;\">Con\u00e7ue pour les Grands Voisins entre deux \u00eeles &#8211; les galeries Jeune Cr\u00e9ation et ENSAPC YGREC &#8211; l\u2019exposition se veut le reflet d\u2019une g\u00e9n\u00e9ration d\u2019artistes pour qui l\u2019identit\u00e9 est n\u00e9cessairement transitoire et les corps diasporiques. \u00a0Aussi fluide que l\u2019eau qui nous compose, \u00ab la pens\u00e9e du tremblement \u00bb est une exposition o\u00f9 les cimaises bougent et ondulent, o\u00f9 les \u0153uvres se jouent d\u2019\u00e9quilibres pr\u00e9caires, parfois suspendues dans les airs telles des <\/span><i><span style=\"font-weight: 400;\">specific objects<\/span><\/i><span style=\"font-weight: 400;\"> affect\u00e9s.<\/span><\/p>\n<p><span style=\"font-weight: 400;\">D\u00e9tournant les tropes tropicaux ou r\u00e9inventant un langage collectif, c\u2019est un univers polyphonique qui est offert, accompagn\u00e9 d\u2019un espace de lecture o\u00f9 les mots viennent se m\u00ealer \u00e0 la chair.<\/span><\/p>\n<p><span style=\"font-weight: 400;\">avec:<\/span><\/p>\n<p><span style=\"font-weight: 400;\">Minia Biabiany, Ga\u00eblle Choisne, \u00c9lise Courcol-Roz\u00e8s, Julien Creuzet, Alice Didier Champagne, Kenny Dunkan, R\u00e9mi Duprat, Marco Godoy, Tarek Lakhrissi \/ Aur\u00e8le Nourisson, Hugo Livet, Violaine Lochu, Julie Luzoir, Paul Maheke, Basir Mahmood, Marie-Claire Manlanbien, Nefeli Papadimouli, Sandrine &amp; David, Giuditta Vendrame, Yao Qingmei<\/span><\/p>\n<p>&nbsp;<\/p>\n<p><b>L&rsquo; exposition est pr\u00e9sent\u00e9e \u00e9galement \u00e0 la galerie Jeune Cr\u00e9ation (Grands Voisins, 74 avenue Denfert Rochereau) <\/b><\/p>\n<p><span style=\"font-weight: 400;\">L&rsquo; exposition b\u00e9n\u00e9ficie du soutien de l&rsquo;ADAGP et de la copie priv\u00e9e, du Fonds de dotation Thibault Poutrel, du Fonds de dotation Buchet-Ponsoye, du Crous Paris, de l&rsquo;Universit\u00e9 Paris 1 Panth\u00e9on Sorbonne, de l&rsquo;\u00c9cole du Louvre et de l&rsquo;Institut du Tout-Monde.<\/span><\/p>\n<p><b>Programmation :<\/b><\/p>\n<p><b>Mercredi 20 septembre<\/b><\/p>\n<p><span style=\"font-weight: 400;\">atelier de Violaine Lochu avec les r\u00e9sidents du Tremplin<\/span><\/p>\n<p><b>Vendredi 29 septembre<\/b><\/p>\n<p><span style=\"font-weight: 400;\">soir\u00e9e po\u00e9tique en partenariat avec l\u2019Institut du Tout-Monde \u00e0 l\u2019amphith\u00e9\u00e2tre des Grands Voisins<\/span><\/p>\n<p><b>Diam\u00e8tre<\/b><\/p>\n<p><span style=\"font-weight: 400;\">50, rue des Tournelles<\/span><\/p>\n<p><span style=\"font-weight: 400;\">75003 Paris<\/span><\/p>\n<p><span style=\"font-weight: 400;\">info@diametre.org<\/span><\/p>\n<p><a href=\"http:\/\/diametre.org\/\"><span style=\"font-weight: 400;\">http:\/\/diametre.org<\/span><\/a>[\/vc_column_text][vc_separator color=\u00a0\u00bbpink\u00a0\u00bb style=\u00a0\u00bbdashed\u00a0\u00bb el_width=\u00a0\u00bb90&Prime;][vc_column_text][\/vc_column_text][vc_separator color=\u00a0\u00bbpink\u00a0\u00bb style=\u00a0\u00bbdashed\u00a0\u00bb el_width=\u00a0\u00bb90&Prime;][vc_column_text][\/vc_column_text][\/vc_column][\/vc_row][vc_row][vc_column][\/vc_column][\/vc_row]<\/p>\n<\/div>","protected":false},"excerpt":{"rendered":"<p>[vc_row][vc_column][vc_single_image image=\u00a0\u00bb2253&Prime; img_size=\u00a0\u00bblarge\u00a0\u00bb add_caption=\u00a0\u00bbyes\u00a0\u00bb alignment=\u00a0\u00bbcenter\u00a0\u00bb css_animation=\u00a0\u00bbtop-to-bottom\u00a0\u00bb][\/vc_column][\/vc_row][vc_row content_placement=\u00a0\u00bbmiddle\u00a0\u00bb][vc_column][vc_column_text]Exposition La pens\u00e9e du tremblement [\/vc_column_text][vc_separator color=\u00a0\u00bbpink\u00a0\u00bb style=\u00a0\u00bbdashed\u00a0\u00bb el_width=\u00a0\u00bb90&Prime;][vc_column_text]Du 15 septembre au 5 octobre \u00a02017, du mercredi au dimanche, 13h &#8211; 19h Vernissage le 14 septembre \u00e0 partir de 18h La pens\u00e9e du tremblement surgit de partout [\u2026] Elle nous pr\u00e9serve des pens\u00e9es de syst\u00e8me et des syst\u00e8mes de&#8230;  <a class=\"excerpt-read-more\" href=\"https:\/\/www.ensapc.fr\/fr\/ygrec\/archives\/2017-2\/la-pensee-du-tremblement\/\" title=\"Read La Pens\u00e9e du Tremblement\">Lire la suite &raquo;<\/a><\/p>\n","protected":false},"author":1,"featured_media":0,"parent":1495,"menu_order":434,"comment_status":"closed","ping_status":"closed","template":"","meta":{"footnotes":""},"class_list":["post-2368","page","type-page","status-publish","hentry"],"_links":{"self":[{"href":"https:\/\/www.ensapc.fr\/fr\/wp-json\/wp\/v2\/pages\/2368","targetHints":{"allow":["GET"]}}],"collection":[{"href":"https:\/\/www.ensapc.fr\/fr\/wp-json\/wp\/v2\/pages"}],"about":[{"href":"https:\/\/www.ensapc.fr\/fr\/wp-json\/wp\/v2\/types\/page"}],"author":[{"embeddable":true,"href":"https:\/\/www.ensapc.fr\/fr\/wp-json\/wp\/v2\/users\/1"}],"replies":[{"embeddable":true,"href":"https:\/\/www.ensapc.fr\/fr\/wp-json\/wp\/v2\/comments?post=2368"}],"version-history":[{"count":3,"href":"https:\/\/www.ensapc.fr\/fr\/wp-json\/wp\/v2\/pages\/2368\/revisions"}],"predecessor-version":[{"id":2372,"href":"https:\/\/www.ensapc.fr\/fr\/wp-json\/wp\/v2\/pages\/2368\/revisions\/2372"}],"up":[{"embeddable":true,"href":"https:\/\/www.ensapc.fr\/fr\/wp-json\/wp\/v2\/pages\/1495"}],"wp:attachment":[{"href":"https:\/\/www.ensapc.fr\/fr\/wp-json\/wp\/v2\/media?parent=2368"}],"curies":[{"name":"wp","href":"https:\/\/api.w.org\/{rel}","templated":true}]}}