{"id":2384,"date":"2017-10-23T18:01:45","date_gmt":"2017-10-23T16:01:45","guid":{"rendered":"https:\/\/www.ensapc.fr\/fr\/?page_id=2384"},"modified":"2017-11-22T16:16:19","modified_gmt":"2017-11-22T15:16:19","slug":"cosmopolis","status":"publish","type":"page","link":"https:\/\/www.ensapc.fr\/fr\/cosmopolis\/","title":{"rendered":"COSMOPOLIS #1 : COLLECTIVE INTELLIGENCE"},"content":{"rendered":"<div class=\"wpb-content-wrapper\"><p>[vc_row][vc_column][vc_column_text]<\/p>\n<div id=\"attachment_2469\" style=\"width: 310px\" class=\"wp-caption alignleft\"><a href=\"https:\/\/www.ensapc.fr\/wp-content\/uploads\/2017\/10\/A-collage-of-realities_Berlin_Emeka-Okereke_Lagos-Sarejevo-2014.jpg\"><img decoding=\"async\" aria-describedby=\"caption-attachment-2469\" class=\"size-medium wp-image-2469\" src=\"https:\/\/www.ensapc.fr\/wp-content\/uploads\/2017\/10\/A-collage-of-realities_Berlin_Emeka-Okereke_Lagos-Sarejevo-2014-300x257.jpg\" alt=\"A collage of realities. Berlin, Germany. Invisible Borders Trans-African Road Trip: Lagos- Sarajevo, 2014\" width=\"300\" height=\"257\" srcset=\"https:\/\/www.ensapc.fr\/wp-content\/uploads\/2017\/10\/A-collage-of-realities_Berlin_Emeka-Okereke_Lagos-Sarejevo-2014-300x257.jpg 300w, https:\/\/www.ensapc.fr\/wp-content\/uploads\/2017\/10\/A-collage-of-realities_Berlin_Emeka-Okereke_Lagos-Sarejevo-2014-768x658.jpg 768w, https:\/\/www.ensapc.fr\/wp-content\/uploads\/2017\/10\/A-collage-of-realities_Berlin_Emeka-Okereke_Lagos-Sarejevo-2014-1024x878.jpg 1024w, https:\/\/www.ensapc.fr\/wp-content\/uploads\/2017\/10\/A-collage-of-realities_Berlin_Emeka-Okereke_Lagos-Sarejevo-2014.jpg 2000w\" sizes=\"(max-width: 300px) 100vw, 300px\" \/><\/a><p id=\"caption-attachment-2469\" class=\"wp-caption-text\">A collage of realities. Berlin, Germany. Invisible Borders Trans-African Road Trip: Lagos- Sarajevo, 2014<\/p><\/div>\n<h2><strong>COLLECTIVE INTELLIGENCE<\/strong><\/h2>\n<p><strong>18 octobre &#8211; 18 d\u00e9cembre 2017<\/strong><\/p>\n<p>Le Centre Pompidou pr\u00e9sente la premi\u00e8re \u00e9dition de\u00a0<span class=\"il\">Cosmopolis<\/span>, une nouvelle plateforme d\u00e9di\u00e9e aux pratiques artistiques qui mettent en commun recherche et partage de savoirs.<\/p>\n<p>Cette plateforme &#8211; r\u00e9sidences, expositions, interventions, performances, \u00e9changes &#8211; met en lumi\u00e8re ces nouvelles pratiques et cr\u00e9e les conditions du questionnement social, urbain, politique, qu&rsquo;elles suscitent.\u00a0<span class=\"il\">Cosmopolis<\/span>\u00a0offre une visibilit\u00e9 aux diverses g\u00e9ographies de l&rsquo;art contemporain, \u00e0 des d\u00e9marches et des exp\u00e9riences enracin\u00e9es dans un contexte local, en r\u00e9seau au niveau international et concern\u00e9es par des questions de traduction culturelle.<\/p>\n<p>\u00ab\u00a0<span class=\"il\">Cosmopolis<\/span>\u00a0#1 : Collective Intelligence\u00a0\u00bb met en sc\u00e8ne le tournant majeur des pratiques artistiques collaboratives et sociales constat\u00e9 depuis les ann\u00e9es 1990.<\/p>\n<p>Pendant deux mois, une quinzaine de collectifs et autres collaborateurs internationaux sont invit\u00e9s au Centre Pompidou \u00e0 concevoir un dispositif vivant, en proposant des interactions fortes avec le public. Au coeur de la manifestation, une exposition pr\u00e9sente de nouvelles installations et autres oeuvres et strat\u00e9gies d&rsquo;engagement.<\/p>\n<p><strong>En parall\u00e8le de l\u2019exposition, retrouvez une programmation multiple et vari\u00e9e du mercredi au dimanche<\/strong><\/p>\n<p>Un programme discursif intitul\u00e9 \u00ab Collective Intelligence : Circulations \u00bb prolonge les questionnements abord\u00e9s dans l&rsquo;exposition. Chaque semaine, un enjeu th\u00e9matique-cl\u00e9 de la manifestation &#8211; tel que le partage de savoir, l\u2019\u00e9cologie et le d\u00e9colonialisme, l\u2019hospitalit\u00e9 et la traduction culturelle &#8211; sera \u00e9voqu\u00e9 \u00e0 travers une s\u00e9rie de discussions, de projections, d&rsquo;ateliers encadr\u00e9s par les artistes et de performances musicales.<\/p>\n<p>Avec :<\/p>\n<p><b>Arquitectura Expandida (Bogot\u00e1), Art<\/b> <b>Labor (Hanoi\/Vietnam), Chimurenga (Le Cap), Chto Delat (Saint-P\u00e9tersbourg), Council (Paris), Foundland Collective (Le Caire\/Amsterdam), Iconoclasistas (Buenos Aires), Invisible Borders (Lagos), Laagencia (Bogot\u00e1), Mixrice (S\u00e9oul), Polit-Sheer-Form Office (P\u00e9kin\/Shanghai), PorEstosD\u00edas (Medellin), ruangrupa (Jakarta), The Tentative Collective (Karachi)<\/b><\/p>\n<p>Dossier de Presse\u00a0<strong><span class=\"il\">COSMOPOLIS<\/span>\u00a0#1 : Collective Intelligence :\u00a0<\/strong><\/p>\n<p><a href=\"https:\/\/www.ensapc.fr\/wp-content\/uploads\/2017\/11\/DP_COSMOPOLIS.pdf\">https:\/\/www.ensapc.fr\/wp-content\/uploads\/2017\/11\/DP_COSMOPOLIS.pdf<\/a><\/p>\n<p>Plus d&rsquo;informations :<\/p>\n<p><a href=\"http:\/\/cosmopolis.centrepompidou.fr\/fr\/\">http:\/\/cosmopolis.centrepompidou.fr\/fr\/<\/a><\/p>\n<p><a href=\"https:\/\/www.centrepompidou.fr\/lib\/Cosmopolis-1\">https:\/\/www.centrepompidou.fr\/lib\/Cosmopolis-1<\/a><\/p>\n<p><a href=\"http:\/\/www.e-flux.com\/announcements\/145713\/cosmopolis-1-collective-intelligence\/\">http:\/\/www.e-flux.com\/announcements\/145713\/cosmopolis-1-collective-intelligence\/<\/a><\/p>\n<hr \/>\n<p>&nbsp;<\/p>\n<p><strong>Studio\u00a0<\/strong><span style=\"font-weight: 400;\"><strong>CUM VENIES, LAETABOR<\/strong><\/span><\/p>\n<p><span class=\"il\">Les \u00e9tudiant-e-s et professeurs de l&rsquo;ENSAPC participerons au COSMOPOLIS<\/span>\u00a0#1 : COLLECTIVE INTELLIGENCE dans le cadre du Studio <span style=\"font-weight: 400;\">CUM VENIES, LAETABOR propos\u00e9 par Boris Achour, Jeff Guess, Judith Perron en partenariat avec le Centre Pompidou. <\/span><\/p>\n<p><span style=\"font-weight: 400;\">Objectifs \u00abCum venies, laetabor\u00bb (\u00abQuand tu viendras, je me r\u00e9jouirai\u00bb) propose aux \u00e9tudiant-e-s de l\u2019ENSAPC de travailler dans le contexte d\u2019une exposition et en lien direct avec celle-ci. L\u2019objectif est double: d\u2019une part, d\u00e9couvrir les r\u00e9alit\u00e9s d\u2019une exposition dans une institution (phases de pr\u00e9parations, montage des \u0153uvres, rencontre et \u00e9changes avec les artistes, les commissaires); d\u2019autre part, concevoir et r\u00e9aliser des \u0153uvres \u00e0 la fois personnelles mais ayant un lien avec la th\u00e9matique donn\u00e9e et\/ou le travail d\u2019autres artistes ou collectifs. <\/span><\/p>\n<p><span style=\"font-weight: 400;\">CVL interrogera et explorera plus particuli\u00e8rement la notion de collectif. Cosmopolis, un nouvel \u00e9v\u00e9nement d\u2019art biennal explore de nouveaux types de dialogue culturel sur la pratique artistique et ses liens avec les questions sociales et les id\u00e9es. Les \u00e9tudiant-e-s ENSAPC participant \u00e0 \u00abCVL: COSMOPOLIS\u00bb sont invit\u00e9s \u00e0 travailler directement avec les artistes et collectifs de la manifestation et \u00e0 int\u00e9grer leurs projets dans ceux des collectifs ou des intervenants. <\/span><\/p>\n<p><span style=\"font-weight: 400;\"><strong>Quatre axes principaux sont propos\u00e9s, sans exclure d\u2019autres possibilit\u00e9s de travail : <\/strong><\/span><\/p>\n<p><span style=\"font-weight: 400;\">1) Interventions dans le cadre du workshop La Faltante du collectif Por Estos Dias : Jeudi le 23 Novembre 2017 &#8211;\u00a0<\/span>\u00ab La Faltante \u00bb : Atelier d\u2019\u00e9tude et de cr\u00e9ation avec le collectif PorEstosDias ;<\/p>\n<p><b>PORESTOSD\u00cdAS (COLOMBIE)<\/b><\/p>\n<p><span style=\"font-weight: 400;\">Cr\u00e9\u00e9 en 2012 \u00e0 Medell\u00edn par Olga Acosta, Juan Moreno, Alejandra Jaramillo, Juan D. Restrepo et Jaime Carmona, PorEstosD\u00edas met au c\u0153ur de son projet le partage de savoirs et d\u2019exp\u00e9riences. Projections, repas, ateliers\u2026 chaque action est l\u2019occasion pour le collectif d\u2019ouvrir le dialogue entre les disciplines et entre les personnes. Des questions sociales et politiques sont pos\u00e9es dans le cadre d\u2019une sociabilit\u00e9 informelle, avec l\u2019envie que chacun se sente l\u00e9gitim\u00e9 \u00e0 se r\u00e9approprier les interrogations relevant de la vie commune, de l\u2019espace public et de l\u2019art, et ainsi \u00e0 raccommoder les d\u00e9chirures dans le tissu social des villes fragment\u00e9es. <\/span><\/p>\n<p>2)\u00a0 interventions dans le cadre du s\u00e9minaire \u201cMusique comme savoir\u201d;<\/p>\n<p><span style=\"font-weight: 400;\">3) \u00a0les visites guid\u00e9es, le dimanche: les \u00e9tudiants sont appel\u00e9s \u00e0 r\u00e9fl\u00e9chir \u00e0 cette forme de m\u00e9diation, proposer et r\u00e9aliser des visites guid\u00e9es de Cosmopolis selon leurs propres int\u00e9r\u00eats et selon des formes invent\u00e9es par eux; <\/span><\/p>\n<p><span style=\"font-weight: 400;\">4) \u00a0collaboration avec le collectif Ruangrupa: ils seront pr\u00e9sent tout au long de Cosmopolis et mettront \u00e0 disposition un chariot mobile contenant du mat\u00e9riel d\u2019enregistrement et de diffusion audio\/vid\u00e9o.<\/span><\/p>\n<p><strong>RUANGRUPA (INDON\u00c9SIE)<\/strong><\/p>\n<p><span style=\"font-weight: 400;\">Le collectif ruangrupa a \u00e9t\u00e9 cr\u00e9\u00e9 en 2000 \u00e0 Jakarta \u00e0 l\u2019initiative de six artistes, Ade Darmawan, Hafiz, Ronny Agustinus, Oky Arfie Hutabarat, Lilia Nursita et Rithmi. Depuis lors le collectif a fond\u00e9 un festival d\u2019art vid\u00e9o, un journal en ligne, des festivals de musique, une biblioth\u00e8que, une station de radio, une \u00e9cole d\u2019art et bien d\u2019autres activit\u00e9s et structures. Le collectif con\u00e7oit \u00e9galement des installations plastiques et des dispositifs qui questionnent la mani\u00e8re dont la population d\u2019une ville de plus de dix millions d\u2019habitants en manque d\u2019infrastructures peut s\u2019approprier l\u2019espace public. \u00ab Ruang \u00bb veut dire \u00ab espace \u00bb en sanskrit et en bahasa indon\u00e9sien, et \u00ab rupa \u00bb signifie \u00ab forme visuelle \u00bb. Le collectif se compose d\u2019artistes, de curateurs, d\u2019architectes et d\u2019\u00e9crivains qui varient en nombre de 6 \u00e0 50 selon les projets. ARTLAB Pour Cosmopolis #1, le collectif parasite le Centre Pompidou pour cr\u00e9er un centre de ressources au sein de l\u2019espace d\u2019exposition. \u00c9labor\u00e9e \u00e0 partir de mat\u00e9riaux recycl\u00e9s provenant de l\u2019institution h\u00f4te, la biblioth\u00e8que est con\u00e7ue artisanalement, avec les moyens du bord, et \u00e9volue en permanence tout au long de l\u2019exposition. Dans le cadre d\u2019\u00e9v\u00e9nements publics et d\u2019installations dans des mus\u00e9es, ruangrupa expose comment le savoir peut \u00eatre produit et partag\u00e9 \u00e0 travers des situations sociales informelles. L\u2019une de leurs maximes est \u00ab Don\u2019t make art, make friends \u00bb.<\/span><\/p>\n<hr \/>\n<p>&nbsp;<\/p>\n<p><b>GLOBAL COLLECTIVE<\/b><\/p>\n<p><span style=\"font-weight: 400;\">Une programmation de Catherine David :\u00a0<\/span><\/p>\n<p><span style=\"font-weight: 400;\"><a href=\"https:\/\/www.ensapc.fr\/wp-content\/uploads\/2017\/11\/COSMOPOLIS-GLOBAL-COLLECTIVE-.pdf.pdf\">https:\/\/www.ensapc.fr\/wp-content\/uploads\/2017\/11\/COSMOPOLIS-GLOBAL-COLLECTIVE-.pdf.pdf<\/a><\/span><\/p>\n<p><span style=\"font-weight: 400;\">Chaque samedi du 21 Octobre 2017 au 16 D\u00e9cembre 2017 &#8211; Galerie 3.<\/span><\/p>\n<p><span style=\"font-weight: 400;\">Dans le cadre de Cosmopolis, le Centre Pompidou invite chaque samedi pendant toute la dur\u00e9e de l\u2019exposition des artistes, acteurs et activistes culturels, op\u00e9rant sur des modes collaboratifs divers et dans des espaces g\u00e9o-culturels tr\u00e8s vari\u00e9s. Un programme con\u00e7u et mod\u00e9r\u00e9 par <\/span><b>Catherine David<\/b><span style=\"font-weight: 400;\">, directrice adjointe du Mus\u00e9e national d\u2019art moderne, en charge de la Recherche et de la Mondialisation.<\/span><\/p>\n<p><strong>25 Novembre 2017 \u00e0 16h30<\/strong><\/p>\n<p><span style=\"font-weight: 400;\">Visiting professor de l\u2019ENSAPC <strong>Cl\u00e9mentine Deliss<\/strong> proposera une conf\u00e9rence sur le Laboratoire Agit&rsquo;Art de Dakar en Hommage \u00e0<strong> Issa Samb<\/strong> (1945-2017).<\/span><\/p>\n<p><span style=\"font-weight: 400;\">Consid\u00e9r\u00e9 comme l\u2019un des espaces artistiques les plus riches et influents sur le continent africain le Laboratoire Agit\u2019Art voit le jour en 1974 \u00e0 Dakar \u00e0 l\u2019initiative de trois figures intellectuelles et artistiques s\u00e9n\u00e9galaises f\u00e9d\u00e9ratrices : l\u2019artiste et po\u00e8te Issa Samb (dit aussi Joe Ouakam), le peintre El Hadji Sy et le cin\u00e9aste Djibril Diop Mamb\u00e9ty (1945-1998). Ayant attir\u00e9 artistes, penseurs,\u00a0<\/span><span style=\"font-weight: 400;\">activistes et anticonformistes du monde entier, le groupe s\u2019opposa dans les ann\u00e9es 1970 et 80 \u00e0 l\u2019id\u00e9ologie de la n\u00e9gritude pr\u00f4n\u00e9e par L\u00e9opold S\u00e9dar Senghor en d\u00e9veloppant de nouvelles formes d\u2019expressions collaboratives fond\u00e9es sur une rencontre entre la performance traditionnelle africaine et\u00a0<\/span><span style=\"font-weight: 400;\">l\u2019esth\u00e9tique moderne. <\/span><\/p>\n<p><span style=\"font-weight: 400;\">Cl\u00e9mentine Deliss, membre du Laboratoire depuis 1995, pr\u00e9sentera les enjeux du Laboratoire Agit\u2019Art et les positionnements diff\u00e9rents et sp\u00e9cifiques des membres de ce collectif conceptuel et activiste de Dakar.<\/span><\/p>\n<p><a href=\"https:\/\/www.ensapc.fr\/fr\/clementine-deliss\">https:\/\/www.ensapc.fr\/fr\/clementine-deliss<\/a>[\/vc_column_text][\/vc_column][\/vc_row]<\/p>\n<\/div>","protected":false},"excerpt":{"rendered":"<p>[vc_row][vc_column][vc_column_text] COLLECTIVE INTELLIGENCE 18 octobre &#8211; 18 d\u00e9cembre 2017 Le Centre Pompidou pr\u00e9sente la premi\u00e8re \u00e9dition de\u00a0Cosmopolis, une nouvelle plateforme d\u00e9di\u00e9e aux pratiques artistiques qui mettent en commun recherche et partage de savoirs. Cette plateforme &#8211; r\u00e9sidences, expositions, interventions, performances, \u00e9changes &#8211; met en lumi\u00e8re ces nouvelles pratiques et cr\u00e9e les conditions du questionnement social,&#8230;  <a class=\"excerpt-read-more\" href=\"https:\/\/www.ensapc.fr\/fr\/cosmopolis\/\" title=\"Read COSMOPOLIS #1 : COLLECTIVE INTELLIGENCE\">Lire la suite &raquo;<\/a><\/p>\n","protected":false},"author":1,"featured_media":0,"parent":0,"menu_order":104,"comment_status":"closed","ping_status":"closed","template":"","meta":{"footnotes":""},"class_list":["post-2384","page","type-page","status-publish","hentry"],"_links":{"self":[{"href":"https:\/\/www.ensapc.fr\/fr\/wp-json\/wp\/v2\/pages\/2384","targetHints":{"allow":["GET"]}}],"collection":[{"href":"https:\/\/www.ensapc.fr\/fr\/wp-json\/wp\/v2\/pages"}],"about":[{"href":"https:\/\/www.ensapc.fr\/fr\/wp-json\/wp\/v2\/types\/page"}],"author":[{"embeddable":true,"href":"https:\/\/www.ensapc.fr\/fr\/wp-json\/wp\/v2\/users\/1"}],"replies":[{"embeddable":true,"href":"https:\/\/www.ensapc.fr\/fr\/wp-json\/wp\/v2\/comments?post=2384"}],"version-history":[{"count":5,"href":"https:\/\/www.ensapc.fr\/fr\/wp-json\/wp\/v2\/pages\/2384\/revisions"}],"predecessor-version":[{"id":2470,"href":"https:\/\/www.ensapc.fr\/fr\/wp-json\/wp\/v2\/pages\/2384\/revisions\/2470"}],"wp:attachment":[{"href":"https:\/\/www.ensapc.fr\/fr\/wp-json\/wp\/v2\/media?parent=2384"}],"curies":[{"name":"wp","href":"https:\/\/api.w.org\/{rel}","templated":true}]}}