{"id":2422,"date":"2017-11-13T14:05:16","date_gmt":"2017-11-13T13:05:16","guid":{"rendered":"https:\/\/www.ensapc.fr\/fr\/?page_id=2422"},"modified":"2017-11-13T14:11:14","modified_gmt":"2017-11-13T13:11:14","slug":"eur","status":"publish","type":"page","link":"https:\/\/www.ensapc.fr\/fr\/eur\/","title":{"rendered":"\u00c9coles Universitaires de Recherche"},"content":{"rendered":"<div class=\"wpb-content-wrapper\"><p>[vc_row][vc_column][vc_column_text]Le projet d<em><strong>\u2019EUR (\u00c9coles Universitaires de Recherche)<\/strong><\/em>\u00a0dans le cadre du\u00a0<strong><em>Programme d\u2019investissements d\u2019avenir (PIA3)<\/em><\/strong>\u00a0port\u00e9 par l\u2019Universit\u00e9 Paris Seine a \u00e9t\u00e9 s\u00e9lectionn\u00e9 par le jury international, aux c\u00f4t\u00e9s de 28 autres dossiers sur les 191 d\u00e9pos\u00e9s. Celui-ci a pour ambition d\u2019offrir \u00e0 chaque site universitaire la possibilit\u00e9 de renforcer l\u2019impact et l\u2019attractivit\u00e9 internationale de sa recherche.<\/p>\n<div>\n<p>Revendiquant une recherche par le projet, l\u2019ENSAPC, au sein de l\u2019Universit\u00e9 Paris Seine, aux c\u00f4t\u00e9s de l\u2019\u00c9cole Nationale d\u2019Architecture de Versailles (ENSA-V), de l\u2019\u00c9cole Nationale Sup\u00e9rieure de Paysage de Versailles (ENSP), de l\u2019Institut National du Patrimoine et de l&rsquo;Universit\u00e9 de Cergy-Pontoise, \u00e9labore un troisi\u00e8me cycle d\u2019un format nouveau. R\u00e9pondant ainsi aux attentes des artistes, des architectes, des paysagistes, des restaurateurs, ce doctorat proposera un parcours innovant en phase avec les questionnements, les mutations et les enjeux internationaux de ces pratiques.<\/p>\n<p>&nbsp;<\/p>\n<\/div>\n<p><strong><span style=\"font-size: medium;\">\u00a0<\/span><\/strong><\/p>\n<p><span style=\"font-weight: 400;\">L\u2019<strong>Initiative d\u2019excellence<\/strong> (1)\u00a0obtenue par l\u2019Universit\u00e9 Paris Seine en f\u00e9vrier dernier dans le cadre de l&rsquo;appel \u00e0 projets <strong>Initiative Science-Innovation-Territoire-\u00c9conomie (I-SITE)<\/strong> permet d\u00e9sormais le d\u00e9ploiement d\u2019une universit\u00e9 de recherche internationale. La cr\u00e9ation des \u00c9coles Universitaires de Recherche (EUR) vise \u00e0 concevoir l\u2019\u00e9quivalent de Graduate schools s\u00e9lectives, bas\u00e9es sur une recherche et une formation d\u2019excellence, avec une forte visibilit\u00e9 internationale.<\/span><\/p>\n<p>La<em><strong>\u00a0Paris Seine Graduate school Humanities, Creation and Heritage<\/strong><\/em>\u00a0associe l\u2019\u00c9cole Nationale d\u2019Architecture de Versailles (ENSA-V), l\u2019\u00c9cole Nationale Sup\u00e9rieure de Paysage de Versailles (ENSPV), l\u2019\u00c9cole Nationale Sup\u00e9rieure d\u2019Art de Paris Cergy (ENSAPC), l\u2019Institut National du Patrimoine (INP) et les UFR en Sciences Humaines et Sociales de l\u2019Universit\u00e9 de Cergy-Pontoise. En lien \u00e9troit avec la Fondation des Sciences du Patrimoine, ces \u00e9tablissements souhaitent former la structure de r\u00e9f\u00e9rence, au niveau master et doctorat, dans les domaines de la cr\u00e9ation et du patrimoine avec une m\u00e9thodologie innovante de recherche par le projet (practice-led research).<\/p>\n<p><span style=\"font-weight: 400;\"><em>Cette Graduate school Humanities, Creation and Heritage<\/em> r\u00e9pond \u00e0 un double besoin au niveau national: il n\u2019existe pas en France de cluster offrant une large gamme de formations sur la base du <em>project-based learning<\/em> ; ni de <em>Practice-led PhD<\/em> permettant de r\u00e9pondre aux attentes des architectes, paysagistes, restaurateurs, conservateurs, artistes, \u00e9crivains pour mener des recherches dans un environnement international.<\/span><\/p>\n<p>La\u00a0<em>Graduate school<\/em>\u00a0sera donc structurante sur le plan institutionnel en rassemblant les laboratoires des \u00e9tablissements partenaires qui seront rattach\u00e9s \u00e0 une seule et nouvelle \u00e9cole doctorale. Elle permettra aussi de rassembler les formations de l\u2019universit\u00e9 et des \u00e9coles afin d\u2019offrir un panel unique en France autour des Humanit\u00e9s, du patrimoine et de la cr\u00e9ation (dipl\u00f4me d\u2019Etat, CMI, masters).<\/p>\n<p dir=\"ltr\">La\u00a0<em>Graduate school<\/em>\u00a0sera innovante en formation par la recherche avec la mise en place d\u2019un nouveau dipl\u00f4me de master 2 en Patrimoine et cr\u00e9ation par le projet, co-port\u00e9 par les 5 \u00e9tablissements partenaires, transversal et bilingue. Au sein de la nouvelle \u00e9cole doctorale, la Graduate school portera la cr\u00e9ation d\u2019un practice-led PhD, s\u00e9lectif et tr\u00e8s fortement internationalis\u00e9 avec une formation doctorale adoss\u00e9e \u00e0 une m\u00e9thodologie innovante interinstitutionnelle.<\/p>\n<p>Cette EUR constitue la premi\u00e8re brique d\u2019une structuration par domaines autour d\u2019autres futures\u00a0<em>Graduate schools\u00a0<\/em>: sciences de la mod\u00e9lisation, sciences exp\u00e9rimentales et ing\u00e9nierie, management, droit et sciences politiques, sciences de l\u2019\u00e9ducation permettant ainsi de conjuguer excellence scientifique et des formations.<\/p>\n<p>1)\u00a0Investissements d&rsquo;avenir &#8211;\u00a0\u00a0Initiatives d&rsquo;excellence :<\/p>\n<p dir=\"ltr\"><a title=\"Paris Seine Initiative, laur\u00e9ate des initiatives d\u2019excellence\" href=\"http:\/\/www.enseignementsup-recherche.gouv.fr\/cid51351\/initiatives-d-excellence.htmlhttps:\/\/www.u-cergy.fr\/fr\/universite\/actualites\/paris-seine-initiative-laureate-de-l-appel-a-projets-i-site.html\" target=\"_blank\">http:\/\/www.enseignementsup-recherche.gouv.fr\/cid51351\/initiatives-d-excellence.html\u00a0<\/a><br \/>\n<a href=\"https:\/\/www.u-cergy.fr\/fr\/universite\/actualites\/paris-seine-initiative-laureate-de-l-appel-a-projets-i-site.html\" target=\"_blank\">https:\/\/www.u-cergy.fr\/fr\/universite\/actualites\/paris-seine-initiative-laureate-de-l-appel-a-projets-i-site.html<\/a><\/p>\n<p dir=\"ltr\"><a href=\"https:\/\/www.ensapc.fr\/wp-content\/uploads\/2017\/11\/Label-IA.jpg\"><img decoding=\"async\" class=\"size-full wp-image-2423 alignleft\" src=\"https:\/\/www.ensapc.fr\/wp-content\/uploads\/2017\/11\/Label-IA.jpg\" alt=\"Label-IA\" width=\"157\" height=\"158\" srcset=\"https:\/\/www.ensapc.fr\/wp-content\/uploads\/2017\/11\/Label-IA.jpg 157w, https:\/\/www.ensapc.fr\/wp-content\/uploads\/2017\/11\/Label-IA-150x150.jpg 150w, https:\/\/www.ensapc.fr\/wp-content\/uploads\/2017\/11\/Label-IA-125x125.jpg 125w\" sizes=\"(max-width: 157px) 100vw, 157px\" \/><\/a><\/p>\n<p>&nbsp;<\/p>\n<p>&nbsp;<\/p>\n<p>&nbsp;<\/p>\n<p>&nbsp;<\/p>\n<p>&nbsp;<\/p>\n<p><a href=\"https:\/\/www.ensapc.fr\/wp-content\/uploads\/2017\/11\/logo-paris-seine.png\"><img decoding=\"async\" class=\"size-medium wp-image-2424 alignleft\" src=\"https:\/\/www.ensapc.fr\/wp-content\/uploads\/2017\/11\/logo-paris-seine-300x101.png\" alt=\"logo paris seine\" width=\"300\" height=\"101\" srcset=\"https:\/\/www.ensapc.fr\/wp-content\/uploads\/2017\/11\/logo-paris-seine-300x100.png 300w, https:\/\/www.ensapc.fr\/wp-content\/uploads\/2017\/11\/logo-paris-seine.png 646w\" sizes=\"(max-width: 300px) 100vw, 300px\" \/><\/a>[\/vc_column_text][\/vc_column][\/vc_row]<\/p>\n<\/div>","protected":false},"excerpt":{"rendered":"<p>[vc_row][vc_column][vc_column_text]Le projet d\u2019EUR (\u00c9coles Universitaires de Recherche)\u00a0dans le cadre du\u00a0Programme d\u2019investissements d\u2019avenir (PIA3)\u00a0port\u00e9 par l\u2019Universit\u00e9 Paris Seine a \u00e9t\u00e9 s\u00e9lectionn\u00e9 par le jury international, aux c\u00f4t\u00e9s de 28 autres dossiers sur les 191 d\u00e9pos\u00e9s. Celui-ci a pour ambition d\u2019offrir \u00e0 chaque site universitaire la possibilit\u00e9 de renforcer l\u2019impact et l\u2019attractivit\u00e9 internationale de sa recherche. Revendiquant&#8230;  <a class=\"excerpt-read-more\" href=\"https:\/\/www.ensapc.fr\/fr\/eur\/\" title=\"Read \u00c9coles Universitaires de Recherche\">Lire la suite &raquo;<\/a><\/p>\n","protected":false},"author":1,"featured_media":0,"parent":0,"menu_order":242,"comment_status":"closed","ping_status":"closed","template":"","meta":{"footnotes":""},"class_list":["post-2422","page","type-page","status-publish","hentry"],"_links":{"self":[{"href":"https:\/\/www.ensapc.fr\/fr\/wp-json\/wp\/v2\/pages\/2422","targetHints":{"allow":["GET"]}}],"collection":[{"href":"https:\/\/www.ensapc.fr\/fr\/wp-json\/wp\/v2\/pages"}],"about":[{"href":"https:\/\/www.ensapc.fr\/fr\/wp-json\/wp\/v2\/types\/page"}],"author":[{"embeddable":true,"href":"https:\/\/www.ensapc.fr\/fr\/wp-json\/wp\/v2\/users\/1"}],"replies":[{"embeddable":true,"href":"https:\/\/www.ensapc.fr\/fr\/wp-json\/wp\/v2\/comments?post=2422"}],"version-history":[{"count":5,"href":"https:\/\/www.ensapc.fr\/fr\/wp-json\/wp\/v2\/pages\/2422\/revisions"}],"predecessor-version":[{"id":2433,"href":"https:\/\/www.ensapc.fr\/fr\/wp-json\/wp\/v2\/pages\/2422\/revisions\/2433"}],"wp:attachment":[{"href":"https:\/\/www.ensapc.fr\/fr\/wp-json\/wp\/v2\/media?parent=2422"}],"curies":[{"name":"wp","href":"https:\/\/api.w.org\/{rel}","templated":true}]}}