{"id":2501,"date":"2017-12-04T11:33:20","date_gmt":"2017-12-04T10:33:20","guid":{"rendered":"https:\/\/www.ensapc.fr\/fr\/?page_id=2501"},"modified":"2017-12-04T11:35:25","modified_gmt":"2017-12-04T10:35:25","slug":"meris-angioletti","status":"publish","type":"page","link":"https:\/\/www.ensapc.fr\/fr\/ygrec\/archives\/2017-2\/meris-angioletti\/","title":{"rendered":"Meris Angioletti, L\u2019Anneau et le Livre (un proc\u00e8s)"},"content":{"rendered":"<div class=\"wpb-content-wrapper\"><p>[vc_row][vc_column][vc_single_image image=\u00a0\u00bb2284&Prime; img_size=\u00a0\u00bblarge\u00a0\u00bb add_caption=\u00a0\u00bbyes\u00a0\u00bb alignment=\u00a0\u00bbcenter\u00a0\u00bb css_animation=\u00a0\u00bbtop-to-bottom\u00a0\u00bb][\/vc_column][\/vc_row][vc_row content_placement=\u00a0\u00bbmiddle\u00a0\u00bb][vc_column][vc_column_text]<strong>Exposition<\/strong><\/p>\n<p><b>Meris Angioletti,\u00a0<\/b><b><i>L\u2019Anneau et le Livre (un proc\u00e8s)<\/i><\/b><\/p>\n<p><strong>\u00a0<\/strong>[\/vc_column_text][vc_separator color=\u00a0\u00bbpink\u00a0\u00bb style=\u00a0\u00bbdashed\u00a0\u00bb el_width=\u00a0\u00bb90&Prime;][vc_column_text]<\/p>\n<div class=\"wpb_text_column wpb_content_element \">\n<div class=\"wpb_wrapper\">\n<div class=\"wpb_text_column wpb_content_element \">\n<div class=\"wpb_wrapper\">\n<p><strong>Du 12 octobre au 26 novembre 2017<\/strong><\/p>\n<p><strong>Vernissage jeudi 12 octobre 18-21h<\/strong><\/p>\n<p>De la n\u00e9cessit\u00e9 de relire une histoire tue ou encore de toucher aux arts occultes, telles \u00e9manent les oeuvres de Meris Angioletti. Par ses installations alliant objets filmiques, sonores ou encore plastiques, l\u2019artiste convoque et entrem\u00eale personnages et r\u00e9cits dans un cheminement donnant corps et espace \u00e0 une histoire inachev\u00e9e, dont toute la dimension \u00e9sot\u00e9rique est appel\u00e9e \u00e0 \u00e9merger.<\/p>\n<p>Pour ce nouveau projet personnel, les recherches de l\u2019artiste ont \u00e9t\u00e9 guid\u00e9es par l\u2019histoire de l\u2019h\u00e9r\u00e9tique Giordano Bruno (1548-1600), br\u00fbl\u00e9 vif \u00e0 Rome au terme de huit ann\u00e9es de proc\u00e8s. Prodigieux mn\u00e9motechnicien, ce pr\u00e9d\u00e9cesseur de grands penseurs comme Kepler ou Spinoza, s\u2019\u00e9tait attir\u00e9 les foudres du cercle eccl\u00e9siastique de par sa marginalit\u00e9, penchant pour la magie et autres pratiques jug\u00e9es alors blasph\u00e9matoires.<\/p>\n<p>Au XIXe si\u00e8cle, le dramaturge britannique Robert Browning (1812-1889) fait l\u2019achat \u00e0 Florence, o\u00f9 il r\u00e9side, d\u2019un livre r\u00e9unissant des documents relatifs au proc\u00e8s de Guido Franceschini accus\u00e9 du meurtre de sa femme et de ses beaux-parents. Passionn\u00e9 par le caract\u00e8re criminel de l\u2019affaire, il d\u00e9cide, sous forme de po\u00e8mes, d\u2019en r\u00e9\u00e9crire l\u2019histoire du point de vue des diff\u00e9rents protagonistes impliqu\u00e9s,\u00a0utilisant la mati\u00e8re \u00e9pistolaire du livre originellement acquis.<\/p>\n<p>Poursuivant ses recherches autour des m\u00e9canismes psychologiques, philosophiques et spirituels de la pens\u00e9e, l\u2019artiste est partie de ces \u00e9l\u00e9ments pour imaginer la r\u00e9alisation d\u2019une exposition dont l\u2019espace deviendrait la trace\u00a0d\u2019un proc\u00e8s m\u00e9taphysique. La symbolique du proc\u00e8s prenant alors toute sa place dans la gen\u00e8se des pi\u00e8ces pr\u00e9sent\u00e9es ici, o\u00f9 la forme juridique, dans ses composantes de l\u2019absurde et de l\u2019illogisme, c\u00f4toie habilement la tradition \u00e9sot\u00e9rique. L\u2019espace devient alors la m\u00e9taphore de l\u2019ar\u00e8ne dans laquelle le visiteur est invit\u00e9 \u00e0 d\u00e9ambuler, deviner, ou encore juger.<\/p>\n<p>Meris Angioletti est n\u00e9e en 1977 \u00e0 Bergame, Italie. Elle vit et travaille \u00e0 Paris.<br \/>\nPuisant ses recherches tant dans l\u2019histoire des arts \u2014 des premi\u00e8res abstractions de la fin du XIXe si\u00e8cle jusqu\u2019aux formes du \u00ab cin\u00e9ma \u00e9largi \u00bb des ann\u00e9es 1970 \u2014 que dans les sciences cognitives, la psychologie ou les croyances \u00e9sot\u00e9riques, les \u0153uvres de Meris Angioletti interrogent les m\u00e9canismes de la perception, de la m\u00e9moire et de la psych\u00e9.<\/p>\n<p><strong>Commissariat: \u00c9meline Vincent<\/strong><br \/>\n<strong>Avec le soutien de la FNAGP<\/strong><br \/>\n<strong>et\u00a0Galleria OTTO ZOO, Milan<\/strong><\/p>\n<a href=\"https:\/\/www.ensapc.fr\/wp-content\/uploads\/2017\/09\/logoFNAGP.jpg\"><img decoding=\"async\" class=\" wp-image-2287 alignleft\" src=\"https:\/\/www.ensapc.fr\/wp-content\/uploads\/2017\/09\/logoFNAGP-300x175.jpg\" sizes=\"(max-width: 137px) 100vw, 137px\" srcset=\"https:\/\/www.ensapc.fr\/wp-content\/uploads\/2017\/09\/logoFNAGP-300x175.jpg 300w, https:\/\/www.ensapc.fr\/wp-content\/uploads\/2017\/09\/logoFNAGP-768x449.jpg 768w, https:\/\/www.ensapc.fr\/wp-content\/uploads\/2017\/09\/logoFNAGP.jpg 827w\" alt=\"logoFNAGP\" width=\"137\" height=\"80\" \/><\/a>\n<\/div>\n<\/div>\n<div class=\"vc_separator wpb_content_element vc_separator_align_center vc_sep_width_90 vc_sep_dashed vc_sep_pos_align_center vc_separator_no_text vc_sep_color_pink\"><\/div>\n<\/div>\n<\/div>\n<div class=\"vc_separator wpb_content_element vc_separator_align_center vc_sep_width_90 vc_sep_dashed vc_sep_pos_align_center vc_separator_no_text vc_sep_color_pink\"><\/div>\n<p>[\/vc_column_text][vc_separator color=\u00a0\u00bbpink\u00a0\u00bb style=\u00a0\u00bbdashed\u00a0\u00bb el_width=\u00a0\u00bb90&Prime;][vc_column_text][\/vc_column_text][vc_separator color=\u00a0\u00bbpink\u00a0\u00bb style=\u00a0\u00bbdashed\u00a0\u00bb el_width=\u00a0\u00bb90&Prime;][vc_column_text][\/vc_column_text][\/vc_column][\/vc_row][vc_row][vc_column][\/vc_column][\/vc_row]<\/p>\n<\/div>","protected":false},"excerpt":{"rendered":"<p>[vc_row][vc_column][vc_single_image image=\u00a0\u00bb2284&Prime; img_size=\u00a0\u00bblarge\u00a0\u00bb add_caption=\u00a0\u00bbyes\u00a0\u00bb alignment=\u00a0\u00bbcenter\u00a0\u00bb css_animation=\u00a0\u00bbtop-to-bottom\u00a0\u00bb][\/vc_column][\/vc_row][vc_row content_placement=\u00a0\u00bbmiddle\u00a0\u00bb][vc_column][vc_column_text]Exposition Meris Angioletti,\u00a0L\u2019Anneau et le Livre (un proc\u00e8s) \u00a0[\/vc_column_text][vc_separator color=\u00a0\u00bbpink\u00a0\u00bb style=\u00a0\u00bbdashed\u00a0\u00bb el_width=\u00a0\u00bb90&Prime;][vc_column_text] Du 12 octobre au 26 novembre 2017 Vernissage jeudi 12 octobre 18-21h De la n\u00e9cessit\u00e9 de relire une histoire tue ou encore de toucher aux arts occultes, telles \u00e9manent les oeuvres de Meris Angioletti. Par ses installations&#8230;  <a class=\"excerpt-read-more\" href=\"https:\/\/www.ensapc.fr\/fr\/ygrec\/archives\/2017-2\/meris-angioletti\/\" title=\"Read Meris Angioletti, L\u2019Anneau et le Livre (un proc\u00e8s)\">Lire la suite &raquo;<\/a><\/p>\n","protected":false},"author":1,"featured_media":0,"parent":1495,"menu_order":437,"comment_status":"closed","ping_status":"closed","template":"","meta":{"footnotes":""},"class_list":["post-2501","page","type-page","status-publish","hentry"],"_links":{"self":[{"href":"https:\/\/www.ensapc.fr\/fr\/wp-json\/wp\/v2\/pages\/2501","targetHints":{"allow":["GET"]}}],"collection":[{"href":"https:\/\/www.ensapc.fr\/fr\/wp-json\/wp\/v2\/pages"}],"about":[{"href":"https:\/\/www.ensapc.fr\/fr\/wp-json\/wp\/v2\/types\/page"}],"author":[{"embeddable":true,"href":"https:\/\/www.ensapc.fr\/fr\/wp-json\/wp\/v2\/users\/1"}],"replies":[{"embeddable":true,"href":"https:\/\/www.ensapc.fr\/fr\/wp-json\/wp\/v2\/comments?post=2501"}],"version-history":[{"count":2,"href":"https:\/\/www.ensapc.fr\/fr\/wp-json\/wp\/v2\/pages\/2501\/revisions"}],"predecessor-version":[{"id":2503,"href":"https:\/\/www.ensapc.fr\/fr\/wp-json\/wp\/v2\/pages\/2501\/revisions\/2503"}],"up":[{"embeddable":true,"href":"https:\/\/www.ensapc.fr\/fr\/wp-json\/wp\/v2\/pages\/1495"}],"wp:attachment":[{"href":"https:\/\/www.ensapc.fr\/fr\/wp-json\/wp\/v2\/media?parent=2501"}],"curies":[{"name":"wp","href":"https:\/\/api.w.org\/{rel}","templated":true}]}}