{"id":2964,"date":"2018-03-07T11:15:29","date_gmt":"2018-03-07T10:15:29","guid":{"rendered":"https:\/\/www.ensapc.fr\/fr\/?page_id=2964"},"modified":"2018-03-07T11:15:29","modified_gmt":"2018-03-07T10:15:29","slug":"prix-bic-lensapc-2017","status":"publish","type":"page","link":"https:\/\/www.ensapc.fr\/fr\/ygrec\/archives\/2017-2\/prix-bic-lensapc-2017\/","title":{"rendered":"PRIX BIC\u00ae POUR L&rsquo;ENSAPC 2017"},"content":{"rendered":"<div class=\"wpb-content-wrapper\"><p>[vc_row][vc_column][vc_single_image image=\u00a0\u00bb2559&Prime; img_size=\u00a0\u00bblarge\u00a0\u00bb add_caption=\u00a0\u00bbyes\u00a0\u00bb alignment=\u00a0\u00bbcenter\u00a0\u00bb css_animation=\u00a0\u00bbtop-to-bottom\u00a0\u00bb][\/vc_column][\/vc_row][vc_row content_placement=\u00a0\u00bbmiddle\u00a0\u00bb][vc_column][vc_column_text]<strong>Exposition<\/strong><\/p>\n<p><strong>PRIX BIC<\/strong><strong><sup>\u00ae<\/sup><\/strong><strong>\u00a0<\/strong><strong>POUR L&rsquo;ENSAPC 2017<\/strong><\/p>\n<p><strong>\u00a0<\/strong><\/p>\n<p><strong>\u00a0<\/strong>[\/vc_column_text][vc_separator color=\u00a0\u00bbpink\u00a0\u00bb style=\u00a0\u00bbdashed\u00a0\u00bb el_width=\u00a0\u00bb90&Prime;][vc_column_text]<\/p>\n<div class=\"wpb_text_column wpb_content_element \">\n<div class=\"wpb_wrapper\">\n<p><strong>Vernissage : 4 D\u00e9cembre \u00e0 19 H<\/strong><\/p>\n<p><strong>La remise de Prix : 19 H<\/strong><\/p>\n<p><strong>Exposition : du lundi 4 D\u00e9cembre 2017\u00a0au 22\u00a0D\u00e9cembre 2017<\/strong><\/p>\n<p>La Soci\u00e9t\u00e9 BIC et \u00a0l\u2019Ecole Nationale Sup\u00e9rieure d\u2019Arts de Paris-Cergy ont le plaisir d&rsquo;annoncer\u00a0la deuxi\u00e8me \u00e9dition du prix BIC<sup>\u00ae\u00a0<\/sup>de cr\u00e9ation contemporaine\u00a0pour l\u2019ENSAPC.<\/p>\n<p style=\"font-weight: 400;\">Ce prix a pour vocation d\u2019encourager la cr\u00e9ation\u00a0de nouvelles formes artistiques en mettant en lumi\u00e8re des artistes \u00e9mergents-es, \u00e9tudiants-es \u00e0 l\u2019ENSAPC.<\/p>\n<p style=\"font-weight: 400;\">Le prix BIC<sup>\u00ae<\/sup>\u00a0propose \u00e0 de jeunes artistes d\u2019explorer, d\u2019approfondir, de s\u2019approprier et de r\u00e9inventer toutes les potentialit\u00e9s artistiques et l&rsquo;imaginaire qu\u2019offre la marque.<\/p>\n<p style=\"font-weight: 400;\">La soci\u00e9t\u00e9 BIC a souhait\u00e9 inscrire ce prix au sein de l\u2019ENSAPC afin de soutenir un univers d\u2019enseignement dynamique et innovant, ouvert et exigeant, ainsi qu\u2019un symbole de mixit\u00e9 culturelle. Le prix, ouvert \u00e0 l\u2019ensemble des \u00e9tudiants, a pour vocation de r\u00e9compenser leurs \u0153uvres\u00a0en leur permettant de pr\u00e9senter leurs travaux \u00e0 un jury de professionnels du monde de l\u2019art. La seule demande de l\u2019appel \u00e0 projet \u00e9tant de recourir, de mettre en situation, ou de repr\u00e9senter un\/des produit(s) de la marque BIC<sup>\u00ae<\/sup>.<\/p>\n<p>L\u2019\u00e9tudiante\u00a0Jisoo Yoo est la\u00a0laur\u00e9ate de la 2<sup>i\u00e8me<\/sup>\u00a0\u00e9dition du Prix pour l\u2019ENSAPC 2017\u00a0avec son\u00a0\u0153uvre\u00a0\u00ab\u00a0M\u00e9tamorphose\u00a0\u00bb (107 x 52 cm, 2017), un dessin r\u00e9alis\u00e9 avec 3\u00a0stylos\u00a0BIC<sup>\u00ae<\/sup>\u00a0: Feutre BIC<sup>\u00ae<\/sup>\u00a0Intensity<sup>\u00ae<\/sup>\u00a0fine Stylo Roller Glide pro 0.5mm et BIC<sup>\u00ae<\/sup>Cristal<sup>\u00ae<\/sup>\u00a0classique. Jisoo Yoo est une artiste cor\u00e9enne n\u00e9e \u00e0 S\u00e9oul en 1990 qui vit et travaille \u00e0 Paris (<a href=\"http:\/\/jisooyoo.com\/\">http:\/\/jisooyoo.com\/<\/a>).<\/p>\n<p>Le deuxi\u00e8me prix a \u00e9t\u00e9 remport\u00e9 par Mickey Pujolar\u00a0avec son \u0153uvre\u00a0 \u00ab\u00a0Encre\u00a0\u00bb (encre de 250 stylos BIC<sup>\u00ae<\/sup>\u00a0Cristal<sup>\u00ae<\/sup>\u00a0sur papier, collage, 150\u00d7220 cm) et le troisi\u00e8me \u2013 par Benjamin Zaragoza \u2013 avec\u00a0\u00ab\u00a0Strates\u00a0\u00bb (installation de 3 panneaux de polystyr\u00e8ne r\u00e9cup\u00e9r\u00e9 \u00e0 partir des stylos BIC<sup>\u00ae<\/sup>\u00a0Cristal<sup>\u00ae<\/sup>\u00a0bleu, dimensions variables). Les\u00a0\u0153uvres\u00a0des laur\u00e9ats\u00a0seront pr\u00e9sent\u00e9es \u00e0 l\u2019exposition\u00a0\u201cLa collection Bic\u201d au CENTQUATRE du 14 avril au 13 mai 2018.<\/p>\n<p>Le jury \u00e9tait compos\u00e9 de : Bruno Bich, Pr\u00e9sident-Directeur G\u00e9n\u00e9ral de la Soci\u00e9t\u00e9 BIC; Agata Boetti; Florence &amp; Daniel Guerlain, Collectionneurs; Sandra Heged\u00fcs, Fondatrice de Sam Arts Projects;\u00a0Herv\u00e9 Mikaeloff, Commissaire d\u2019expositions et\u00a0Marie-Ange Moulonguet,\u00a0Membre du Comit\u00e9 artistique du Prix Duchamp et de Art Paris.<\/p>\n<p>L\u2019ensemble des \u0153uvres pr\u00e9sent\u00e9es pour ce concours est expos\u00e9\u00a0\u00e0 l\u2019Espace ENSAPC YGREC.<\/p>\n<p><strong>Exposition du mercredi 6 d\u00e9cembre 2017 au vendredi 22 d\u00e9cembre 2017.<\/strong><\/p>\n<hr \/>\n<p style=\"font-weight: 400;\"><strong>CONTACTS PRESSE<\/strong><\/p>\n<p>BIC\u00a0:<br \/>\nBenjamin Durand<br \/>\n<a href=\"tel:+33%201%2045%2019%2051%2055\">+33 1 45 19 51 55<\/a><br \/>\n<a href=\"mailto:benjamin.durand@bicworld.com\">benjamin.durand@bicworld.com<\/a><\/p>\n<p style=\"font-weight: 400;\"><strong>Image 7 :<\/strong><br \/>\nIsabelle de Segonzac<br \/>\n<a href=\"tel:+33%201%2053%2070%2074%2070\">+ 33 1 53 70 74 70<\/a><br \/>\n<a href=\"mailto:isegonzac@image7.fr\">isegonzac@image7.fr<\/a><\/p>\n<p style=\"font-weight: 400;\"><strong>ENSAPC :\u00a0<\/strong><br \/>\nTatiana Nedelskaya<br \/>\n<u>+33 6 10 35 02 89<br \/>\ntatiana.nedelskaya@ensapc.fr<\/u><\/p>\n<p style=\"font-weight: 400;\"><a href=\"https:\/\/www.ensapc.fr\/wp-content\/uploads\/2017\/11\/bic.png\"><img decoding=\"async\" class=\"wp-image-2487 alignleft\" src=\"https:\/\/www.ensapc.fr\/wp-content\/uploads\/2017\/11\/bic.png\" alt=\"bic\" width=\"192\" height=\"57\" \/><\/a><\/p>\n<\/div>\n<\/div>\n<p style=\"font-weight: 400;\"><link rel=\"stylesheet\" href=\"https:\/\/cdnjs.cloudflare.com\/ajax\/libs\/fancybox\/3.1.25\/jquery.fancybox.min.css\" \/>\r\n\t\t\t\t\t\t\t\t\t\t\t\t\t\t\t\t\t\t\t<script src=\"https:\/\/cdnjs.cloudflare.com\/ajax\/libs\/fancybox\/3.1.25\/jquery.fancybox.min.js\"><\/script><div id=\"slider_diapo\" class=\"modeLB\"><a data-fancybox=\"gallery\" href=\"https:\/\/www.ensapc.fr\/wp-content\/uploads\/2017\/12\/M\u00e9tamorphose-Jisoo-Yoo-2017.jpg\" style=\"display:block; position: absolute; width: 100%; height: 100%;  z-index: 5000\" class=\"\" data-caption=\"\"><\/a><ul id=\"slider_page\"><li class=\"img_1\"><img decoding=\"async\" src=\"https:\/\/www.ensapc.fr\/wp-content\/uploads\/2017\/12\/M\u00e9tamorphose-Jisoo-Yoo-2017.jpg\" alt=\"M\u00e9tamorphose, Jisoo Yoo, 2017\" title=\"M\u00e9tamorphose, Jisoo Yoo, 2017\"  \/><\/li><\/ul><\/div><a  data-fancybox=\"gallery\" href=\"https:\/\/www.ensapc.fr\/wp-content\/uploads\/2017\/12\/Mickey-Pujolar-Encre-2017-Copie.jpg\" class=\"d_n\" data-caption=\"\"><img decoding=\"async\" src=\"https:\/\/www.ensapc.fr\/wp-content\/uploads\/2017\/12\/Mickey-Pujolar-Encre-2017-Copie.jpg\" alt=\"Mickey Pujolar, Encre, 2017 - Copie\" title=\"Mickey Pujolar, Encre, 2017 - Copie\" \/><\/a><a  data-fancybox=\"gallery\" href=\"https:\/\/www.ensapc.fr\/wp-content\/uploads\/2017\/12\/Prix-BIC-pour-lENSAPC-2017.jpg\" class=\"d_n\" data-caption=\"\"><img decoding=\"async\" src=\"https:\/\/www.ensapc.fr\/wp-content\/uploads\/2017\/12\/Prix-BIC-pour-lENSAPC-2017.jpg\" alt=\"Prix-BIC-pour- l'ENSAPC-2017\" title=\"Prix-BIC-pour- l'ENSAPC-2017\" \/><\/a><a  data-fancybox=\"gallery\" href=\"https:\/\/www.ensapc.fr\/wp-content\/uploads\/2017\/12\/Prix-BIC-pour-lENSAPC-2017_1.jpg\" class=\"d_n\" data-caption=\"\"><img decoding=\"async\" src=\"https:\/\/www.ensapc.fr\/wp-content\/uploads\/2017\/12\/Prix-BIC-pour-lENSAPC-2017_1.jpg\" alt=\"Prix-BIC-pour- l'ENSAPC-2017_1\" title=\"Prix-BIC-pour- l'ENSAPC-2017_1\" \/><\/a><a  data-fancybox=\"gallery\" href=\"https:\/\/www.ensapc.fr\/wp-content\/uploads\/2017\/12\/Prix-BIC-pour-lENSAPC-2017_2.jpg\" class=\"d_n\" data-caption=\"\"><img decoding=\"async\" src=\"https:\/\/www.ensapc.fr\/wp-content\/uploads\/2017\/12\/Prix-BIC-pour-lENSAPC-2017_2.jpg\" alt=\"Prix-BIC-pour- l'ENSAPC-2017_2\" title=\"Prix-BIC-pour- l'ENSAPC-2017_2\" \/><\/a><a  data-fancybox=\"gallery\" href=\"https:\/\/www.ensapc.fr\/wp-content\/uploads\/2017\/12\/Prix-BIC-pour-lENSAPC-2017_3.jpg\" class=\"d_n\" data-caption=\"\"><img decoding=\"async\" src=\"https:\/\/www.ensapc.fr\/wp-content\/uploads\/2017\/12\/Prix-BIC-pour-lENSAPC-2017_3.jpg\" alt=\"Prix-BIC-pour- l'ENSAPC-2017_3\" title=\"Prix-BIC-pour- l'ENSAPC-2017_3\" \/><\/a><a  data-fancybox=\"gallery\" href=\"https:\/\/www.ensapc.fr\/wp-content\/uploads\/2017\/12\/Prix-BIC-pour-lENSAPC-2017_4.jpg\" class=\"d_n\" data-caption=\"\"><img decoding=\"async\" src=\"https:\/\/www.ensapc.fr\/wp-content\/uploads\/2017\/12\/Prix-BIC-pour-lENSAPC-2017_4.jpg\" alt=\"Prix-BIC-pour- l'ENSAPC-2017_4\" title=\"Prix-BIC-pour- l'ENSAPC-2017_4\" \/><\/a><a  data-fancybox=\"gallery\" href=\"https:\/\/www.ensapc.fr\/wp-content\/uploads\/2017\/12\/Prix-BIC-pour-lENSAPC-2017_5.jpg\" class=\"d_n\" data-caption=\"\"><img decoding=\"async\" src=\"https:\/\/www.ensapc.fr\/wp-content\/uploads\/2017\/12\/Prix-BIC-pour-lENSAPC-2017_5.jpg\" alt=\"Prix-BIC-pour- l'ENSAPC-2017_5\" title=\"Prix-BIC-pour- l'ENSAPC-2017_5\" \/><\/a><a  data-fancybox=\"gallery\" href=\"https:\/\/www.ensapc.fr\/wp-content\/uploads\/2017\/12\/Prix-BIC-pour-lENSAPC-2017_6.jpg\" class=\"d_n\" data-caption=\"\"><img decoding=\"async\" src=\"https:\/\/www.ensapc.fr\/wp-content\/uploads\/2017\/12\/Prix-BIC-pour-lENSAPC-2017_6.jpg\" alt=\"Prix-BIC-pour- l'ENSAPC-2017_6\" title=\"Prix-BIC-pour- l'ENSAPC-2017_6\" \/><\/a><a  data-fancybox=\"gallery\" href=\"https:\/\/www.ensapc.fr\/wp-content\/uploads\/2017\/12\/Prix-BIC-pour-lENSAPC-2017_7.jpg\" class=\"d_n\" data-caption=\"\"><img decoding=\"async\" src=\"https:\/\/www.ensapc.fr\/wp-content\/uploads\/2017\/12\/Prix-BIC-pour-lENSAPC-2017_7.jpg\" alt=\"Prix-BIC-pour- l'ENSAPC-2017_7\" title=\"Prix-BIC-pour- l'ENSAPC-2017_7\" \/><\/a><a  data-fancybox=\"gallery\" href=\"https:\/\/www.ensapc.fr\/wp-content\/uploads\/2017\/12\/Prix-BIC-pour-lENSAPC-2017_8.jpg\" class=\"d_n\" data-caption=\"\"><img decoding=\"async\" src=\"https:\/\/www.ensapc.fr\/wp-content\/uploads\/2017\/12\/Prix-BIC-pour-lENSAPC-2017_8.jpg\" alt=\"Prix-BIC-pour- l'ENSAPC-2017_8\" title=\"Prix-BIC-pour- l'ENSAPC-2017_8\" \/><\/a><a  data-fancybox=\"gallery\" href=\"https:\/\/www.ensapc.fr\/wp-content\/uploads\/2017\/12\/Prix-BIC-pour-lENSAPC-2017_9.jpg\" class=\"d_n\" data-caption=\"\"><img decoding=\"async\" src=\"https:\/\/www.ensapc.fr\/wp-content\/uploads\/2017\/12\/Prix-BIC-pour-lENSAPC-2017_9.jpg\" alt=\"Prix-BIC-pour- l'ENSAPC-2017_9\" title=\"Prix-BIC-pour- l'ENSAPC-2017_9\" \/><\/a><a  data-fancybox=\"gallery\" href=\"https:\/\/www.ensapc.fr\/wp-content\/uploads\/2017\/12\/Prix-BIC-pour-lENSAPC-2017_10.jpg\" class=\"d_n\" data-caption=\"\"><img decoding=\"async\" src=\"https:\/\/www.ensapc.fr\/wp-content\/uploads\/2017\/12\/Prix-BIC-pour-lENSAPC-2017_10.jpg\" alt=\"Prix-BIC-pour- l'ENSAPC-2017_10\" title=\"Prix-BIC-pour- l'ENSAPC-2017_10\" \/><\/a><a  data-fancybox=\"gallery\" href=\"https:\/\/www.ensapc.fr\/wp-content\/uploads\/2017\/12\/Prix-BIC-pour-lENSAPC-2017_11.jpg\" class=\"d_n\" data-caption=\"\"><img decoding=\"async\" src=\"https:\/\/www.ensapc.fr\/wp-content\/uploads\/2017\/12\/Prix-BIC-pour-lENSAPC-2017_11.jpg\" alt=\"Prix-BIC-pour- l'ENSAPC-2017_11\" title=\"Prix-BIC-pour- l'ENSAPC-2017_11\" \/><\/a><a  data-fancybox=\"gallery\" href=\"https:\/\/www.ensapc.fr\/wp-content\/uploads\/2017\/12\/Prix-BIC-pour-lENSAPC-2017_11-par-Gabriella-Benk\u0151-1.jpg\" class=\"d_n\" data-caption=\"\"><img decoding=\"async\" src=\"https:\/\/www.ensapc.fr\/wp-content\/uploads\/2017\/12\/Prix-BIC-pour-lENSAPC-2017_11-par-Gabriella-Benk\u0151-1.jpg\" alt=\"Prix-BIC-pour- l'ENSAPC-2017_11-par Gabriella Benk\u0151 1\" title=\"Prix-BIC-pour- l'ENSAPC-2017_11-par Gabriella Benk\u0151 1\" \/><\/a><a  data-fancybox=\"gallery\" href=\"https:\/\/www.ensapc.fr\/wp-content\/uploads\/2017\/12\/Prix-BIC-pour-lENSAPC-2017_12.jpg\" class=\"d_n\" data-caption=\"\"><img decoding=\"async\" src=\"https:\/\/www.ensapc.fr\/wp-content\/uploads\/2017\/12\/Prix-BIC-pour-lENSAPC-2017_12.jpg\" alt=\"Prix-BIC-pour- l'ENSAPC-2017_12\" title=\"Prix-BIC-pour- l'ENSAPC-2017_12\" \/><\/a><a  data-fancybox=\"gallery\" href=\"https:\/\/www.ensapc.fr\/wp-content\/uploads\/2017\/12\/Prix-BIC-pour-lENSAPC-2017_13.jpg\" class=\"d_n\" data-caption=\"\"><img decoding=\"async\" src=\"https:\/\/www.ensapc.fr\/wp-content\/uploads\/2017\/12\/Prix-BIC-pour-lENSAPC-2017_13.jpg\" alt=\"Prix-BIC-pour- l'ENSAPC-2017_13\" title=\"Prix-BIC-pour- l'ENSAPC-2017_13\" \/><\/a><a  data-fancybox=\"gallery\" href=\"https:\/\/www.ensapc.fr\/wp-content\/uploads\/2017\/12\/Prix-BIC-pour-lENSAPC-2017_14.jpg\" class=\"d_n\" data-caption=\"\"><img decoding=\"async\" src=\"https:\/\/www.ensapc.fr\/wp-content\/uploads\/2017\/12\/Prix-BIC-pour-lENSAPC-2017_14.jpg\" alt=\"Prix-BIC-pour- l'ENSAPC-2017_14\" title=\"Prix-BIC-pour- l'ENSAPC-2017_14\" \/><\/a><a  data-fancybox=\"gallery\" href=\"https:\/\/www.ensapc.fr\/wp-content\/uploads\/2017\/12\/Prix-BIC-pour-lENSAPC-2017_15.jpg\" class=\"d_n\" data-caption=\"\"><img decoding=\"async\" src=\"https:\/\/www.ensapc.fr\/wp-content\/uploads\/2017\/12\/Prix-BIC-pour-lENSAPC-2017_15.jpg\" alt=\"Prix-BIC-pour- l'ENSAPC-2017_15\" title=\"Prix-BIC-pour- l'ENSAPC-2017_15\" \/><\/a><a  data-fancybox=\"gallery\" href=\"https:\/\/www.ensapc.fr\/wp-content\/uploads\/2017\/12\/Prix-BIC-pour-lENSAPC-2017_16.jpg\" class=\"d_n\" data-caption=\"\"><img decoding=\"async\" src=\"https:\/\/www.ensapc.fr\/wp-content\/uploads\/2017\/12\/Prix-BIC-pour-lENSAPC-2017_16.jpg\" alt=\"Prix-BIC-pour- l'ENSAPC-2017_16\" title=\"Prix-BIC-pour- l'ENSAPC-2017_16\" \/><\/a><a  data-fancybox=\"gallery\" href=\"https:\/\/www.ensapc.fr\/wp-content\/uploads\/2017\/12\/Prix-BIC-pour-lENSAPC-2017_18.jpg\" class=\"d_n\" data-caption=\"\"><img decoding=\"async\" src=\"https:\/\/www.ensapc.fr\/wp-content\/uploads\/2017\/12\/Prix-BIC-pour-lENSAPC-2017_18.jpg\" alt=\"Prix-BIC-pour- l'ENSAPC-2017_18\" title=\"Prix-BIC-pour- l'ENSAPC-2017_18\" \/><\/a><a  data-fancybox=\"gallery\" href=\"https:\/\/www.ensapc.fr\/wp-content\/uploads\/2017\/12\/Prix-BIC-pour-lENSAPC-2017_19.jpg\" class=\"d_n\" data-caption=\"\"><img decoding=\"async\" src=\"https:\/\/www.ensapc.fr\/wp-content\/uploads\/2017\/12\/Prix-BIC-pour-lENSAPC-2017_19.jpg\" alt=\"Prix-BIC-pour- l'ENSAPC-2017_19\" title=\"Prix-BIC-pour- l'ENSAPC-2017_19\" \/><\/a><a  data-fancybox=\"gallery\" href=\"https:\/\/www.ensapc.fr\/wp-content\/uploads\/2017\/12\/Prix-BIC-pour-lENSAPC-2017_20.jpg\" class=\"d_n\" data-caption=\"\"><img decoding=\"async\" src=\"https:\/\/www.ensapc.fr\/wp-content\/uploads\/2017\/12\/Prix-BIC-pour-lENSAPC-2017_20.jpg\" alt=\"Prix-BIC-pour- l'ENSAPC-2017_20\" title=\"Prix-BIC-pour- l'ENSAPC-2017_20\" \/><\/a><a  data-fancybox=\"gallery\" href=\"https:\/\/www.ensapc.fr\/wp-content\/uploads\/2017\/12\/Prix-BIC-pour-lENSAPC-2017_21.jpg\" class=\"d_n\" data-caption=\"\"><img decoding=\"async\" src=\"https:\/\/www.ensapc.fr\/wp-content\/uploads\/2017\/12\/Prix-BIC-pour-lENSAPC-2017_21.jpg\" alt=\"Prix-BIC-pour- l'ENSAPC-2017_21\" title=\"Prix-BIC-pour- l'ENSAPC-2017_21\" \/><\/a><a  data-fancybox=\"gallery\" href=\"https:\/\/www.ensapc.fr\/wp-content\/uploads\/2017\/12\/Prix-BIC-pour-lENSAPC-2017_22.jpg\" class=\"d_n\" data-caption=\"\"><img decoding=\"async\" src=\"https:\/\/www.ensapc.fr\/wp-content\/uploads\/2017\/12\/Prix-BIC-pour-lENSAPC-2017_22.jpg\" alt=\"Prix-BIC-pour- l'ENSAPC-2017_22\" title=\"Prix-BIC-pour- l'ENSAPC-2017_22\" \/><\/a><a  data-fancybox=\"gallery\" href=\"https:\/\/www.ensapc.fr\/wp-content\/uploads\/2017\/12\/Prix-BIC-pour-lENSAPC-2017_23.jpg\" class=\"d_n\" data-caption=\"\"><img decoding=\"async\" src=\"https:\/\/www.ensapc.fr\/wp-content\/uploads\/2017\/12\/Prix-BIC-pour-lENSAPC-2017_23.jpg\" alt=\"Prix-BIC-pour- l'ENSAPC-2017_23\" title=\"Prix-BIC-pour- l'ENSAPC-2017_23\" \/><\/a><a  data-fancybox=\"gallery\" href=\"https:\/\/www.ensapc.fr\/wp-content\/uploads\/2017\/12\/Prix-BIC-pour-lENSAPC-2017_24.jpg\" class=\"d_n\" data-caption=\"\"><img decoding=\"async\" src=\"https:\/\/www.ensapc.fr\/wp-content\/uploads\/2017\/12\/Prix-BIC-pour-lENSAPC-2017_24.jpg\" alt=\"Prix-BIC-pour- l'ENSAPC-2017_24\" title=\"Prix-BIC-pour- l'ENSAPC-2017_24\" \/><\/a><a  data-fancybox=\"gallery\" href=\"https:\/\/www.ensapc.fr\/wp-content\/uploads\/2017\/12\/Prix-BIC-pour-lENSAPC-2017_25.jpg\" class=\"d_n\" data-caption=\"\"><img decoding=\"async\" src=\"https:\/\/www.ensapc.fr\/wp-content\/uploads\/2017\/12\/Prix-BIC-pour-lENSAPC-2017_25.jpg\" alt=\"Prix-BIC-pour- l'ENSAPC-2017_25\" title=\"Prix-BIC-pour- l'ENSAPC-2017_25\" \/><\/a><a  data-fancybox=\"gallery\" href=\"https:\/\/www.ensapc.fr\/wp-content\/uploads\/2017\/12\/Prix-BIC-pour-lENSAPC-2017_26.jpg\" class=\"d_n\" data-caption=\"\"><img decoding=\"async\" src=\"https:\/\/www.ensapc.fr\/wp-content\/uploads\/2017\/12\/Prix-BIC-pour-lENSAPC-2017_26.jpg\" alt=\"Prix-BIC-pour- l'ENSAPC-2017_26\" title=\"Prix-BIC-pour- l'ENSAPC-2017_26\" \/><\/a><a  data-fancybox=\"gallery\" href=\"https:\/\/www.ensapc.fr\/wp-content\/uploads\/2017\/12\/Prix-BIC-pour-lENSAPC-2017_28.jpg\" class=\"d_n\" data-caption=\"\"><img decoding=\"async\" src=\"https:\/\/www.ensapc.fr\/wp-content\/uploads\/2017\/12\/Prix-BIC-pour-lENSAPC-2017_28.jpg\" alt=\"Prix-BIC-pour- l'ENSAPC-2017_28\" title=\"Prix-BIC-pour- l'ENSAPC-2017_28\" \/><\/a><a  data-fancybox=\"gallery\" href=\"https:\/\/www.ensapc.fr\/wp-content\/uploads\/2017\/12\/Prix-BIC-pour-lENSAPC-2017_29.jpg\" class=\"d_n\" data-caption=\"\"><img decoding=\"async\" src=\"https:\/\/www.ensapc.fr\/wp-content\/uploads\/2017\/12\/Prix-BIC-pour-lENSAPC-2017_29.jpg\" alt=\"Prix-BIC-pour- l'ENSAPC-2017_29\" title=\"Prix-BIC-pour- l'ENSAPC-2017_29\" \/><\/a><a  data-fancybox=\"gallery\" href=\"https:\/\/www.ensapc.fr\/wp-content\/uploads\/2017\/12\/Prix-BIC-pour-lENSAPC-2017-Benjamin-Zaragoza-Strates-2017.jpg\" class=\"d_n\" data-caption=\"\"><img decoding=\"async\" src=\"https:\/\/www.ensapc.fr\/wp-content\/uploads\/2017\/12\/Prix-BIC-pour-lENSAPC-2017-Benjamin-Zaragoza-Strates-2017.jpg\" alt=\"Prix-BIC-pour- l'ENSAPC-2017-Benjamin Zaragoza, Strates, 2017\" title=\"Prix-BIC-pour- l'ENSAPC-2017-Benjamin Zaragoza, Strates, 2017\" \/><\/a><\/p>\n<p>[\/vc_column_text][vc_separator color=\u00a0\u00bbpink\u00a0\u00bb style=\u00a0\u00bbdashed\u00a0\u00bb el_width=\u00a0\u00bb90&Prime;][vc_separator color=\u00a0\u00bbpink\u00a0\u00bb style=\u00a0\u00bbdashed\u00a0\u00bb el_width=\u00a0\u00bb90&Prime;][vc_column_text][\/vc_column_text][\/vc_column][\/vc_row][vc_row][vc_column][\/vc_column][\/vc_row]<\/p>\n<\/div>","protected":false},"excerpt":{"rendered":"<p>[vc_row][vc_column][vc_single_image image=\u00a0\u00bb2559&Prime; img_size=\u00a0\u00bblarge\u00a0\u00bb add_caption=\u00a0\u00bbyes\u00a0\u00bb alignment=\u00a0\u00bbcenter\u00a0\u00bb css_animation=\u00a0\u00bbtop-to-bottom\u00a0\u00bb][\/vc_column][\/vc_row][vc_row content_placement=\u00a0\u00bbmiddle\u00a0\u00bb][vc_column][vc_column_text]Exposition PRIX BIC\u00ae\u00a0POUR L&rsquo;ENSAPC 2017 \u00a0 \u00a0[\/vc_column_text][vc_separator color=\u00a0\u00bbpink\u00a0\u00bb style=\u00a0\u00bbdashed\u00a0\u00bb el_width=\u00a0\u00bb90&Prime;][vc_column_text] Vernissage : 4 D\u00e9cembre \u00e0 19 H La remise de Prix : 19 H Exposition : du lundi 4 D\u00e9cembre 2017\u00a0au 22\u00a0D\u00e9cembre 2017 La Soci\u00e9t\u00e9 BIC et \u00a0l\u2019Ecole Nationale Sup\u00e9rieure d\u2019Arts de Paris-Cergy ont le plaisir d&rsquo;annoncer\u00a0la deuxi\u00e8me \u00e9dition&#8230;  <a class=\"excerpt-read-more\" href=\"https:\/\/www.ensapc.fr\/fr\/ygrec\/archives\/2017-2\/prix-bic-lensapc-2017\/\" title=\"Read PRIX BIC\u00ae POUR L&rsquo;ENSAPC 2017\">Lire la suite &raquo;<\/a><\/p>\n","protected":false},"author":1,"featured_media":0,"parent":1495,"menu_order":441,"comment_status":"closed","ping_status":"closed","template":"","meta":{"footnotes":""},"class_list":["post-2964","page","type-page","status-publish","hentry"],"_links":{"self":[{"href":"https:\/\/www.ensapc.fr\/fr\/wp-json\/wp\/v2\/pages\/2964","targetHints":{"allow":["GET"]}}],"collection":[{"href":"https:\/\/www.ensapc.fr\/fr\/wp-json\/wp\/v2\/pages"}],"about":[{"href":"https:\/\/www.ensapc.fr\/fr\/wp-json\/wp\/v2\/types\/page"}],"author":[{"embeddable":true,"href":"https:\/\/www.ensapc.fr\/fr\/wp-json\/wp\/v2\/users\/1"}],"replies":[{"embeddable":true,"href":"https:\/\/www.ensapc.fr\/fr\/wp-json\/wp\/v2\/comments?post=2964"}],"version-history":[{"count":1,"href":"https:\/\/www.ensapc.fr\/fr\/wp-json\/wp\/v2\/pages\/2964\/revisions"}],"predecessor-version":[{"id":2965,"href":"https:\/\/www.ensapc.fr\/fr\/wp-json\/wp\/v2\/pages\/2964\/revisions\/2965"}],"up":[{"embeddable":true,"href":"https:\/\/www.ensapc.fr\/fr\/wp-json\/wp\/v2\/pages\/1495"}],"wp:attachment":[{"href":"https:\/\/www.ensapc.fr\/fr\/wp-json\/wp\/v2\/media?parent=2964"}],"curies":[{"name":"wp","href":"https:\/\/api.w.org\/{rel}","templated":true}]}}