{"id":3208,"date":"2018-09-10T12:56:20","date_gmt":"2018-09-10T10:56:20","guid":{"rendered":"https:\/\/www.ensapc.fr\/fr\/?page_id=3208"},"modified":"2024-12-17T09:53:19","modified_gmt":"2024-12-17T08:53:19","slug":"frais-de-scolarite-2021-2022","status":"publish","type":"page","link":"https:\/\/www.ensapc.fr\/fr\/admissions\/frais-de-scolarite-2021-2022\/","title":{"rendered":"Frais de scolarit\u00e9 2024-2025"},"content":{"rendered":"<div class=\"wpb-content-wrapper\"><p>[vc_row el_id=\u00a0\u00bbadmission\u00a0\u00bb][vc_column][vc_column_text css=\u00a0\u00bb\u00a0\u00bb]Par arr\u00eat\u00e9 du Minist\u00e8re de la culture (4 juin 2023), les droits de scolarit\u00e9 \u00e0 l\u2019ENSAPC sont de 451 euros pour l\u2019ann\u00e9e universitaire 2024-2025. Les frais r\u00e9duits sont de 301 euros. Les \u00e9tudiant\u00b7e\u00b7s ayant d\u00e9pos\u00e9 une demande de bourse sur crit\u00e8res sociaux ou d\u2019aide d\u2019urgence annuelle sont dispens\u00e9\u00b7e\u00b7s d\u2019acquitter les droits de scolarit\u00e9. Cette mesure devient d\u00e9finitive d\u00e8s lors que la d\u00e9cision d\u2019attribution leur a \u00e9t\u00e9 notifi\u00e9e.[\/vc_column_text][\/vc_column][\/vc_row]<\/p>\n<\/div>","protected":false},"excerpt":{"rendered":"<p>[vc_row el_id=\u00a0\u00bbadmission\u00a0\u00bb][vc_column][vc_column_text css=\u00a0\u00bb\u00a0\u00bb]Par arr\u00eat\u00e9 du Minist\u00e8re de la culture (4 juin 2023), les droits de scolarit\u00e9 \u00e0 l\u2019ENSAPC sont de 451 euros pour l\u2019ann\u00e9e universitaire 2024-2025. Les frais r\u00e9duits sont de 301 euros. Les \u00e9tudiant\u00b7e\u00b7s ayant d\u00e9pos\u00e9 une demande de bourse sur crit\u00e8res sociaux ou d\u2019aide d\u2019urgence annuelle sont dispens\u00e9\u00b7e\u00b7s d\u2019acquitter les droits de scolarit\u00e9&#8230;.  <a class=\"excerpt-read-more\" href=\"https:\/\/www.ensapc.fr\/fr\/admissions\/frais-de-scolarite-2021-2022\/\" title=\"Read Frais de scolarit\u00e9 2024-2025\">Lire la suite &raquo;<\/a><\/p>\n","protected":false},"author":1,"featured_media":0,"parent":10,"menu_order":87,"comment_status":"closed","ping_status":"closed","template":"","meta":{"footnotes":""},"class_list":["post-3208","page","type-page","status-publish","hentry"],"_links":{"self":[{"href":"https:\/\/www.ensapc.fr\/fr\/wp-json\/wp\/v2\/pages\/3208","targetHints":{"allow":["GET"]}}],"collection":[{"href":"https:\/\/www.ensapc.fr\/fr\/wp-json\/wp\/v2\/pages"}],"about":[{"href":"https:\/\/www.ensapc.fr\/fr\/wp-json\/wp\/v2\/types\/page"}],"author":[{"embeddable":true,"href":"https:\/\/www.ensapc.fr\/fr\/wp-json\/wp\/v2\/users\/1"}],"replies":[{"embeddable":true,"href":"https:\/\/www.ensapc.fr\/fr\/wp-json\/wp\/v2\/comments?post=3208"}],"version-history":[{"count":6,"href":"https:\/\/www.ensapc.fr\/fr\/wp-json\/wp\/v2\/pages\/3208\/revisions"}],"predecessor-version":[{"id":13164,"href":"https:\/\/www.ensapc.fr\/fr\/wp-json\/wp\/v2\/pages\/3208\/revisions\/13164"}],"up":[{"embeddable":true,"href":"https:\/\/www.ensapc.fr\/fr\/wp-json\/wp\/v2\/pages\/10"}],"wp:attachment":[{"href":"https:\/\/www.ensapc.fr\/fr\/wp-json\/wp\/v2\/media?parent=3208"}],"curies":[{"name":"wp","href":"https:\/\/api.w.org\/{rel}","templated":true}]}}