{"id":3339,"date":"2019-01-07T09:41:58","date_gmt":"2019-01-07T08:41:58","guid":{"rendered":"https:\/\/www.ensapc.fr\/fr\/?page_id=3339"},"modified":"2019-01-10T11:40:20","modified_gmt":"2019-01-10T10:40:20","slug":"donnees-personnelles","status":"publish","type":"page","link":"https:\/\/www.ensapc.fr\/fr\/donnees-personnelles\/","title":{"rendered":"Donn\u00e9es personnelles"},"content":{"rendered":"<div class=\"wpb-content-wrapper\"><p>[vc_row][vc_column][vc_column_text]ENSAPC s\u2019engage \u00e0 la transparence dans le traitement et la protection des donn\u00e9es personnelles des utilisateurs de ce site. Des modifications peuvent \u00eatre apport\u00e9es \u00e0 cette page en cas d\u2019\u00e9volution.<\/p>\n<p><strong>A quels supports cette politique s\u2019applique-t-elle\u00a0?<\/strong><br \/>\nCette politique s\u2019applique au site www.ensapc.fr et aux abonnements \u00e0 la newsletter. Elle ne s\u2019applique pas aux sites internet de tiers, y compris ceux pouvant \u00eatre mentionn\u00e9s dans ce site par l\u2019interm\u00e9diaire de liens.<\/p>\n<p><strong>Quelles sont les donn\u00e9es que nous collectons\u00a0?<\/strong><br \/>\nAvec votre consentement pr\u00e9alable, lorsque vous utilisez notre site, nous sommes susceptibles de collecter et de traiter tout ou partie des donn\u00e9es suivantes : les donn\u00e9es que vous fournissez en remplissant des formulaires, en chargeant en ligne des contenus, en vous abonnant \u00e0 nos comptes sur les r\u00e9seaux sociaux ou \u00e0 notre newsletter : votre nom, pr\u00e9nom et adresse e-mail.<\/p>\n<p><strong>Collectons-nous votre adresse IP et vos cookies (t\u00e9moins de connexion)\u00a0?\u00a0:<\/strong><br \/>\nNous sommes susceptibles de collecter votre adresse IP et votre type de navigateur \u00e0 des fins d\u2019administration de nos syst\u00e8mes et\/ou d\u2019\u00e9tablissement de statistiques et sans identifier une quelconque autre information individuelle.<\/p>\n<p>Dans certains cas, nous sommes \u00e9galement susceptibles d\u2019utiliser des cookies (petits chiffres et lettres permettant d\u2019identifier votre ordinateur) sans avoir acc\u00e8s \u00e0 aucune de vos donn\u00e9es personnelles par ce biais. Si vous le souhaitez, vous pouvez d\u00e9sactiver cette fonction sur votre navigateur habituel.<\/p>\n<p><strong>Comment utilisons-nous vos donn\u00e9es personnelles\u00a0?<\/strong><br \/>\nVos donn\u00e9es personnelles sont majoritairement utilis\u00e9es en tant que contacts pour l\u2019envoi de nos newsletters (apr\u00e8s votre inscription volontaire). Nous les utilisons \u00e9galement pour am\u00e9liorer l\u2019exp\u00e9rience utilisateur sur notre site, comprendre les contenus qui suscitent le plus d\u2019int\u00e9r\u00eat et pouvoir les am\u00e9liorer.<\/p>\n<p>Nous ne partageons jamais vos donn\u00e9es personnelles avec des tiers.<\/p>\n<p><strong>Comment pouvez-vous acc\u00e9der \u00e0 vos donn\u00e9es personnelles\u00a0?<\/strong><\/p>\n<p>Vous pouvez nous contacter par mail ou par courrier pour conna\u00eetre les donn\u00e9es personnelles vous concernant qui sont en notre possession \u00e0 cette adresse (accueil@ensapc.fr). Vous pouvez \u00e0 tout moment les modifier ou nous demander de les supprimer de nos fichiers actifs. Nous pourrons parfois \u00eatre dans l\u2019obligation d\u2019en garder une trace en archives (lorsque la loi nous l\u2019impose).[\/vc_column_text][\/vc_column][\/vc_row]<\/p>\n<\/div>","protected":false},"excerpt":{"rendered":"<p>[vc_row][vc_column][vc_column_text]ENSAPC s\u2019engage \u00e0 la transparence dans le traitement et la protection des donn\u00e9es personnelles des utilisateurs de ce site. Des modifications peuvent \u00eatre apport\u00e9es \u00e0 cette page en cas d\u2019\u00e9volution. A quels supports cette politique s\u2019applique-t-elle\u00a0? Cette politique s\u2019applique au site www.ensapc.fr et aux abonnements \u00e0 la newsletter. Elle ne s\u2019applique pas aux sites internet&#8230;  <a class=\"excerpt-read-more\" href=\"https:\/\/www.ensapc.fr\/fr\/donnees-personnelles\/\" title=\"Read Donn\u00e9es personnelles\">Lire la suite &raquo;<\/a><\/p>\n","protected":false},"author":1,"featured_media":0,"parent":0,"menu_order":206,"comment_status":"closed","ping_status":"closed","template":"","meta":{"footnotes":""},"class_list":["post-3339","page","type-page","status-publish","hentry"],"_links":{"self":[{"href":"https:\/\/www.ensapc.fr\/fr\/wp-json\/wp\/v2\/pages\/3339","targetHints":{"allow":["GET"]}}],"collection":[{"href":"https:\/\/www.ensapc.fr\/fr\/wp-json\/wp\/v2\/pages"}],"about":[{"href":"https:\/\/www.ensapc.fr\/fr\/wp-json\/wp\/v2\/types\/page"}],"author":[{"embeddable":true,"href":"https:\/\/www.ensapc.fr\/fr\/wp-json\/wp\/v2\/users\/1"}],"replies":[{"embeddable":true,"href":"https:\/\/www.ensapc.fr\/fr\/wp-json\/wp\/v2\/comments?post=3339"}],"version-history":[{"count":5,"href":"https:\/\/www.ensapc.fr\/fr\/wp-json\/wp\/v2\/pages\/3339\/revisions"}],"predecessor-version":[{"id":3355,"href":"https:\/\/www.ensapc.fr\/fr\/wp-json\/wp\/v2\/pages\/3339\/revisions\/3355"}],"wp:attachment":[{"href":"https:\/\/www.ensapc.fr\/fr\/wp-json\/wp\/v2\/media?parent=3339"}],"curies":[{"name":"wp","href":"https:\/\/api.w.org\/{rel}","templated":true}]}}