{"id":34,"date":"2016-08-29T18:55:36","date_gmt":"2016-08-29T16:55:36","guid":{"rendered":"https:\/\/www.ensapc.fr\/fr\/?page_id=34"},"modified":"2025-01-30T12:11:10","modified_gmt":"2025-01-30T11:11:10","slug":"histoire","status":"publish","type":"page","link":"https:\/\/www.ensapc.fr\/fr\/ecole\/histoire\/","title":{"rendered":"Histoire"},"content":{"rendered":"<div class=\"wpb-content-wrapper\"><p>[vc_row][vc_column][vc_single_image image=\u00a0\u00bb1189&Prime; img_size=\u00a0\u00bbfull\u00a0\u00bb alignment=\u00a0\u00bbcenter\u00a0\u00bb css_animation=\u00a0\u00bbappear\u00a0\u00bb][vc_column_text css=\u00a0\u00bb\u00a0\u00bb]L\u2019\u00c9cole Nationale Sup\u00e9rieure d\u2019Arts de Paris-Cergy (ENSAPC) est cr\u00e9\u00e9 en 1975 au c\u0153ur de la ville nouvelle de Cergy-Pontoise. Marqu\u00e9e par l\u2019esprit pionnier de l\u2019Universit\u00e9 de Vincennes et des villes nouvelles, sa cr\u00e9ation accompagne la grande r\u00e9forme de l\u2019enseignement artistique de 1973 destin\u00e9e \u00e0 repenser une p\u00e9dagogie alors tr\u00e8s acad\u00e9mique, disjointe de la r\u00e9alit\u00e9 et du foisonnement artistique de l\u2019\u00e9poque.<\/p>\n<p>C\u2019est dans ce contexte qu\u2019un petit groupe d\u2019enseignant\u00b7e\u00b7s (dont certain\u00b7e\u00b7s sont issu\u00b7e\u00b7s de la mission charg\u00e9e de la refonte de l\u2019enseignement artistique), investissent un b\u00e2timent r\u00e9cemment construit \u00e0 proximit\u00e9 de la Pr\u00e9fecture de Cergy, pour concevoir et mettre en \u0153uvre le projet de l\u2019\u00e9cole. Elle est pens\u00e9e comme un laboratoire, un lieu profond\u00e9ment ouvert sur ce monde changeant, o\u00f9 les dispositifs d\u2019enseignement doivent \u00eatre en permanence actualis\u00e9s et r\u00e9invent\u00e9s. Sur ce territoire en pleine mutation et \u00e0 la croissance rapide, l\u2019invention \u00e0 l\u2019\u0153uvre dans les murs de l\u2019\u00e9cole fait \u00e9cho aux innovations architecturales et urbanistiques qui s\u2019exp\u00e9rimentent au dehors. En 1982, l\u2019\u00e9cole investit un b\u00e2timent con\u00e7u par l\u2019architecte Jean-Pierre Buffi.<\/p>\n<p>L\u2019ENSAPC participe \u00e0 la r\u00e9novation de la p\u00e9dagogie artistique en mettant en \u0153uvre les notions essentielles de transversalit\u00e9 de l\u2019enseignement et de dialogue entre les diff\u00e9rents champs de la cr\u00e9ation. Des unit\u00e9s p\u00e9dagogiques mixtes associant plasticien\u00b7ne\u00b7s et th\u00e9oricien\u00b7ne\u00b7s sont cr\u00e9\u00e9es pour appr\u00e9hender la production contemporaine sous des \u00e9clairages multiples et compl\u00e9mentaires. Capable d\u2019observer et de questionner le monde en pleine mutation, l\u2019\u00e9cole se construit en un lieu de recherche et d\u2019exp\u00e9rimentation, permettant l\u2019\u00e9mergence de nouvelles formes artistiques.<\/p>\n<p>Cinquante ans plus tard, l\u2019ENSAPC continue d\u2019inventer et de renouveler ce qui fait de l\u2019\u00e9cole un espace hospitalier \u00e0 l\u2019exp\u00e9rimentation et la recherche artistiques. Nombreux sont les ancien\u00b7ne\u00b7s \u00e9tudiant\u00b7e\u00b7s actif\u00b7ve\u00b7s \u00e0 l\u2019\u00e9chelle nationale et internationale \u00e0 avoir construit des trajectoires singuli\u00e8res dans les domaines des arts visuels, du cin\u00e9ma, des arts de la sc\u00e8ne, du design, de la litt\u00e9rature. Parmi eux\u00b7elles : Absalon, Dove Allouche, Laetitia Badaut-Haussmann, Bianca Bondi, Erwan Bouroullec, Pauline Curnier-Jardin, Latifa Echakhch, Loris Gr\u00e9aud, Michel Hazanavicius, Jean-Charles Hue, Bouchra Khalili, Flora Moscovici, Val\u00e9rie Mrejen, Paul Maheke, Jean-Michel Othoniel, Erik Samakh ou Liv Schulman.[\/vc_column_text][\/vc_column][\/vc_row]<\/p>\n<\/div>","protected":false},"excerpt":{"rendered":"<p>[vc_row][vc_column][vc_single_image image=\u00a0\u00bb1189&Prime; img_size=\u00a0\u00bbfull\u00a0\u00bb alignment=\u00a0\u00bbcenter\u00a0\u00bb css_animation=\u00a0\u00bbappear\u00a0\u00bb][vc_column_text css=\u00a0\u00bb\u00a0\u00bb]L\u2019\u00c9cole Nationale Sup\u00e9rieure d\u2019Arts de Paris-Cergy (ENSAPC) est cr\u00e9\u00e9 en 1975 au c\u0153ur de la ville nouvelle de Cergy-Pontoise. Marqu\u00e9e par l\u2019esprit pionnier de l\u2019Universit\u00e9 de Vincennes et des villes nouvelles, sa cr\u00e9ation accompagne la grande r\u00e9forme de l\u2019enseignement artistique de 1973 destin\u00e9e \u00e0 repenser une p\u00e9dagogie alors tr\u00e8s acad\u00e9mique,&#8230;  <a class=\"excerpt-read-more\" href=\"https:\/\/www.ensapc.fr\/fr\/ecole\/histoire\/\" title=\"Read Histoire\">Lire la suite &raquo;<\/a><\/p>\n","protected":false},"author":1,"featured_media":0,"parent":6,"menu_order":212,"comment_status":"closed","ping_status":"closed","template":"","meta":{"footnotes":""},"class_list":["post-34","page","type-page","status-publish","hentry"],"_links":{"self":[{"href":"https:\/\/www.ensapc.fr\/fr\/wp-json\/wp\/v2\/pages\/34","targetHints":{"allow":["GET"]}}],"collection":[{"href":"https:\/\/www.ensapc.fr\/fr\/wp-json\/wp\/v2\/pages"}],"about":[{"href":"https:\/\/www.ensapc.fr\/fr\/wp-json\/wp\/v2\/types\/page"}],"author":[{"embeddable":true,"href":"https:\/\/www.ensapc.fr\/fr\/wp-json\/wp\/v2\/users\/1"}],"replies":[{"embeddable":true,"href":"https:\/\/www.ensapc.fr\/fr\/wp-json\/wp\/v2\/comments?post=34"}],"version-history":[{"count":6,"href":"https:\/\/www.ensapc.fr\/fr\/wp-json\/wp\/v2\/pages\/34\/revisions"}],"predecessor-version":[{"id":13339,"href":"https:\/\/www.ensapc.fr\/fr\/wp-json\/wp\/v2\/pages\/34\/revisions\/13339"}],"up":[{"embeddable":true,"href":"https:\/\/www.ensapc.fr\/fr\/wp-json\/wp\/v2\/pages\/6"}],"wp:attachment":[{"href":"https:\/\/www.ensapc.fr\/fr\/wp-json\/wp\/v2\/media?parent=34"}],"curies":[{"name":"wp","href":"https:\/\/api.w.org\/{rel}","templated":true}]}}