{"id":36,"date":"2016-08-29T18:56:02","date_gmt":"2016-08-29T16:56:02","guid":{"rendered":"https:\/\/www.ensapc.fr\/fr\/?page_id=36"},"modified":"2026-02-20T09:47:02","modified_gmt":"2026-02-20T08:47:02","slug":"recrutements","status":"publish","type":"page","link":"https:\/\/www.ensapc.fr\/fr\/ecole\/recrutements\/","title":{"rendered":"Recrutements"},"content":{"rendered":"<div class=\"wpb-content-wrapper\"><p>[vc_row][vc_column][vc_column_text css=\u00a0\u00bb\u00a0\u00bb]<strong>Tous les postes du Minist\u00e8re de la culture et de ses \u00e9tablissements sont ouverts aux personnes reconnues comme travailleur\u00b7euse handicap\u00e9\u00b7e<\/strong>[\/vc_column_text][\/vc_column][\/vc_row][vc_row][vc_column][vc_column_text css=\u00a0\u00bb\u00a0\u00bb]<\/p>\n<h3>ASSISTANT\u00b7E DU DIRECTEUR ARTISTIQUE<br \/>\nCentre d\u2019art Ygrec \u2013 ENSAPC<\/h3>\n<p>&nbsp;<\/p>\n<p>Le Centre d\u2019art Ygrec-ENSAPC recherche un\u00b7e stagiaire<\/p>\n<p>Secteur : Artistique<\/p>\n<p><strong>D\u00e9but de stage :<\/strong> Jeudi 2 Avril 2026<br \/>\nDur\u00e9e du stage \u00e0 d\u00e9finir avec le\u00b7a stagiaireDates envisag\u00e9es : du 2 avril au 18 juillet, avec possibilit\u00e9 de prolonger le stage du 1er septembre au 19 d\u00e9cembre, en fonction de la disponibilit\u00e9 du stagiaire.<\/p>\n<p><strong>R\u00e9sum\u00e9 de la mission :<\/strong><\/p>\n<p>Sous la tutelle du directeur artistique du Centre d&rsquo;art Ygrec-ENSAPC, Guillaume Breton :<\/p>\n<p>Elle\/il\/iel assistera le directeur artistique dans la pr\u00e9paration et l\u2019organisation des expositions au Centre d&rsquo;art et projets hors-les-murs :<\/p>\n<p>Productions des \u0153uvres<br \/>\nRelations avec les artistes<br \/>\nCoordination avec les prestataires<br \/>\nBudg\u00e9tisation<br \/>\nContrats<br \/>\nR\u00e9troplannings<br \/>\nMontage et d\u00e9montage des expositions<\/p>\n<p>Elle\/il\/iel assistera le directeur artistique dans la mise en place de la communication des expositions et des \u00e9v\u00e9nements<\/p>\n<p><strong>Date limite de candidature : <\/strong>Jeudi 12 mars 2026, entretiens dans les jours suivants[\/vc_column_text][vc_btn title=\u00a0\u00bbT\u00e9l\u00e9charger la fiche de poste\u00a0\u00bb css=\u00a0\u00bb.vc_custom_1771576522890{padding-left: 30px !important;}\u00a0\u00bb link=\u00a0\u00bburl:https%3A%2F%2Fwww.ensapc.fr%2Fwp-content%2Fuploads%2F2026%2F02%2FAnnonce-stage-2026_-Centre-dart-Ygrec-ENSAPC.pdf\u00a0\u00bb][vc_empty_space height=\u00a0\u00bb132px\u00a0\u00bb][vc_column_text css=\u00a0\u00bb\u00a0\u00bb]<\/p>\n<h3><strong>Assistant\u00b7e comptable \u2013 R\u00e9f\u00e9rent\u00b7e immobilisations<\/strong> (CDD)<\/h3>\n<p>R\u00e9sum\u00e9 missions et activit\u00e9s :<\/p>\n<p>Gestion et s\u00e9curisation des immobilisations<br \/>\n&#8211; Recenser, suivre et fiabiliser l\u2019inventaire des immobilisations corporelles et incorporelles<br \/>\n&#8211; Assurer lar\u00e9gularisation comptable des immobilisations (cr\u00e9ations, mises au rebut, cessions, corrections d\u2019anomalies)<br \/>\n&#8211; Contr\u00f4ler la coh\u00e9rence entre les donn\u00e9es comptables, budg\u00e9taires et patrimoniales<br \/>\n&#8211; Mettre \u00e0 jour les fiches d\u2019immobilisation et assurer le suivi des amortissements<br \/>\n&#8211; Participer aux op\u00e9rations d\u2019inventaire physique et comptable<br \/>\n&#8211; Contribuer \u00e0 la s\u00e9curisation des proc\u00e9dures li\u00e9es aux immobilisations (tra\u00e7abilit\u00e9, justification, archivage)<\/p>\n<p>Gestion comptable compl\u00e9mentaire<br \/>\n&#8211; Saisir, contr\u00f4ler et suivre les op\u00e9rations comptables (engagements, liquidations, demandes de paiement, titres de recettes)<br \/>\n&#8211; Assurer le traitement des factures fournisseurs et le suivi des paiements<br \/>\n&#8211; Participer au suivi des d\u00e9penses et des recettes (droits d\u2019inscription, subventions, prestations diverses)<\/p>\n<p><strong>Nature du poste : \u00a0<\/strong>CDD du 09 mars au 15 juillet 2026<\/p>\n<p><strong>Date limite de candidature : <\/strong>23 f\u00e9vrier 2026<\/p>\n<p>[\/vc_column_text][vc_btn title=\u00a0\u00bbT\u00e9l\u00e9charger la fiche de poste\u00a0\u00bb css=\u00a0\u00bb.vc_custom_1770887226117{padding-left: 30px !important;}\u00a0\u00bb link=\u00a0\u00bburl:https%3A%2F%2Fwww.ensapc.fr%2Fwp-content%2Fuploads%2F2026%2F02%2FFICHE-DE-POSTE_Assistant%C2%B7e-comptable.pdf\u00a0\u00bb][vc_empty_space height=\u00a0\u00bb62px\u00a0\u00bb][\/vc_column][\/vc_row][vc_row][vc_column][vc_column_text css=\u00a0\u00bb\u00a0\u00bb]<\/p>\n<h3 class=\"fr-mb-0\">R\u00e9gisseur\u00b7euse<\/h3>\n<p>Fonction publique de l&rsquo;\u00c9tat<br \/>\nEcole Nationale Sup\u00e9rieure d&rsquo;Art de Paris-Cergy<\/p>\n<p>R\u00e9sum\u00e9 de la mission : Participer \u00e0 l\u2019exploitation et \u00e0 la vie du b\u00e2timent et assister l\u2019ensemble de la communaut\u00e9 de l\u2019\u00e9cole (enseignant\u00b7es, \u00e9tudiant\u00b7es, personnels administratifs et invit\u00e9\u00b7es) pour toutes les installations techniques audiovisuelles et multim\u00e9dia (auditorium, centre d\u2019art, salles multim\u00e9dia) dans le cadre des activit\u00e9s p\u00e9dagogiques, culturelles et \u00e9v\u00e9nementielles de l\u2019\u00e9cole (cours, conf\u00e9rences, expositions, performances, r\u00e9unions, festivals).<\/p>\n<p>Profil recherch\u00e9 : Formation et exp\u00e9rience (Expert)<br \/>\n\u2022 Formation sup\u00e9rieure en audiovisuel, technique du spectacle, \u00e9lectrotechnique, r\u00e9gie \u00e9v\u00e9nementielle, ou exp\u00e9riences confirm\u00e9es dans ces domaines<br \/>\n\u2022 Exp\u00e9rience confirm\u00e9e dans un poste \u00e0 responsabilit\u00e9 \u00e9quivalente, de pr\u00e9f\u00e9rence dans un \u00e9tablissement public ou culturel<\/p>\n<p><strong>Date limite de candidature :<\/strong> 13\/02\/2026[\/vc_column_text][\/vc_column][\/vc_row][vc_row][vc_column][vc_btn title=\u00a0\u00bbT\u00e9l\u00e9charger la fiche de poste\u00a0\u00bb css=\u00a0\u00bb.vc_custom_1768989198839{padding-left: 30px !important;}\u00a0\u00bb link=\u00a0\u00bburl:https%3A%2F%2Fwww.ensapc.fr%2Fwp-content%2Fuploads%2F2026%2F01%2FRegisseur%C2%B7euse-ENSAPC-2026.pdf\u00a0\u00bb][vc_btn title=\u00a0\u00bbCandidater\u00a0\u00bb css=\u00a0\u00bb.vc_custom_1768989233658{padding-left: 30px !important;}\u00a0\u00bb link=\u00a0\u00bburl:https%3A%2F%2Fchoisirleservicepublic.gouv.fr%2Foffre-emploi%2Fregisseur-hf-reference-2026-2158299%2F\u00a0\u00bb][\/vc_column][\/vc_row][vc_row][vc_column][vc_empty_space height=\u00a0\u00bb132px\u00a0\u00bb][\/vc_column][\/vc_row][vc_row][vc_column][vc_column_text css=\u00a0\u00bb\u00a0\u00bb]<\/p>\n<h3 class=\"p2\"><b>Coordinateur\u00b7ice des \u00c9tudes et de la Recherche <\/b><\/h3>\n<p>(Remplacement conge\u0301 parental)<\/p>\n<p class=\"p2\"><strong>Comp\u00e9tences principales mises en \u0153uvre :<\/strong><br \/>\nProfil du \/ de la candidat\u00b7e : Niveau expert<br \/>\n&#8211; Connaissance de l\u2019organisation de l\u2019enseignement supe\u0301rieur et artistique ;<br \/>\n&#8211; Expe\u0301rience de coordination pe\u0301dagogique dans l\u2019enseignement supe\u0301rieur (ide\u0301alement artistique) et bonne connaissance des enjeux li\u00e9s aux pratiques artistiques ;<br \/>\n&#8211; Connaissance approfondie du domaine de l\u2019art contemporain, arts visuels et transdisciplinaires ;<br \/>\n&#8211; Inte\u0301r\u00eat pour la pe\u0301dagogie, la recherche et l\u2019expe\u0301rimentation artistiques ;<br \/>\n&#8211; Connaissance des re\u0301seaux professionnels (ANDEA, ELIA, TRAM\u2026) ;<br \/>\n&#8211; Communication en anglais et\/ou une autre langue \u00e9trang\u00e8re ;<\/p>\n<p class=\"p1\"><b>Nature du poste : <\/b>CDD du 15 f\u00e9vrier 2026 au 15 juillet 2026<\/p>\n<p><strong>Date limite de candidature : <\/strong>4 f\u00e9vrier 2026<\/p>\n<p>[\/vc_column_text][vc_btn title=\u00a0\u00bbT\u00e9l\u00e9charger la fiche de poste\u00a0\u00bb css=\u00a0\u00bb.vc_custom_1768989179299{padding-left: 30px !important;}\u00a0\u00bb link=\u00a0\u00bburl:https%3A%2F%2Fwww.ensapc.fr%2Fwp-content%2Fuploads%2F2026%2F01%2FFICHE-DE-POSTE_Coordination-des-etudes-et-de-la-recherche-.pdf\u00a0\u00bb][vc_empty_space height=\u00a0\u00bb62px\u00a0\u00bb][\/vc_column][\/vc_row]<\/p>\n<\/div>","protected":false},"excerpt":{"rendered":"<p>[vc_row][vc_column][vc_column_text css=\u00a0\u00bb\u00a0\u00bb]Tous les postes du Minist\u00e8re de la culture et de ses \u00e9tablissements sont ouverts aux personnes reconnues comme travailleur\u00b7euse handicap\u00e9\u00b7e[\/vc_column_text][\/vc_column][\/vc_row][vc_row][vc_column][vc_column_text css=\u00a0\u00bb\u00a0\u00bb] ASSISTANT\u00b7E DU DIRECTEUR ARTISTIQUE Centre d\u2019art Ygrec \u2013 ENSAPC &nbsp; Le Centre d\u2019art Ygrec-ENSAPC recherche un\u00b7e stagiaire Secteur : Artistique D\u00e9but de stage : Jeudi 2 Avril 2026 Dur\u00e9e du stage \u00e0 d\u00e9finir&#8230;  <a class=\"excerpt-read-more\" href=\"https:\/\/www.ensapc.fr\/fr\/ecole\/recrutements\/\" title=\"Read Recrutements\">Lire la suite &raquo;<\/a><\/p>\n","protected":false},"author":1,"featured_media":0,"parent":6,"menu_order":230,"comment_status":"closed","ping_status":"closed","template":"","meta":{"footnotes":""},"class_list":["post-36","page","type-page","status-publish","hentry"],"_links":{"self":[{"href":"https:\/\/www.ensapc.fr\/fr\/wp-json\/wp\/v2\/pages\/36","targetHints":{"allow":["GET"]}}],"collection":[{"href":"https:\/\/www.ensapc.fr\/fr\/wp-json\/wp\/v2\/pages"}],"about":[{"href":"https:\/\/www.ensapc.fr\/fr\/wp-json\/wp\/v2\/types\/page"}],"author":[{"embeddable":true,"href":"https:\/\/www.ensapc.fr\/fr\/wp-json\/wp\/v2\/users\/1"}],"replies":[{"embeddable":true,"href":"https:\/\/www.ensapc.fr\/fr\/wp-json\/wp\/v2\/comments?post=36"}],"version-history":[{"count":23,"href":"https:\/\/www.ensapc.fr\/fr\/wp-json\/wp\/v2\/pages\/36\/revisions"}],"predecessor-version":[{"id":14661,"href":"https:\/\/www.ensapc.fr\/fr\/wp-json\/wp\/v2\/pages\/36\/revisions\/14661"}],"up":[{"embeddable":true,"href":"https:\/\/www.ensapc.fr\/fr\/wp-json\/wp\/v2\/pages\/6"}],"wp:attachment":[{"href":"https:\/\/www.ensapc.fr\/fr\/wp-json\/wp\/v2\/media?parent=36"}],"curies":[{"name":"wp","href":"https:\/\/api.w.org\/{rel}","templated":true}]}}