{"id":38,"date":"2016-08-29T18:56:28","date_gmt":"2016-08-29T16:56:28","guid":{"rendered":"https:\/\/www.ensapc.fr\/fr\/?page_id=38"},"modified":"2025-12-02T08:44:32","modified_gmt":"2025-12-02T07:44:32","slug":"partenaires","status":"publish","type":"page","link":"https:\/\/www.ensapc.fr\/fr\/ecole\/partenaires\/","title":{"rendered":"Partenaires"},"content":{"rendered":"<div class=\"wpb-content-wrapper\"><p>[vc_row][vc_column][vc_single_image image=\u00a0\u00bb1182&Prime; img_size=\u00a0\u00bbfull\u00a0\u00bb alignment=\u00a0\u00bbcenter\u00a0\u00bb css_animation=\u00a0\u00bbappear\u00a0\u00bb][\/vc_column][\/vc_row][vc_row][vc_column][vc_column_text css=\u00a0\u00bb\u00a0\u00bb]L\u2019ENSAPC est membre partenaire de CY Cergy Paris Universit\u00e9 Graduate School Humanite\u0301s, Cre\u0301ation et Patrimoine, qui r\u00e9unit les UFRs en Sciences Humaines et Sociales de CY Cergy Paris Universit\u00e9, et 4 e\u0301coles partenaires : l\u2019Ecole nationale sup\u00e9rieure d\u2019architecture de Versailles, l\u2019Ecole nationale supe\u0301rieure de paysage de Versailles, l\u2019Ecole nationale supe\u0301rieure d\u2019arts de Paris Cergy et l\u2019Institut national du patrimoine. Avec le soutien de la Fondation des sciences du patrimoine, du Minist\u00e8re de la culture et de la communication et du CNRS.<\/p>\n<p>L&rsquo;\u00e9cole est \u00e9galement membre de CY Alliance : Port\u00e9e par CY Cergy Paris Universit\u00e9, devenue grand \u00e9tablissement en 2025, CY Alliance rassemble 12 \u00e9tablissements de l\u2019enseignement sup\u00e9rieur et de la recherche autour d\u2019une ambition commune : renforcer les coop\u00e9rations, d\u00e9velopper des projets partag\u00e9s et accompagner les transformations acad\u00e9miques, scientifiques et soci\u00e9tales du territoire.<\/p>\n<p>Cette alliance s\u2019appuie sur la compl\u00e9mentarit\u00e9 des disciplines, des approches p\u00e9dagogiques et des expertises pr\u00e9sentes sur l\u2019ensemble du nord-ouest francilien, de Sarcelles \u00e0 Versailles.<\/p>\n<p><a href=\"https:\/\/www.ensapc.fr\/wp-content\/uploads\/2025\/12\/BrochureA4-CYALLIANCE_Novembre-2025_Version-finale_Basse-definition.pdf\">Brochure CY Alliance<\/a>[\/vc_column_text][\/vc_column][\/vc_row][vc_row el_id=\u00a0\u00bbuniversite\u00a0\u00bb css=\u00a0\u00bb.vc_custom_1590569173265{padding-left: 15px !important;}\u00a0\u00bb][vc_column width=\u00a0\u00bb1\/2&Prime; css=\u00a0\u00bb.vc_custom_1590569729588{padding-left: 20px !important;}\u00a0\u00bb][vc_column_text]<\/p>\n<h3>\u00c9coles, instituts de recherche, laboratoires et universit\u00e9s<\/h3>\n<p>&nbsp;<\/p>\n<p>Centre National de la Recherche Scientifique, Paris<\/p>\n<p>Chaire \u00ab\u00a0Walter Benjamin, M\u00e9moire et Exil\u00a0\u00bb<\/p>\n<p>CY Cergy Paris Universit\u00e9<\/p>\n<p>L\u2019\u00e9cole des vivants, Alpes de Haute-Provence<\/p>\n<p>L\u2019\u00e9cole de la Terre, Verfeil-sur-Seye<\/p>\n<p>\u00c9cole du Louvre, Paris<\/p>\n<p>\u00c9cole nationale sup\u00e9rieure d\u2019architecture de Versailles<\/p>\n<p>\u00c9cole nationale sup\u00e9rieure de paysage de Versailles<\/p>\n<p>\u00c9cole sup\u00e9rieure d\u2019art et de design TALM-Angers<\/p>\n<p>ESAJ, \u00e9cole des paysages et de la transition \u00e9cologique, Paris<\/p>\n<p>Le Fresnoy, studio des arts contemporains, Tourcoing<\/p>\n<p>Institut National du Patrimoine, Paris<\/p>\n<p>Massachussetts Institute of Technology, Boston<\/p>\n<p>St\u00e4delschule, Francfort-sur-le-Main<\/p>\n<p>Universit\u00e9 de Girone<\/p>\n<p>Universidad Nacional de las Artes, Buenos Aires<\/p>\n<p>Universidad Nacional de la Plata<\/p>\n<p>Universit\u00e9 Paris 8, Nanterre[\/vc_column_text][vc_column_text]<\/p>\n<h3><strong>Structures d\u00e9di\u00e9es au cin\u00e9ma, \u00e0 la litt\u00e9rature, la musique, l&rsquo;\u00e9dition et la production\u00a0<\/strong><\/h3>\n<p>&nbsp;<\/p>\n<p>Centre International de Po\u00e9sie, Marseille<\/p>\n<p>Cin\u00e9ma Archipel, Paris<\/p>\n<p>Cin\u00e9ma Grand Action, Paris<\/p>\n<p>Cin\u00e9ma L\u2019entrep\u00f4t, Paris<\/p>\n<p>Cin\u00e9math\u00e8que fran\u00e7aise, Paris<\/p>\n<p><em>Delashin\u00e9 !,\u00a0<\/em>Presses du R\u00e9el, Dijon<\/p>\n<p>Les Disques en Rotin R\u00e9unis<\/p>\n<p>Festival Arte Mare, Bastia<\/p>\n<p>Festival Sonic Protest, Paris<\/p>\n<p>Navire Argo, \u00c9pinay<\/p>\n<p>Perspective Films, Paris<\/p>\n<p>Polygone Etoil\u00e9, Marseille<\/p>\n<p>Prix du roman d\u2019\u00e9cologie, Paris<\/p>\n<p>Re:Voir, Paris[\/vc_column_text][vc_column_text]<\/p>\n<h3>Associations et organismes publics<\/h3>\n<p>&nbsp;<\/p>\n<p>Agglom\u00e9ration de Cergy-Pontoise<\/p>\n<p>Association Feu, Faux-la-Montagne<\/p>\n<p>Ambassade de France en Argentine<\/p>\n<p>Association Le Cartel<\/p>\n<p>D\u00e9partement du Val d\u2019Oise<\/p>\n<p>DRAC \u00cele-de-France<\/p>\n<p>Maison centrale de Poissy<\/p>\n<p>Municipalit\u00e9 de Portbou<\/p>\n<p>Nouveaux Espaces Latinos, Lyon<\/p>\n<p>La Source du Lion, Casablanca<\/p>\n<p>SPIP 78<\/p>\n<p>Ville d\u2019Aubervilliers<\/p>\n<p>Ville de Cergy<\/p>\n<p>Ville de Conflans-Sainte-Honorine[\/vc_column_text][\/vc_column][vc_column width=\u00a0\u00bb1\/2&Prime;][vc_column_text]<\/p>\n<h3>Centres d&rsquo;art, collections, espaces d&rsquo;exposition, festivals, fondations, mus\u00e9es, r\u00e9sidences, th\u00e9\u00e2tres<\/h3>\n<p>&nbsp;<\/p>\n<p>Abbaye de Maubuisson<\/p>\n<p>Anis Gras \u2013 le lieu de l\u2019Autre, Arcueil<\/p>\n<p>arc en r\u00eave centre d\u2019architecture, Bordeaux<\/p>\n<p>Biblioth\u00e8que Kandinsky, Paris<\/p>\n<p>Centre national de la danse, Pantin<\/p>\n<p>Mus\u00e9e national d\u2019art moderne \u2013 Centre Pompidou, Paris<\/p>\n<p>Cin\u00e9math\u00e8que fran\u00e7aise, Paris<\/p>\n<p>Cit\u00e9 internationale des Arts, Paris<\/p>\n<p>Cit\u00e9 de la musique, Paris<\/p>\n<p>Centre National des Arts Plastiques, Paris<\/p>\n<p>Cr\u00e9dac, Ivry<\/p>\n<p>documenta 15, Kassel<\/p>\n<p>Festival d\u2019Automne, Paris<\/p>\n<p>Fondation Angelus Novus, Portbou<\/p>\n<p>Institut du monde arabe, Paris<\/p>\n<p>Les Laboratoires d\u2019Aubervilliers<\/p>\n<p>MUCEM, Marseille<\/p>\n<p>Mus\u00e9e d\u2019Art et d\u2019Histoire Louis-Senlecq, L\u2019Isle-Adam<\/p>\n<p>Mus\u00e9e d\u00e9partemental Albert Kahn, Boulogne-Billancourt<\/p>\n<p>Mus\u00e9e du Louvre, Paris<\/p>\n<p>Mus\u00e9e du Petit Palais, Paris<\/p>\n<p>Mus\u00e9um national d\u2019histoire naturelle, Paris<\/p>\n<p>M\u00e9morial Acte, Point-\u00e0-Pitre<\/p>\n<p>Palais de Tokyo, Paris<\/p>\n<p>Points communs, Nouvelle sc\u00e8ne nationale de Cergy-Pontoise et du Val d\u2019Oise<\/p>\n<p>Sakiya Art\/Science\/Agriculture initiative, Ramallah<\/p>\n<p>Treize, Paris<\/p>\n<p>Villa Arson, Nice<\/p>\n<p>Villa Kujoyama, Kyoto<\/p>\n<p>Villa Savoye[\/vc_column_text][vc_column_text]<\/p>\n<h3>Autres<\/h3>\n<p>&nbsp;<\/p>\n<p>Atelier c\u00e9ramique Clay, Paris<\/p>\n<p>Bords de l\u2019Oise<\/p>\n<p>Jardin botanique de M\u00e9ry-sur-Oise<\/p>\n<p>Transilien SNCF[\/vc_column_text][\/vc_column][\/vc_row]<\/p>\n<\/div>","protected":false},"excerpt":{"rendered":"<p>[vc_row][vc_column][vc_single_image image=\u00a0\u00bb1182&Prime; img_size=\u00a0\u00bbfull\u00a0\u00bb alignment=\u00a0\u00bbcenter\u00a0\u00bb css_animation=\u00a0\u00bbappear\u00a0\u00bb][\/vc_column][\/vc_row][vc_row][vc_column][vc_column_text css=\u00a0\u00bb\u00a0\u00bb]L\u2019ENSAPC est membre partenaire de CY Cergy Paris Universit\u00e9 Graduate School Humanite\u0301s, Cre\u0301ation et Patrimoine, qui r\u00e9unit les UFRs en Sciences Humaines et Sociales de CY Cergy Paris Universit\u00e9, et 4 e\u0301coles partenaires : l\u2019Ecole nationale sup\u00e9rieure d\u2019architecture de Versailles, l\u2019Ecole nationale supe\u0301rieure de paysage de Versailles, l\u2019Ecole nationale supe\u0301rieure&#8230;  <a class=\"excerpt-read-more\" href=\"https:\/\/www.ensapc.fr\/fr\/ecole\/partenaires\/\" title=\"Read Partenaires\">Lire la suite &raquo;<\/a><\/p>\n","protected":false},"author":1,"featured_media":0,"parent":6,"menu_order":225,"comment_status":"closed","ping_status":"closed","template":"","meta":{"footnotes":""},"class_list":["post-38","page","type-page","status-publish","hentry"],"_links":{"self":[{"href":"https:\/\/www.ensapc.fr\/fr\/wp-json\/wp\/v2\/pages\/38","targetHints":{"allow":["GET"]}}],"collection":[{"href":"https:\/\/www.ensapc.fr\/fr\/wp-json\/wp\/v2\/pages"}],"about":[{"href":"https:\/\/www.ensapc.fr\/fr\/wp-json\/wp\/v2\/types\/page"}],"author":[{"embeddable":true,"href":"https:\/\/www.ensapc.fr\/fr\/wp-json\/wp\/v2\/users\/1"}],"replies":[{"embeddable":true,"href":"https:\/\/www.ensapc.fr\/fr\/wp-json\/wp\/v2\/comments?post=38"}],"version-history":[{"count":6,"href":"https:\/\/www.ensapc.fr\/fr\/wp-json\/wp\/v2\/pages\/38\/revisions"}],"predecessor-version":[{"id":14420,"href":"https:\/\/www.ensapc.fr\/fr\/wp-json\/wp\/v2\/pages\/38\/revisions\/14420"}],"up":[{"embeddable":true,"href":"https:\/\/www.ensapc.fr\/fr\/wp-json\/wp\/v2\/pages\/6"}],"wp:attachment":[{"href":"https:\/\/www.ensapc.fr\/fr\/wp-json\/wp\/v2\/media?parent=38"}],"curies":[{"name":"wp","href":"https:\/\/api.w.org\/{rel}","templated":true}]}}