{"id":4602,"date":"2019-08-02T18:02:02","date_gmt":"2019-08-02T16:02:02","guid":{"rendered":"https:\/\/www.ensapc.fr\/fr\/?page_id=4602"},"modified":"2019-08-02T18:05:00","modified_gmt":"2019-08-02T16:05:00","slug":"recrutement-professeur-creation-litteraire-ecriture","status":"publish","type":"page","link":"https:\/\/www.ensapc.fr\/fr\/recrutement-professeur-creation-litteraire-ecriture\/","title":{"rendered":"Recrutement &#8211; professeur.e de cr\u00e9ation litt\u00e9raire et d\u2019\u00e9criture"},"content":{"rendered":"<div class=\"wpb-content-wrapper\"><p>[vc_row][vc_column][vc_column_text]Au sein d\u2019une \u00e9quipe de 24 professeurs et de 7 responsables d\u2019atelier, il\/elle enseigne les principes et la pratique de l\u2019\u00e9criture et de la cr\u00e9ation litt\u00e9raire, \u00e0 travers la mise en \u0153uvre de projets engageant un processus d\u2019exp\u00e9rimentation et de production ainsi que des m\u00e9thodologies de recherche.<\/p>\n<p>Cette approche pourra \u00eatre compl\u00e9t\u00e9e par des cours magistraux et sp\u00e9cifiques en privil\u00e9giant les p\u00e9riodes modernes et contemporaines.<\/p>\n<p>Sous l\u2019autorit\u00e9 du directeur de l\u2019\u00e9cole, le professeur enseignera la cr\u00e9ation litt\u00e9raire et l\u2019\u00e9criture sous la forme de cours, s\u00e9minaires, ateliers, entretiens de groupe ou individuels, projets de recherche.<\/p>\n<p>&#8211;\u00a0\u00a0\u00a0\u00a0\u00a0\u00a0\u00a0 Il\/elle interviendra de la premi\u00e8re \u00e0 la cinqui\u00e8me ann\u00e9e ;<\/p>\n<p>&#8211;\u00a0\u00a0\u00a0\u00a0\u00a0\u00a0\u00a0 Il\/elle contribuera collectivement \u00e0 l\u2019articulation et \u00e0 la compl\u00e9mentarit\u00e9 des enseignements ainsi qu\u2019au projet de l\u2019\u00e9cole<\/p>\n<p>&#8211;\u00a0\u00a0\u00a0\u00a0\u00a0\u00a0\u00a0 Il\/elle contribuera activement \u00e0 la diffusion des productions issues de l\u2019\u00e9cole au sein des diff\u00e9rents r\u00e9seaux professionnels (festivals et programmations sp\u00e9cifiques, rencontres professionnelles\u2026), nationaux et internationaux ;<\/p>\n<p>&#8211;\u00a0\u00a0\u00a0\u00a0\u00a0\u00a0\u00a0 Il\/elle r\u00e9pondra aux diverses exigences d\u2019un enseignement en \u00e9cole d\u2019art : suivi des m\u00e9moires, bilans, \u00e9valuations coll\u00e9giales, jurys, r\u00e9unions p\u00e9dagogiques organis\u00e9es par l\u2019\u00e9tablissement&#8230;<\/p>\n<p>&#8211;\u00a0\u00a0\u00a0\u00a0\u00a0\u00a0\u00a0 Il\/elle participera au programme d\u2019invitation d\u2019intervenants ext\u00e9rieurs (conf\u00e9rences, workshops\u2026)<\/p>\n<p>&#8211;\u00a0\u00a0\u00a0\u00a0\u00a0\u00a0\u00a0 Il\/elle sera force de proposition dans le cadre de la mise en \u0153uvre de projets p\u00e9dagogiques novateurs, articul\u00e9s autour de situations de production et d\u2019exp\u00e9rimentation ;<\/p>\n<p>&#8211;\u00a0\u00a0\u00a0\u00a0\u00a0\u00a0\u00a0 Il\/elle accompagnera la recherche de stages et d\u2019\u00e9changes au niveau national et international<\/p>\n<p>&#8211;\u00a0\u00a0\u00a0\u00a0\u00a0\u00a0\u00a0 Il\/elle participera activement au d\u00e9veloppement des programmes de recherche de l\u2019ENSAPC, en relation avec d\u2019autres structures d\u2019enseignement sup\u00e9rieur et instituts, notamment dans le cadre de l\u2019Universit\u00e9 Paris Seine et du doctorat par la pratique de la Graduate School Cr\u00e9ation, Humanit\u00e9s et Patrimoine ;<\/p>\n<p>&#8211;\u00a0\u00a0\u00a0\u00a0\u00a0\u00a0\u00a0 Il\/elle contribuera au d\u00e9veloppement des relations et la r\u00e9alisation de projets transversaux avec les \u00e9coles membres de l\u2019Institut de la Cr\u00e9ation (\u00c9cole nationale sup\u00e9rieure d\u2019architecture de Versailles et \u00c9cole nationale sup\u00e9rieure de paysage de Versailles).[\/vc_column_text][\/vc_column][\/vc_row]<\/p>\n<\/div>","protected":false},"excerpt":{"rendered":"<p>[vc_row][vc_column][vc_column_text]Au sein d\u2019une \u00e9quipe de 24 professeurs et de 7 responsables d\u2019atelier, il\/elle enseigne les principes et la pratique de l\u2019\u00e9criture et de la cr\u00e9ation litt\u00e9raire, \u00e0 travers la mise en \u0153uvre de projets engageant un processus d\u2019exp\u00e9rimentation et de production ainsi que des m\u00e9thodologies de recherche. Cette approche pourra \u00eatre compl\u00e9t\u00e9e par des cours&#8230;  <a class=\"excerpt-read-more\" href=\"https:\/\/www.ensapc.fr\/fr\/recrutement-professeur-creation-litteraire-ecriture\/\" title=\"Read Recrutement &#8211; professeur.e de cr\u00e9ation litt\u00e9raire et d\u2019\u00e9criture\">Lire la suite &raquo;<\/a><\/p>\n","protected":false},"author":1,"featured_media":0,"parent":0,"menu_order":325,"comment_status":"closed","ping_status":"closed","template":"","meta":{"footnotes":""},"class_list":["post-4602","page","type-page","status-publish","hentry"],"_links":{"self":[{"href":"https:\/\/www.ensapc.fr\/fr\/wp-json\/wp\/v2\/pages\/4602","targetHints":{"allow":["GET"]}}],"collection":[{"href":"https:\/\/www.ensapc.fr\/fr\/wp-json\/wp\/v2\/pages"}],"about":[{"href":"https:\/\/www.ensapc.fr\/fr\/wp-json\/wp\/v2\/types\/page"}],"author":[{"embeddable":true,"href":"https:\/\/www.ensapc.fr\/fr\/wp-json\/wp\/v2\/users\/1"}],"replies":[{"embeddable":true,"href":"https:\/\/www.ensapc.fr\/fr\/wp-json\/wp\/v2\/comments?post=4602"}],"version-history":[{"count":1,"href":"https:\/\/www.ensapc.fr\/fr\/wp-json\/wp\/v2\/pages\/4602\/revisions"}],"predecessor-version":[{"id":4603,"href":"https:\/\/www.ensapc.fr\/fr\/wp-json\/wp\/v2\/pages\/4602\/revisions\/4603"}],"wp:attachment":[{"href":"https:\/\/www.ensapc.fr\/fr\/wp-json\/wp\/v2\/media?parent=4602"}],"curies":[{"name":"wp","href":"https:\/\/api.w.org\/{rel}","templated":true}]}}