{"id":4736,"date":"2019-12-18T10:38:29","date_gmt":"2019-12-18T09:38:29","guid":{"rendered":"https:\/\/www.ensapc.fr\/fr\/?page_id=4736"},"modified":"2025-12-17T11:32:46","modified_gmt":"2025-12-17T10:32:46","slug":"portes-ouvertes-2026","status":"publish","type":"page","link":"https:\/\/www.ensapc.fr\/fr\/ecole\/portes-ouvertes-2026\/","title":{"rendered":"Portes ouvertes 2026"},"content":{"rendered":"<div class=\"wpb-content-wrapper\"><p>[vc_row][vc_column][vc_column_text css=\u00a0\u00bb\u00a0\u00bb]<\/p>\n<p style=\"text-align: left;\"><strong>Portes ouvertes sous forme de visites guid\u00e9es :<\/strong><\/p>\n<p style=\"text-align: left;\">Mardi 13 et mercredi 14 janvier 2026<\/p>\n<p style=\"text-align: left;\">Mardi 20 et mercredi 21 janvier 2026<\/p>\n<p style=\"text-align: left;\">Mardi 27 et mercredi 28 janvier 2026<\/p>\n<p>Mardi 03 et mercredi 04 f\u00e9vrier 2026<\/p>\n<p style=\"text-align: left;\">Mardi 10 et mercredi 11 f\u00e9vrier 2026<\/p>\n<p>Mardi 17 et mercredi 18 f\u00e9vrier 2026<\/p>\n<p>&nbsp;<\/p>\n<p style=\"text-align: left;\"><strong>Ces visites s\u2019effectueront par groupes \u00e0 heures pr\u00e9cises que vous voudrez bien respecter, il n\u2019est pas n\u00e9cessaire de s\u2019inscrire en amont. Se pr\u00e9senter aux horaires de d\u00e9but de visite \u00e0 l\u2019accueil de l\u2019\u00e9cole :<\/strong><\/p>\n<p style=\"text-align: left;\">14h \u00e0 15h<\/p>\n<p style=\"text-align: left;\">15h \u00e0 16h<\/p>\n<p style=\"text-align: left;\">16h \u00e0 17h<\/p>\n<p style=\"text-align: left;\">17h \u00e0 18h<\/p>\n<p>[\/vc_column_text][\/vc_column][\/vc_row]<\/p>\n<\/div>","protected":false},"excerpt":{"rendered":"<p>[vc_row][vc_column][vc_column_text css=\u00a0\u00bb\u00a0\u00bb] Portes ouvertes sous forme de visites guid\u00e9es : Mardi 13 et mercredi 14 janvier 2026 Mardi 20 et mercredi 21 janvier 2026 Mardi 27 et mercredi 28 janvier 2026 Mardi 03 et mercredi 04 f\u00e9vrier 2026 Mardi 10 et mercredi 11 f\u00e9vrier 2026 Mardi 17 et mercredi 18 f\u00e9vrier 2026 &nbsp; Ces visites&#8230;  <a class=\"excerpt-read-more\" href=\"https:\/\/www.ensapc.fr\/fr\/ecole\/portes-ouvertes-2026\/\" title=\"Read Portes ouvertes 2026\">Lire la suite &raquo;<\/a><\/p>\n","protected":false},"author":1,"featured_media":0,"parent":6,"menu_order":234,"comment_status":"closed","ping_status":"closed","template":"","meta":{"footnotes":""},"class_list":["post-4736","page","type-page","status-publish","hentry"],"_links":{"self":[{"href":"https:\/\/www.ensapc.fr\/fr\/wp-json\/wp\/v2\/pages\/4736","targetHints":{"allow":["GET"]}}],"collection":[{"href":"https:\/\/www.ensapc.fr\/fr\/wp-json\/wp\/v2\/pages"}],"about":[{"href":"https:\/\/www.ensapc.fr\/fr\/wp-json\/wp\/v2\/types\/page"}],"author":[{"embeddable":true,"href":"https:\/\/www.ensapc.fr\/fr\/wp-json\/wp\/v2\/users\/1"}],"replies":[{"embeddable":true,"href":"https:\/\/www.ensapc.fr\/fr\/wp-json\/wp\/v2\/comments?post=4736"}],"version-history":[{"count":7,"href":"https:\/\/www.ensapc.fr\/fr\/wp-json\/wp\/v2\/pages\/4736\/revisions"}],"predecessor-version":[{"id":14433,"href":"https:\/\/www.ensapc.fr\/fr\/wp-json\/wp\/v2\/pages\/4736\/revisions\/14433"}],"up":[{"embeddable":true,"href":"https:\/\/www.ensapc.fr\/fr\/wp-json\/wp\/v2\/pages\/6"}],"wp:attachment":[{"href":"https:\/\/www.ensapc.fr\/fr\/wp-json\/wp\/v2\/media?parent=4736"}],"curies":[{"name":"wp","href":"https:\/\/api.w.org\/{rel}","templated":true}]}}