{"id":4926,"date":"2020-04-20T10:49:48","date_gmt":"2020-04-20T08:49:48","guid":{"rendered":"https:\/\/www.ensapc.fr\/fr\/?page_id=4926"},"modified":"2024-06-18T17:11:08","modified_gmt":"2024-06-18T15:11:08","slug":"evenements","status":"publish","type":"page","link":"https:\/\/www.ensapc.fr\/fr\/ygrec\/evenements\/","title":{"rendered":"\u00c9V\u00c9NEMENTS"},"content":{"rendered":"<div class=\"wpb-content-wrapper\"><p>[vc_row][vc_column][vc_column_text css=\u00a0\u00bb\u00a0\u00bb]<\/p>\n<h3 style=\"text-align: left;\"><strong>NUIT BLANCHE 2024<\/strong><\/h3>\n<p dir=\"ltr\" style=\"text-align: left;\"><strong>Le Baobab et les invisibles, performances de Bocar Niang et Kaloune au Centre d\u2019art Ygrec ENSAPC <\/strong><\/p>\n<p dir=\"ltr\" style=\"text-align: left;\"><strong>Le 1<sup>er<\/sup>\u00a0juin, 17h -21h<\/strong><\/p>\n<p>[\/vc_column_text][\/vc_column][\/vc_row][vc_row][vc_column][vc_single_image image=\u00a0\u00bb12160&Prime; img_size=\u00a0\u00bblarge\u00a0\u00bb css=\u00a0\u00bb.vc_custom_1718723446753{padding-left: 50px !important;}\u00a0\u00bb][vc_column_text css=\u00a0\u00bb\u00a0\u00bb]Image :\u00a0<em>Gouye<\/em>\u00a0\u00a9 Sephora Shebabo[\/vc_column_text][\/vc_column][\/vc_row][vc_row][vc_column][vc_column_text css=\u00a0\u00bb\u00a0\u00bb]Les artistes et performeur\u00b7euses Kaloune (La R\u00e9union) et Bocar Niang (S\u00e9n\u00e9gal), nous proposent un voyage dans l\u2019espace et dans le temps. Nous rencontrerons leurs anc\u00eatres, leurs Histoires \u00e0 travers des formes sc\u00e9niques o\u00f9 la musique, le corps, la po\u00e9sie et le chant s\u2019entrem\u00ealent.<br \/>\nLe temps d\u2019une soir\u00e9e, le Centre d\u2019art Ygrec s\u2019entourera de ces deux artistes qui viendront, dans une ambiance festive, nous charger d\u2019\u00e9nergies et r\u00e9animer les \u0153uvres de l\u2019exposition de l\u2019artiste Jonathan Potana.<\/p>\n<p>&nbsp;<\/p>\n<p><strong>Bocar Niang<\/strong> est n\u00e9 en 1987 \u00e0 Tambacounda, S\u00e9g\u00e9nal. Il vit et travaille \u00e0 Paris.<\/p>\n<p>Bocar\u00a0est n\u00e9 griot d\u2019une famille de griot\u00b7te\u00b7s. Il est titulaire d\u2019un Master en arts et cultures de l\u2019Universit\u00e9 Cheikh Anta Diop de Dakar et d\u2019un DNSEP obtenu \u00e0\u00a0l\u2019\u00c9cole\u00a0nationale\u00a0sup\u00e9rieure d\u2019arts de Paris-Cergy. Il d\u00e9veloppe actuellement une th\u00e8se de recherche et cr\u00e9ation artistique au sein du programme doctoral RADIAN.<\/p>\n<p>Fondateur du Mus\u00e9e griot au S\u00e9n\u00e9gal et de ses antennes en France, il est \u00e9galement directeur artistique du Festival Tamba Jeunes Talents au S\u00e9n\u00e9gal, depuis 2008 et du Nekkalante Festival en France, depuis 2018.<br \/>\nSon travail pluridisciplinaire m\u00eale oralit\u00e9, \u00e9criture, sculpture, installation, film, vid\u00e9o et musique, et a \u00e9t\u00e9 pr\u00e9sent\u00e9, entre autres, au Centre Pompidou, au Palais de Tokyo, \u00e0 la Fondation Pernod Ricard, \u00e0 la Biennale de Dakar, \u00e0 la Biennale Panoramas de Bordeaux-M\u00e9tropole, au Centre d\u2019art Ygrec-Ensapc, aux Laboratoires d\u2019Aubervilliers et au Mus\u00e9e Th\u00e9odore Monod de Dakar. Il a collabor\u00e9 avec le Bureau des heures invisibles, Aubervilliers (2020-21) et a \u00e9t\u00e9 r\u00e9sident de la Villa Medicis, Rome (2022-23).<\/p>\n<p>&nbsp;<\/p>\n<p><strong>Kaloune<\/strong> est n\u00e9e en 1985 \u00e0 Bras-Panon, La R\u00e9union. Elle vit et travaille \u00e0 Bras-Panon.<\/p>\n<p>Kaloune a toujours \u00e9t\u00e9 passionn\u00e9e par l\u2019\u00e9criture et le chant. Apr\u00e8s avoir \u00e9tudi\u00e9 le droit international et la litt\u00e9rature en Angleterre, elle part voyager dans plusieurs pays d\u2019Afrique, o\u00f9 elle a d\u00e9couvert l\u2019importance de la musique dans son expression artistique. Elle publie en 2010\u00a0<em>S\u00e9ga Bondy\u00e9 Gal\u00e9<\/em>, qui inspirera en 2014 son premier spectacle\u00a0<em>La F\u00e9e Nwar<\/em>\u00a0au Th\u00e9\u00e2tre les Bambous. Elle publie en 2015 un second recueil de po\u00e9sies,\u00a0<em>Kay\u00e9 la sir\u00e8ne ou le R\u00eave de Fanja<\/em>, en hommage \u00e0 sa m\u00e8re, abordant les th\u00e8mes de la jeunesse et de l\u2019h\u00e9ritage culturel de l\u2019\u00eele.<\/p>\n<p>En plus de la po\u00e9sie, elle chante dans les kabar\u00e9s, c\u00e9r\u00e9monies d\u00e9di\u00e9es aux anc\u00eatres, utilisant le mbira pour rappeler les sonorit\u00e9s du maloya, chant traditionnel de La R\u00e9union. Son travail explore l\u2019identit\u00e9 r\u00e9unionnaise, la m\u00e9moire et l\u2019ancestralit\u00e9, utilisant musique et po\u00e9sie pour gu\u00e9rir les blessures du pass\u00e9. Son engagement afro-f\u00e9ministe lui a valu le \u00ab Prix Voix de l\u2019oc\u00e9an Indien \u00bb en 2017 et a \u00e9t\u00e9 laur\u00e9ate du \u00ab Prix Musique Oc\u00e9an Indien \u00bb la m\u00eame ann\u00e9e.[\/vc_column_text][\/vc_column][\/vc_row][vc_row][vc_column][\/vc_column][\/vc_row][vc_row][vc_column][\/vc_column][\/vc_row][vc_row][vc_column][vc_column_text css=\u00a0\u00bb\u00a0\u00bb]<div class=\"carousel-slider-outer carousel-slider-outer-image-carousel carousel-slider-outer-12298\" style=\"--carousel-slider-nav-color:#f1f1f1;--carousel-slider-active-nav-color:#00d1b2;--carousel-slider-arrow-size:48px;--carousel-slider-bullet-size:10px\">\n<div id=\"&#039;id-12298\" class=\"carousel-slider carousel-slider-12298 arrows-visibility-hover dots-visibility-never arrows-outside dots-center dots-circle owl-carousel\" data-slide-type=\"image-carousel\" data-owl-settings='{\"nav\":true,\"dots\":false,\"slideBy\":1,\"stagePadding\":50,\"margin\":10,\"loop\":true,\"lazyLoad\":false,\"autoplay\":true,\"autoplayTimeout\":5000,\"autoplaySpeed\":500,\"autoplayHoverPause\":true,\"autoWidth\":false,\"responsive\":{\"300\":{\"items\":1},\"576\":{\"items\":1},\"768\":{\"items\":1},\"1024\":{\"items\":1},\"1280\":{\"items\":1},\"1536\":{\"items\":1}}}'>\n<div class=\"carousel-slider__item\">\n\t<img decoding=\"async\" width=\"900\" height=\"1200\" src=\"https:\/\/www.ensapc.fr\/wp-content\/uploads\/2024\/06\/1.Bocar-Niang-e1773239553455.jpg\" class=\"attachment-full size-full\" alt=\"\" \/><div class=\"carousel-slider__caption\"><p class=\"caption\">Bocar Niang<\/p><\/div><\/a><\/div>\n\n<div class=\"carousel-slider__item\">\n\t<img decoding=\"async\" width=\"900\" height=\"1200\" src=\"https:\/\/www.ensapc.fr\/wp-content\/uploads\/2024\/06\/2.-Bocar-Niang-e1773239539732.jpg\" class=\"attachment-full size-full\" alt=\"\" \/><div class=\"carousel-slider__caption\"><p class=\"caption\">Bocar Niang<\/p><\/div><\/a><\/div>\n\n<div class=\"carousel-slider__item\">\n\t<img decoding=\"async\" width=\"1000\" height=\"1333\" src=\"https:\/\/www.ensapc.fr\/wp-content\/uploads\/2024\/06\/4.-Bocar-Niang-e1773239456346.jpg\" class=\"attachment-full size-full\" alt=\"\" \/><div class=\"carousel-slider__caption\"><p class=\"caption\">Bocar Niang<\/p><\/div><\/a><\/div>\n\n<div class=\"carousel-slider__item\">\n\t<img decoding=\"async\" width=\"1200\" height=\"900\" src=\"https:\/\/www.ensapc.fr\/wp-content\/uploads\/2024\/06\/5.-Bocar-Niang-e1773239484511.jpg\" class=\"attachment-full size-full\" alt=\"\" \/><div class=\"carousel-slider__caption\"><p class=\"caption\">Bocar Niang<\/p><\/div><\/a><\/div>\n\n<div class=\"carousel-slider__item\">\n\t<img decoding=\"async\" width=\"1000\" height=\"750\" src=\"https:\/\/www.ensapc.fr\/wp-content\/uploads\/2024\/06\/6-Bocar-Niang-e1773239470802.jpg\" class=\"attachment-full size-full\" alt=\"\" \/><div class=\"carousel-slider__caption\"><p class=\"caption\">Bocar Niang<\/p><\/div><\/a><\/div>\n\n<div class=\"carousel-slider__item\">\n\t<img decoding=\"async\" width=\"1000\" height=\"750\" src=\"https:\/\/www.ensapc.fr\/wp-content\/uploads\/2024\/06\/1-Kaloune-e1773239432528.jpg\" class=\"attachment-full size-full\" alt=\"\" \/><div class=\"carousel-slider__caption\"><p class=\"caption\">Kaloune<\/p><\/div><\/a><\/div>\n\n<div class=\"carousel-slider__item\">\n\t<img decoding=\"async\" width=\"1200\" height=\"900\" src=\"https:\/\/www.ensapc.fr\/wp-content\/uploads\/2024\/06\/2-Kaloune-e1773239420425.jpg\" class=\"attachment-full size-full\" alt=\"\" \/><div class=\"carousel-slider__caption\"><p class=\"caption\">Kaloune<\/p><\/div><\/a><\/div>\n\n<div class=\"carousel-slider__item\">\n\t<img decoding=\"async\" width=\"1000\" height=\"750\" src=\"https:\/\/www.ensapc.fr\/wp-content\/uploads\/2024\/06\/3-kaloune-e1773239403183.jpg\" class=\"attachment-full size-full\" alt=\"\" \/><div class=\"carousel-slider__caption\"><p class=\"caption\">Kaloune<\/p><\/div><\/a><\/div>\n\n<div class=\"carousel-slider__item\">\n\t<img decoding=\"async\" width=\"900\" height=\"1200\" src=\"https:\/\/www.ensapc.fr\/wp-content\/uploads\/2024\/06\/4-Kaloune-e1773239390142.jpg\" class=\"attachment-full size-full\" alt=\"\" \/><div class=\"carousel-slider__caption\"><p class=\"caption\">Kaloune<\/p><\/div><\/a><\/div>\n\n<div class=\"carousel-slider__item\">\n\t<img decoding=\"async\" width=\"900\" height=\"1200\" src=\"https:\/\/www.ensapc.fr\/wp-content\/uploads\/2024\/06\/5-Kaloune-e1773239363788.jpg\" class=\"attachment-full size-full\" alt=\"\" \/><div class=\"carousel-slider__caption\"><p class=\"caption\">Kaloune<\/p><\/div><\/a><\/div>\n\n<\/div><!-- .carousel-slider-12298 -->\n<\/div><!-- .carousel-slider-outer-12298 -->\n[\/vc_column_text][vc_empty_space][vc_single_image image=\u00a0\u00bb12165&Prime; img_size=\u00a0\u00bbLarge\u00a0\u00bb css=\u00a0\u00bb.vc_custom_1718723279231{padding-top: 70px !important;}\u00a0\u00bb][\/vc_column][\/vc_row]<\/p>\n<\/div>","protected":false},"excerpt":{"rendered":"<p>[vc_row][vc_column][vc_column_text css=\u00a0\u00bb\u00a0\u00bb] NUIT BLANCHE 2024 Le Baobab et les invisibles, performances de Bocar Niang et Kaloune au Centre d\u2019art Ygrec ENSAPC Le 1er\u00a0juin, 17h -21h [\/vc_column_text][\/vc_column][\/vc_row][vc_row][vc_column][vc_single_image image=\u00a0\u00bb12160&Prime; img_size=\u00a0\u00bblarge\u00a0\u00bb css=\u00a0\u00bb.vc_custom_1718723446753{padding-left: 50px !important;}\u00a0\u00bb][vc_column_text css=\u00a0\u00bb\u00a0\u00bb]Image :\u00a0Gouye\u00a0\u00a9 Sephora Shebabo[\/vc_column_text][\/vc_column][\/vc_row][vc_row][vc_column][vc_column_text css=\u00a0\u00bb\u00a0\u00bb]Les artistes et performeur\u00b7euses Kaloune (La R\u00e9union) et Bocar Niang (S\u00e9n\u00e9gal), nous proposent un voyage dans l\u2019espace et dans le&#8230;  <a class=\"excerpt-read-more\" href=\"https:\/\/www.ensapc.fr\/fr\/ygrec\/evenements\/\" title=\"Read \u00c9V\u00c9NEMENTS\">Lire la suite &raquo;<\/a><\/p>\n","protected":false},"author":1,"featured_media":0,"parent":20,"menu_order":356,"comment_status":"closed","ping_status":"closed","template":"","meta":{"footnotes":""},"class_list":["post-4926","page","type-page","status-publish","hentry"],"_links":{"self":[{"href":"https:\/\/www.ensapc.fr\/fr\/wp-json\/wp\/v2\/pages\/4926","targetHints":{"allow":["GET"]}}],"collection":[{"href":"https:\/\/www.ensapc.fr\/fr\/wp-json\/wp\/v2\/pages"}],"about":[{"href":"https:\/\/www.ensapc.fr\/fr\/wp-json\/wp\/v2\/types\/page"}],"author":[{"embeddable":true,"href":"https:\/\/www.ensapc.fr\/fr\/wp-json\/wp\/v2\/users\/1"}],"replies":[{"embeddable":true,"href":"https:\/\/www.ensapc.fr\/fr\/wp-json\/wp\/v2\/comments?post=4926"}],"version-history":[{"count":5,"href":"https:\/\/www.ensapc.fr\/fr\/wp-json\/wp\/v2\/pages\/4926\/revisions"}],"predecessor-version":[{"id":12321,"href":"https:\/\/www.ensapc.fr\/fr\/wp-json\/wp\/v2\/pages\/4926\/revisions\/12321"}],"up":[{"embeddable":true,"href":"https:\/\/www.ensapc.fr\/fr\/wp-json\/wp\/v2\/pages\/20"}],"wp:attachment":[{"href":"https:\/\/www.ensapc.fr\/fr\/wp-json\/wp\/v2\/media?parent=4926"}],"curies":[{"name":"wp","href":"https:\/\/api.w.org\/{rel}","templated":true}]}}