{"id":4951,"date":"2020-04-23T09:07:09","date_gmt":"2020-04-23T07:07:09","guid":{"rendered":"https:\/\/www.ensapc.fr\/fr\/?page_id=4951"},"modified":"2020-04-23T11:47:52","modified_gmt":"2020-04-23T09:47:52","slug":"2016-2","status":"publish","type":"page","link":"https:\/\/www.ensapc.fr\/fr\/recherche\/archives\/2016-2\/","title":{"rendered":"2016"},"content":{"rendered":"<div class=\"wpb-content-wrapper\"><p>[vc_row gap=\u00a0\u00bb30&Prime;][vc_column width=\u00a0\u00bb1\/2&Prime;][vc_row_inner][vc_column_inner][vc_column_text]<\/p>\n<h3>JOURN\u00c9E \u00ab\u00a0ARTS &amp; PRATIQUES URBAINES\u00a0\u00bb<\/h3>\n<p><em>\u00c9cole nationale sup\u00e9rieure d\u2019arts Paris-Cergy\u00a0avec\u00a0la participation de l\u2019\u00c9cole nationale sup\u00e9rieure d\u2019architecture de Versailles<\/em><br \/>\n<em>4 mai 2016<\/em><\/p>\n<p>Depuis les travaux de Benjamin sur Baudelaire, nous savons en quoi la ville est elle-m\u00eame sujet dans la litt\u00e9rature, le film et les autres disciplines plastiques. Depuis lors, sont apparus d\u2019autres mod\u00e8les pour la ville elle-m\u00eame et son d\u00e9veloppement. C\u00f4t\u00e9 arts, la prise en compte progressive de situations non plus d\u2019observation mais d\u2019interaction, ou simplement actions.<\/p>\n<p>Immerg\u00e9s dans un contexte urbain particuli\u00e8rement fort, se revendiquant comme exp\u00e9rimental, Cergy ou la ville en g\u00e9n\u00e9ral est omnipr\u00e9sente dans la d\u00e9marche artistique des \u00e9tudiants de l\u2019EnsaPC. Ce que nous interrogeons depuis nos champs disciplinaires, pouvons-nous aussi l\u2019interroger du point de vue de la ville ?<\/p>\n<p>Viennent d\u2019autres bousculements : les acteurs principaux de la ville, urbanisme, architecture, paysage, ne croisent pas forc\u00e9ment notre chemin. Et naissent des pratiques sp\u00e9cifiquement urbaines qui ne correspondent pas au p\u00e9rim\u00e8tre traditionnel de nos \u00e9coles.<\/p>\n<p>Organis\u00e9e par Fran\u00e7ois Bon, \u00e9crivain et enseignant, et Antoine Idier, coordinateur des \u00e9tudes et de la recherche, avec la participation de l\u2019\u00c9cole nationale sup\u00e9rieure d\u2019architecture de Versailles, cette journ\u00e9e avait pour vocation d\u2019inventorier ces questionnements, de d\u00e9gager des pistes r\u00e9flexives pour nos enseignements, comme l\u2019accompagnement des m\u00e9moires et des \u0153uvres.[\/vc_column_text][vc_btn title=\u00a0\u00bbEn savoir plus\u00a0\u00bb link=\u00a0\u00bburl:https%3A%2F%2Fwww.ensapc.fr%2Fwp-content%2Fuploads%2F2016%2F11%2FEnsaPC_4mai_colloque_pratiques_urbaines.pdf|||\u00a0\u00bb][\/vc_column_inner][\/vc_row_inner][vc_column_text][\/vc_column_text][vc_column_text][\/vc_column_text][\/vc_column][vc_column width=\u00a0\u00bb1\/2&Prime;][vc_row_inner][vc_column_inner][vc_column_text]<\/p>\n<h3>ILES DE FRANCE ET D&rsquo;AILLEURS<\/h3>\n<p><em>Exposition et publication dans le cadre de l&rsquo;ARC \u00ab\u00a0\u00celes de France et d&rsquo;ailleurs\u00a0\u00bb<br \/>\nMars 2016<\/em><\/p>\n<p>Exposition pr\u00e9sent\u00e9e aux Archives nationales (site de Pierrefitte-sur-Seine) du 12 au 26 mars 2016, \u00ab\u00a0\u00celes de France et d&rsquo;ailleurs\u00a0\u00bb donne \u00e0 voir et \u00e0 entendre le parcours de migrants retrait\u00e9s qui ont particip\u00e9 \u00e0 la construction de l&rsquo;identit\u00e9 de l&rsquo;\u00cele-de-France pendant les Trente Glorieuses. Retra\u00e7ant des parcours de vies sur les cinquante derni\u00e8res ann\u00e9es, elle rend visible des invisibles, marginalis\u00e9s voire exclus des r\u00e9cits dominants.<\/p>\n<p>Ce projet est le fruit d&rsquo;un ARC (Atelier recherche cr\u00e9ation) encadr\u00e9 par Carole Benzaken et Sylvie Blocher, artistes et enseignantes \u00e0 l&rsquo;ENSAPC, et con\u00e7u en partenariat avec l&rsquo;ASSFAM, l&rsquo;Association Service Social Familial Migrants, et les Archives nationales. De 2014 \u00e0 2016, neuf \u00e9tudiantes de l&rsquo;ENSAPC ont rencontr\u00e9 une vingtaine de migrants retrait\u00e9s, vivant aujourd&rsquo;hui en r\u00e9gion parisienne. Elles ont restitu\u00e9 ces rencontres par divers mediums (photo, vid\u00e9o, peinture, performance, etc.). \u00c0 travers ces m\u00e9moires individuelles, elles ont contribu\u00e9 \u00e0 l&rsquo;\u00e9criture d&rsquo;une m\u00e9moire collective.<\/p>\n<p>\u00c0 l&rsquo;occasion de l&rsquo;exposition, une \u00e9dition a \u00e9t\u00e9 publi\u00e9e. Postfac\u00e9e par Daniel Maximin, elle reprend les travaux des jeunes artistes et les r\u00e9cits de vie des migrants (192 pages, ISBN 978-2-9543880-2-1).<\/p>\n<p>Avec : Abdallah, Ramdan Adek, Cherif A\u00eft Addi, Wagul Camara, Ouerdia Chemakh, Monsieur Coulibaly, Makhan Diarra, Miloud El Masbah, Monsieur Georges, Madame Hul, Makiko, Martine Ly Foung, Isidore Nkunzumwami, Salvatore Porto, Monsieur Ramiro, Maria Saavedra, Hussain Safdar, A\u00efcha Sarfak, Monsieur Siby ; et Alia Belgsir, C\u00e9line Drouin-Laroche, Maya Gering, Yuni Hong, Flora Moricet, Karla Tobon-Pumarada, Fotima Sharipova, Zukhra Sharipova et Val\u00e9rie Vial.<\/p>\n<p>Avec le soutien des Archives nationales et de M\u00e9decins du Monde.<\/p>\n<p>[\/vc_column_text][vc_single_image image=\u00a0\u00bb4960&Prime; img_size=\u00a0\u00bbmedium\u00a0\u00bb alignment=\u00a0\u00bbcenter\u00a0\u00bb][\/vc_column_inner][\/vc_row_inner][vc_row_inner][vc_column_inner][vc_column_text][\/vc_column_text][vc_column_text][\/vc_column_text][\/vc_column_inner][\/vc_row_inner][\/vc_column][\/vc_row][vc_row gap=\u00a0\u00bb30&Prime;][vc_column width=\u00a0\u00bb1\/2&Prime;][vc_row_inner][vc_column_inner][vc_column_text][\/vc_column_text][\/vc_column_inner][\/vc_row_inner][\/vc_column][vc_column width=\u00a0\u00bb1\/2&Prime;][vc_row_inner][vc_column_inner][vc_column_text][\/vc_column_text][\/vc_column_inner][\/vc_row_inner][\/vc_column][\/vc_row]<\/p>\n<\/div>","protected":false},"excerpt":{"rendered":"<p>[vc_row gap=\u00a0\u00bb30&Prime;][vc_column width=\u00a0\u00bb1\/2&Prime;][vc_row_inner][vc_column_inner][vc_column_text] JOURN\u00c9E \u00ab\u00a0ARTS &amp; PRATIQUES URBAINES\u00a0\u00bb \u00c9cole nationale sup\u00e9rieure d\u2019arts Paris-Cergy\u00a0avec\u00a0la participation de l\u2019\u00c9cole nationale sup\u00e9rieure d\u2019architecture de Versailles 4 mai 2016 Depuis les travaux de Benjamin sur Baudelaire, nous savons en quoi la ville est elle-m\u00eame sujet dans la litt\u00e9rature, le film et les autres disciplines plastiques. Depuis lors, sont apparus d\u2019autres&#8230;  <a class=\"excerpt-read-more\" href=\"https:\/\/www.ensapc.fr\/fr\/recherche\/archives\/2016-2\/\" title=\"Read 2016\">Lire la suite &raquo;<\/a><\/p>\n","protected":false},"author":1,"featured_media":0,"parent":4930,"menu_order":320,"comment_status":"closed","ping_status":"closed","template":"","meta":{"footnotes":""},"class_list":["post-4951","page","type-page","status-publish","hentry"],"_links":{"self":[{"href":"https:\/\/www.ensapc.fr\/fr\/wp-json\/wp\/v2\/pages\/4951","targetHints":{"allow":["GET"]}}],"collection":[{"href":"https:\/\/www.ensapc.fr\/fr\/wp-json\/wp\/v2\/pages"}],"about":[{"href":"https:\/\/www.ensapc.fr\/fr\/wp-json\/wp\/v2\/types\/page"}],"author":[{"embeddable":true,"href":"https:\/\/www.ensapc.fr\/fr\/wp-json\/wp\/v2\/users\/1"}],"replies":[{"embeddable":true,"href":"https:\/\/www.ensapc.fr\/fr\/wp-json\/wp\/v2\/comments?post=4951"}],"version-history":[{"count":5,"href":"https:\/\/www.ensapc.fr\/fr\/wp-json\/wp\/v2\/pages\/4951\/revisions"}],"predecessor-version":[{"id":4990,"href":"https:\/\/www.ensapc.fr\/fr\/wp-json\/wp\/v2\/pages\/4951\/revisions\/4990"}],"up":[{"embeddable":true,"href":"https:\/\/www.ensapc.fr\/fr\/wp-json\/wp\/v2\/pages\/4930"}],"wp:attachment":[{"href":"https:\/\/www.ensapc.fr\/fr\/wp-json\/wp\/v2\/media?parent=4951"}],"curies":[{"name":"wp","href":"https:\/\/api.w.org\/{rel}","templated":true}]}}