{"id":4962,"date":"2020-04-23T09:36:55","date_gmt":"2020-04-23T07:36:55","guid":{"rendered":"https:\/\/www.ensapc.fr\/fr\/?page_id=4962"},"modified":"2020-05-28T11:15:35","modified_gmt":"2020-05-28T09:15:35","slug":"2014-2","status":"publish","type":"page","link":"https:\/\/www.ensapc.fr\/fr\/recherche\/archives\/2014-2\/","title":{"rendered":"2014 >"},"content":{"rendered":"<div class=\"wpb-content-wrapper\"><p>[vc_row gap=\u00a0\u00bb30&Prime;][vc_column width=\u00a0\u00bb1\/2&Prime;][vc_row_inner][vc_column_inner][vc_column_text]<\/p>\n<h3>ONS. Un mod\u00e8le pour des collaborations possibles entre art et science<\/h3>\n<p><em>Publication de l&rsquo;ENSAPC parue en 2014<\/em><\/p>\n<p>Cet ouvrage collectif dirig\u00e9 par Michel Paysant et Corinne Le Ne\u00fcn, et pr\u00e9fac\u00e9 par Jacques Bouveresse, est le fruit d\u2019un programme de recherche men\u00e9 sur trois ans \u00e0 l\u2019\u00e9cole d\u2019arts sous la responsabilit\u00e9 de deux enseignants de l\u2019\u00e9cole, Anne Pontet et Jacques-\u00c9mile Bertrand. ONS signifie \u00ab Objet non standard \u00bb; \u00ab Non-standard \u00bb comme l\u2019oppos\u00e9 d\u2019un mod\u00e8le d\u2019excellence ; \u00ab objet \u00bb pour sa dimension mat\u00e9rielle et, surtout, dans le sens qu\u2019on lui conna\u00eet dans le domaine du droit \u2013 c\u2019est-\u00e0-dire une des conditions pour la formation d&rsquo;un contrat.<\/p>\n<p>Car le but d\u2019une telle plate-forme est bien d\u2019imaginer et d\u2019\u00e9tablir de nouveaux contrats ou de nouvelles conventions souples entre \u00e9tudiants et chercheurs, artistes et scientifiques. Comme le montre cet ouvrage qui m\u00eale productions th\u00e9oriques et plastiques, penser la recherche et, en parall\u00e8le, ses modes et ses codes de repr\u00e9sentation, sa visibilit\u00e9, force l\u2019ensemble des artistes-chercheurs \u00e0 changer leurs habitudes de travail, et permet d\u2019exp\u00e9rimenter d\u2019autres comportements et d\u2019autres territoires \u00ab non- standards \u00bb. Dans le m\u00eame temps, le processus permet, en travaillant l\u2019union, de tenter de penser la diff\u00e9rence entre un corps banal et un corps de v\u00e9rit\u00e9 et, en s\u2019appuyant sur la notion d\u2019objet-fronti\u00e8re, de chercher \u00e0 mettre en \u0153uvre un processus collaboratif o\u00f9 les deux disciplines puissent trouver chacune leur chemin de v\u00e9rit\u00e9. \u00bb[\/vc_column_text][vc_btn title=\u00a0\u00bbTable des mati\u00e8res\u00a0\u00bb link=\u00a0\u00bburl:https%3A%2F%2Fwww.ensapc.fr%2Fwp-content%2Fuploads%2F2016%2F11%2FTable-des-matieres.pdf|||\u00a0\u00bb][\/vc_column_inner][\/vc_row_inner][vc_column_text][\/vc_column_text][vc_column_text][\/vc_column_text][\/vc_column][vc_column width=\u00a0\u00bb1\/2&Prime;][vc_row_inner][vc_column_inner][vc_column_text]<\/p>\n<h3>Colloque international \u00ab\u00a0Art et Recherche\u00a0\u00bb<\/h3>\n<p><em>\u00c9cole nationale sup\u00e9rieure d\u2019architecture de Paris-Belleville<\/em><br \/>\n<em>9 et 10 f\u00e9vrier 2012<\/em><\/p>\n<p>\u00c0 l\u2019initiative du Minist\u00e8re de la culture et de la communication (et de la Direction g\u00e9n\u00e9rale de la cr\u00e9ation artistique), l\u2019ENSAPC a organis\u00e9 un colloque international \u00ab\u00a0Art et recherche\u00a0\u00bb, qui a eu lieu \u00e0 l\u2019\u00c9cole nationale sup\u00e9rieure d\u2019architecture de Paris-Belleville les 9 et 10 f\u00e9vrier 2012.<\/p>\n<p>L\u2019ambition de ce colloque qui, sous des formes multiples, sollicitait les arts visuels et les autres arts, \u00e9tait de faire le point, au sens optique et intellectuel du terme, sur le nouveau paysage de la recherche artistique tel qu\u2019il se dessine en France et \u00e0 l\u2019\u00e9tranger. Loin de chercher \u00e0 imposer une vision normative ou un mod\u00e8le \u00e0 suivre, il s\u2019agissait de donner une visibilit\u00e9 \u00e0 une multitude de pratiques, de collaborations, d\u2019initiatives port\u00e9es par les acteurs autant que par les structures, selon des dispositifs \u00e0 chaque fois diff\u00e9rents.<\/p>\n<p>\u00c0 l\u2019occasion du colloque, une brochure pr\u00e9sentant les lignes de recherche et les post-dipl\u00f4mes dans les \u00e9coles sup\u00e9rieures d\u2019art\u00a0a \u00e9t\u00e9 publi\u00e9e.[\/vc_column_text][vc_btn title=\u00a0\u00bbT\u00e9l\u00e9charger la brochure\u00a0\u00bb link=\u00a0\u00bburl:https%3A%2F%2Fwww.ensapc.fr%2Fwp-content%2Fuploads%2F2016%2F11%2FCergy-Recherche.pdf||target:%20_blank|\u00a0\u00bb][vc_btn title=\u00a0\u00bbArchives sonores du colloque\u00a0\u00bb link=\u00a0\u00bburl:http%3A%2F%2Fart-recherche.ensapc.fr%2F||target:%20_blank|\u00a0\u00bb][\/vc_column_inner][\/vc_row_inner][vc_row_inner][vc_column_inner][vc_column_text][\/vc_column_text][vc_column_text][\/vc_column_text][\/vc_column_inner][\/vc_row_inner][\/vc_column][\/vc_row][vc_row gap=\u00a0\u00bb30&Prime;][vc_column width=\u00a0\u00bb1\/2&Prime;][vc_row_inner][vc_column_inner][vc_column_text][\/vc_column_text][\/vc_column_inner][\/vc_row_inner][\/vc_column][vc_column width=\u00a0\u00bb1\/2&Prime;][vc_row_inner][vc_column_inner][vc_column_text][\/vc_column_text][\/vc_column_inner][\/vc_row_inner][\/vc_column][\/vc_row]<\/p>\n<\/div>","protected":false},"excerpt":{"rendered":"<p>[vc_row gap=\u00a0\u00bb30&Prime;][vc_column width=\u00a0\u00bb1\/2&Prime;][vc_row_inner][vc_column_inner][vc_column_text] ONS. Un mod\u00e8le pour des collaborations possibles entre art et science Publication de l&rsquo;ENSAPC parue en 2014 Cet ouvrage collectif dirig\u00e9 par Michel Paysant et Corinne Le Ne\u00fcn, et pr\u00e9fac\u00e9 par Jacques Bouveresse, est le fruit d\u2019un programme de recherche men\u00e9 sur trois ans \u00e0 l\u2019\u00e9cole d\u2019arts sous la responsabilit\u00e9 de deux&#8230;  <a class=\"excerpt-read-more\" href=\"https:\/\/www.ensapc.fr\/fr\/recherche\/archives\/2014-2\/\" title=\"Read 2014 &gt;\">Lire la suite &raquo;<\/a><\/p>\n","protected":false},"author":1,"featured_media":0,"parent":4930,"menu_order":322,"comment_status":"closed","ping_status":"closed","template":"","meta":{"footnotes":""},"class_list":["post-4962","page","type-page","status-publish","hentry"],"_links":{"self":[{"href":"https:\/\/www.ensapc.fr\/fr\/wp-json\/wp\/v2\/pages\/4962","targetHints":{"allow":["GET"]}}],"collection":[{"href":"https:\/\/www.ensapc.fr\/fr\/wp-json\/wp\/v2\/pages"}],"about":[{"href":"https:\/\/www.ensapc.fr\/fr\/wp-json\/wp\/v2\/types\/page"}],"author":[{"embeddable":true,"href":"https:\/\/www.ensapc.fr\/fr\/wp-json\/wp\/v2\/users\/1"}],"replies":[{"embeddable":true,"href":"https:\/\/www.ensapc.fr\/fr\/wp-json\/wp\/v2\/comments?post=4962"}],"version-history":[{"count":4,"href":"https:\/\/www.ensapc.fr\/fr\/wp-json\/wp\/v2\/pages\/4962\/revisions"}],"predecessor-version":[{"id":5706,"href":"https:\/\/www.ensapc.fr\/fr\/wp-json\/wp\/v2\/pages\/4962\/revisions\/5706"}],"up":[{"embeddable":true,"href":"https:\/\/www.ensapc.fr\/fr\/wp-json\/wp\/v2\/pages\/4930"}],"wp:attachment":[{"href":"https:\/\/www.ensapc.fr\/fr\/wp-json\/wp\/v2\/media?parent=4962"}],"curies":[{"name":"wp","href":"https:\/\/api.w.org\/{rel}","templated":true}]}}