{"id":4968,"date":"2020-04-23T10:18:10","date_gmt":"2020-04-23T08:18:10","guid":{"rendered":"https:\/\/www.ensapc.fr\/fr\/?page_id=4968"},"modified":"2020-05-19T11:25:55","modified_gmt":"2020-05-19T09:25:55","slug":"2018-3","status":"publish","type":"page","link":"https:\/\/www.ensapc.fr\/fr\/ygrec\/archives\/2018-3\/","title":{"rendered":"2018"},"content":{"rendered":"<div class=\"wpb-content-wrapper\"><p>[vc_row gap=\u00a0\u00bb30&Prime;][vc_column width=\u00a0\u00bb1\/2&Prime;][vc_row_inner][vc_column_inner][vc_column_text]<b>Prix Bic 2018<\/b><\/p>\n<p>13 d\u00e9cembre 2018<\/p>\n<p>La SOCI\u00c9T\u00c9 BIC et l\u2019\u00c9cole Nationale Sup\u00e9rieure d\u2019Arts de Paris-Cergy se sont associ\u00e9es \u00e0 nouveau jeudi 13 d\u00e9cembre 2018 pour le troisi\u00e8me prix BIC\u00ae de cr\u00e9ation contemporaine pour l\u2019ENSAPC.<\/p>\n<p>Ce prix encourage la cr\u00e9ation et de nouvelles formes artistiques autour de l\u2019univers de la marque BIC\u00ae, en mettant en lumi\u00e8re un artiste \u00e9mergeant, \u00e9tudiant dans cette \u00e9cole de Paris-Cergy.<\/p>\n<p>Araks Sahakyan (n\u00e9e en 1990, artiste d&rsquo;origine espagnole et arm\u00e9nienne) est la laur\u00e9ate de la 3\u00e8me \u00e9dition du Prix BIC\u00ae pour l&rsquo;ENSAPC 2018. Son \u0153uvre <i>Paper carpet<\/i> est une installation de 121 feuilles assembl\u00e9es dans une bo\u00eete; une fois d\u00e9pli\u00e9es, elles forment un tapis de 213 x 301 cm. Cette \u0153uvre a \u00e9t\u00e9 r\u00e9alis\u00e9e avec du papier, du cuir, des feutres BIC\u00ae VISA et Cont\u00e9\u00ae, des stylos \u00e0 bille BIC\u00ae, de l&rsquo;encre de chine BIC\u00ae et des crayons BIC\u00ae.<\/p>\n<p>L&rsquo;ensemble des \u0153uvres pr\u00e9sent\u00e9es pour ce concours a \u00e9t\u00e9 expos\u00e9 au nouvel espace ENSAPC YGREC au printemps 2019.[\/vc_column_text][vc_btn title=\u00a0\u00bbEn savoir plus\u00a0\u00bb link=\u00a0\u00bburl:https%3A%2F%2Fwww.ensapc.fr%2Ffr%2Fygrec%2Farchives%2F2018-3%2Fprix-bic-2018|||\u00a0\u00bb][vc_single_image image=\u00a0\u00bb4972&Prime; img_size=\u00a0\u00bbmedium\u00a0\u00bb add_caption=\u00a0\u00bbyes\u00a0\u00bb alignment=\u00a0\u00bbcenter\u00a0\u00bb][\/vc_column_inner][\/vc_row_inner][\/vc_column][vc_column width=\u00a0\u00bb1\/2&Prime;][vc_row_inner][vc_column_inner][vc_column_text]<b>Mythe en place\u00a0<\/b><\/p>\n<p><span style=\"font-weight: 400;\">Du 15 mars au 06 avril 2018<\/span><\/p>\n<p>Dans le cadre de la programmation <i>YGREC NOMADE, <\/i>l\u2019\u00c9cole Nationale Sup\u00e9rieure d\u2019Arts de Paris-Cergy pr\u00e9sente avec la Cit\u00e9 internationale des Arts l\u2019exposition <i>Mythe en place<\/i> avec les artistes Regine Rode, Niko Abramidis &amp;NE et Susi Gelb. Pour ce projet, ils cr\u00e9ent un espace d\u00e9di\u00e9 \u00e0 l\u2019irr\u00e9pressible besoin humain de rechercher, croire et r\u00e9former. Par le biais de m\u00e9diums divers, comme des objets, des dessins et des installations, l\u2019exposition cherche l\u2019inter-corr\u00e9lation entre le mythe et l\u2019Homme.\u00a0Gr\u00e2ce \u00e0 ces mat\u00e9riaux utilis\u00e9s pour leur valeur conceptuelle et esth\u00e9tique, les artistes cherchent \u00e0 ouvrir un monde parall\u00e8le pour le spectateur. Au travers de mod\u00e8les fictifs, la r\u00e9alit\u00e9 s\u2019interrompt et permet d\u2019aller au del\u00e0 d\u2019une approche syst\u00e9mique.[\/vc_column_text][vc_btn title=\u00a0\u00bbEn savoir plus\u00a0\u00bb link=\u00a0\u00bburl:https%3A%2F%2Fwww.ensapc.fr%2Ffr%2Fygrec%2Farchives%2F2018-3%2Fmythe-en-place%20|||\u00a0\u00bb][vc_single_image image=\u00a0\u00bb4970&Prime; img_size=\u00a0\u00bbmedium\u00a0\u00bb add_caption=\u00a0\u00bbyes\u00a0\u00bb alignment=\u00a0\u00bbcenter\u00a0\u00bb][\/vc_column_inner][\/vc_row_inner][\/vc_column][\/vc_row]<\/p>\n<\/div>","protected":false},"excerpt":{"rendered":"<p>[vc_row gap=\u00a0\u00bb30&Prime;][vc_column width=\u00a0\u00bb1\/2&Prime;][vc_row_inner][vc_column_inner][vc_column_text]Prix Bic 2018 13 d\u00e9cembre 2018 La SOCI\u00c9T\u00c9 BIC et l\u2019\u00c9cole Nationale Sup\u00e9rieure d\u2019Arts de Paris-Cergy se sont associ\u00e9es \u00e0 nouveau jeudi 13 d\u00e9cembre 2018 pour le troisi\u00e8me prix BIC\u00ae de cr\u00e9ation contemporaine pour l\u2019ENSAPC. Ce prix encourage la cr\u00e9ation et de nouvelles formes artistiques autour de l\u2019univers de la marque BIC\u00ae, en&#8230;  <a class=\"excerpt-read-more\" href=\"https:\/\/www.ensapc.fr\/fr\/ygrec\/archives\/2018-3\/\" title=\"Read 2018\">Lire la suite &raquo;<\/a><\/p>\n","protected":false},"author":1,"featured_media":0,"parent":271,"menu_order":422,"comment_status":"closed","ping_status":"closed","template":"","meta":{"footnotes":""},"class_list":["post-4968","page","type-page","status-publish","hentry"],"_links":{"self":[{"href":"https:\/\/www.ensapc.fr\/fr\/wp-json\/wp\/v2\/pages\/4968","targetHints":{"allow":["GET"]}}],"collection":[{"href":"https:\/\/www.ensapc.fr\/fr\/wp-json\/wp\/v2\/pages"}],"about":[{"href":"https:\/\/www.ensapc.fr\/fr\/wp-json\/wp\/v2\/types\/page"}],"author":[{"embeddable":true,"href":"https:\/\/www.ensapc.fr\/fr\/wp-json\/wp\/v2\/users\/1"}],"replies":[{"embeddable":true,"href":"https:\/\/www.ensapc.fr\/fr\/wp-json\/wp\/v2\/comments?post=4968"}],"version-history":[{"count":5,"href":"https:\/\/www.ensapc.fr\/fr\/wp-json\/wp\/v2\/pages\/4968\/revisions"}],"predecessor-version":[{"id":5633,"href":"https:\/\/www.ensapc.fr\/fr\/wp-json\/wp\/v2\/pages\/4968\/revisions\/5633"}],"up":[{"embeddable":true,"href":"https:\/\/www.ensapc.fr\/fr\/wp-json\/wp\/v2\/pages\/271"}],"wp:attachment":[{"href":"https:\/\/www.ensapc.fr\/fr\/wp-json\/wp\/v2\/media?parent=4968"}],"curies":[{"name":"wp","href":"https:\/\/api.w.org\/{rel}","templated":true}]}}