{"id":4976,"date":"2020-04-23T10:56:52","date_gmt":"2020-04-23T08:56:52","guid":{"rendered":"https:\/\/www.ensapc.fr\/fr\/?page_id=4976"},"modified":"2020-05-19T11:24:16","modified_gmt":"2020-05-19T09:24:16","slug":"2019-2","status":"publish","type":"page","link":"https:\/\/www.ensapc.fr\/fr\/ygrec\/archives\/2019-2\/","title":{"rendered":"2019"},"content":{"rendered":"<div class=\"wpb-content-wrapper\"><p>[vc_row gap=\u00a0\u00bb30&Prime;][vc_column width=\u00a0\u00bb1\/2&Prime;][vc_row_inner][vc_column_inner][vc_column_text]<strong>Prix BIC\u00ae pour l&rsquo;ENSAPC 2019<\/strong><\/p>\n<p>Du 11 d\u00e9cembre 2019 au 8 f\u00e9vrier 2020<\/p>\n<p>La Soci\u00e9t\u00e9 BIC et l&rsquo;Ecole Nationale Sup\u00e9rieure d&rsquo;Arts de Paris-Cergy ont le plaisir d&rsquo;annoncer la quatri\u00e8me \u00e9dition du Prix BIC\u00ae pour la Cr\u00e9ation Contemporaine de l&rsquo;ENSAPC. Cette ann\u00e9e, le CRR 93 est heureux d&rsquo;accueillir l&rsquo;exposition, en partenariat avec l&rsquo;Ygrec et le P\u00f4le Arts Plastiques de la Direction des Affaires Culturelles d&rsquo;Aubervilliers.<\/p>\n<p>Le prix BIC\u00ae vise \u00e0 encourager la cr\u00e9ation contemporaine en mettant en valeur un artiste \u00e9mergent \u00e9tudiant \u00e0 l&rsquo;ENSAPC. Il offre \u00e0 tous les \u00e9tudiants l&rsquo;opportunit\u00e9 d&rsquo;explorer des relations artistiques et des imaginaires potentiels bas\u00e9s sur les produits BIC\u00ae \u00e0 travers un processus d&rsquo;appropriation et de d\u00e9tournement. En soutenant le domaine de l&rsquo;enseignement artistique exp\u00e9rimental, qui s&rsquo;engage sur les questions de diversit\u00e9 et d&rsquo;\u00e9galit\u00e9, le prix vise \u00e0 r\u00e9compenser une production s\u00e9lectionn\u00e9e par un jury de professionnels du monde de l&rsquo;art.<\/p>\n<p>Pour la 4\u00e8me \u00e9dition du Prix Bic de la cr\u00e9ation contemporaine de l&rsquo;ENSAPC (Ecole nationale sup\u00e9rieure d&rsquo;arts de Paris-Cergy), Vincent Rasclard a \u00e9t\u00e9 r\u00e9compens\u00e9 pour son \u0153uvre monochrome\u00a0noire \u00ab\u00a0Teilapubel\u00a0\u00bb. L\u2019artiste a cumul\u00e9, rassembl\u00e9 en couche \u00e9paisse et fait refl\u00e9ter l\u2019encre du stylo Bic Cristal noir sur ce panneau de 4 x 37 cm. Il \u00e9voque un souvenir de trousses d\u2019\u00e9coliers, de lettres, de mots \u00e9crits, \u00e9tal\u00e9s sur un seul support.[\/vc_column_text][vc_btn title=\u00a0\u00bbEn savoir plus\u00a0\u00bb link=\u00a0\u00bburl:https%3A%2F%2Fwww.ensapc.fr%2Ffr%2Fygrec%2Farchives%2F2019-2%2Fprix-bic-2019|||\u00a0\u00bb][vc_single_image image=\u00a0\u00bb4978&Prime; img_size=\u00a0\u00bbmedium\u00a0\u00bb add_caption=\u00a0\u00bbyes\u00a0\u00bb alignment=\u00a0\u00bbcenter\u00a0\u00bb][\/vc_column_inner][\/vc_row_inner][\/vc_column][vc_column width=\u00a0\u00bb1\/2&Prime;][vc_row_inner][vc_column_inner][vc_column_text]<b>100% Performance, Villette<\/b><\/p>\n<p>Du 20 au 31 Mars 2019<\/p>\n<p>Vitrine du savoir-faire fran\u00e7ais, 100% L\u2019EXPO initie un nouveau rendez-vous r\u00e9gulier dans le calendrier de l\u2019art contemporain. La Grande Halle et les Folies de La Villette deviennent ainsi le terrain de jeu de plus de 100 jeunes artistes, sortis d\u2019\u00e9coles dans une limite des 4 derni\u00e8res ann\u00e9es. Arts plastiques, installations, films, vid\u00e9os, design, mode, performances\u2026<\/p>\n<p>Lieu de recherche et d\u2019exp\u00e9rimentation r\u00e9put\u00e9 pour faire \u00e9merger des formes artistiques novatrices, l\u2019ENSAPC (en collaboration avec son centre d\u2019art YGREC) construit, une programmation de performances sur mesure pour les espaces de la Grande Halle : formes d\u00e9ambulatoires, lectures, performances dans\u00e9es et po\u00e9sie sonore.<\/p>\n<p>Avec la participation des artistes de l\u2019ENSAPC : M\u00e9ryll Ampe, Nana Benamer, Dominique Gilliot, Louise Herv\u00e9 et Chlo\u00e9 Maillet, Violaine Lochu, Josefa Ntjam, La Verbe, Jisoo Yoo[\/vc_column_text][vc_btn title=\u00a0\u00bbEn savoir plus\u00a0\u00bb link=\u00a0\u00bburl:https%3A%2F%2Fwww.ensapc.fr%2Ffr%2Fygrec%2Farchives%2F2019-2%2Ffestival-100-performance-la-villette||target:%20_blank|\u00a0\u00bb][vc_single_image image=\u00a0\u00bb4977&Prime; img_size=\u00a0\u00bbmedium\u00a0\u00bb add_caption=\u00a0\u00bbyes\u00a0\u00bb alignment=\u00a0\u00bbcenter\u00a0\u00bb][\/vc_column_inner][\/vc_row_inner][\/vc_column][\/vc_row]<\/p>\n<\/div>","protected":false},"excerpt":{"rendered":"<p>[vc_row gap=\u00a0\u00bb30&Prime;][vc_column width=\u00a0\u00bb1\/2&Prime;][vc_row_inner][vc_column_inner][vc_column_text]Prix BIC\u00ae pour l&rsquo;ENSAPC 2019 Du 11 d\u00e9cembre 2019 au 8 f\u00e9vrier 2020 La Soci\u00e9t\u00e9 BIC et l&rsquo;Ecole Nationale Sup\u00e9rieure d&rsquo;Arts de Paris-Cergy ont le plaisir d&rsquo;annoncer la quatri\u00e8me \u00e9dition du Prix BIC\u00ae pour la Cr\u00e9ation Contemporaine de l&rsquo;ENSAPC. Cette ann\u00e9e, le CRR 93 est heureux d&rsquo;accueillir l&rsquo;exposition, en partenariat avec l&rsquo;Ygrec et&#8230;  <a class=\"excerpt-read-more\" href=\"https:\/\/www.ensapc.fr\/fr\/ygrec\/archives\/2019-2\/\" title=\"Read 2019\">Lire la suite &raquo;<\/a><\/p>\n","protected":false},"author":1,"featured_media":0,"parent":271,"menu_order":415,"comment_status":"closed","ping_status":"closed","template":"","meta":{"footnotes":""},"class_list":["post-4976","page","type-page","status-publish","hentry"],"_links":{"self":[{"href":"https:\/\/www.ensapc.fr\/fr\/wp-json\/wp\/v2\/pages\/4976","targetHints":{"allow":["GET"]}}],"collection":[{"href":"https:\/\/www.ensapc.fr\/fr\/wp-json\/wp\/v2\/pages"}],"about":[{"href":"https:\/\/www.ensapc.fr\/fr\/wp-json\/wp\/v2\/types\/page"}],"author":[{"embeddable":true,"href":"https:\/\/www.ensapc.fr\/fr\/wp-json\/wp\/v2\/users\/1"}],"replies":[{"embeddable":true,"href":"https:\/\/www.ensapc.fr\/fr\/wp-json\/wp\/v2\/comments?post=4976"}],"version-history":[{"count":5,"href":"https:\/\/www.ensapc.fr\/fr\/wp-json\/wp\/v2\/pages\/4976\/revisions"}],"predecessor-version":[{"id":5632,"href":"https:\/\/www.ensapc.fr\/fr\/wp-json\/wp\/v2\/pages\/4976\/revisions\/5632"}],"up":[{"embeddable":true,"href":"https:\/\/www.ensapc.fr\/fr\/wp-json\/wp\/v2\/pages\/271"}],"wp:attachment":[{"href":"https:\/\/www.ensapc.fr\/fr\/wp-json\/wp\/v2\/media?parent=4976"}],"curies":[{"name":"wp","href":"https:\/\/api.w.org\/{rel}","templated":true}]}}