{"id":4983,"date":"2020-04-23T11:14:01","date_gmt":"2020-04-23T09:14:01","guid":{"rendered":"https:\/\/www.ensapc.fr\/fr\/?page_id=4983"},"modified":"2024-11-28T10:09:35","modified_gmt":"2024-11-28T09:09:35","slug":"laure-limongi","status":"publish","type":"page","link":"https:\/\/www.ensapc.fr\/fr\/laure-limongi\/","title":{"rendered":"LAURE LIMONGI"},"content":{"rendered":"<div class=\"wpb-content-wrapper\"><p>[vc_row][vc_column][vc_column_text css=\u00a0\u00bb\u00a0\u00bb]Laure Limongi, \u00e9crivaine, est n\u00e9e en 1976 \u00e0 Bastia.<\/p>\n<p>Sa pr\u00e9dilection pour les mots, l\u2019expression, la trace s\u2019exprime \u00e0 travers diff\u00e9rents gestes, diff\u00e9rents supports.<\/p>\n<p>Autrice, elle a publi\u00e9, depuis 2002, une douzaine de livres entre roman, po\u00e9sie et essai, tels\u00a0: L\u2019Invention de la mer (Le Tripode, 2025),\u00a0Ton c\u0153ur a la forme d\u2019une \u00eele (Grasset, 2021), J\u2019ai conjugu\u00e9 ce verbe pour marcher sur ton c\u0153ur\u00a0(L\u2019Attente, 2020),\u00a0On ne peut pas tenir la mer entre ses mains\u00a0(Grasset, 2019),\u00a0Anomalie des zones profondes du cerveau\u00a0(Grasset, 2015),\u00a0Indociles\u00a0(L\u00e9o Scheer, 2012). Laure Limongi a \u00e9t\u00e9 pensionnaire de la Villa M\u00e9dicis, Acad\u00e9mie de France \u00e0 Rome, en 2023-2024.<\/p>\n<p>Elle r\u00e9alise \u00e9galement des performances et des installations, en France et \u00e0 l\u2019\u00e9tranger, tel Le Service des Panac\u00e9es, \u00e0 la fois performance, installation, \u00e9criture et recherche en doctorat \u00e0 l\u2019E\u0301cole universitaire de recherche Humanite\u0301s, Cre\u0301ation, Patrimoine CY Cergy Paris Universite\u0301, laboratoire H\u00e9ritages, sous la direction d\u2019Anne-Marie Petitjean.<\/p>\n<p>En tant qu\u2019\u00e9ditrice, Laure Limongi a dirig\u00e9 les collections \u00ab\u00a0&amp;\u00a0\u00bb chez Al Dante (2001-2003) et \u00ab\u00a0Laureli\u00a0\u00bb chez L\u00e9o Scheer (2006-2012) et a ainsi publi\u00e9 et d\u00e9fendu une soixantaine de livres.<\/p>\n<p>En tant que professeure\u00a0: avant d\u2019enseigner \u00e0 l\u2019ENSAPC, elle a codirig\u00e9 pendant six ans le Master de Cr\u00e9ation litt\u00e9raire du Havre (ESADHaR-universit\u00e9 du Havre), parmi les pionniers en ce domaine, en France.<\/p>\n<p>Son travail litt\u00e9raire est profond\u00e9ment transdisciplinaire, tissant des liens vers la musique, la performance, les arts visuels\u2026 mais aussi l\u2019histoire ou les sciences. Si ses premiers livres manifestent une tendance m\u00e9talitt\u00e9raire certaine, les plus r\u00e9cents t\u00e9moignent d\u2019un go\u00fbt pour le protocole et r\u00e9investissent une forme de subjectivit\u00e9 tout en explorant la rigueur de l\u2019enqu\u00eate.[\/vc_column_text][vc_btn title=\u00a0\u00bbEn savoir plus\u00a0\u00bb link=\u00a0\u00bburl:http%3A%2F%2Fwww.laurelimongi.com|||\u00a0\u00bb][vc_btn title=\u00a0\u00bbContact\u00a0\u00bb link=\u00a0\u00bburl:http%3A%2F%2Flaure.limongi%40ensapc.fr|||\u00a0\u00bb][\/vc_column][\/vc_row]<\/p>\n<\/div>","protected":false},"excerpt":{"rendered":"<p>[vc_row][vc_column][vc_column_text css=\u00a0\u00bb\u00a0\u00bb]Laure Limongi, \u00e9crivaine, est n\u00e9e en 1976 \u00e0 Bastia. Sa pr\u00e9dilection pour les mots, l\u2019expression, la trace s\u2019exprime \u00e0 travers diff\u00e9rents gestes, diff\u00e9rents supports. Autrice, elle a publi\u00e9, depuis 2002, une douzaine de livres entre roman, po\u00e9sie et essai, tels\u00a0: L\u2019Invention de la mer (Le Tripode, 2025),\u00a0Ton c\u0153ur a la forme d\u2019une \u00eele (Grasset,&#8230;  <a class=\"excerpt-read-more\" href=\"https:\/\/www.ensapc.fr\/fr\/laure-limongi\/\" title=\"Read LAURE LIMONGI\">Lire la suite &raquo;<\/a><\/p>\n","protected":false},"author":1,"featured_media":0,"parent":0,"menu_order":289,"comment_status":"closed","ping_status":"closed","template":"","meta":{"footnotes":""},"class_list":["post-4983","page","type-page","status-publish","hentry"],"_links":{"self":[{"href":"https:\/\/www.ensapc.fr\/fr\/wp-json\/wp\/v2\/pages\/4983","targetHints":{"allow":["GET"]}}],"collection":[{"href":"https:\/\/www.ensapc.fr\/fr\/wp-json\/wp\/v2\/pages"}],"about":[{"href":"https:\/\/www.ensapc.fr\/fr\/wp-json\/wp\/v2\/types\/page"}],"author":[{"embeddable":true,"href":"https:\/\/www.ensapc.fr\/fr\/wp-json\/wp\/v2\/users\/1"}],"replies":[{"embeddable":true,"href":"https:\/\/www.ensapc.fr\/fr\/wp-json\/wp\/v2\/comments?post=4983"}],"version-history":[{"count":5,"href":"https:\/\/www.ensapc.fr\/fr\/wp-json\/wp\/v2\/pages\/4983\/revisions"}],"predecessor-version":[{"id":13145,"href":"https:\/\/www.ensapc.fr\/fr\/wp-json\/wp\/v2\/pages\/4983\/revisions\/13145"}],"wp:attachment":[{"href":"https:\/\/www.ensapc.fr\/fr\/wp-json\/wp\/v2\/media?parent=4983"}],"curies":[{"name":"wp","href":"https:\/\/api.w.org\/{rel}","templated":true}]}}