{"id":5000,"date":"2020-04-23T15:47:06","date_gmt":"2020-04-23T13:47:06","guid":{"rendered":"https:\/\/www.ensapc.fr\/fr\/?page_id=5000"},"modified":"2025-06-19T15:43:57","modified_gmt":"2025-06-19T13:43:57","slug":"d","status":"publish","type":"page","link":"https:\/\/www.ensapc.fr\/fr\/artistes\/a-z\/d\/","title":{"rendered":"D"},"content":{"rendered":"<div class=\"wpb-content-wrapper\"><p>[vc_row][vc_column width=\u00a0\u00bb1\/3&Prime;][vc_column_text css=\u00a0\u00bb\u00a0\u00bb]<a href=\"https:\/\/www.instagram.com\/juliedabbagh\/\">Julie\u00a0DABBAGH<\/a><\/p>\n<p>Luc DABLET<\/p>\n<p>Christel\u00a0DACOSTA<\/p>\n<p>Sylvie\u00a0DA COSTA<\/p>\n<p>Boris\u00a0DAIREAUX<\/p>\n<p><a href=\"https:\/\/www.babelio.com\/auteur\/Dede-d-Almeida\/230728\">D\u00e9d\u00e9 Akofa\u00a0D\u2019ALMEIDA<\/a><\/p>\n<p><a href=\"https:\/\/www.instagram.com\/stefdamiens\/\">St\u00e9phanie\u00a0D\u2019AMIENS D\u2019HEBECOURT<\/a><\/p>\n<p><a href=\"https:\/\/www.instagram.com\/gastondamagart\/\">Gaston DAMAG<\/a><\/p>\n<p>Marina\u00a0DAMESTOY<\/p>\n<p>Paul-Eric\u00a0DAMME<\/p>\n<p>Emna DAOUD<\/p>\n<p>Na\u00efma DAROUICH LE FRAN\u00c7OIS<\/p>\n<p><a href=\"http:\/\/corentindarre.com\/\" target=\"_blank\" rel=\"noopener noreferrer\">Corentin DARR\u00c9<\/a><\/p>\n<p class=\"p1\"><a href=\"https:\/\/www.instagram.com\/sabrinafenix\/\">Sabrina DA SILVA MEDEIROS\u00a0<\/a><\/p>\n<p>V\u00e9ronique\u00a0DA SILVA FRADE<\/p>\n<p>Oliveira Andr\u00e9a\u00a0DA SILVA<\/p>\n<p>Pierre DAUGY<\/p>\n<p><a href=\"http:\/\/www.backslashgallery.com\/odonchimeg-davaadorj\" target=\"_blank\" rel=\"noopener noreferrer\">Odonchimeg\u00a0DAVAADORJ<\/a><\/p>\n<p>C\u00e9line DAVENAS<\/p>\n<p>Sylvie\u00a0DAX<\/p>\n<p>Luc DE BANVILLE<\/p>\n<p>Elo\u00efse\u00a0DE CHABOT<\/p>\n<p>Claire DE COLOMBEL<\/p>\n<p>Hubert\u00a0DE FORCADE<\/p>\n<p>Arnaud\u00a0DE LA COTTE<\/p>\n<p>Val\u00e9rie DE MEERLEER<\/p>\n<p>\u00c9lodie DE MILLO TERRAZZANI<\/p>\n<p>Tugdual DE MOREL<\/p>\n<p>Laura DE SANCTIS<\/p>\n<p>Marie\u00a0DECRAENE<\/p>\n<p>Saverio\u00a0DEBERNARDIS<\/p>\n<p>Philippe DEGRAEVE<\/p>\n<p>Ma\u00eblle\u00a0DEHESDIN<\/p>\n<p>Daphnay\u00a0DEJAY[\/vc_column_text][\/vc_column][vc_column width=\u00a0\u00bb1\/3&Prime;][vc_column_text css=\u00a0\u00bb\u00a0\u00bb]Fr\u00e9d\u00e9ric\u00a0DEJEAN<\/p>\n<p>Patrick\u00a0DEKEYSER<\/p>\n<p>Carine\u00a0DELAHAIE<\/p>\n<p>Val\u00e9rie\u00a0DELAROQUE<\/p>\n<p><a href=\"https:\/\/deleauriviere.space\/\" target=\"_blank\" rel=\"noopener noreferrer\">Alexandre\u00a0DELAUW-RIVIERE<\/a><\/p>\n<p>Clarisse DELFAU<\/p>\n<p>C\u00e9cile Ma\u00ef DELHOMME<\/p>\n<p>Florian DELLA CORTIGLIA<\/p>\n<p><a href=\"https:\/\/www.mathiasdelplanque.com\" target=\"_blank\" rel=\"noopener noreferrer\">Mathias\u00a0DELPLANQUE<\/a><\/p>\n<p>Lise\u00a0DELSENY<\/p>\n<p>Audrey\u00a0DELUC<\/p>\n<p>Baptiste\u00a0DELUGEAU<\/p>\n<p><a href=\"https:\/\/cargocollective.com\/paulinedelwaulle\" target=\"_blank\" rel=\"noopener noreferrer\">Pauline\u00a0DELWAULLE<\/a><\/p>\n<p>Jean-Louis\u00a0DEMAREZ<\/p>\n<p>Christine\u00a0DEMIAS<\/p>\n<p>Damien DENIS<\/p>\n<p>Graziella DEODATO<\/p>\n<p><a href=\"https:\/\/www.instagram.com\/sarah.daria\/\">Sarah-Ana\u00efs DESBENOIT<\/a><\/p>\n<p>Am\u00e9lie\u00a0DESCHAMPS<\/p>\n<p>Arnaud\u00a0DESHAYES<\/p>\n<p>Anne\u00a0DESTIVAL<\/p>\n<p>Vincent DESTOUET<\/p>\n<p>Anne\u00a0DEVILLELLE<\/p>\n<p>Bruno\u00a0D\u2019INDIA<\/p>\n<p><a href=\"https:\/\/cargocollective.com\/alicedidierchampagne\" target=\"_blank\" rel=\"noopener noreferrer\">Alice\u00a0DIDIER CHAMPAGNE<\/a><\/p>\n<p>William DIDIER<\/p>\n<p>Steve\u00a0DI G\u00c9RONIMO<\/p>\n<p><a href=\"https:\/\/lazaremohamed.com\/\" target=\"_blank\" rel=\"noopener noreferrer\">Lazare Mohamed\u00a0DJEDDAOUI<\/a><\/p>\n<p>Sibel\u00a0DIKER<\/p>\n<p>Yan\u00a0DILLENSCHNEIDER<\/p>\n<p>F\u00e9lix DIRAND[\/vc_column_text][\/vc_column][vc_column width=\u00a0\u00bb1\/3&Prime;][vc_column_text css=\u00a0\u00bb\u00a0\u00bb]Y\u00e9rim\u00a0DODEMAN<\/p>\n<p>Jean-Marc DODIN<\/p>\n<p>Luc\u00a0DOERFLINGER<\/p>\n<p>Marie\u00a0DOINNE<\/p>\n<p><a href=\"https:\/\/www.juliettedominati.com\/\" target=\"_blank\" rel=\"noopener noreferrer\">Juliette\u00a0DOMINATI<\/a><\/p>\n<p>Ana\u00efs\u00a0DONATI<\/p>\n<p>Jowita\u00a0DOROSZKO<\/p>\n<p>Deniz DORUK<\/p>\n<p>Laetitia\u00a0DOS REIS<\/p>\n<p class=\"p1\"><a href=\"https:\/\/www.instagram.com\/laura_dossantos\/\">Laura DOS SANTOS<\/a><\/p>\n<p><a href=\"https:\/\/celinedrouinlaroche.com\/\" target=\"_blank\" rel=\"noopener noreferrer\">C\u00e9line\u00a0DROUIN LAROCHE<\/a><\/p>\n<p>Lukasz DRYGAS<\/p>\n<p>Arnaud DU LAC<\/p>\n<p>Jean-Baptiste\u00a0DUBACH<\/p>\n<p><a href=\"https:\/\/gaelledubois.wixsite.com\/artiste\" target=\"_blank\" rel=\"noopener noreferrer\">Ga\u00eblle\u00a0DUBOIS<\/a><\/p>\n<p>Caroline\u00a0DUCHATELET<\/p>\n<p><a href=\"https:\/\/www.cnap.fr\/julien-duc-mauge\" target=\"_blank\" rel=\"noopener noreferrer\">Julien\u00a0DUC MAUGE<\/a><\/p>\n<p>Marguerite\u00a0DUCROQUET<\/p>\n<p>Emmanuel\u00a0DUFOUR<\/p>\n<p><a href=\"https:\/\/www.benjamindufrene.com\" target=\"_blank\" rel=\"noopener noreferrer\">Benjamin\u00a0DUFRENE<\/a><\/p>\n<p>Romy DUHEM-VERDI\u00c8RE<\/p>\n<p><a href=\"https:\/\/chloeduloquin.com\/\">Chlo\u00e9 DULOQUIN<\/a><\/p>\n<p>Gabrielle\u00a0DUMONTEIL<\/p>\n<p>Min Quan\u00a0DUONG<\/p>\n<p>St\u00e9phane\u00a0DUPONCHEL<\/p>\n<p>Robin\u00a0DUPUY<\/p>\n<p>C\u00e9line\u00a0DURAND<\/p>\n<p>Pauline DURAND-WIETZEL<\/p>\n<p>H\u00e9l\u00e8ne\u00a0DUROSINI<\/p>\n<p class=\"p1\"><a href=\"https:\/\/www.instagram.com\/askmymanager\/\">Emma DUROVRAY<\/a><\/p>\n<p><a href=\"https:\/\/en.wikipedia.org\/wiki\/Item_Idem\" target=\"_blank\" rel=\"noopener noreferrer\">Cyril\u00a0DUVAL<\/a><\/p>\n<p><a href=\"https:\/\/www.instagram.com\/duval_display\/?hl=fr\">Tristan DUVAL<\/a>[\/vc_column_text][\/vc_column][\/vc_row]<\/p>\n<\/div>","protected":false},"excerpt":{"rendered":"<p>[vc_row][vc_column width=\u00a0\u00bb1\/3&Prime;][vc_column_text css=\u00a0\u00bb\u00a0\u00bb]Julie\u00a0DABBAGH Luc DABLET Christel\u00a0DACOSTA Sylvie\u00a0DA COSTA Boris\u00a0DAIREAUX D\u00e9d\u00e9 Akofa\u00a0D\u2019ALMEIDA St\u00e9phanie\u00a0D\u2019AMIENS D\u2019HEBECOURT Gaston DAMAG Marina\u00a0DAMESTOY Paul-Eric\u00a0DAMME Emna DAOUD Na\u00efma DAROUICH LE FRAN\u00c7OIS Corentin DARR\u00c9 Sabrina DA SILVA MEDEIROS\u00a0 V\u00e9ronique\u00a0DA SILVA FRADE Oliveira Andr\u00e9a\u00a0DA SILVA Pierre DAUGY Odonchimeg\u00a0DAVAADORJ C\u00e9line DAVENAS Sylvie\u00a0DAX Luc DE BANVILLE Elo\u00efse\u00a0DE CHABOT Claire DE COLOMBEL Hubert\u00a0DE FORCADE Arnaud\u00a0DE LA COTTE Val\u00e9rie&#8230;  <a class=\"excerpt-read-more\" href=\"https:\/\/www.ensapc.fr\/fr\/artistes\/a-z\/d\/\" title=\"Read D\">Lire la suite &raquo;<\/a><\/p>\n","protected":false},"author":1,"featured_media":0,"parent":5137,"menu_order":120,"comment_status":"closed","ping_status":"closed","template":"","meta":{"footnotes":""},"class_list":["post-5000","page","type-page","status-publish","hentry"],"_links":{"self":[{"href":"https:\/\/www.ensapc.fr\/fr\/wp-json\/wp\/v2\/pages\/5000","targetHints":{"allow":["GET"]}}],"collection":[{"href":"https:\/\/www.ensapc.fr\/fr\/wp-json\/wp\/v2\/pages"}],"about":[{"href":"https:\/\/www.ensapc.fr\/fr\/wp-json\/wp\/v2\/types\/page"}],"author":[{"embeddable":true,"href":"https:\/\/www.ensapc.fr\/fr\/wp-json\/wp\/v2\/users\/1"}],"replies":[{"embeddable":true,"href":"https:\/\/www.ensapc.fr\/fr\/wp-json\/wp\/v2\/comments?post=5000"}],"version-history":[{"count":7,"href":"https:\/\/www.ensapc.fr\/fr\/wp-json\/wp\/v2\/pages\/5000\/revisions"}],"predecessor-version":[{"id":13673,"href":"https:\/\/www.ensapc.fr\/fr\/wp-json\/wp\/v2\/pages\/5000\/revisions\/13673"}],"up":[{"embeddable":true,"href":"https:\/\/www.ensapc.fr\/fr\/wp-json\/wp\/v2\/pages\/5137"}],"wp:attachment":[{"href":"https:\/\/www.ensapc.fr\/fr\/wp-json\/wp\/v2\/media?parent=5000"}],"curies":[{"name":"wp","href":"https:\/\/api.w.org\/{rel}","templated":true}]}}