{"id":5009,"date":"2020-04-23T16:11:37","date_gmt":"2020-04-23T14:11:37","guid":{"rendered":"https:\/\/www.ensapc.fr\/fr\/?page_id=5009"},"modified":"2025-06-19T16:13:23","modified_gmt":"2025-06-19T14:13:23","slug":"g","status":"publish","type":"page","link":"https:\/\/www.ensapc.fr\/fr\/artistes\/a-z\/g\/","title":{"rendered":"G"},"content":{"rendered":"<div class=\"wpb-content-wrapper\"><p>[vc_row][vc_column width=\u00a0\u00bb1\/3&Prime;][vc_column_text css=\u00a0\u00bb\u00a0\u00bb]<a href=\"https:\/\/www.instagram.com\/elias_galo\/?hl=fr\">Elias GALINDO-LOPEZ<\/a><\/p>\n<p>Didier\u00a0GALLON<\/p>\n<p><a href=\"https:\/\/www.instagram.com\/virginiagamna\/\">Virginia\u00a0GAMNA<\/a><\/p>\n<p>Elisabeth\u00a0GANDINO<\/p>\n<p><a href=\"https:\/\/www.instagram.com\/agaray.deco\/?hl=fr\">Aur\u00e9lia\u00a0GARAY<\/a><\/p>\n<p>Sacha GARCIA<\/p>\n<p><a href=\"https:\/\/www.imdb.com\/name\/nm7364169\/\" target=\"_blank\" rel=\"noopener noreferrer\">Alain\u00a0GARCIA VERGARA<\/a><\/p>\n<p><a href=\"https:\/\/juliengardair.com\" target=\"_blank\" rel=\"noopener noreferrer\">Julien\u00a0GARDAIR<\/a><\/p>\n<p>Mirta GARIBOLDI<\/p>\n<p><a href=\"https:\/\/bruno.garrigue.me\/blog\/\">Bruno\u00a0GARRIGUES<\/a><\/p>\n<p><a href=\"https:\/\/www.facebook.com\/milletiroirs\/posts\/mise-en-place-de-lexposition-daiana-gassin-%C3%A0-fait-r%C3%A9aliser-des-fleurs-g%C3%A9antes-en\/746378164262847\/\">Da\u00efana\u00a0GASSIN<\/a><\/p>\n<p>C\u00e9leste GATTIER<\/p>\n<p><a href=\"https:\/\/www.galeriebarrouplanquart.com\/artistes\/lartiste-pop-art-stephane-gautier-cree-des-oeuvres-qui-nous-relient-inconsciemment-a-lenfance\/\">St\u00e9phane GAULTIER<\/a><\/p>\n<p>Julie\u00a0GAUTHIER-ANOTA<\/p>\n<p>Ma\u00eblys GAUTHIER<\/p>\n<p>H\u00e9l\u00e8ne GAUTIER<\/p>\n<p><a href=\"http:\/\/gautierxavier.free.fr\" target=\"_blank\" rel=\"noopener noreferrer\">Xavier\u00a0GAUTIER<\/a><\/p>\n<p>Maria Del Pilar\u00a0GAVILAN\u00c8S<\/p>\n<p>Sabine\u00a0GAY<\/p>\n<p>Guillaume\u00a0GEHANNIN<\/p>\n<p>Aur\u00e9lie\u00a0GELADE<\/p>\n<p>Laurent G\u00c9LY<\/p>\n<p>Marion G\u00c9LY<\/p>\n<p>Doriane GENESTE LOUPIAC<\/p>\n<p>Annabelle GENTET<\/p>\n<p class=\"p1\"><a href=\"https:\/\/www.instagram.com\/claire_gnt\/\">Claire GENTOU<\/a><\/p>\n<p>Christian\u00a0GENTY<\/p>\n<p><a href=\"http:\/\/perspectivefilms.fr\/vincent-gerard\/\" target=\"_blank\" rel=\"noopener noreferrer\">Vincent\u00a0G\u00c9RARD\u00a0<\/a><\/p>\n<p><a href=\"https:\/\/www.unifrance.org\/annuaires\/personne\/435329\/maya-gering\" target=\"_blank\" rel=\"noopener noreferrer\">Maya\u00a0GERING<\/a><\/p>\n<p>Sirine GERMANI<\/p>\n<p><a href=\"http:\/\/www.guepard-echappee.fr\/la-troupe\/et-technique-2\/alice-gervaise\/\">Alice GERVAISE<\/a><\/p>\n<p>Florence\u00a0GESLIN<\/p>\n<p>Elisa\u00a0GHERTMAN<\/p>\n<p><a href=\"https:\/\/manifesto-21.com\/dominique-gilliot\/\" target=\"_blank\" rel=\"noopener noreferrer\">Dominique\u00a0GILLIOT<\/a><\/p>\n<p>Jean-Baptiste\u00a0GILLOZ[\/vc_column_text][\/vc_column][vc_column width=\u00a0\u00bb1\/3&Prime;][vc_column_text css=\u00a0\u00bb\u00a0\u00bb]Karim GIOVANANG\u00c9LI<\/p>\n<p>Ambre GIRAULT<\/p>\n<p>Emmanuel\u00a0GIRAULT<\/p>\n<p>Laure\u00a0GIRARDEAU<\/p>\n<p>Orion\u00a0GIRET<\/p>\n<p>K\u00e9liane GNALI<\/p>\n<p>Pauline\u00a0GOASMAT<\/p>\n<p>Sacha\u00a0GOLEMANAS<\/p>\n<p>Rachel\u00a0GOLIOT<\/p>\n<p>Arnaud\u00a0GOMIS<\/p>\n<p class=\"p1\"><a href=\"https:\/\/www.instagram.com\/hendrikegn\/\">Hendrik GONZALEZ NUNEZ\u00a0<\/a><\/p>\n<p>Xavier\u00a0GOUPIL<\/p>\n<p><a href=\"http:\/\/nicolasgourault.fr\/\" target=\"_blank\" rel=\"noopener noreferrer\">Nicolas\u00a0GOURAULT<\/a><\/p>\n<p>Mounir GOURI<\/p>\n<p><a href=\"https:\/\/www.filmsdocumentaires.com\/auteurs\/714-karim-goury\" target=\"_blank\" rel=\"noopener noreferrer\">Karim\u00a0GOURY<\/a><\/p>\n<p><a href=\"http:\/\/eglantinegouzy.free.fr\" target=\"_blank\" rel=\"noopener noreferrer\">Eglantine\u00a0GOUZY<\/a><\/p>\n<p>Ang\u00e9lique\u00a0GOZLAN<\/p>\n<p>Adeline GRAIS-CERNA<\/p>\n<p class=\"p1\"><a href=\"https:\/\/www.instagram.com\/g_r_a_l\/\">GRAL<\/a><\/p>\n<p>S\u00e9bastien\u00a0GRASSET<\/p>\n<p>Caroline\u00a0GRASTILLEUR<\/p>\n<p><a href=\"https:\/\/lesoeuvres.pinaultcollection.com\/artiste\/loris-greaud\" target=\"_blank\" rel=\"noopener noreferrer\">Loris\u00a0GR\u00c9AUD<\/a><\/p>\n<p>Augustin GREN\u00c8CHE<\/p>\n<p>Sabine\u00a0GRESSE<\/p>\n<p>Anika\u00a0GRILL<\/p>\n<p>Thomas GRIMM<\/p>\n<p>Giulia\u00a0GROSSMANN<\/p>\n<p><a href=\"https:\/\/www.collectifembrayage.com\/thibault-grougi\" target=\"_blank\" rel=\"noopener noreferrer\">Thibault GROUGI<\/a>[\/vc_column_text][\/vc_column][vc_column width=\u00a0\u00bb1\/3&Prime;][vc_column_text css=\u00a0\u00bb\u00a0\u00bb]<a href=\"https:\/\/laureneguarneri.com\/\" target=\"_blank\" rel=\"noopener noreferrer\">Laur\u00e8ne\u00a0GUARNERI<\/a><\/p>\n<p><a href=\"https:\/\/www.instagram.com\/38pascaline\/?hl=fr\">Louise GUEGAN<\/a><\/p>\n<p>Yannick\u00a0GU\u00c9GUEN<\/p>\n<p>Vincent\u00a0GU\u00c9RIN<\/p>\n<p>Thierry\u00a0GU\u00c9RIN<\/p>\n<p><a href=\"https:\/\/www.instagram.com\/carlaconfess\/\">Carla GUEYE<\/a><\/p>\n<p><a href=\"https:\/\/www.instagram.com\/rachel.enid\/\">Jessica\u00a0GUEZ<\/a><\/p>\n<p>Soazic GU\u00c9ZENNEC<\/p>\n<p>In\u00e8s GUFFROY<\/p>\n<p>Sylvain\u00a0GUIBERT<\/p>\n<p>Thibault\u00a0GUICHARD<\/p>\n<p>G\u00e9raldine\u00a0GUILBAUD<\/p>\n<p>Fabienne\u00a0GUILBERT<\/p>\n<p>Gaspard\u00a0GUILBERT<\/p>\n<p><a href=\"http:\/\/www.emmanuelguillaud.info\" target=\"_blank\" rel=\"noopener noreferrer\">Emmanuel\u00a0GUILLAUD<\/a><\/p>\n<p><a href=\"http:\/\/annguillaume.fr\/\" target=\"_blank\" rel=\"noopener noreferrer\">Ann\u00a0GUILLAUME<\/a><\/p>\n<p>Yuli GUILLEMOT<\/p>\n<p>Marion\u00a0GUILLET<\/p>\n<p><a href=\"http:\/\/alexisguillier.com\/\" target=\"_blank\" rel=\"noopener noreferrer\">Alexis\u00a0GUILLIER\u00a0<\/a><\/p>\n<p>Jean-Fran\u00e7ois\u00a0GUILLON<\/p>\n<p class=\"p1\"><a href=\"https:\/\/www.instagram.com\/leontinedeslandes\/\">L\u00e9ontine GUIMARD\u00a0<\/a><\/p>\n<p>Ludovic\u00a0GUION<\/p>\n<p>Sylvain GUITZ<\/p>\n<p>Claude\u00a0GUY<\/p>\n<p class=\"p1\"><a href=\"https:\/\/www.instagram.com\/ihsaneguyot\/\">lhsane GUYOT<\/a><\/p>\n<p>Vanessa\u00a0GUYOMARD<\/p>\n<p class=\"p1\"><a href=\"https:\/\/www.instagram.com\/isadora.zk\/\">Isadora GUZNICZAK<\/a><\/p>\n<p>[\/vc_column_text][\/vc_column][\/vc_row]<\/p>\n<\/div>","protected":false},"excerpt":{"rendered":"<p>[vc_row][vc_column width=\u00a0\u00bb1\/3&Prime;][vc_column_text css=\u00a0\u00bb\u00a0\u00bb]Elias GALINDO-LOPEZ Didier\u00a0GALLON Virginia\u00a0GAMNA Elisabeth\u00a0GANDINO Aur\u00e9lia\u00a0GARAY Sacha GARCIA Alain\u00a0GARCIA VERGARA Julien\u00a0GARDAIR Mirta GARIBOLDI Bruno\u00a0GARRIGUES Da\u00efana\u00a0GASSIN C\u00e9leste GATTIER St\u00e9phane GAULTIER Julie\u00a0GAUTHIER-ANOTA Ma\u00eblys GAUTHIER H\u00e9l\u00e8ne GAUTIER Xavier\u00a0GAUTIER Maria Del Pilar\u00a0GAVILAN\u00c8S Sabine\u00a0GAY Guillaume\u00a0GEHANNIN Aur\u00e9lie\u00a0GELADE Laurent G\u00c9LY Marion G\u00c9LY Doriane GENESTE LOUPIAC Annabelle GENTET Claire GENTOU Christian\u00a0GENTY Vincent\u00a0G\u00c9RARD\u00a0 Maya\u00a0GERING Sirine GERMANI Alice GERVAISE Florence\u00a0GESLIN Elisa\u00a0GHERTMAN Dominique\u00a0GILLIOT Jean-Baptiste\u00a0GILLOZ[\/vc_column_text][\/vc_column][vc_column&#8230;  <a class=\"excerpt-read-more\" href=\"https:\/\/www.ensapc.fr\/fr\/artistes\/a-z\/g\/\" title=\"Read G\">Lire la suite &raquo;<\/a><\/p>\n","protected":false},"author":1,"featured_media":0,"parent":5137,"menu_order":126,"comment_status":"closed","ping_status":"closed","template":"","meta":{"footnotes":""},"class_list":["post-5009","page","type-page","status-publish","hentry"],"_links":{"self":[{"href":"https:\/\/www.ensapc.fr\/fr\/wp-json\/wp\/v2\/pages\/5009","targetHints":{"allow":["GET"]}}],"collection":[{"href":"https:\/\/www.ensapc.fr\/fr\/wp-json\/wp\/v2\/pages"}],"about":[{"href":"https:\/\/www.ensapc.fr\/fr\/wp-json\/wp\/v2\/types\/page"}],"author":[{"embeddable":true,"href":"https:\/\/www.ensapc.fr\/fr\/wp-json\/wp\/v2\/users\/1"}],"replies":[{"embeddable":true,"href":"https:\/\/www.ensapc.fr\/fr\/wp-json\/wp\/v2\/comments?post=5009"}],"version-history":[{"count":8,"href":"https:\/\/www.ensapc.fr\/fr\/wp-json\/wp\/v2\/pages\/5009\/revisions"}],"predecessor-version":[{"id":13681,"href":"https:\/\/www.ensapc.fr\/fr\/wp-json\/wp\/v2\/pages\/5009\/revisions\/13681"}],"up":[{"embeddable":true,"href":"https:\/\/www.ensapc.fr\/fr\/wp-json\/wp\/v2\/pages\/5137"}],"wp:attachment":[{"href":"https:\/\/www.ensapc.fr\/fr\/wp-json\/wp\/v2\/media?parent=5009"}],"curies":[{"name":"wp","href":"https:\/\/api.w.org\/{rel}","templated":true}]}}