{"id":502,"date":"2016-09-29T14:36:06","date_gmt":"2016-09-29T12:36:06","guid":{"rendered":"https:\/\/www.ensapc.fr\/fr\/?page_id=502"},"modified":"2017-02-01T12:45:49","modified_gmt":"2017-02-01T11:45:49","slug":"2009-2","status":"publish","type":"page","link":"https:\/\/www.ensapc.fr\/fr\/ygrec\/archives\/2009-2\/","title":{"rendered":"2009"},"content":{"rendered":"<div class=\"wpb-content-wrapper\"><p>[vc_row][vc_column width=\u00a0\u00bb1\/2&Prime;][vc_row_inner][vc_column_inner][vc_column_text]<strong>Hospitalit\u00e9s<\/strong><\/p>\n<p><span class=\"date-display-start\">12 D\u00e9cembre 2009<br \/>\nExposition<\/span><\/p>\n<p>\u00c0 l\u2019occasion de la journ\u00e9e Hospitalit\u00e9s, \u00e0 laquelle s\u2019\u00e9tait associ\u00e9 Le Cr\u00e9dac et B\u00e9tonsalon, les \u00e9tudiants de l\u2019ARC \u00ab\u2009Kiss me deadly\u2009\u00bb ont propos\u00e9 des performances \u00e0 La Vitrine.[\/vc_column_text][vc_separator color=\u00a0\u00bbpink\u00a0\u00bb border_width=\u00a0\u00bb5&Prime; el_width=\u00a0\u00bb90&Prime;][\/vc_column_inner][\/vc_row_inner][vc_row_inner][vc_column_inner][vc_column_text]<strong>La collection du XX\u00e8me si\u00e8cle<\/strong><span class=\"date-display-start\"><br \/>\n14 Juin 2009 \u2013 27 Juin 2009<br \/>\nExposition<\/span><\/p>\n<p>Vernissage le mercredi 13 mai 2009 \u00e0 18h[\/vc_column_text][vc_single_image image=\u00a0\u00bb500&Prime; img_size=\u00a0\u00bbfull\u00a0\u00bb add_caption=\u00a0\u00bbyes\u00a0\u00bb alignment=\u00a0\u00bbcenter\u00a0\u00bb][\/vc_column_inner][\/vc_row_inner][vc_row_inner][vc_column_inner][vc_separator color=\u00a0\u00bbpink\u00a0\u00bb border_width=\u00a0\u00bb5&Prime; el_width=\u00a0\u00bb90&Prime;][vc_column_text]<strong>Herv\u00e9 Coqueret, SuperG\u00e9antPlus<\/strong><span class=\"date-display-start\"><br \/>\n15 Janvier 2009 \u2013 21 F\u00e9vrier 2009<br \/>\nExposition<\/span><\/p>\n<p>Vernissage mercredi 14 janvier 2009 \u00e0 19h<\/p>\n<p>[\/vc_column_text][vc_single_image image=\u00a0\u00bb486&Prime; img_size=\u00a0\u00bbfull\u00a0\u00bb add_caption=\u00a0\u00bbyes\u00a0\u00bb alignment=\u00a0\u00bbcenter\u00a0\u00bb][\/vc_column_inner][\/vc_row_inner][\/vc_column][vc_column width=\u00a0\u00bb1\/2&Prime;][vc_row_inner][vc_column_inner][vc_column_text]<strong>Historytellers<\/strong><\/p>\n<p>16 Octobre 2009 \u2013 6 D\u00e9cembre 2009<br \/>\nExposition<\/p>\n<p>L\u2019art red\u00e9crit le r\u00e9el et r\u00e9\u00e9crit l\u2019Histoire. Il propose des grilles de d\u00e9cryptage, offre des filtres et des outils du regard, fabrique des syst\u00e8mes de visualisations qui ouvrent des br\u00e8ches dans le r\u00e9cit lin\u00e9aire qui nous est habituellement livr\u00e9.[\/vc_column_text][vc_single_image image=\u00a0\u00bb507&Prime; img_size=\u00a0\u00bbfull\u00a0\u00bb add_caption=\u00a0\u00bbyes\u00a0\u00bb alignment=\u00a0\u00bbcenter\u00a0\u00bb][vc_separator color=\u00a0\u00bbpink\u00a0\u00bb border_width=\u00a0\u00bb5&Prime; el_width=\u00a0\u00bb90&Prime;][\/vc_column_inner][\/vc_row_inner][vc_row_inner][vc_column_inner][vc_column_text]<strong>R\u00e9pertoire pour une forme<\/strong><\/p>\n<p>Exposition du 5 Mars 2009 \u2013 28 Avril 2009<br \/>\nVernissage le 4 mars 2009<br \/>\navec des \u0153uvres de Guillaume Constantin, Isabelle Cornaro, David Evrard, Charlotte Moth.[\/vc_column_text][vc_single_image image=\u00a0\u00bb498&Prime; img_size=\u00a0\u00bbfull\u00a0\u00bb add_caption=\u00a0\u00bbyes\u00a0\u00bb alignment=\u00a0\u00bbcenter\u00a0\u00bb][\/vc_column_inner][\/vc_row_inner][\/vc_column][\/vc_row]<\/p>\n<\/div>","protected":false},"excerpt":{"rendered":"<p>[vc_row][vc_column width=\u00a0\u00bb1\/2&Prime;][vc_row_inner][vc_column_inner][vc_column_text]Hospitalit\u00e9s 12 D\u00e9cembre 2009 Exposition \u00c0 l\u2019occasion de la journ\u00e9e Hospitalit\u00e9s, \u00e0 laquelle s\u2019\u00e9tait associ\u00e9 Le Cr\u00e9dac et B\u00e9tonsalon, les \u00e9tudiants de l\u2019ARC \u00ab\u2009Kiss me deadly\u2009\u00bb ont propos\u00e9 des performances \u00e0 La Vitrine.[\/vc_column_text][vc_separator color=\u00a0\u00bbpink\u00a0\u00bb border_width=\u00a0\u00bb5&Prime; el_width=\u00a0\u00bb90&Prime;][\/vc_column_inner][\/vc_row_inner][vc_row_inner][vc_column_inner][vc_column_text]La collection du XX\u00e8me si\u00e8cle 14 Juin 2009 \u2013 27 Juin 2009 Exposition Vernissage le mercredi 13 mai 2009&#8230;  <a class=\"excerpt-read-more\" href=\"https:\/\/www.ensapc.fr\/fr\/ygrec\/archives\/2009-2\/\" title=\"Read 2009\">Lire la suite &raquo;<\/a><\/p>\n","protected":false},"author":1,"featured_media":0,"parent":271,"menu_order":468,"comment_status":"closed","ping_status":"closed","template":"","meta":{"footnotes":""},"class_list":["post-502","page","type-page","status-publish","hentry"],"_links":{"self":[{"href":"https:\/\/www.ensapc.fr\/fr\/wp-json\/wp\/v2\/pages\/502","targetHints":{"allow":["GET"]}}],"collection":[{"href":"https:\/\/www.ensapc.fr\/fr\/wp-json\/wp\/v2\/pages"}],"about":[{"href":"https:\/\/www.ensapc.fr\/fr\/wp-json\/wp\/v2\/types\/page"}],"author":[{"embeddable":true,"href":"https:\/\/www.ensapc.fr\/fr\/wp-json\/wp\/v2\/users\/1"}],"replies":[{"embeddable":true,"href":"https:\/\/www.ensapc.fr\/fr\/wp-json\/wp\/v2\/comments?post=502"}],"version-history":[{"count":5,"href":"https:\/\/www.ensapc.fr\/fr\/wp-json\/wp\/v2\/pages\/502\/revisions"}],"predecessor-version":[{"id":1436,"href":"https:\/\/www.ensapc.fr\/fr\/wp-json\/wp\/v2\/pages\/502\/revisions\/1436"}],"up":[{"embeddable":true,"href":"https:\/\/www.ensapc.fr\/fr\/wp-json\/wp\/v2\/pages\/271"}],"wp:attachment":[{"href":"https:\/\/www.ensapc.fr\/fr\/wp-json\/wp\/v2\/media?parent=502"}],"curies":[{"name":"wp","href":"https:\/\/api.w.org\/{rel}","templated":true}]}}