{"id":5029,"date":"2020-04-27T10:27:52","date_gmt":"2020-04-27T08:27:52","guid":{"rendered":"https:\/\/www.ensapc.fr\/fr\/?page_id=5029"},"modified":"2025-06-19T16:53:15","modified_gmt":"2025-06-19T14:53:15","slug":"l","status":"publish","type":"page","link":"https:\/\/www.ensapc.fr\/fr\/artistes\/a-z\/l\/","title":{"rendered":"L"},"content":{"rendered":"<div class=\"wpb-content-wrapper\"><p>[vc_row][vc_column width=\u00a0\u00bb1\/3&Prime;][vc_column_text css=\u00a0\u00bb\u00a0\u00bb]<a href=\"https:\/\/www.linkedin.com\/in\/vanina-l%C3%A9cole-b56319256?originalSubdomain=fr\">Vanina L&rsquo;\u00c9COLE<\/a><\/p>\n<p><a href=\"https:\/\/www.instagram.com\/benoitartistephotographe\/\">Beno\u00eet LABB\u00c9<\/a><\/p>\n<p>Philippe\u00a0LACHASSE<\/p>\n<p><a href=\"https:\/\/www.linkedin.com\/in\/renaud-lacoche-4028aa20\/?originalSubdomain=fr\">Renaud\u00a0LACOCHE<\/a><\/p>\n<p>Marie-Fran\u00e7oise\u00a0LACOMBE<\/p>\n<p><a href=\"https:\/\/www.instagram.com\/supersupermiam\/\">Anne\u00a0LACOUR<\/a><\/p>\n<p>Anne-Marie\u00a0LADET<\/p>\n<p>C\u00e9cile\u00a0LAFFONTA<\/p>\n<p>Diane\u00a0LAGORCE<\/p>\n<p>Hassan\u00a0LAKDARI<\/p>\n<p>Bernard\u00a0LAINE<\/p>\n<p>Philippe\u00a0LALEU<\/p>\n<p><a href=\"https:\/\/www.la-marelle.org\/en-creation\/auteurs-autrices\/1437-fanny-lallart.html\">Fanny LALLART<\/a><\/p>\n<p>Emilie\u00a0LAMOINE<\/p>\n<p>V\u00e9ronique\u00a0LAMOUR<\/p>\n<p>G\u00e9rard LAMOUREUX<\/p>\n<p>St\u00e9phane\u00a0LAMY-ROUSSEAU<\/p>\n<p>Margot LAN\u00c7ON<\/p>\n<p>Rachel LANG<\/p>\n<p><a href=\"https:\/\/editions-verdier.fr\/auteur\/samy-langeraert\/\">Samy\u00a0LANGERAERT<\/a><\/p>\n<p>C\u00e9sar\u00a0LANGLADE<\/p>\n<p><a href=\"https:\/\/www.unifrance.org\/annuaires\/personne\/382238\/alexis-langlois\" target=\"_blank\" rel=\"noopener noreferrer\">Alexis\u00a0LANGLOIS<\/a><\/p>\n<p>Marie-Agn\u00e8s LANGUILLAT<\/p>\n<p>Catherine\u00a0LANGUMIER<\/p>\n<p>Gonzague\u00a0LANIER<\/p>\n<p>Olivier LAPERT<\/p>\n<p>Catherine\u00a0LARGE<\/p>\n<p>Colin LARSONNEUR<\/p>\n<p><a href=\"https:\/\/www.instagram.com\/charlottelasceve\/\">Charlotte\u00a0LASCEVE<\/a><\/p>\n<p>Laurent LASSELIN<\/p>\n<p>Juliette LASSEUR<\/p>\n<p><a href=\"http:\/\/perspectivefilms.fr\/cedric-laty\/\" target=\"_blank\" rel=\"noopener noreferrer\">C\u00e9dric\u00a0LATY<\/a><\/p>\n<p>Frank\u00a0LAUER<\/p>\n<p><a href=\"https:\/\/www.contemporaryartlibrary.org\/artist\/julien-laugier-44032\">Julien\u00a0LAUGIER<\/a><\/p>\n<p><a href=\"https:\/\/www.instagram.com\/bureau_baryum\/\">Manon LAURENT<\/a><\/p>\n<p><a href=\"https:\/\/esther-laurent-baroux.com\/\" target=\"_blank\" rel=\"noopener noreferrer\">Esther LAURENT-BAROUX<\/a><\/p>\n<p><a href=\"https:\/\/annelauroz.com\/\">Anne\u00a0LAUROZ<\/a><\/p>\n<p><a href=\"https:\/\/13commeune.fr\/actualite\/semeuses-dart\/\">Sandrine LAVARENNE<\/a><\/p>\n<p>Christelle\u00a0LAVIGNE<\/p>\n<p><a href=\"https:\/\/festival-resistances.fr\/2016\/rafaele-layani-1363\/.html\">Rafa\u00e8le\u00a0LAYANI<\/a><\/p>\n<p>Julie\u00a0LEBACQ<\/p>\n<p class=\"p1\"><a href=\"https:\/\/www.instagram.com\/elouanlebars\/\">Elouan LE BARS<\/a><\/p>\n<p class=\"p1\"><a href=\"https:\/\/www.instagram.com\/laconieauleb\/\">Nicolas LEBEAU<\/a><\/p>\n<p><a href=\"https:\/\/www.clemencedherouville.com\/\" target=\"_blank\" rel=\"noopener\">Cl\u00e9mence LE BOUCHER D&rsquo;H\u00c9ROUVILLE<\/a><\/p>\n<p><a href=\"https:\/\/www.instagram.com\/bananamlb\/\">Marie LEBRUN<\/a><\/p>\n<p><a href=\"https:\/\/loumarialebrusq.fr\/\" target=\"_blank\" rel=\"noopener noreferrer\">Lou-Maria\u00a0LE BRUSQ<\/a>[\/vc_column_text][\/vc_column][vc_column width=\u00a0\u00bb1\/3&Prime;][vc_column_text css=\u00a0\u00bb\u00a0\u00bb]Pascal\u00a0LECAILLETEL<\/p>\n<p>Anita\u00a0LECH<\/p>\n<p>Lou LECOMTE<\/p>\n<p><a href=\"https:\/\/www.theatre-contemporain.net\/biographies\/Emilie-Maranzat\/\">Emilie\u00a0LECONTE<\/a><\/p>\n<p>Philippe\u00a0LEDIEN<\/p>\n<p><a href=\"https:\/\/www.instagram.com\/ludivine_l.d.x\/\">Ludivine\u00a0LEDOUX<\/a><\/p>\n<p class=\"p1\"><a href=\"https:\/\/www.instagram.com\/ferdinand.bloom\/\">Ferdinand LEDOUX<\/a><\/p>\n<p><a href=\"http:\/\/galeriechloesalgado.com\/aurore-le-duc-works\/\" target=\"_blank\" rel=\"noopener noreferrer\">Aurore\u00a0LE DUC<\/a><\/p>\n<p>Han Sol LEE<\/p>\n<p>Hyeon Jung\u00a0LEE<\/p>\n<p>Jee Eun LEE<\/p>\n<p>Ji Young\u00a0LEE<\/p>\n<p>Jin Kyung LEE<\/p>\n<p>Kyoun Hee LEE<\/p>\n<p><a href=\"https:\/\/www.leekyungho.com\/\" target=\"_blank\" rel=\"noopener\">Kyungho LEE<\/a><\/p>\n<p>Min Jung\u00a0LEE<\/p>\n<p>Minsang LEE<\/p>\n<p>Sinae LEE<\/p>\n<p>Soon-Young\u00a0LEE<\/p>\n<p>Su Jin\u00a0LEE<\/p>\n<p>Arthur\u00a0LEFEVER<\/p>\n<p>Rosalie\u00a0LE FORESTIER DE QUILLIEN<\/p>\n<p><a href=\"https:\/\/hugolefilleul.tumblr.com\/\" target=\"_blank\" rel=\"noopener\">Hugo LEFILLEUL<\/a><\/p>\n<p>Pierre\u00a0LEFRAN\u00c7OIS<\/p>\n<p>Virginie LE GALL<\/p>\n<p>Madeleine\u00a0LEGAR\u00c9<\/p>\n<p>Auriane\u00a0LEGENDRE<\/p>\n<p><a href=\"https:\/\/lucilleleger.fr\/\" target=\"_blank\" rel=\"noopener\">Lucille\u00a0L\u00c9GER<\/a><\/p>\n<p>Claire\u00a0LEGRAND<\/p>\n<p>Julie\u00a0LEGRAND<\/p>\n<p>V\u00e9ronique\u00a0LEGROS<\/p>\n<p>Edouard\u00a0LEKSTON<\/p>\n<p>Alo\u00efse\u00a0LELEDY<\/p>\n<p>Eric\u00a0LE MAIRE<\/p>\n<p>Sandrine\u00a0LEMARCHAND<\/p>\n<p>Gildas\u00a0LE MESLE<\/p>\n<p>Jean LEMERSRE<\/p>\n<p>Elsa\u00a0LEMESLE<\/p>\n<p>L\u00e9on\u00a0LENCLOS<\/p>\n<p>Wilson\u00a0LE PERSONNIC<\/p>\n<p>Beno\u00eet\u00a0LE PHAT TAN<\/p>\n<p>Steven\u00a0LE PRIOL<\/p>\n<p>Jos\u00e9\u00a0LEROUX<\/p>\n<p>Ana\u00efs\u00a0LEROY[\/vc_column_text][\/vc_column][vc_column width=\u00a0\u00bb1\/3&Prime;][vc_column_text css=\u00a0\u00bb\u00a0\u00bb]Caroline\u00a0LESUEUR<\/p>\n<p>Isabelle\u00a0LETERME<\/p>\n<p>D\u00e9borah\u00a0LE TEXIER<\/p>\n<p><a href=\"https:\/\/rudylevassor.wordpress.com\/\" target=\"_blank\" rel=\"noopener\">Rudy LEVASSOR<\/a><\/p>\n<p>M\u00e9ryl L\u00c9VY<\/p>\n<p>St\u00e9phane\u00a0LEZORAY<\/p>\n<p><a href=\"https:\/\/laetitialheureux.com\/\">La\u00ebtitia\u00a0L\u2019HEUREUX<\/a><\/p>\n<p>Philippe LHUISSET<\/p>\n<p>Antoine LIBRATO<\/p>\n<p>Tiphaine\u00a0LIEBAUT<\/p>\n<p>Pierre\u00a0LIEVIN<\/p>\n<p class=\"p1\"><a href=\"https:\/\/www.instagram.com\/shumenglee\/\">Shumeng LI<\/a><\/p>\n<p>Jing\u00a0LI<\/p>\n<p>Kyung-Hee LIM<\/p>\n<p>Vitna LIM<\/p>\n<p>Xiao Jiang LIN<\/p>\n<p><a href=\"http:\/\/www.stinelindenborg.com\/\" target=\"_blank\" rel=\"noopener\">Stine LINDENBORG<\/a><\/p>\n<p>Bingnan LIU<\/p>\n<p>Hsiao Wen\u00a0LIU<\/p>\n<p>Hsiang Lan\u00a0LIU<\/p>\n<p>Yu-Hsing\u00a0LIU<\/p>\n<p>Albert\u00a0LOBO<\/p>\n<p><a href=\"http:\/\/www.violainelochu.fr\/\" target=\"_blank\" rel=\"noopener noreferrer\">Violaine\u00a0LOCHU<\/a><\/p>\n<p>Virginie\u00a0LOISEL<\/p>\n<p>M\u00e9laine\u00a0LOISON<\/p>\n<p>L\u00e9na LONG<\/p>\n<p><a href=\"http:\/\/www.annalopezluna.net\/\" target=\"_blank\" rel=\"noopener\">Anna LOPEZ LUNA<\/a><\/p>\n<p>Romain\u00a0LOPEZ<\/p>\n<p>P\u00e9tra LOSSEROY<\/p>\n<p>Adrienne\u00a0LOUET<\/p>\n<p><a href=\"https:\/\/www.instagram.com\/c_est_une_katiastrophe\/?hl=fr\">Katia LOUIS<\/a><\/p>\n<p><a href=\"https:\/\/www.esacm.fr\/membre-chercheur\/stephen-loye\/\" target=\"_blank\" rel=\"noopener noreferrer\">Stephen\u00a0LOYE<\/a><\/p>\n<p>Alicia\u00a0LUCIANI<\/p>\n<p>Karine\u00a0LUCHINI<\/p>\n<p>Jacques\u00a0LUDER<\/p>\n<p>Agota\u00a0LUKYTE<\/p>\n<p>Hao LUO<\/p>\n<p>Ang\u00e9la\u00a0LY[\/vc_column_text][\/vc_column][\/vc_row]<\/p>\n<\/div>","protected":false},"excerpt":{"rendered":"<p>[vc_row][vc_column width=\u00a0\u00bb1\/3&Prime;][vc_column_text css=\u00a0\u00bb\u00a0\u00bb]Vanina L&rsquo;\u00c9COLE Beno\u00eet LABB\u00c9 Philippe\u00a0LACHASSE Renaud\u00a0LACOCHE Marie-Fran\u00e7oise\u00a0LACOMBE Anne\u00a0LACOUR Anne-Marie\u00a0LADET C\u00e9cile\u00a0LAFFONTA Diane\u00a0LAGORCE Hassan\u00a0LAKDARI Bernard\u00a0LAINE Philippe\u00a0LALEU Fanny LALLART Emilie\u00a0LAMOINE V\u00e9ronique\u00a0LAMOUR G\u00e9rard LAMOUREUX St\u00e9phane\u00a0LAMY-ROUSSEAU Margot LAN\u00c7ON Rachel LANG Samy\u00a0LANGERAERT C\u00e9sar\u00a0LANGLADE Alexis\u00a0LANGLOIS Marie-Agn\u00e8s LANGUILLAT Catherine\u00a0LANGUMIER Gonzague\u00a0LANIER Olivier LAPERT Catherine\u00a0LARGE Colin LARSONNEUR Charlotte\u00a0LASCEVE Laurent LASSELIN Juliette LASSEUR C\u00e9dric\u00a0LATY Frank\u00a0LAUER Julien\u00a0LAUGIER Manon LAURENT Esther LAURENT-BAROUX Anne\u00a0LAUROZ Sandrine LAVARENNE Christelle\u00a0LAVIGNE&#8230;  <a class=\"excerpt-read-more\" href=\"https:\/\/www.ensapc.fr\/fr\/artistes\/a-z\/l\/\" title=\"Read L\">Lire la suite &raquo;<\/a><\/p>\n","protected":false},"author":1,"featured_media":0,"parent":5137,"menu_order":137,"comment_status":"closed","ping_status":"closed","template":"","meta":{"footnotes":""},"class_list":["post-5029","page","type-page","status-publish","hentry"],"_links":{"self":[{"href":"https:\/\/www.ensapc.fr\/fr\/wp-json\/wp\/v2\/pages\/5029","targetHints":{"allow":["GET"]}}],"collection":[{"href":"https:\/\/www.ensapc.fr\/fr\/wp-json\/wp\/v2\/pages"}],"about":[{"href":"https:\/\/www.ensapc.fr\/fr\/wp-json\/wp\/v2\/types\/page"}],"author":[{"embeddable":true,"href":"https:\/\/www.ensapc.fr\/fr\/wp-json\/wp\/v2\/users\/1"}],"replies":[{"embeddable":true,"href":"https:\/\/www.ensapc.fr\/fr\/wp-json\/wp\/v2\/comments?post=5029"}],"version-history":[{"count":7,"href":"https:\/\/www.ensapc.fr\/fr\/wp-json\/wp\/v2\/pages\/5029\/revisions"}],"predecessor-version":[{"id":13697,"href":"https:\/\/www.ensapc.fr\/fr\/wp-json\/wp\/v2\/pages\/5029\/revisions\/13697"}],"up":[{"embeddable":true,"href":"https:\/\/www.ensapc.fr\/fr\/wp-json\/wp\/v2\/pages\/5137"}],"wp:attachment":[{"href":"https:\/\/www.ensapc.fr\/fr\/wp-json\/wp\/v2\/media?parent=5029"}],"curies":[{"name":"wp","href":"https:\/\/api.w.org\/{rel}","templated":true}]}}