{"id":5033,"date":"2020-04-27T10:47:55","date_gmt":"2020-04-27T08:47:55","guid":{"rendered":"https:\/\/www.ensapc.fr\/fr\/?page_id=5033"},"modified":"2025-06-19T16:58:36","modified_gmt":"2025-06-19T14:58:36","slug":"m","status":"publish","type":"page","link":"https:\/\/www.ensapc.fr\/fr\/artistes\/a-z\/m\/","title":{"rendered":"M"},"content":{"rendered":"<div class=\"wpb-content-wrapper\"><p>[vc_row][vc_column width=\u00a0\u00bb1\/3&Prime;][vc_column_text css=\u00a0\u00bb\u00a0\u00bb]Ji\u00a0MA<\/p>\n<p>Adrian\u00a0MABILEAU<\/p>\n<p><a href=\"https:\/\/www.clairmabstudio.fr\" target=\"_blank\" rel=\"noopener noreferrer\">Claire\u00a0MABILLE<\/a><\/p>\n<p>Lucille\u00a0MACE<\/p>\n<p>Vincent\u00a0MACHET<\/p>\n<p>Rapha\u00ebl\u00a0MADEC<\/p>\n<p>Fr\u00e9d\u00e9rique MADI<\/p>\n<p>Ali MAFAKHERI<\/p>\n<p><a href=\"https:\/\/fr.wikipedia.org\/wiki\/Mich%C3%A8le_Magema\" target=\"_blank\" rel=\"noopener noreferrer\">Mich\u00e8le\u00a0MAGEMA<\/a><\/p>\n<p><a href=\"https:\/\/octave-magescas.bandcamp.com\/\" target=\"_blank\" rel=\"noopener noreferrer\">Octave MAGESCAS<\/a><\/p>\n<p>Franck\u00a0MAGNANT<\/p>\n<p>Carla MAGNIER<\/p>\n<p>Isabelle\u00a0MAGNIER<\/p>\n<p>Tom MAGNIER<\/p>\n<p>Sophie\u00a0MAH\u00c9AS<\/p>\n<p><a href=\"http:\/\/paulmaheke.com\/\" target=\"_blank\" rel=\"noopener noreferrer\">Paul\u00a0MAHEKE<\/a><\/p>\n<p>Emilie\u00a0MAIA<\/p>\n<p>Julia\u00a0MAIER<\/p>\n<p><a href=\"https:\/\/www.instagram.com\/aurore_maisondieu\/?hl=fr\">Aurore MAISONDIEU<\/a><\/p>\n<p class=\"p1\"><a href=\"https:\/\/www.kubweb.media\/fiche\/biographie-collectif-armes-legeres-de-production-realisateur\/\">Rapha\u00ebl MALEZIEUX\u00a0<\/a><\/p>\n<p>Nadia\u00a0MAMERI<\/p>\n<p>Dalida\u00a0MAMERI<\/p>\n<p>Frank\u00a0MANCEAU<\/p>\n<p><a href=\"https:\/\/www.messouma.com\" target=\"_blank\" rel=\"noopener noreferrer\">Marie-Claire\u00a0MANLANBIEN<\/a><\/p>\n<p>Micha\u00ebl\u00a0MANOIR<\/p>\n<p>Marie MAOUS<\/p>\n<p><a href=\"https:\/\/www.fondation-entreprise-ricard.com\/personne\/guillaume-maraud\" target=\"_blank\" rel=\"noopener noreferrer\">Guillaume\u00a0MARAUD<\/a><\/p>\n<p><a href=\"https:\/\/philippe-marcus.com\" target=\"_blank\" rel=\"noopener\">Philippe MARCUS<\/a><\/p>\n<p>Hugues\u00a0MARECHAL<\/p>\n<p><a href=\"https:\/\/artazart.com\/artiste\/les-canailles\/\">Diane\u00a0MARISSAL<\/a><\/p>\n<p>Nomin MARNEUR-SANTTSEREN<\/p>\n<p><a href=\"http:\/\/artagon.co\/fr\/artistes\/kathryn-marshall\/\" target=\"_blank\" rel=\"noopener noreferrer\">Kathryn MARSHALL<\/a><\/p>\n<p>Julie\u00a0MARTHOURET<\/p>\n<p>Yoann\u00a0MARTHURIN[\/vc_column_text][\/vc_column][vc_column width=\u00a0\u00bb1\/3&Prime;][vc_column_text css=\u00a0\u00bb\u00a0\u00bb]Sophie\u00a0MARTIAL<\/p>\n<p><a href=\"http:\/\/noeliemartin.free.fr\" target=\"_blank\" rel=\"noopener noreferrer\">No\u00e9lie\u00a0MARTIN<\/a><\/p>\n<p>Romane MARTIN<\/p>\n<p>Viriginie Vanessa\u00a0MARTIN<\/p>\n<p class=\"p1\"><a href=\"https:\/\/www.instagram.com\/katelkatelk\/\">Ga\u00ebtane MARTINOT\u00a0<\/a><\/p>\n<p>Gloria\u00a0MASO<\/p>\n<p>Fr\u00e9d\u00e9ric\u00a0MATAGNE<\/p>\n<p>Thomas\u00a0MATAUCO<\/p>\n<p>Fr\u00e9d\u00e9ric\u00a0MATHIAS<\/p>\n<p>C\u00e9cile\u00a0MATHIEU<\/p>\n<p>Daniel\u00a0MATO<\/p>\n<p>Mayumi\u00a0MATSUMOTO<\/p>\n<p>Patricia\u00a0MATTUS<\/p>\n<p>Th\u00e9o MAUBERT<\/p>\n<p>Georges-Henri\u00a0MAUCHANT<\/p>\n<p>Laurence\u00a0MAUREL<\/p>\n<p>Fr\u00e9d\u00e9ric\u00a0MAURY<\/p>\n<p><a href=\"https:\/\/www.emiliemcdermott.com\/\" target=\"_blank\" rel=\"noopener noreferrer\">Emilie\u00a0MC DERMOTT<\/a><\/p>\n<p><a href=\"https:\/\/www.livmathildemechin-artisticinview.com\/\" target=\"_blank\" rel=\"noopener noreferrer\">Liv Mathilde MECHIN<\/a><\/p>\n<p><a href=\"http:\/\/justinmeekel.com\/\" target=\"_blank\" rel=\"noopener noreferrer\">Justin\u00a0MEEKEL<\/a><\/p>\n<p>Matthieu\u00a0MEILLAN<\/p>\n<p>Nathalie\u00a0MENEYROL<\/p>\n<p><a href=\"https:\/\/lunar-module-ceramique.com\/A-propos\">Laura MERGONI<\/a><\/p>\n<p>Virginie\u00a0M\u00c9RIC<\/p>\n<p>Catherine\u00a0MERLE<\/p>\n<p>Adeline\u00a0M\u00c9TAYER<\/p>\n<p><a href=\"https:\/\/www.ravi-liege.eu\/?p=498\">Romain\u00a0M\u00c9TIVIER<\/a><\/p>\n<p>Pierre-Emmanuel\u00a0MEUNIER<\/p>\n<p><a href=\"https:\/\/www.instagram.com\/plentyglitz\/?hl=fr\">Lo\u00efck MFOUNDOU<\/a><\/p>\n<p>Anne-Laure\u00a0MIARD<\/p>\n<p><a href=\"https:\/\/www.instagram.com\/scandalice_\/\">Alice MICHAUD<\/a><\/p>\n<p>Marie\u00a0MICHAUD<\/p>\n<p>H\u00e9l\u00e8ne\u00a0MICHEL<\/p>\n<p>Fr\u00e9d\u00e9rique\u00a0MIGEVANT<\/p>\n<p>Maria MIKALAKAKOS<\/p>\n<p>Alice\u00a0MILIEN<\/p>\n<p>Garance MILLECAMPS[\/vc_column_text][\/vc_column][vc_column width=\u00a0\u00bb1\/3&Prime;][vc_column_text css=\u00a0\u00bb\u00a0\u00bb]<a href=\"http:\/\/www.anthedemos.com\/\">Marie\u00a0MILON<\/a><\/p>\n<p><a href=\"http:\/\/doucemirabaud.blogspot.com\/\" target=\"_blank\" rel=\"noopener\">Douce MIRABAUD<\/a><\/p>\n<p>Arnaud\u00a0MIRMAN<\/p>\n<p><a href=\"https:\/\/www.saatchiart.com\/en-fr\/noramichi\">El\u00e9anor\u00a0MITCH<\/a><\/p>\n<p>Riborg H\u00e9l\u00e8ne\u00a0MOLAND<\/p>\n<p>Emmanuelle MOLLET<\/p>\n<p>Caroline\u00a0MOLUSSON<\/p>\n<p>Christine\u00a0MONCEAU<\/p>\n<p>T\u00e9rence MONGO<\/p>\n<p>Cristian MORA MORET<\/p>\n<p><a href=\"https:\/\/www.instagram.com\/leonard_montaigne\/\">L\u00e9onard MONTAIGNE<\/a><\/p>\n<p>Pascal\u00a0MONTEIL<\/p>\n<p>S\u00e9bastien\u00a0MONTERO<\/p>\n<p>Ana\u00efs MONTEVECCHI<\/p>\n<p>Fabrice\u00a0MONTOUT<\/p>\n<p><a href=\"https:\/\/www.instagram.com\/margaux_guillaume\/?hl=fr\">Margaux MOONEN GUILLAUME<\/a><\/p>\n<p>Nateylli MORA SANTA ANA<\/p>\n<p>G\u00e9rard\u00a0MOREAU<\/p>\n<p>Roland\u00a0MOREAU<\/p>\n<p>Sylvain\u00a0MOREAU<\/p>\n<p><a href=\"http:\/\/www.floramoscovici.com\/\" target=\"_blank\" rel=\"noopener noreferrer\">Flora\u00a0MOSCOVICI<\/a><\/p>\n<p>Arthur MOTAIS DE NARBONNE<\/p>\n<p>Leila\u00a0MOUKTAOUI PEREZ<\/p>\n<p><a href=\"http:\/\/www.galeriechezvalentin.com\/fr\/artistes\/nicolas-moulin\/\" target=\"_blank\" rel=\"noopener noreferrer\">Nicolas\u00a0MOULIN<\/a><\/p>\n<p>Jeanne MOULINS<\/p>\n<p>Guillemette\u00a0MOURET<\/p>\n<p>Abdellatif\u00a0MOUSTAD<\/p>\n<p><a href=\"https:\/\/valeriemrejen.com\/folio\/\" target=\"_blank\" rel=\"noopener noreferrer\">Val\u00e9rie\u00a0MREJEN<\/a><\/p>\n<p>Ali\u00a0MROIVILI<\/p>\n<p>Marion\u00a0MUCCIANTE<\/p>\n<p>Claude MULLER<\/p>\n<p><a href=\"https:\/\/www.kirstenmurphy.com\" target=\"_blank\" rel=\"noopener noreferrer\">Kirsten\u00a0MURPHY<\/a><\/p>\n<p>Harry MUSE[\/vc_column_text][\/vc_column][\/vc_row]<\/p>\n<\/div>","protected":false},"excerpt":{"rendered":"<p>[vc_row][vc_column width=\u00a0\u00bb1\/3&Prime;][vc_column_text css=\u00a0\u00bb\u00a0\u00bb]Ji\u00a0MA Adrian\u00a0MABILEAU Claire\u00a0MABILLE Lucille\u00a0MACE Vincent\u00a0MACHET Rapha\u00ebl\u00a0MADEC Fr\u00e9d\u00e9rique MADI Ali MAFAKHERI Mich\u00e8le\u00a0MAGEMA Octave MAGESCAS Franck\u00a0MAGNANT Carla MAGNIER Isabelle\u00a0MAGNIER Tom MAGNIER Sophie\u00a0MAH\u00c9AS Paul\u00a0MAHEKE Emilie\u00a0MAIA Julia\u00a0MAIER Aurore MAISONDIEU Rapha\u00ebl MALEZIEUX\u00a0 Nadia\u00a0MAMERI Dalida\u00a0MAMERI Frank\u00a0MANCEAU Marie-Claire\u00a0MANLANBIEN Micha\u00ebl\u00a0MANOIR Marie MAOUS Guillaume\u00a0MARAUD Philippe MARCUS Hugues\u00a0MARECHAL Diane\u00a0MARISSAL Nomin MARNEUR-SANTTSEREN Kathryn MARSHALL Julie\u00a0MARTHOURET Yoann\u00a0MARTHURIN[\/vc_column_text][\/vc_column][vc_column width=\u00a0\u00bb1\/3&Prime;][vc_column_text css=\u00a0\u00bb\u00a0\u00bb]Sophie\u00a0MARTIAL No\u00e9lie\u00a0MARTIN Romane MARTIN Viriginie Vanessa\u00a0MARTIN Ga\u00ebtane&#8230;  <a class=\"excerpt-read-more\" href=\"https:\/\/www.ensapc.fr\/fr\/artistes\/a-z\/m\/\" title=\"Read M\">Lire la suite &raquo;<\/a><\/p>\n","protected":false},"author":1,"featured_media":0,"parent":5137,"menu_order":141,"comment_status":"closed","ping_status":"closed","template":"","meta":{"footnotes":""},"class_list":["post-5033","page","type-page","status-publish","hentry"],"_links":{"self":[{"href":"https:\/\/www.ensapc.fr\/fr\/wp-json\/wp\/v2\/pages\/5033","targetHints":{"allow":["GET"]}}],"collection":[{"href":"https:\/\/www.ensapc.fr\/fr\/wp-json\/wp\/v2\/pages"}],"about":[{"href":"https:\/\/www.ensapc.fr\/fr\/wp-json\/wp\/v2\/types\/page"}],"author":[{"embeddable":true,"href":"https:\/\/www.ensapc.fr\/fr\/wp-json\/wp\/v2\/users\/1"}],"replies":[{"embeddable":true,"href":"https:\/\/www.ensapc.fr\/fr\/wp-json\/wp\/v2\/comments?post=5033"}],"version-history":[{"count":9,"href":"https:\/\/www.ensapc.fr\/fr\/wp-json\/wp\/v2\/pages\/5033\/revisions"}],"predecessor-version":[{"id":13700,"href":"https:\/\/www.ensapc.fr\/fr\/wp-json\/wp\/v2\/pages\/5033\/revisions\/13700"}],"up":[{"embeddable":true,"href":"https:\/\/www.ensapc.fr\/fr\/wp-json\/wp\/v2\/pages\/5137"}],"wp:attachment":[{"href":"https:\/\/www.ensapc.fr\/fr\/wp-json\/wp\/v2\/media?parent=5033"}],"curies":[{"name":"wp","href":"https:\/\/api.w.org\/{rel}","templated":true}]}}